{"id":5644,"date":"2016-06-30T11:20:12","date_gmt":"2016-06-30T09:20:12","guid":{"rendered":"https:\/\/cisternsolutions.eu\/ota-yhteytta\/"},"modified":"2026-01-12T16:32:49","modified_gmt":"2026-01-12T15:32:49","slug":"ota-yhteytta","status":"publish","type":"page","link":"https:\/\/cisternsolutions.eu\/fi\/ota-yhteytta\/","title":{"rendered":"Ota yhteytt\u00e4"},"content":{"rendered":"\n\n\t\t<h1>\n\t\t\tTervetuloa meille!\n\t\t<\/h1>\n\t\t\t<p>&#8211; asiantuntijasi s\u00e4ili\u00f6iden ja vesis\u00e4ili\u00f6iden kunnostuksessa<\/p>\t\t\n\t<p>Meill\u00e4 Cistern Solutions Swedenill\u00e4 on yli 30 vuoden kokemus s\u00e4ili\u00f6iden pinnoituksesta. Autamme sinua sek\u00e4 tarkastuksessa ett\u00e4 kunnostuksessa. T\u00e4yt\u00e4 lomake, l\u00e4het\u00e4 s\u00e4hk\u00f6postia tai soita.  <\/p>\n\t\t<ul>\n\t\t\t\t\t<li>\n\t\t\t\t\t<a href=\"tel:+46%2010-211%2051%2052\" target=\"_self\">\n\t\t\t\t<h2>+46  (0)10-211 51 52<\/h2>\n\t\t\t\t\t<\/a>\n\t\t\t<\/li>\n\t\t\t\t<\/ul>\n\t\t<ul>\n\t\t\t\t\t<li>\n\t\t\t\t\t<a href=\"mailto:info@cisternsolutions.se\" target=\"_self\">\n\t\t\t\t<h2>info@cisternsolutions.se<\/h2>\n\t\t\t\t\t<\/a>\n\t\t\t<\/li>\n\t\t\t\t<\/ul>\n\t\t<ul>\n\t\t\t\t\t<li>\n\t\t\t\t\t<a href=\"https:\/\/maps.app.goo.gl\/tPFJJj55EQ3L3iny7\" target=\"_blank\">\n\t\t\t\t\n\t\t<h3>Markbov\u00e4gen 6, 423 70 S\u00e4ve<br \/>Ruotsi<\/h3>\t\t\t\n\t<\/a>\n\t\t\t<\/li>\n\t\t\t\t<\/ul>\n\t\t\t<h3>Ota yhteytt\u00e4!<\/h3>\n\t\t    <form data-form_id=\"16\" id=\"fluentform_16\" data-form_instance=\"ff_form_instance_16_1\" method=\"POST\" data-recptcha_key=\"6LclVsMpAAAAALbQlfjI40nUI01kkMo-WKOg0nvc\"><fieldset>\n                    <legend>Nopea yhteydenotto &#8211; FI<\/legend><input type='hidden' name='__fluent_form_embded_post_id' value='5644' \/><input type=\"hidden\" id=\"_fluentform_16_fluentformnonce\" name=\"_fluentform_16_fluentformnonce\" value=\"1d15c8070c\" \/><input type=\"hidden\" name=\"_wp_http_referer\" value=\"\/fi\/?page_id=5644&#038;fl_builder\" \/><input type=\"text\" name=\"names[first_name]\" id=\"ff_16_names_first_name_\" placeholder=\"Etunimi ja sukunimi\" aria-invalid=\"false\" aria-required=true\/><input type=\"email\" name=\"email\" id=\"ff_16_email\" placeholder=\"S\u00e4hk\u00f6postini\" data-name=\"email\"  aria-invalid=\"false\" aria-required=true\/><textarea aria-required=\"true\" aria-labelledby=\"label_ff_16_message\" name=\"message\" id=\"ff_16_message\" placeholder=\"Ota minuun yhteytt\u00e4 koskien...\" rows=\"1\" cols=\"2\" data-name=\"message\"><\/textarea><label aria-label='Hyv\u00e4ksyn sen, ett\u00e4 t\u00e4m\u00e4 verkkosivusto s\u00e4ilytt\u00e4\u00e4 l\u00e4hett\u00e4m\u00e4ni tietoni, jotta he voivat vastata pyynt\u00f6\u00f6ni. Tietoja s\u00e4ilytet\u00e4\u00e4n 1 vuoden ajan.' class='ff-el-form-check-label ff_tc_label' for=gdpr-agreement_10eeb6bc30c1ab9221bf2f43dada3c11><input type=\"checkbox\" name=\"gdpr-agreement\" data-name=\"gdpr-agreement\" id=\"gdpr-agreement_10eeb6bc30c1ab9221bf2f43dada3c11\"  value='on' aria-invalid='false' aria-required=true\/> Hyv\u00e4ksyn sen, ett\u00e4 t\u00e4m\u00e4 verkkosivusto s\u00e4ilytt\u00e4\u00e4 l\u00e4hett\u00e4m\u00e4ni tietoni, jotta he voivat vastata pyynt\u00f6\u00f6ni. Tietoja s\u00e4ilytet\u00e4\u00e4n 1 vuoden ajan.<\/label><button type=\"submit\"  aria-label=\"L\u00e4hett\u00e4\u00e4\">L\u00e4hett\u00e4\u00e4<\/button><\/fieldset><\/form>            \n\t\t<h2>\n\t\t\tHenkil\u00f6st\u00f6\n\t\t<\/h2>\n\t\t\t\t<img decoding=\"async\" src=\"https:\/\/cisternsolutions.eu\/wp-content\/uploads\/2024\/01\/ulf.jpg\" alt=\"ulf\" itemprop=\"image\" height=\"1051\" width=\"969\" title=\"ulf\" onerror=\"this.style.display='none'\" loading=\"lazy\" \/>\n\t<h3>Ulf Johansson<\/h3>\n<p>Omistajat<\/p>\n<p><a href=\"mailto:uj@cisternsolutions.se\">uj@cisternsolutions.se<\/a><\/p>\n<p><a href=\"tel:46207%2099%062\"><strong>+46 70 790 99 62<\/strong><\/a><\/p>\n\t\t\t\t<img decoding=\"async\" src=\"https:\/\/cisternsolutions.eu\/wp-content\/uploads\/2024\/01\/magnus.jpg\" alt=\"magnus\" itemprop=\"image\" height=\"1051\" width=\"969\" title=\"magnus\" onerror=\"this.style.display='none'\" loading=\"lazy\" \/>\n\t<h3>Magnus Josefsson<\/h3>\n<p>VD<\/p>\n<p><a href=\"mailto:mj@cisternsolutions.se\">mj@cisternsolutions.se<\/a><\/p>\n<p><a href=\"tel:+462070205%2099%037\"><strong>+46 70 590 99 37<\/strong><\/a><\/p>\n\t\t\t\t<img decoding=\"async\" src=\"https:\/\/cisternsolutions.eu\/wp-content\/uploads\/2024\/03\/foto-kommer-personal.jpg\" alt=\"foto-kommer-personal\" itemprop=\"image\" height=\"1051\" width=\"969\" title=\"foto-kommer-personal\" onerror=\"this.style.display='none'\" loading=\"lazy\" \/>\n\t<h3>Filip Karlsson<\/h3>\n<p>Projektip\u00e4\u00e4llikk\u00f6<\/p>\n<p><a href=\"mailto:fk@cisternsolutions.se\">fk@cisternsolutions.se<\/a><\/p>\n<p><a href=\"tel:+462073208%2091%000\"><strong>+46 73 960 37 80<\/strong><\/a><\/p>\n\n","protected":false},"excerpt":{"rendered":"<p>Tervetuloa meille! &#8211; asiantuntijasi s\u00e4ili\u00f6iden ja vesis\u00e4ili\u00f6iden kunnostuksessa Meill\u00e4 Cistern Solutions Swedenill\u00e4 on yli 30 vuoden kokemus s\u00e4ili\u00f6iden pinnoituksesta. Autamme sinua sek\u00e4 tarkastuksessa ett\u00e4 kunnostuksessa. T\u00e4yt\u00e4 lomake, l\u00e4het\u00e4 s\u00e4hk\u00f6postia tai soita. +46 (0)10-211 51 52 info@cisternsolutions.se Markbov\u00e4gen 6, 423 70 S\u00e4veRuotsi Ota yhteytt\u00e4! Nopea yhteydenotto &#8211; FI Hyv\u00e4ksyn sen, ett\u00e4 &#8230; <a title=\"Ota yhteytt\u00e4\" class=\"read-more\" href=\"https:\/\/cisternsolutions.eu\/fi\/ota-yhteytta\/\" aria-label=\"Lue lis\u00e4\u00e4 aiheesta Ota yhteytt\u00e4\">L\u00e4s mer<\/a><\/p>\n","protected":false},"author":4,"featured_media":0,"parent":0,"menu_order":1,"comment_status":"closed","ping_status":"closed","template":"","meta":{"footnotes":""},"class_list":["post-5644","page","type-page","status-publish"],"yoast_head":"<!-- This site is optimized with the Yoast SEO plugin v27.5 - https:\/\/yoast.com\/product\/yoast-seo-wordpress\/ -->\n<title>Ota yhteytt\u00e4 s\u00e4ili\u00f6n kunnostus | Cistern Solutions Sweden<\/title>\n<meta name=\"description\" content=\"Olemme asiantuntijoita, joilla on yli 40 vuoden kokemus vuotavien s\u00e4ili\u00f6iden ja s\u00e4ili\u00f6iden korjaamisesta. Ota yhteytt\u00e4 saadaksesi lis\u00e4tietoja.\" \/>\n<meta name=\"robots\" content=\"index, follow, max-snippet:-1, max-image-preview:large, max-video-preview:-1\" \/>\n<link rel=\"canonical\" href=\"https:\/\/cisternsolutions.eu\/fi\/ota-yhteytta\/\" \/>\n<meta property=\"og:locale\" content=\"fi_FI\" \/>\n<meta property=\"og:type\" content=\"article\" \/>\n<meta property=\"og:title\" content=\"Ota yhteytt\u00e4 s\u00e4ili\u00f6n kunnostus | Cistern Solutions Sweden\" \/>\n<meta property=\"og:description\" content=\"Olemme asiantuntijoita, joilla on yli 40 vuoden kokemus vuotavien s\u00e4ili\u00f6iden ja s\u00e4ili\u00f6iden korjaamisesta. Ota yhteytt\u00e4 saadaksesi lis\u00e4tietoja.\" \/>\n<meta property=\"og:url\" content=\"https:\/\/cisternsolutions.eu\/fi\/ota-yhteytta\/\" \/>\n<meta property=\"og:site_name\" content=\"Cistern Solutions Sweden\" \/>\n<meta property=\"article:modified_time\" content=\"2026-01-12T15:32:49+00:00\" \/>\n<meta property=\"og:image\" content=\"https:\/\/cisternsolutions.eu\/wp-content\/uploads\/2024\/01\/ulf.jpg\" \/>\n<meta name=\"twitter:card\" content=\"summary_large_image\" \/>\n<meta name=\"twitter:label1\" content=\"Arvioitu lukuaika\" \/>\n\t<meta name=\"twitter:data1\" content=\"1 minuutti\" \/>\n<script type=\"application\/ld+json\" class=\"yoast-schema-graph\">{\"@context\":\"https:\\\/\\\/schema.org\",\"@graph\":[{\"@type\":\"WebPage\",\"@id\":\"https:\\\/\\\/cisternsolutions.eu\\\/fi\\\/ota-yhteytta\\\/\",\"url\":\"https:\\\/\\\/cisternsolutions.eu\\\/fi\\\/ota-yhteytta\\\/\",\"name\":\"Ota yhteytt\u00e4 s\u00e4ili\u00f6n kunnostus | Cistern Solutions Sweden\",\"isPartOf\":{\"@id\":\"https:\\\/\\\/cisternsolutions.eu\\\/fi\\\/#website\"},\"primaryImageOfPage\":{\"@id\":\"https:\\\/\\\/cisternsolutions.eu\\\/fi\\\/ota-yhteytta\\\/#primaryimage\"},\"image\":{\"@id\":\"https:\\\/\\\/cisternsolutions.eu\\\/fi\\\/ota-yhteytta\\\/#primaryimage\"},\"thumbnailUrl\":\"https:\\\/\\\/cisternsolutions.eu\\\/wp-content\\\/uploads\\\/2024\\\/01\\\/ulf.jpg\",\"datePublished\":\"2016-06-30T09:20:12+00:00\",\"dateModified\":\"2026-01-12T15:32:49+00:00\",\"description\":\"Olemme asiantuntijoita, joilla on yli 40 vuoden kokemus vuotavien s\u00e4ili\u00f6iden ja s\u00e4ili\u00f6iden korjaamisesta. Ota yhteytt\u00e4 saadaksesi lis\u00e4tietoja.\",\"breadcrumb\":{\"@id\":\"https:\\\/\\\/cisternsolutions.eu\\\/fi\\\/ota-yhteytta\\\/#breadcrumb\"},\"inLanguage\":\"fi\",\"potentialAction\":[{\"@type\":\"ReadAction\",\"target\":[\"https:\\\/\\\/cisternsolutions.eu\\\/fi\\\/ota-yhteytta\\\/\"]}]},{\"@type\":\"ImageObject\",\"inLanguage\":\"fi\",\"@id\":\"https:\\\/\\\/cisternsolutions.eu\\\/fi\\\/ota-yhteytta\\\/#primaryimage\",\"url\":\"https:\\\/\\\/cisternsolutions.eu\\\/wp-content\\\/uploads\\\/2024\\\/01\\\/ulf.jpg\",\"contentUrl\":\"https:\\\/\\\/cisternsolutions.eu\\\/wp-content\\\/uploads\\\/2024\\\/01\\\/ulf.jpg\"},{\"@type\":\"BreadcrumbList\",\"@id\":\"https:\\\/\\\/cisternsolutions.eu\\\/fi\\\/ota-yhteytta\\\/#breadcrumb\",\"itemListElement\":[{\"@type\":\"ListItem\",\"position\":1,\"name\":\"Hem\",\"item\":\"https:\\\/\\\/cisternsolutions.eu\\\/fi\\\/kotisivu-2\\\/\"},{\"@type\":\"ListItem\",\"position\":2,\"name\":\"Ota yhteytt\u00e4\"}]},{\"@type\":\"WebSite\",\"@id\":\"https:\\\/\\\/cisternsolutions.eu\\\/fi\\\/#website\",\"url\":\"https:\\\/\\\/cisternsolutions.eu\\\/fi\\\/\",\"name\":\"Cistern Solutions Sweden\",\"description\":\"Cistern Solutions Sweden\",\"publisher\":{\"@id\":\"https:\\\/\\\/cisternsolutions.eu\\\/fi\\\/#organization\"},\"potentialAction\":[{\"@type\":\"SearchAction\",\"target\":{\"@type\":\"EntryPoint\",\"urlTemplate\":\"https:\\\/\\\/cisternsolutions.eu\\\/fi\\\/?s={search_term_string}\"},\"query-input\":{\"@type\":\"PropertyValueSpecification\",\"valueRequired\":true,\"valueName\":\"search_term_string\"}}],\"inLanguage\":\"fi\"},{\"@type\":\"Organization\",\"@id\":\"https:\\\/\\\/cisternsolutions.eu\\\/fi\\\/#organization\",\"name\":\"| Cistern Solutions Sweden AB\",\"url\":\"https:\\\/\\\/cisternsolutions.eu\\\/fi\\\/\",\"logo\":{\"@type\":\"ImageObject\",\"inLanguage\":\"fi\",\"@id\":\"https:\\\/\\\/cisternsolutions.eu\\\/fi\\\/#\\\/schema\\\/logo\\\/image\\\/\",\"url\":\"https:\\\/\\\/cisternsolutions.eu\\\/wp-content\\\/uploads\\\/2023\\\/11\\\/CisternSolutions_orginal-logo.png\",\"contentUrl\":\"https:\\\/\\\/cisternsolutions.eu\\\/wp-content\\\/uploads\\\/2023\\\/11\\\/CisternSolutions_orginal-logo.png\",\"width\":1045,\"height\":293,\"caption\":\"| Cistern Solutions Sweden AB\"},\"image\":{\"@id\":\"https:\\\/\\\/cisternsolutions.eu\\\/fi\\\/#\\\/schema\\\/logo\\\/image\\\/\"}}]}<\/script>\n<!-- \/ Yoast SEO plugin. -->","yoast_head_json":{"title":"Ota yhteytt\u00e4 s\u00e4ili\u00f6n kunnostus | Cistern Solutions Sweden","description":"Olemme asiantuntijoita, joilla on yli 40 vuoden kokemus vuotavien s\u00e4ili\u00f6iden ja s\u00e4ili\u00f6iden korjaamisesta. Ota yhteytt\u00e4 saadaksesi lis\u00e4tietoja.","robots":{"index":"index","follow":"follow","max-snippet":"max-snippet:-1","max-image-preview":"max-image-preview:large","max-video-preview":"max-video-preview:-1"},"canonical":"https:\/\/cisternsolutions.eu\/fi\/ota-yhteytta\/","og_locale":"fi_FI","og_type":"article","og_title":"Ota yhteytt\u00e4 s\u00e4ili\u00f6n kunnostus | Cistern Solutions Sweden","og_description":"Olemme asiantuntijoita, joilla on yli 40 vuoden kokemus vuotavien s\u00e4ili\u00f6iden ja s\u00e4ili\u00f6iden korjaamisesta. Ota yhteytt\u00e4 saadaksesi lis\u00e4tietoja.","og_url":"https:\/\/cisternsolutions.eu\/fi\/ota-yhteytta\/","og_site_name":"Cistern Solutions Sweden","article_modified_time":"2026-01-12T15:32:49+00:00","og_image":[{"url":"https:\/\/cisternsolutions.eu\/wp-content\/uploads\/2024\/01\/ulf.jpg","type":"","width":"","height":""}],"twitter_card":"summary_large_image","twitter_misc":{"Arvioitu lukuaika":"1 minuutti"},"schema":{"@context":"https:\/\/schema.org","@graph":[{"@type":"WebPage","@id":"https:\/\/cisternsolutions.eu\/fi\/ota-yhteytta\/","url":"https:\/\/cisternsolutions.eu\/fi\/ota-yhteytta\/","name":"Ota yhteytt\u00e4 s\u00e4ili\u00f6n kunnostus | Cistern Solutions Sweden","isPartOf":{"@id":"https:\/\/cisternsolutions.eu\/fi\/#website"},"primaryImageOfPage":{"@id":"https:\/\/cisternsolutions.eu\/fi\/ota-yhteytta\/#primaryimage"},"image":{"@id":"https:\/\/cisternsolutions.eu\/fi\/ota-yhteytta\/#primaryimage"},"thumbnailUrl":"https:\/\/cisternsolutions.eu\/wp-content\/uploads\/2024\/01\/ulf.jpg","datePublished":"2016-06-30T09:20:12+00:00","dateModified":"2026-01-12T15:32:49+00:00","description":"Olemme asiantuntijoita, joilla on yli 40 vuoden kokemus vuotavien s\u00e4ili\u00f6iden ja s\u00e4ili\u00f6iden korjaamisesta. Ota yhteytt\u00e4 saadaksesi lis\u00e4tietoja.","breadcrumb":{"@id":"https:\/\/cisternsolutions.eu\/fi\/ota-yhteytta\/#breadcrumb"},"inLanguage":"fi","potentialAction":[{"@type":"ReadAction","target":["https:\/\/cisternsolutions.eu\/fi\/ota-yhteytta\/"]}]},{"@type":"ImageObject","inLanguage":"fi","@id":"https:\/\/cisternsolutions.eu\/fi\/ota-yhteytta\/#primaryimage","url":"https:\/\/cisternsolutions.eu\/wp-content\/uploads\/2024\/01\/ulf.jpg","contentUrl":"https:\/\/cisternsolutions.eu\/wp-content\/uploads\/2024\/01\/ulf.jpg"},{"@type":"BreadcrumbList","@id":"https:\/\/cisternsolutions.eu\/fi\/ota-yhteytta\/#breadcrumb","itemListElement":[{"@type":"ListItem","position":1,"name":"Hem","item":"https:\/\/cisternsolutions.eu\/fi\/kotisivu-2\/"},{"@type":"ListItem","position":2,"name":"Ota yhteytt\u00e4"}]},{"@type":"WebSite","@id":"https:\/\/cisternsolutions.eu\/fi\/#website","url":"https:\/\/cisternsolutions.eu\/fi\/","name":"Cistern Solutions Sweden","description":"Cistern Solutions Sweden","publisher":{"@id":"https:\/\/cisternsolutions.eu\/fi\/#organization"},"potentialAction":[{"@type":"SearchAction","target":{"@type":"EntryPoint","urlTemplate":"https:\/\/cisternsolutions.eu\/fi\/?s={search_term_string}"},"query-input":{"@type":"PropertyValueSpecification","valueRequired":true,"valueName":"search_term_string"}}],"inLanguage":"fi"},{"@type":"Organization","@id":"https:\/\/cisternsolutions.eu\/fi\/#organization","name":"| Cistern Solutions Sweden AB","url":"https:\/\/cisternsolutions.eu\/fi\/","logo":{"@type":"ImageObject","inLanguage":"fi","@id":"https:\/\/cisternsolutions.eu\/fi\/#\/schema\/logo\/image\/","url":"https:\/\/cisternsolutions.eu\/wp-content\/uploads\/2023\/11\/CisternSolutions_orginal-logo.png","contentUrl":"https:\/\/cisternsolutions.eu\/wp-content\/uploads\/2023\/11\/CisternSolutions_orginal-logo.png","width":1045,"height":293,"caption":"| Cistern Solutions Sweden AB"},"image":{"@id":"https:\/\/cisternsolutions.eu\/fi\/#\/schema\/logo\/image\/"}}]}},"_links":{"self":[{"href":"https:\/\/cisternsolutions.eu\/fi\/wp-json\/wp\/v2\/pages\/5644","targetHints":{"allow":["GET"]}}],"collection":[{"href":"https:\/\/cisternsolutions.eu\/fi\/wp-json\/wp\/v2\/pages"}],"about":[{"href":"https:\/\/cisternsolutions.eu\/fi\/wp-json\/wp\/v2\/types\/page"}],"author":[{"embeddable":true,"href":"https:\/\/cisternsolutions.eu\/fi\/wp-json\/wp\/v2\/users\/4"}],"replies":[{"embeddable":true,"href":"https:\/\/cisternsolutions.eu\/fi\/wp-json\/wp\/v2\/comments?post=5644"}],"version-history":[{"count":3,"href":"https:\/\/cisternsolutions.eu\/fi\/wp-json\/wp\/v2\/pages\/5644\/revisions"}],"predecessor-version":[{"id":8602,"href":"https:\/\/cisternsolutions.eu\/fi\/wp-json\/wp\/v2\/pages\/5644\/revisions\/8602"}],"wp:attachment":[{"href":"https:\/\/cisternsolutions.eu\/fi\/wp-json\/wp\/v2\/media?parent=5644"}],"curies":[{"name":"wp","href":"https:\/\/api.w.org\/{rel}","templated":true}]}}