{"id":5639,"date":"2024-03-05T14:36:38","date_gmt":"2024-03-05T13:36:38","guid":{"rendered":"https:\/\/cisternsolutions.eu\/sprinklerisailiot\/"},"modified":"2025-11-25T11:36:07","modified_gmt":"2025-11-25T10:36:07","slug":"sprinklerisailiot","status":"publish","type":"page","link":"https:\/\/cisternsolutions.eu\/fi\/sprinklerisailiot\/","title":{"rendered":"Sprinkleris\u00e4ili\u00f6t"},"content":{"rendered":"\r\n<h1>Sprinkleris\u00e4ili\u00f6t<\/h1>\r\n<p>&#8211; keskeinen osa palontorjuntaa<\/p>\r\n<h2>Pid\u00e4 sprinkleris\u00e4ili\u00f6 hyv\u00e4ss\u00e4 kunnossa<\/h2>\r\n<p>Sprinkleris\u00e4ili\u00f6it\u00e4 on kaikkialla &#8211; teollisuuslaitoksissa, tavarataloissa, varastoissa ja muissa rakennuksissa, joissa vaaditaan hyv\u00e4\u00e4 palontorjuntaa. Niit\u00e4 on saatavana monenlaisina malleina sein\u00e4materiaalien, eristyksen tai julkisivuverhouksen osalta. Sprinkleris\u00e4ili\u00f6it\u00e4 on saatavana muovista ja ter\u00e4slevyst\u00e4, ja ne voivat olla py\u00f6reit\u00e4 tai nelikulmaisia. Jotkut ovat eristettyj\u00e4 ja sijaitsevat ulkona maanpinnan yl\u00e4puolella, toiset ovat erist\u00e4m\u00e4tt\u00f6mi\u00e4 ja sijaitsevat sis\u00e4tiloissa. Kauppakeskuksissa ei ole harvinaista, ett\u00e4 sprinkleris\u00e4ili\u00f6 on upotettu rakennuksen alle.<\/p>\r\n<p>Niiden on yleisesti t\u00e4ytett\u00e4v\u00e4 ISO 6182-1:2021 -standardin vaatimukset. Sin\u00e4 p\u00e4iv\u00e4n\u00e4, kun on todella t\u00e4rke\u00e4\u00e4, sprinkleris\u00e4ili\u00f6n on toimittava. Oletko varma, ett\u00e4 sprinkleris\u00e4ili\u00f6si toimittaa?<\/p>\r\n<p><em>*) Huomioithan, ett\u00e4 kaikki verkkosivustolla olevat viittaukset s\u00e4\u00e4nn\u00f6ksiin, lakeihin ja viranomaisiin koskevat Ruotsia ja Ruotsin olosuhteita. <\/em><\/p>\r\n<h3>Ota yhteytt\u00e4!<\/h3>\r\n<form id=\"fluentform_16\" method=\"POST\" data-form_id=\"16\" data-form_instance=\"ff_form_instance_16_1\" data-recptcha_key=\"6LclVsMpAAAAALbQlfjI40nUI01kkMo-WKOg0nvc\"><fieldset><legend>Nopea yhteydenotto &#8211; FI<\/legend><input name=\"__fluent_form_embded_post_id\" type=\"hidden\" value=\"5639\" \/><input id=\"_fluentform_16_fluentformnonce\" name=\"_fluentform_16_fluentformnonce\" type=\"hidden\" value=\"08da1cd4b5\" \/><input name=\"_wp_http_referer\" type=\"hidden\" value=\"\/fi\/?page_id=5639&amp;fl_builder\" \/><input id=\"ff_16_names_first_name_\" name=\"names[first_name]\" type=\"text\" placeholder=\"Etunimi ja sukunimi\" aria-invalid=\"false\" aria-required=\"true\/\" \/><input id=\"ff_16_email\" name=\"email\" type=\"email\" placeholder=\"S\u00e4hk\u00f6postini\" data-name=\"email\" aria-invalid=\"false\" aria-required=\"true\/\" \/><textarea id=\"ff_16_message\" cols=\"2\" name=\"message\" rows=\"1\" placeholder=\"Ota minuun yhteytt\u00e4 koskien...\" aria-invalid=\"false\" aria-required=\"true\" data-name=\"message\"><\/textarea><label class=\"ff-el-form-check-label ff_tc_label\" for=\"gdpr-agreement_4883e80b79ba88b5db17d28d31c2ecb7\" aria-label=\"terms &amp; conditions\"><input id=\"gdpr-agreement_4883e80b79ba88b5db17d28d31c2ecb7\" name=\"gdpr-agreement\" type=\"checkbox\" value=\"on\" data-name=\"gdpr-agreement\" aria-invalid=\"false\" aria-required=\"true\/\" \/> Hyv\u00e4ksyn sen, ett\u00e4 t\u00e4m\u00e4 verkkosivusto s\u00e4ilytt\u00e4\u00e4 l\u00e4hett\u00e4m\u00e4ni tietoni, jotta he voivat vastata pyynt\u00f6\u00f6ni. Tietoja s\u00e4ilytet\u00e4\u00e4n 1 vuoden ajan.<\/label><button type=\"submit\">L\u00e4hett\u00e4\u00e4<\/button><\/fieldset><\/form>\r\n<h3>Yleiset ongelmat:<\/h3>\r\n<ul>\r\n<li>Korroosio<\/li>\r\n<li>Pohjan sedimentti<\/li>\r\n<li>Vuoto<\/li>\r\n<\/ul>\r\n<h2>Sprinkleris\u00e4ili\u00f6iden yleiset ongelmat<\/h2>\r\n<p><img decoding=\"async\" title=\"korrosion_i_tank_02\" src=\"https:\/\/cisternsolutions.eu\/wp-content\/uploads\/2024\/02\/korrosion_i_tank_02.jpg\" sizes=\"(max-width: 700px) 100vw, 700px\" srcset=\"https:\/\/cisternsolutions.eu\/wp-content\/uploads\/2024\/02\/korrosion_i_tank_02.jpg 700w, https:\/\/cisternsolutions.eu\/wp-content\/uploads\/2024\/02\/korrosion_i_tank_02-300x171.jpg 300w\" alt=\"korrosion_i_tank_02\" width=\"700\" height=\"400\" \/><\/p>\r\n<p>Sprinkleris\u00e4ili\u00f6 on v\u00e4ltt\u00e4m\u00e4t\u00f6n osa mit\u00e4 tahansa palontorjuntaj\u00e4rjestelm\u00e4\u00e4. T\u00e4m\u00e4 on selv\u00e4\u00e4. Silti sprinkleris\u00e4ili\u00f6iden tarkastus ja huolto j\u00e4\u00e4 helposti huomiotta. Laki edellytt\u00e4\u00e4, ett\u00e4 s\u00e4ili\u00f6t tarkastetaan vain 10 vuoden v\u00e4lein. T\u00e4m\u00e4 on hyvin pitk\u00e4 aika, jos sprinkleris\u00e4ili\u00f6 on ruostunut.<\/p>\r\n<p>Yleinen ongelma on korroosio. Korroosio voi aiheuttaa s\u00e4ili\u00f6n rakenteellisia vaurioita, jolloin se voi olla ep\u00e4vakaa ja jopa vaarallinen.<\/p>\r\n<p>Jos ruosteen annetaan rehottaa, s\u00e4ili\u00f6 voi puhjeta ja vuotaa. Jos s\u00e4ili\u00f6 on ulkona, vesivuoto ei v\u00e4ltt\u00e4m\u00e4tt\u00e4 aiheuta suurta vahinkoa. Mutta riitt\u00e4\u00e4k\u00f6 vesi tulipalon sammuttamiseen?<\/p>\r\n<p>Vuotava sprinkleris\u00e4ili\u00f6 voi aiheuttaa kalliita vesivahinkoja. Pahimmassa tapauksessa tiloja ei ehk\u00e4 voida k\u00e4ytt\u00e4\u00e4 v\u00e4h\u00e4\u00e4n aikaan, mik\u00e4 voi my\u00f6s tulla kalliiksi.<\/p>\r\n<p>Toinen ongelma on s\u00e4ili\u00f6n pohjalle ker\u00e4\u00e4ntyv\u00e4 sakka ja roskat. Jos h\u00e4lytys laukeaa ja sprinklerij\u00e4rjestelm\u00e4 aktivoituu, on suuri vaara, ett\u00e4 sakka imeytyy sis\u00e4\u00e4n ja tukkii vedensy\u00f6t\u00f6n.<\/p>\r\n<h2>Mik\u00e4 aiheuttaa ongelmia sprinkleris\u00e4ili\u00f6iss\u00e4?<\/h2>\r\n<p><img decoding=\"async\" title=\"galvanisk-korrosion_01\" src=\"https:\/\/cisternsolutions.eu\/wp-content\/uploads\/2024\/03\/galvanisk-korrosion_01.jpg\" sizes=\"(max-width: 700px) 100vw, 700px\" srcset=\"https:\/\/cisternsolutions.eu\/wp-content\/uploads\/2024\/03\/galvanisk-korrosion_01.jpg 700w, https:\/\/cisternsolutions.eu\/wp-content\/uploads\/2024\/03\/galvanisk-korrosion_01-300x171.jpg 300w\" alt=\"galvanisk-korrosion_01\" width=\"700\" height=\"400\" \/><\/p>\r\n<p>Sek\u00e4 s\u00e4ili\u00f6n rakenne ett\u00e4 siin\u00e4 oleva vesi voivat vaikuttaa korroosioon ja sedimenttiin.<\/p>\r\n<p>Esimerkiksi ruostumattomasta ter\u00e4ksest\u00e4 valmistetut putket ter\u00e4slevyst\u00e4 valmistetussa sprinkleris\u00e4ili\u00f6ss\u00e4 voivat aiheuttaa galvaanista korroosiota. Hapan sadevesi voi laskea veden pH-arvoa ja lis\u00e4t\u00e4 korroosioriski\u00e4.<\/p>\r\n<p>Korkea happipitoisuus voi my\u00f6s nopeuttaa korroosiota. Jos s\u00e4ili\u00f6n vesi on per\u00e4isin j\u00e4rvest\u00e4 tai kunnallisesta vesijohtoverkosta, sen happipitoisuus on suhteellisen korkea. Lis\u00e4ksi mikro-organismien esiintyminen vedess\u00e4 lis\u00e4\u00e4 mikrobikasvun riski\u00e4. Bakteerien ja levien tiedet\u00e4\u00e4n viihtyv\u00e4n kosteissa ja pimeiss\u00e4 ymp\u00e4rist\u00f6iss\u00e4.<\/p>\r\n<h2>Voimme kunnostaa sprinkleris\u00e4ili\u00f6nne<\/h2>\r\n<p>Korroosion ja vuotojen v\u00e4ltt\u00e4miseksi s\u00e4\u00e4nn\u00f6lliset ja tihe\u00e4t tarkastukset ovat v\u00e4ltt\u00e4m\u00e4tt\u00f6mi\u00e4. Vedenalainen lennokki antaa meille hyv\u00e4n yleiskuvan s\u00e4ili\u00f6n tilasta ilman, ett\u00e4 sit\u00e4 tarvitsee tyhjent\u00e4\u00e4.<\/p>\r\n<p>Jos sprinkleris\u00e4ili\u00f6 on vaurioitunut, voimme antaa sille uuden el\u00e4m\u00e4n k\u00e4ytt\u00e4m\u00e4ll\u00e4 vahvistettua epoksia. Pinnoite suojaa ter\u00e4slevy\u00e4 vedelt\u00e4. Epoksipinnoite vahvistaa my\u00f6s rakennetta. Periaatteessa saat uuden s\u00e4ili\u00f6n vanhan s\u00e4ili\u00f6n sis\u00e4lle, joka kest\u00e4\u00e4 hyvin pitk\u00e4\u00e4n.<\/p>\r\n<p>Me Cistern Solutions Swedeniss\u00e4 voimme korjata my\u00f6s muita vaurioita sprinkleris\u00e4ili\u00f6ss\u00e4 tai sen ymp\u00e4rill\u00e4.<\/p>\r\n<p><strong>Varmista turvallinen palontorjunta pit\u00e4m\u00e4ll\u00e4 sprinkleris\u00e4ili\u00f6 hyv\u00e4ss\u00e4 kunnossa. Ota meihin yhteytt\u00e4 tarkastusta ja toimenpide-ehdotuksia varten.<\/strong><\/p>\r\n<h3>Haluan tiet\u00e4\u00e4 lis\u00e4\u00e4 sprinkleris\u00e4ili\u00f6iden kunnostamisesta.<\/h3>\r\n<form id=\"fluentform_14\" method=\"POST\" data-form_id=\"14\" data-form_instance=\"ff_form_instance_14_2\" data-recptcha_key=\"6LclVsMpAAAAALbQlfjI40nUI01kkMo-WKOg0nvc\"><fieldset><legend>Yhteydenottolomake &#8211; FI<\/legend><input name=\"__fluent_form_embded_post_id\" type=\"hidden\" value=\"5639\" \/><input id=\"_fluentform_14_fluentformnonce\" name=\"_fluentform_14_fluentformnonce\" type=\"hidden\" value=\"08da1cd4b5\" \/><input name=\"_wp_http_referer\" type=\"hidden\" value=\"\/fi\/?page_id=5639&amp;fl_builder\" \/><label for=\"ff_14_2_names_first_name_\" aria-label=\"Nimeni on ...\">Nimeni on &#8230;<\/label><input id=\"ff_14_2_names_first_name_\" name=\"names[first_name]\" type=\"text\" placeholder=\"Etu-ja sukunimi\" aria-invalid=\"false\" aria-required=\"true\/\" \/><label for=\"ff_14_2_input_text\" aria-label=\"Liiketoimintaa\">Liiketoimintaa<\/label><input id=\"ff_14_2_input_text\" name=\"input_text\" type=\"text\" placeholder=\"Ty\u00f6skentelen ...\" data-name=\"input_text\" aria-invalid=\"false\" aria-required=\"true\/\" \/><label for=\"ff_14_2_email\" aria-label=\"S\u00e4hk\u00f6postiosoite\">S\u00e4hk\u00f6postiosoite<\/label><input id=\"ff_14_2_email\" name=\"email\" type=\"email\" placeholder=\"L\u00e4het\u00e4 minulle s\u00e4hk\u00f6postia osoitteeseen...\" data-name=\"email\" aria-invalid=\"false\" aria-required=\"true\/\" \/><label for=\"ff_14_2_phone\" aria-label=\"Puhelinnumero\">Puhelinnumero<\/label><input id=\"ff_14_2_phone\" name=\"phone\" type=\"tel\" placeholder=\"Numeroni ...\" data-name=\"phone\" aria-invalid=\"false\" aria-required=\"true\/\" \/><label for=\"ff_14_2_subject\" aria-label=\"Aihe\">Aihe<\/label><input id=\"ff_14_2_subject\" name=\"subject\" type=\"text\" placeholder=\"Olen kiinnostunut ....\" data-name=\"subject\" aria-invalid=\"false\" aria-required=\"true\/\" \/><label aria-label=\"S\u00e4ili\u00f6n tyyppi\">S\u00e4ili\u00f6n tyyppi<\/label><label class=\"ff-el-form-check-label\" for=\"checkbox_1_460975635850128b589e267e57ea723e\"><input id=\"checkbox_1_460975635850128b589e267e57ea723e\" name=\"checkbox_1[]\" type=\"checkbox\" value=\"Sprinkleris\u00e4ili\u00f6\" data-name=\"checkbox_1\" aria-label=\"Sprinkleris\u00e4ili\u00f6\" aria-invalid=\"false\" aria-required=\"false\/\" \/> Sprinkleris\u00e4ili\u00f6<\/label><label class=\"ff-el-form-check-label\" for=\"checkbox_1_f1d1fdbbeca25de6d71fc62533f05819\"><input id=\"checkbox_1_f1d1fdbbeca25de6d71fc62533f05819\" name=\"checkbox_1[]\" type=\"checkbox\" value=\"Prosessis\u00e4ili\u00f6\" data-name=\"checkbox_1\" aria-label=\"Prosessis\u00e4ili\u00f6\" aria-invalid=\"false\" aria-required=\"false\/\" \/> Prosessis\u00e4ili\u00f6<\/label><label class=\"ff-el-form-check-label\" for=\"checkbox_1_96c7e992237d15d42e45832d70a06a3b\"><input id=\"checkbox_1_96c7e992237d15d42e45832d70a06a3b\" name=\"checkbox_1[]\" type=\"checkbox\" value=\"Toinen tankki\" data-name=\"checkbox_1\" aria-label=\"Toinen tankki\" aria-invalid=\"false\" aria-required=\"false\/\" \/> Toinen tankki<\/label><label aria-label=\"Palvelu\">Palvelu<\/label><label class=\"ff-el-form-check-label\" for=\"checkbox_ee8193dbad623d63458b6bb35b6fae27\"><input id=\"checkbox_ee8193dbad623d63458b6bb35b6fae27\" name=\"checkbox[]\" type=\"checkbox\" value=\"Tarkastus\" data-name=\"checkbox\" aria-label=\"Tarkastus\" aria-invalid=\"false\" aria-required=\"false\/\" \/> Tarkastus<\/label><label class=\"ff-el-form-check-label\" for=\"checkbox_4511e1efc60a2cffa115a440476f0ef9\"><input id=\"checkbox_4511e1efc60a2cffa115a440476f0ef9\" name=\"checkbox[]\" type=\"checkbox\" value=\"Peruskorjaus\" data-name=\"checkbox\" aria-label=\"Peruskorjaus\" aria-invalid=\"false\" aria-required=\"false\/\" \/> Peruskorjaus<\/label><label class=\"ff-el-form-check-label\" for=\"checkbox_13715c7e3c0ff3e942843a9122afff72\"><input id=\"checkbox_13715c7e3c0ff3e942843a9122afff72\" name=\"checkbox[]\" type=\"checkbox\" value=\"Muut\" data-name=\"checkbox\" aria-label=\"Muut\" aria-invalid=\"false\" aria-required=\"false\/\" \/> Muut<\/label><label for=\"ff_14_2_multi_select_1\" aria-label=\"S\u00e4ili\u00f6iden lukum\u00e4\u00e4r\u00e4\">S\u00e4ili\u00f6iden lukum\u00e4\u00e4r\u00e4<\/label><select id=\"ff_14_2_multi_select_1\" multiple=\"multiple\" name=\"multi_select_1[]\" data-name=\"multi_select_1\" data-calc_value=\"0\" aria-invalid=\"false\" aria-required=\"false\">\r\n<option value=\"\">S\u00e4ili\u00f6iden lukum\u00e4\u00e4r\u00e4<\/option>\r\n<option value=\"0\">0<\/option>\r\n<option value=\"1\">1<\/option>\r\n<option value=\"2\">2<\/option>\r\n<option value=\"3\">3<\/option>\r\n<option value=\"4\">4<\/option>\r\n<option value=\"5\">5<\/option>\r\n<option value=\"6\">6<\/option>\r\n<option value=\"7\">7<\/option>\r\n<option value=\"8\">8<\/option>\r\n<option value=\"9\">9<\/option>\r\n<option value=\"10 eller fler\">10 eller fler<\/option>\r\n<\/select><label for=\"ff_14_2_message\" aria-label=\"Viesti\">Viesti<\/label><textarea id=\"ff_14_2_message\" cols=\"2\" name=\"message\" rows=\"4\" placeholder=\"Lis\u00e4kysymyksi\u00e4 tai kommentteja....\" aria-invalid=\"false\" aria-required=\"true\" data-name=\"message\"><\/textarea><label class=\"ff-el-form-check-label ff_tc_label\" for=\"gdpr-agreement_18b15e4026ef77afd79eac2a2d5d3068\" aria-label=\"terms &amp; conditions\"><input id=\"gdpr-agreement_18b15e4026ef77afd79eac2a2d5d3068\" name=\"gdpr-agreement\" type=\"checkbox\" value=\"on\" data-name=\"gdpr-agreement\" aria-invalid=\"false\" aria-required=\"true\/\" \/> Hyv\u00e4ksyn sen, ett\u00e4 t\u00e4m\u00e4 verkkosivusto s\u00e4ilytt\u00e4\u00e4 l\u00e4hett\u00e4m\u00e4ni tietoni, jotta he voivat vastata pyynt\u00f6\u00f6ni. Tietoja s\u00e4ilytet\u00e4\u00e4n 1 vuoden ajan.<\/label><button type=\"submit\">L\u00e4hett\u00e4\u00e4<\/button><\/fieldset><\/form>","protected":false},"excerpt":{"rendered":"<p>Sprinkleris\u00e4ili\u00f6iden on toimittava tulipalon sattuessa. Tarkasta usein paloturvallisuuden varmistamiseksi. <\/p>\n","protected":false},"author":4,"featured_media":5642,"parent":0,"menu_order":0,"comment_status":"closed","ping_status":"closed","template":"","meta":{"footnotes":""},"class_list":["post-5639","page","type-page","status-publish","has-post-thumbnail"],"yoast_head":"<!-- This site is optimized with the Yoast SEO plugin v27.5 - https:\/\/yoast.com\/product\/yoast-seo-wordpress\/ -->\n<title>Sprinkleris\u00e4ili\u00f6t, keskeinen osa palontorjuntaa | Cistern Solutions Sweden<\/title>\n<meta name=\"description\" content=\"Sprinkleris\u00e4ili\u00f6t ovat v\u00e4ltt\u00e4m\u00e4tt\u00f6mi\u00e4 turvallisen palontorjunnan kannalta. Pid\u00e4 sprinkleris\u00e4ili\u00f6 hyv\u00e4ss\u00e4 kunnossa tarkastamalla se usein! Miten autamme sinua ...\" \/>\n<meta name=\"robots\" content=\"index, follow, max-snippet:-1, max-image-preview:large, max-video-preview:-1\" \/>\n<link rel=\"canonical\" href=\"https:\/\/cisternsolutions.eu\/fi\/sprinklerisailiot\/\" \/>\n<meta property=\"og:locale\" content=\"fi_FI\" \/>\n<meta property=\"og:type\" content=\"article\" \/>\n<meta property=\"og:title\" content=\"Sprinkleris\u00e4ili\u00f6t, keskeinen osa palontorjuntaa | Cistern Solutions Sweden\" \/>\n<meta property=\"og:description\" content=\"Sprinkleris\u00e4ili\u00f6t ovat v\u00e4ltt\u00e4m\u00e4tt\u00f6mi\u00e4 turvallisen palontorjunnan kannalta. Pid\u00e4 sprinkleris\u00e4ili\u00f6 hyv\u00e4ss\u00e4 kunnossa tarkastamalla se usein! Miten autamme sinua ...\" \/>\n<meta property=\"og:url\" content=\"https:\/\/cisternsolutions.eu\/fi\/sprinklerisailiot\/\" \/>\n<meta property=\"og:site_name\" content=\"Cistern Solutions Sweden\" \/>\n<meta property=\"article:modified_time\" content=\"2025-11-25T10:36:07+00:00\" \/>\n<meta property=\"og:image\" content=\"https:\/\/cisternsolutions.eu\/wp-content\/uploads\/2024\/03\/sprinklertankar.jpg\" \/>\n\t<meta property=\"og:image:width\" content=\"1920\" \/>\n\t<meta property=\"og:image:height\" content=\"526\" \/>\n\t<meta property=\"og:image:type\" content=\"image\/jpeg\" \/>\n<meta name=\"twitter:card\" content=\"summary_large_image\" \/>\n<meta name=\"twitter:label1\" content=\"Arvioitu lukuaika\" \/>\n\t<meta name=\"twitter:data1\" content=\"3 minuuttia\" \/>\n<script type=\"application\/ld+json\" class=\"yoast-schema-graph\">{\"@context\":\"https:\\\/\\\/schema.org\",\"@graph\":[{\"@type\":\"WebPage\",\"@id\":\"https:\\\/\\\/cisternsolutions.eu\\\/fi\\\/sprinklerisailiot\\\/\",\"url\":\"https:\\\/\\\/cisternsolutions.eu\\\/fi\\\/sprinklerisailiot\\\/\",\"name\":\"Sprinkleris\u00e4ili\u00f6t, keskeinen osa palontorjuntaa | Cistern Solutions Sweden\",\"isPartOf\":{\"@id\":\"https:\\\/\\\/cisternsolutions.eu\\\/fi\\\/#website\"},\"primaryImageOfPage\":{\"@id\":\"https:\\\/\\\/cisternsolutions.eu\\\/fi\\\/sprinklerisailiot\\\/#primaryimage\"},\"image\":{\"@id\":\"https:\\\/\\\/cisternsolutions.eu\\\/fi\\\/sprinklerisailiot\\\/#primaryimage\"},\"thumbnailUrl\":\"https:\\\/\\\/cisternsolutions.eu\\\/wp-content\\\/uploads\\\/2024\\\/03\\\/sprinklertankar.jpg\",\"datePublished\":\"2024-03-05T13:36:38+00:00\",\"dateModified\":\"2025-11-25T10:36:07+00:00\",\"description\":\"Sprinkleris\u00e4ili\u00f6t ovat v\u00e4ltt\u00e4m\u00e4tt\u00f6mi\u00e4 turvallisen palontorjunnan kannalta. Pid\u00e4 sprinkleris\u00e4ili\u00f6 hyv\u00e4ss\u00e4 kunnossa tarkastamalla se usein! Miten autamme sinua ...\",\"breadcrumb\":{\"@id\":\"https:\\\/\\\/cisternsolutions.eu\\\/fi\\\/sprinklerisailiot\\\/#breadcrumb\"},\"inLanguage\":\"fi\",\"potentialAction\":[{\"@type\":\"ReadAction\",\"target\":[\"https:\\\/\\\/cisternsolutions.eu\\\/fi\\\/sprinklerisailiot\\\/\"]}]},{\"@type\":\"ImageObject\",\"inLanguage\":\"fi\",\"@id\":\"https:\\\/\\\/cisternsolutions.eu\\\/fi\\\/sprinklerisailiot\\\/#primaryimage\",\"url\":\"https:\\\/\\\/cisternsolutions.eu\\\/wp-content\\\/uploads\\\/2024\\\/03\\\/sprinklertankar.jpg\",\"contentUrl\":\"https:\\\/\\\/cisternsolutions.eu\\\/wp-content\\\/uploads\\\/2024\\\/03\\\/sprinklertankar.jpg\",\"width\":1920,\"height\":526},{\"@type\":\"BreadcrumbList\",\"@id\":\"https:\\\/\\\/cisternsolutions.eu\\\/fi\\\/sprinklerisailiot\\\/#breadcrumb\",\"itemListElement\":[{\"@type\":\"ListItem\",\"position\":1,\"name\":\"Hem\",\"item\":\"https:\\\/\\\/cisternsolutions.eu\\\/fi\\\/kotisivu-2\\\/\"},{\"@type\":\"ListItem\",\"position\":2,\"name\":\"Sprinkleris\u00e4ili\u00f6t\"}]},{\"@type\":\"WebSite\",\"@id\":\"https:\\\/\\\/cisternsolutions.eu\\\/fi\\\/#website\",\"url\":\"https:\\\/\\\/cisternsolutions.eu\\\/fi\\\/\",\"name\":\"Cistern Solutions Sweden\",\"description\":\"Cistern Solutions Sweden\",\"publisher\":{\"@id\":\"https:\\\/\\\/cisternsolutions.eu\\\/fi\\\/#organization\"},\"potentialAction\":[{\"@type\":\"SearchAction\",\"target\":{\"@type\":\"EntryPoint\",\"urlTemplate\":\"https:\\\/\\\/cisternsolutions.eu\\\/fi\\\/?s={search_term_string}\"},\"query-input\":{\"@type\":\"PropertyValueSpecification\",\"valueRequired\":true,\"valueName\":\"search_term_string\"}}],\"inLanguage\":\"fi\"},{\"@type\":\"Organization\",\"@id\":\"https:\\\/\\\/cisternsolutions.eu\\\/fi\\\/#organization\",\"name\":\"| Cistern Solutions Sweden AB\",\"url\":\"https:\\\/\\\/cisternsolutions.eu\\\/fi\\\/\",\"logo\":{\"@type\":\"ImageObject\",\"inLanguage\":\"fi\",\"@id\":\"https:\\\/\\\/cisternsolutions.eu\\\/fi\\\/#\\\/schema\\\/logo\\\/image\\\/\",\"url\":\"https:\\\/\\\/cisternsolutions.eu\\\/wp-content\\\/uploads\\\/2023\\\/11\\\/CisternSolutions_orginal-logo.png\",\"contentUrl\":\"https:\\\/\\\/cisternsolutions.eu\\\/wp-content\\\/uploads\\\/2023\\\/11\\\/CisternSolutions_orginal-logo.png\",\"width\":1045,\"height\":293,\"caption\":\"| Cistern Solutions Sweden AB\"},\"image\":{\"@id\":\"https:\\\/\\\/cisternsolutions.eu\\\/fi\\\/#\\\/schema\\\/logo\\\/image\\\/\"}}]}<\/script>\n<!-- \/ Yoast SEO plugin. -->","yoast_head_json":{"title":"Sprinkleris\u00e4ili\u00f6t, keskeinen osa palontorjuntaa | Cistern Solutions Sweden","description":"Sprinkleris\u00e4ili\u00f6t ovat v\u00e4ltt\u00e4m\u00e4tt\u00f6mi\u00e4 turvallisen palontorjunnan kannalta. Pid\u00e4 sprinkleris\u00e4ili\u00f6 hyv\u00e4ss\u00e4 kunnossa tarkastamalla se usein! Miten autamme sinua ...","robots":{"index":"index","follow":"follow","max-snippet":"max-snippet:-1","max-image-preview":"max-image-preview:large","max-video-preview":"max-video-preview:-1"},"canonical":"https:\/\/cisternsolutions.eu\/fi\/sprinklerisailiot\/","og_locale":"fi_FI","og_type":"article","og_title":"Sprinkleris\u00e4ili\u00f6t, keskeinen osa palontorjuntaa | Cistern Solutions Sweden","og_description":"Sprinkleris\u00e4ili\u00f6t ovat v\u00e4ltt\u00e4m\u00e4tt\u00f6mi\u00e4 turvallisen palontorjunnan kannalta. Pid\u00e4 sprinkleris\u00e4ili\u00f6 hyv\u00e4ss\u00e4 kunnossa tarkastamalla se usein! Miten autamme sinua ...","og_url":"https:\/\/cisternsolutions.eu\/fi\/sprinklerisailiot\/","og_site_name":"Cistern Solutions Sweden","article_modified_time":"2025-11-25T10:36:07+00:00","og_image":[{"width":1920,"height":526,"url":"https:\/\/cisternsolutions.eu\/wp-content\/uploads\/2024\/03\/sprinklertankar.jpg","type":"image\/jpeg"}],"twitter_card":"summary_large_image","twitter_misc":{"Arvioitu lukuaika":"3 minuuttia"},"schema":{"@context":"https:\/\/schema.org","@graph":[{"@type":"WebPage","@id":"https:\/\/cisternsolutions.eu\/fi\/sprinklerisailiot\/","url":"https:\/\/cisternsolutions.eu\/fi\/sprinklerisailiot\/","name":"Sprinkleris\u00e4ili\u00f6t, keskeinen osa palontorjuntaa | Cistern Solutions Sweden","isPartOf":{"@id":"https:\/\/cisternsolutions.eu\/fi\/#website"},"primaryImageOfPage":{"@id":"https:\/\/cisternsolutions.eu\/fi\/sprinklerisailiot\/#primaryimage"},"image":{"@id":"https:\/\/cisternsolutions.eu\/fi\/sprinklerisailiot\/#primaryimage"},"thumbnailUrl":"https:\/\/cisternsolutions.eu\/wp-content\/uploads\/2024\/03\/sprinklertankar.jpg","datePublished":"2024-03-05T13:36:38+00:00","dateModified":"2025-11-25T10:36:07+00:00","description":"Sprinkleris\u00e4ili\u00f6t ovat v\u00e4ltt\u00e4m\u00e4tt\u00f6mi\u00e4 turvallisen palontorjunnan kannalta. Pid\u00e4 sprinkleris\u00e4ili\u00f6 hyv\u00e4ss\u00e4 kunnossa tarkastamalla se usein! Miten autamme sinua ...","breadcrumb":{"@id":"https:\/\/cisternsolutions.eu\/fi\/sprinklerisailiot\/#breadcrumb"},"inLanguage":"fi","potentialAction":[{"@type":"ReadAction","target":["https:\/\/cisternsolutions.eu\/fi\/sprinklerisailiot\/"]}]},{"@type":"ImageObject","inLanguage":"fi","@id":"https:\/\/cisternsolutions.eu\/fi\/sprinklerisailiot\/#primaryimage","url":"https:\/\/cisternsolutions.eu\/wp-content\/uploads\/2024\/03\/sprinklertankar.jpg","contentUrl":"https:\/\/cisternsolutions.eu\/wp-content\/uploads\/2024\/03\/sprinklertankar.jpg","width":1920,"height":526},{"@type":"BreadcrumbList","@id":"https:\/\/cisternsolutions.eu\/fi\/sprinklerisailiot\/#breadcrumb","itemListElement":[{"@type":"ListItem","position":1,"name":"Hem","item":"https:\/\/cisternsolutions.eu\/fi\/kotisivu-2\/"},{"@type":"ListItem","position":2,"name":"Sprinkleris\u00e4ili\u00f6t"}]},{"@type":"WebSite","@id":"https:\/\/cisternsolutions.eu\/fi\/#website","url":"https:\/\/cisternsolutions.eu\/fi\/","name":"Cistern Solutions Sweden","description":"Cistern Solutions Sweden","publisher":{"@id":"https:\/\/cisternsolutions.eu\/fi\/#organization"},"potentialAction":[{"@type":"SearchAction","target":{"@type":"EntryPoint","urlTemplate":"https:\/\/cisternsolutions.eu\/fi\/?s={search_term_string}"},"query-input":{"@type":"PropertyValueSpecification","valueRequired":true,"valueName":"search_term_string"}}],"inLanguage":"fi"},{"@type":"Organization","@id":"https:\/\/cisternsolutions.eu\/fi\/#organization","name":"| Cistern Solutions Sweden AB","url":"https:\/\/cisternsolutions.eu\/fi\/","logo":{"@type":"ImageObject","inLanguage":"fi","@id":"https:\/\/cisternsolutions.eu\/fi\/#\/schema\/logo\/image\/","url":"https:\/\/cisternsolutions.eu\/wp-content\/uploads\/2023\/11\/CisternSolutions_orginal-logo.png","contentUrl":"https:\/\/cisternsolutions.eu\/wp-content\/uploads\/2023\/11\/CisternSolutions_orginal-logo.png","width":1045,"height":293,"caption":"| Cistern Solutions Sweden AB"},"image":{"@id":"https:\/\/cisternsolutions.eu\/fi\/#\/schema\/logo\/image\/"}}]}},"_links":{"self":[{"href":"https:\/\/cisternsolutions.eu\/fi\/wp-json\/wp\/v2\/pages\/5639","targetHints":{"allow":["GET"]}}],"collection":[{"href":"https:\/\/cisternsolutions.eu\/fi\/wp-json\/wp\/v2\/pages"}],"about":[{"href":"https:\/\/cisternsolutions.eu\/fi\/wp-json\/wp\/v2\/types\/page"}],"author":[{"embeddable":true,"href":"https:\/\/cisternsolutions.eu\/fi\/wp-json\/wp\/v2\/users\/4"}],"replies":[{"embeddable":true,"href":"https:\/\/cisternsolutions.eu\/fi\/wp-json\/wp\/v2\/comments?post=5639"}],"version-history":[{"count":5,"href":"https:\/\/cisternsolutions.eu\/fi\/wp-json\/wp\/v2\/pages\/5639\/revisions"}],"predecessor-version":[{"id":8006,"href":"https:\/\/cisternsolutions.eu\/fi\/wp-json\/wp\/v2\/pages\/5639\/revisions\/8006"}],"wp:featuredmedia":[{"embeddable":true,"href":"https:\/\/cisternsolutions.eu\/fi\/wp-json\/wp\/v2\/media\/5642"}],"wp:attachment":[{"href":"https:\/\/cisternsolutions.eu\/fi\/wp-json\/wp\/v2\/media?parent=5639"}],"curies":[{"name":"wp","href":"https:\/\/api.w.org\/{rel}","templated":true}]}}