{"id":5619,"date":"2016-06-30T11:19:44","date_gmt":"2016-06-30T09:19:44","guid":{"rendered":"https:\/\/cisternsolutions.eu\/laatu-ja-ymparisto\/"},"modified":"2024-03-12T11:27:25","modified_gmt":"2024-03-12T10:27:25","slug":"laatu-ja-ymparisto","status":"publish","type":"page","link":"https:\/\/cisternsolutions.eu\/fi\/laatu-ja-ymparisto\/","title":{"rendered":"Laatu ja ymp\u00e4rist\u00f6"},"content":{"rendered":"","protected":false},"excerpt":{"rendered":"","protected":false},"author":4,"featured_media":0,"parent":0,"menu_order":0,"comment_status":"closed","ping_status":"closed","template":"","meta":{"footnotes":""},"class_list":["post-5619","page","type-page","status-publish"],"yoast_head":"<!-- This site is optimized with the Yoast SEO plugin v27.4 - https:\/\/yoast.com\/product\/yoast-seo-wordpress\/ -->\n<title>Vesis\u00e4ili\u00f6n kunnostaminen laadukkaasti | Cistern Solutions Sweden<\/title>\n<meta name=\"description\" content=\"Cistern Solutions Sweden AB:ss\u00e4 teemme kovasti t\u00f6it\u00e4 laadun ja ymp\u00e4rist\u00f6n\u00e4k\u00f6kohtien eteen. Lue lis\u00e4\u00e4 sitoutumisestamme laatuun ja ymp\u00e4rist\u00f6\u00f6n.\" \/>\n<meta name=\"robots\" content=\"index, follow, max-snippet:-1, max-image-preview:large, max-video-preview:-1\" \/>\n<link rel=\"canonical\" href=\"https:\/\/cisternsolutions.eu\/fi\/laatu-ja-ymparisto\/\" \/>\n<meta property=\"og:locale\" content=\"fi_FI\" \/>\n<meta property=\"og:type\" content=\"article\" \/>\n<meta property=\"og:title\" content=\"Vesis\u00e4ili\u00f6n kunnostaminen laadukkaasti | Cistern Solutions Sweden\" \/>\n<meta property=\"og:description\" content=\"Cistern Solutions Sweden AB:ss\u00e4 teemme kovasti t\u00f6it\u00e4 laadun ja ymp\u00e4rist\u00f6n\u00e4k\u00f6kohtien eteen. Lue lis\u00e4\u00e4 sitoutumisestamme laatuun ja ymp\u00e4rist\u00f6\u00f6n.\" \/>\n<meta property=\"og:url\" content=\"https:\/\/cisternsolutions.eu\/fi\/laatu-ja-ymparisto\/\" \/>\n<meta property=\"og:site_name\" content=\"Cistern Solutions Sweden\" \/>\n<meta property=\"article:modified_time\" content=\"2024-03-12T10:27:25+00:00\" \/>\n<meta name=\"twitter:card\" content=\"summary_large_image\" \/>\n<script type=\"application\/ld+json\" class=\"yoast-schema-graph\">{\"@context\":\"https:\\\/\\\/schema.org\",\"@graph\":[{\"@type\":\"WebPage\",\"@id\":\"https:\\\/\\\/cisternsolutions.eu\\\/fi\\\/laatu-ja-ymparisto\\\/\",\"url\":\"https:\\\/\\\/cisternsolutions.eu\\\/fi\\\/laatu-ja-ymparisto\\\/\",\"name\":\"Vesis\u00e4ili\u00f6n kunnostaminen laadukkaasti | Cistern Solutions Sweden\",\"isPartOf\":{\"@id\":\"https:\\\/\\\/cisternsolutions.eu\\\/fi\\\/#website\"},\"datePublished\":\"2016-06-30T09:19:44+00:00\",\"dateModified\":\"2024-03-12T10:27:25+00:00\",\"description\":\"Cistern Solutions Sweden AB:ss\u00e4 teemme kovasti t\u00f6it\u00e4 laadun ja ymp\u00e4rist\u00f6n\u00e4k\u00f6kohtien eteen. Lue lis\u00e4\u00e4 sitoutumisestamme laatuun ja ymp\u00e4rist\u00f6\u00f6n.\",\"breadcrumb\":{\"@id\":\"https:\\\/\\\/cisternsolutions.eu\\\/fi\\\/laatu-ja-ymparisto\\\/#breadcrumb\"},\"inLanguage\":\"fi\",\"potentialAction\":[{\"@type\":\"ReadAction\",\"target\":[\"https:\\\/\\\/cisternsolutions.eu\\\/fi\\\/laatu-ja-ymparisto\\\/\"]}]},{\"@type\":\"BreadcrumbList\",\"@id\":\"https:\\\/\\\/cisternsolutions.eu\\\/fi\\\/laatu-ja-ymparisto\\\/#breadcrumb\",\"itemListElement\":[{\"@type\":\"ListItem\",\"position\":1,\"name\":\"Hem\",\"item\":\"https:\\\/\\\/cisternsolutions.eu\\\/fi\\\/kotisivu-2\\\/\"},{\"@type\":\"ListItem\",\"position\":2,\"name\":\"Laatu ja ymp\u00e4rist\u00f6\"}]},{\"@type\":\"WebSite\",\"@id\":\"https:\\\/\\\/cisternsolutions.eu\\\/fi\\\/#website\",\"url\":\"https:\\\/\\\/cisternsolutions.eu\\\/fi\\\/\",\"name\":\"Cistern Solutions Sweden\",\"description\":\"Cistern Solutions Sweden\",\"publisher\":{\"@id\":\"https:\\\/\\\/cisternsolutions.eu\\\/fi\\\/#organization\"},\"potentialAction\":[{\"@type\":\"SearchAction\",\"target\":{\"@type\":\"EntryPoint\",\"urlTemplate\":\"https:\\\/\\\/cisternsolutions.eu\\\/fi\\\/?s={search_term_string}\"},\"query-input\":{\"@type\":\"PropertyValueSpecification\",\"valueRequired\":true,\"valueName\":\"search_term_string\"}}],\"inLanguage\":\"fi\"},{\"@type\":\"Organization\",\"@id\":\"https:\\\/\\\/cisternsolutions.eu\\\/fi\\\/#organization\",\"name\":\"| Cistern Solutions Sweden AB\",\"url\":\"https:\\\/\\\/cisternsolutions.eu\\\/fi\\\/\",\"logo\":{\"@type\":\"ImageObject\",\"inLanguage\":\"fi\",\"@id\":\"https:\\\/\\\/cisternsolutions.eu\\\/fi\\\/#\\\/schema\\\/logo\\\/image\\\/\",\"url\":\"https:\\\/\\\/cisternsolutions.eu\\\/wp-content\\\/uploads\\\/2023\\\/11\\\/CisternSolutions_orginal-logo.png\",\"contentUrl\":\"https:\\\/\\\/cisternsolutions.eu\\\/wp-content\\\/uploads\\\/2023\\\/11\\\/CisternSolutions_orginal-logo.png\",\"width\":1045,\"height\":293,\"caption\":\"| Cistern Solutions Sweden AB\"},\"image\":{\"@id\":\"https:\\\/\\\/cisternsolutions.eu\\\/fi\\\/#\\\/schema\\\/logo\\\/image\\\/\"}}]}<\/script>\n<!-- \/ Yoast SEO plugin. -->","yoast_head_json":{"title":"Vesis\u00e4ili\u00f6n kunnostaminen laadukkaasti | Cistern Solutions Sweden","description":"Cistern Solutions Sweden AB:ss\u00e4 teemme kovasti t\u00f6it\u00e4 laadun ja ymp\u00e4rist\u00f6n\u00e4k\u00f6kohtien eteen. Lue lis\u00e4\u00e4 sitoutumisestamme laatuun ja ymp\u00e4rist\u00f6\u00f6n.","robots":{"index":"index","follow":"follow","max-snippet":"max-snippet:-1","max-image-preview":"max-image-preview:large","max-video-preview":"max-video-preview:-1"},"canonical":"https:\/\/cisternsolutions.eu\/fi\/laatu-ja-ymparisto\/","og_locale":"fi_FI","og_type":"article","og_title":"Vesis\u00e4ili\u00f6n kunnostaminen laadukkaasti | Cistern Solutions Sweden","og_description":"Cistern Solutions Sweden AB:ss\u00e4 teemme kovasti t\u00f6it\u00e4 laadun ja ymp\u00e4rist\u00f6n\u00e4k\u00f6kohtien eteen. Lue lis\u00e4\u00e4 sitoutumisestamme laatuun ja ymp\u00e4rist\u00f6\u00f6n.","og_url":"https:\/\/cisternsolutions.eu\/fi\/laatu-ja-ymparisto\/","og_site_name":"Cistern Solutions Sweden","article_modified_time":"2024-03-12T10:27:25+00:00","twitter_card":"summary_large_image","schema":{"@context":"https:\/\/schema.org","@graph":[{"@type":"WebPage","@id":"https:\/\/cisternsolutions.eu\/fi\/laatu-ja-ymparisto\/","url":"https:\/\/cisternsolutions.eu\/fi\/laatu-ja-ymparisto\/","name":"Vesis\u00e4ili\u00f6n kunnostaminen laadukkaasti | Cistern Solutions Sweden","isPartOf":{"@id":"https:\/\/cisternsolutions.eu\/fi\/#website"},"datePublished":"2016-06-30T09:19:44+00:00","dateModified":"2024-03-12T10:27:25+00:00","description":"Cistern Solutions Sweden AB:ss\u00e4 teemme kovasti t\u00f6it\u00e4 laadun ja ymp\u00e4rist\u00f6n\u00e4k\u00f6kohtien eteen. Lue lis\u00e4\u00e4 sitoutumisestamme laatuun ja ymp\u00e4rist\u00f6\u00f6n.","breadcrumb":{"@id":"https:\/\/cisternsolutions.eu\/fi\/laatu-ja-ymparisto\/#breadcrumb"},"inLanguage":"fi","potentialAction":[{"@type":"ReadAction","target":["https:\/\/cisternsolutions.eu\/fi\/laatu-ja-ymparisto\/"]}]},{"@type":"BreadcrumbList","@id":"https:\/\/cisternsolutions.eu\/fi\/laatu-ja-ymparisto\/#breadcrumb","itemListElement":[{"@type":"ListItem","position":1,"name":"Hem","item":"https:\/\/cisternsolutions.eu\/fi\/kotisivu-2\/"},{"@type":"ListItem","position":2,"name":"Laatu ja ymp\u00e4rist\u00f6"}]},{"@type":"WebSite","@id":"https:\/\/cisternsolutions.eu\/fi\/#website","url":"https:\/\/cisternsolutions.eu\/fi\/","name":"Cistern Solutions Sweden","description":"Cistern Solutions Sweden","publisher":{"@id":"https:\/\/cisternsolutions.eu\/fi\/#organization"},"potentialAction":[{"@type":"SearchAction","target":{"@type":"EntryPoint","urlTemplate":"https:\/\/cisternsolutions.eu\/fi\/?s={search_term_string}"},"query-input":{"@type":"PropertyValueSpecification","valueRequired":true,"valueName":"search_term_string"}}],"inLanguage":"fi"},{"@type":"Organization","@id":"https:\/\/cisternsolutions.eu\/fi\/#organization","name":"| Cistern Solutions Sweden AB","url":"https:\/\/cisternsolutions.eu\/fi\/","logo":{"@type":"ImageObject","inLanguage":"fi","@id":"https:\/\/cisternsolutions.eu\/fi\/#\/schema\/logo\/image\/","url":"https:\/\/cisternsolutions.eu\/wp-content\/uploads\/2023\/11\/CisternSolutions_orginal-logo.png","contentUrl":"https:\/\/cisternsolutions.eu\/wp-content\/uploads\/2023\/11\/CisternSolutions_orginal-logo.png","width":1045,"height":293,"caption":"| Cistern Solutions Sweden AB"},"image":{"@id":"https:\/\/cisternsolutions.eu\/fi\/#\/schema\/logo\/image\/"}}]}},"_links":{"self":[{"href":"https:\/\/cisternsolutions.eu\/fi\/wp-json\/wp\/v2\/pages\/5619","targetHints":{"allow":["GET"]}}],"collection":[{"href":"https:\/\/cisternsolutions.eu\/fi\/wp-json\/wp\/v2\/pages"}],"about":[{"href":"https:\/\/cisternsolutions.eu\/fi\/wp-json\/wp\/v2\/types\/page"}],"author":[{"embeddable":true,"href":"https:\/\/cisternsolutions.eu\/fi\/wp-json\/wp\/v2\/users\/4"}],"replies":[{"embeddable":true,"href":"https:\/\/cisternsolutions.eu\/fi\/wp-json\/wp\/v2\/comments?post=5619"}],"version-history":[{"count":1,"href":"https:\/\/cisternsolutions.eu\/fi\/wp-json\/wp\/v2\/pages\/5619\/revisions"}],"predecessor-version":[{"id":5622,"href":"https:\/\/cisternsolutions.eu\/fi\/wp-json\/wp\/v2\/pages\/5619\/revisions\/5622"}],"wp:attachment":[{"href":"https:\/\/cisternsolutions.eu\/fi\/wp-json\/wp\/v2\/media?parent=5619"}],"curies":[{"name":"wp","href":"https:\/\/api.w.org\/{rel}","templated":true}]}}