{"id":8407,"date":"2025-12-01T10:58:30","date_gmt":"2025-12-01T09:58:30","guid":{"rendered":"https:\/\/cisternsolutions.eu\/depositos-de-aspersion-en-construccion-seccional\/"},"modified":"2025-12-01T10:58:30","modified_gmt":"2025-12-01T09:58:30","slug":"depositos-de-aspersion-en-construccion-seccional","status":"publish","type":"page","link":"https:\/\/cisternsolutions.eu\/es\/depositos-de-aspersion-en-construccion-seccional\/","title":{"rendered":"Dep\u00f3sitos de aspersi\u00f3n en construcci\u00f3n seccional"},"content":{"rendered":"","protected":false},"excerpt":{"rendered":"","protected":false},"author":4,"featured_media":0,"parent":0,"menu_order":0,"comment_status":"closed","ping_status":"closed","template":"","meta":{"footnotes":""},"class_list":["post-8407","page","type-page","status-publish"],"yoast_head":"<!-- This site is optimized with the Yoast SEO plugin v27.4 - https:\/\/yoast.com\/product\/yoast-seo-wordpress\/ -->\n<title>Cisternas seccionales flexibles | Cistern Solutions Sweden<\/title>\n<meta name=\"description\" content=\"Dep\u00f3sitos seccionales para aspersores de fabricaci\u00f3n sueca para propiedades residenciales, industriales y comerciales. Con tratamiento epoxi y f\u00e1ciles de personalizar.\" \/>\n<meta name=\"robots\" content=\"index, follow, max-snippet:-1, max-image-preview:large, max-video-preview:-1\" \/>\n<link rel=\"canonical\" href=\"https:\/\/cisternsolutions.eu\/es\/depositos-de-aspersion-en-construccion-seccional\/\" \/>\n<meta property=\"og:locale\" content=\"es_ES\" \/>\n<meta property=\"og:type\" content=\"article\" \/>\n<meta property=\"og:title\" content=\"Cisternas seccionales flexibles | Cistern Solutions Sweden\" \/>\n<meta property=\"og:description\" content=\"Dep\u00f3sitos seccionales para aspersores de fabricaci\u00f3n sueca para propiedades residenciales, industriales y comerciales. Con tratamiento epoxi y f\u00e1ciles de personalizar.\" \/>\n<meta property=\"og:url\" content=\"https:\/\/cisternsolutions.eu\/es\/depositos-de-aspersion-en-construccion-seccional\/\" \/>\n<meta property=\"og:site_name\" content=\"Cistern Solutions Sweden\" \/>\n<meta name=\"twitter:card\" content=\"summary_large_image\" \/>\n<script type=\"application\/ld+json\" class=\"yoast-schema-graph\">{\"@context\":\"https:\\\/\\\/schema.org\",\"@graph\":[{\"@type\":\"WebPage\",\"@id\":\"https:\\\/\\\/cisternsolutions.eu\\\/es\\\/depositos-de-aspersion-en-construccion-seccional\\\/\",\"url\":\"https:\\\/\\\/cisternsolutions.eu\\\/es\\\/depositos-de-aspersion-en-construccion-seccional\\\/\",\"name\":\"Cisternas seccionales flexibles | Cistern Solutions Sweden\",\"isPartOf\":{\"@id\":\"https:\\\/\\\/cisternsolutions.eu\\\/es\\\/#website\"},\"datePublished\":\"2025-12-01T09:58:30+00:00\",\"description\":\"Dep\u00f3sitos seccionales para aspersores de fabricaci\u00f3n sueca para propiedades residenciales, industriales y comerciales. Con tratamiento epoxi y f\u00e1ciles de personalizar.\",\"breadcrumb\":{\"@id\":\"https:\\\/\\\/cisternsolutions.eu\\\/es\\\/depositos-de-aspersion-en-construccion-seccional\\\/#breadcrumb\"},\"inLanguage\":\"es\",\"potentialAction\":[{\"@type\":\"ReadAction\",\"target\":[\"https:\\\/\\\/cisternsolutions.eu\\\/es\\\/depositos-de-aspersion-en-construccion-seccional\\\/\"]}]},{\"@type\":\"BreadcrumbList\",\"@id\":\"https:\\\/\\\/cisternsolutions.eu\\\/es\\\/depositos-de-aspersion-en-construccion-seccional\\\/#breadcrumb\",\"itemListElement\":[{\"@type\":\"ListItem\",\"position\":1,\"name\":\"Hem\",\"item\":\"https:\\\/\\\/cisternsolutions.eu\\\/es\\\/pagina-de-inicio\\\/\"},{\"@type\":\"ListItem\",\"position\":2,\"name\":\"Dep\u00f3sitos de aspersi\u00f3n en construcci\u00f3n seccional\"}]},{\"@type\":\"WebSite\",\"@id\":\"https:\\\/\\\/cisternsolutions.eu\\\/es\\\/#website\",\"url\":\"https:\\\/\\\/cisternsolutions.eu\\\/es\\\/\",\"name\":\"Cistern Solutions Sweden\",\"description\":\"Cistern Solutions Sweden\",\"publisher\":{\"@id\":\"https:\\\/\\\/cisternsolutions.eu\\\/es\\\/#organization\"},\"potentialAction\":[{\"@type\":\"SearchAction\",\"target\":{\"@type\":\"EntryPoint\",\"urlTemplate\":\"https:\\\/\\\/cisternsolutions.eu\\\/es\\\/?s={search_term_string}\"},\"query-input\":{\"@type\":\"PropertyValueSpecification\",\"valueRequired\":true,\"valueName\":\"search_term_string\"}}],\"inLanguage\":\"es\"},{\"@type\":\"Organization\",\"@id\":\"https:\\\/\\\/cisternsolutions.eu\\\/es\\\/#organization\",\"name\":\"| Cistern Solutions Sweden AB\",\"url\":\"https:\\\/\\\/cisternsolutions.eu\\\/es\\\/\",\"logo\":{\"@type\":\"ImageObject\",\"inLanguage\":\"es\",\"@id\":\"https:\\\/\\\/cisternsolutions.eu\\\/es\\\/#\\\/schema\\\/logo\\\/image\\\/\",\"url\":\"https:\\\/\\\/cisternsolutions.eu\\\/wp-content\\\/uploads\\\/2023\\\/11\\\/CisternSolutions_orginal-logo.png\",\"contentUrl\":\"https:\\\/\\\/cisternsolutions.eu\\\/wp-content\\\/uploads\\\/2023\\\/11\\\/CisternSolutions_orginal-logo.png\",\"width\":1045,\"height\":293,\"caption\":\"| Cistern Solutions Sweden AB\"},\"image\":{\"@id\":\"https:\\\/\\\/cisternsolutions.eu\\\/es\\\/#\\\/schema\\\/logo\\\/image\\\/\"}}]}<\/script>\n<!-- \/ Yoast SEO plugin. -->","yoast_head_json":{"title":"Cisternas seccionales flexibles | Cistern Solutions Sweden","description":"Dep\u00f3sitos seccionales para aspersores de fabricaci\u00f3n sueca para propiedades residenciales, industriales y comerciales. Con tratamiento epoxi y f\u00e1ciles de personalizar.","robots":{"index":"index","follow":"follow","max-snippet":"max-snippet:-1","max-image-preview":"max-image-preview:large","max-video-preview":"max-video-preview:-1"},"canonical":"https:\/\/cisternsolutions.eu\/es\/depositos-de-aspersion-en-construccion-seccional\/","og_locale":"es_ES","og_type":"article","og_title":"Cisternas seccionales flexibles | Cistern Solutions Sweden","og_description":"Dep\u00f3sitos seccionales para aspersores de fabricaci\u00f3n sueca para propiedades residenciales, industriales y comerciales. Con tratamiento epoxi y f\u00e1ciles de personalizar.","og_url":"https:\/\/cisternsolutions.eu\/es\/depositos-de-aspersion-en-construccion-seccional\/","og_site_name":"Cistern Solutions Sweden","twitter_card":"summary_large_image","schema":{"@context":"https:\/\/schema.org","@graph":[{"@type":"WebPage","@id":"https:\/\/cisternsolutions.eu\/es\/depositos-de-aspersion-en-construccion-seccional\/","url":"https:\/\/cisternsolutions.eu\/es\/depositos-de-aspersion-en-construccion-seccional\/","name":"Cisternas seccionales flexibles | Cistern Solutions Sweden","isPartOf":{"@id":"https:\/\/cisternsolutions.eu\/es\/#website"},"datePublished":"2025-12-01T09:58:30+00:00","description":"Dep\u00f3sitos seccionales para aspersores de fabricaci\u00f3n sueca para propiedades residenciales, industriales y comerciales. Con tratamiento epoxi y f\u00e1ciles de personalizar.","breadcrumb":{"@id":"https:\/\/cisternsolutions.eu\/es\/depositos-de-aspersion-en-construccion-seccional\/#breadcrumb"},"inLanguage":"es","potentialAction":[{"@type":"ReadAction","target":["https:\/\/cisternsolutions.eu\/es\/depositos-de-aspersion-en-construccion-seccional\/"]}]},{"@type":"BreadcrumbList","@id":"https:\/\/cisternsolutions.eu\/es\/depositos-de-aspersion-en-construccion-seccional\/#breadcrumb","itemListElement":[{"@type":"ListItem","position":1,"name":"Hem","item":"https:\/\/cisternsolutions.eu\/es\/pagina-de-inicio\/"},{"@type":"ListItem","position":2,"name":"Dep\u00f3sitos de aspersi\u00f3n en construcci\u00f3n seccional"}]},{"@type":"WebSite","@id":"https:\/\/cisternsolutions.eu\/es\/#website","url":"https:\/\/cisternsolutions.eu\/es\/","name":"Cistern Solutions Sweden","description":"Cistern Solutions Sweden","publisher":{"@id":"https:\/\/cisternsolutions.eu\/es\/#organization"},"potentialAction":[{"@type":"SearchAction","target":{"@type":"EntryPoint","urlTemplate":"https:\/\/cisternsolutions.eu\/es\/?s={search_term_string}"},"query-input":{"@type":"PropertyValueSpecification","valueRequired":true,"valueName":"search_term_string"}}],"inLanguage":"es"},{"@type":"Organization","@id":"https:\/\/cisternsolutions.eu\/es\/#organization","name":"| Cistern Solutions Sweden AB","url":"https:\/\/cisternsolutions.eu\/es\/","logo":{"@type":"ImageObject","inLanguage":"es","@id":"https:\/\/cisternsolutions.eu\/es\/#\/schema\/logo\/image\/","url":"https:\/\/cisternsolutions.eu\/wp-content\/uploads\/2023\/11\/CisternSolutions_orginal-logo.png","contentUrl":"https:\/\/cisternsolutions.eu\/wp-content\/uploads\/2023\/11\/CisternSolutions_orginal-logo.png","width":1045,"height":293,"caption":"| Cistern Solutions Sweden AB"},"image":{"@id":"https:\/\/cisternsolutions.eu\/es\/#\/schema\/logo\/image\/"}}]}},"_links":{"self":[{"href":"https:\/\/cisternsolutions.eu\/es\/wp-json\/wp\/v2\/pages\/8407","targetHints":{"allow":["GET"]}}],"collection":[{"href":"https:\/\/cisternsolutions.eu\/es\/wp-json\/wp\/v2\/pages"}],"about":[{"href":"https:\/\/cisternsolutions.eu\/es\/wp-json\/wp\/v2\/types\/page"}],"author":[{"embeddable":true,"href":"https:\/\/cisternsolutions.eu\/es\/wp-json\/wp\/v2\/users\/4"}],"replies":[{"embeddable":true,"href":"https:\/\/cisternsolutions.eu\/es\/wp-json\/wp\/v2\/comments?post=8407"}],"version-history":[{"count":0,"href":"https:\/\/cisternsolutions.eu\/es\/wp-json\/wp\/v2\/pages\/8407\/revisions"}],"wp:attachment":[{"href":"https:\/\/cisternsolutions.eu\/es\/wp-json\/wp\/v2\/media?parent=8407"}],"curies":[{"name":"wp","href":"https:\/\/api.w.org\/{rel}","templated":true}]}}