{"id":7812,"date":"2024-10-13T13:59:10","date_gmt":"2024-10-13T11:59:10","guid":{"rendered":"https:\/\/cisternsolutions.eu\/industrias\/"},"modified":"2024-10-13T13:59:10","modified_gmt":"2024-10-13T11:59:10","slug":"industrias","status":"publish","type":"page","link":"https:\/\/cisternsolutions.eu\/es\/industrias\/","title":{"rendered":"Industrias"},"content":{"rendered":"","protected":false},"excerpt":{"rendered":"","protected":false},"author":4,"featured_media":0,"parent":0,"menu_order":4,"comment_status":"closed","ping_status":"closed","template":"","meta":{"footnotes":""},"class_list":["post-7812","page","type-page","status-publish"],"yoast_head":"<!-- This site is optimized with the Yoast SEO plugin v27.4 - https:\/\/yoast.com\/product\/yoast-seo-wordpress\/ -->\n<title>Renovaci\u00f3n de cisternas en diversas industrias | Cistern Soultions Sweden<\/title>\n<meta name=\"description\" content=\"Cistern Solutions Sweden dispone de un m\u00e9todo para reparar cisternas en diversas industrias, como la de protecci\u00f3n contra lodos, la industria qu\u00edmica, etc.\" \/>\n<meta name=\"robots\" content=\"index, follow, max-snippet:-1, max-image-preview:large, max-video-preview:-1\" \/>\n<link rel=\"canonical\" href=\"https:\/\/cisternsolutions.eu\/es\/industrias\/\" \/>\n<meta property=\"og:locale\" content=\"es_ES\" \/>\n<meta property=\"og:type\" content=\"article\" \/>\n<meta property=\"og:title\" content=\"Renovaci\u00f3n de cisternas en diversas industrias | Cistern Soultions Sweden\" \/>\n<meta property=\"og:description\" content=\"Cistern Solutions Sweden dispone de un m\u00e9todo para reparar cisternas en diversas industrias, como la de protecci\u00f3n contra lodos, la industria qu\u00edmica, etc.\" \/>\n<meta property=\"og:url\" content=\"https:\/\/cisternsolutions.eu\/es\/industrias\/\" \/>\n<meta property=\"og:site_name\" content=\"Cistern Solutions Sweden\" \/>\n<meta name=\"twitter:card\" content=\"summary_large_image\" \/>\n<script type=\"application\/ld+json\" class=\"yoast-schema-graph\">{\"@context\":\"https:\\\/\\\/schema.org\",\"@graph\":[{\"@type\":\"WebPage\",\"@id\":\"https:\\\/\\\/cisternsolutions.eu\\\/es\\\/industrias\\\/\",\"url\":\"https:\\\/\\\/cisternsolutions.eu\\\/es\\\/industrias\\\/\",\"name\":\"Renovaci\u00f3n de cisternas en diversas industrias | Cistern Soultions Sweden\",\"isPartOf\":{\"@id\":\"https:\\\/\\\/cisternsolutions.eu\\\/es\\\/#website\"},\"datePublished\":\"2024-10-13T11:59:10+00:00\",\"description\":\"Cistern Solutions Sweden dispone de un m\u00e9todo para reparar cisternas en diversas industrias, como la de protecci\u00f3n contra lodos, la industria qu\u00edmica, etc.\",\"breadcrumb\":{\"@id\":\"https:\\\/\\\/cisternsolutions.eu\\\/es\\\/industrias\\\/#breadcrumb\"},\"inLanguage\":\"es\",\"potentialAction\":[{\"@type\":\"ReadAction\",\"target\":[\"https:\\\/\\\/cisternsolutions.eu\\\/es\\\/industrias\\\/\"]}]},{\"@type\":\"BreadcrumbList\",\"@id\":\"https:\\\/\\\/cisternsolutions.eu\\\/es\\\/industrias\\\/#breadcrumb\",\"itemListElement\":[{\"@type\":\"ListItem\",\"position\":1,\"name\":\"Hem\",\"item\":\"https:\\\/\\\/cisternsolutions.eu\\\/es\\\/pagina-de-inicio\\\/\"},{\"@type\":\"ListItem\",\"position\":2,\"name\":\"Industrias\"}]},{\"@type\":\"WebSite\",\"@id\":\"https:\\\/\\\/cisternsolutions.eu\\\/es\\\/#website\",\"url\":\"https:\\\/\\\/cisternsolutions.eu\\\/es\\\/\",\"name\":\"Cistern Solutions Sweden\",\"description\":\"Cistern Solutions Sweden\",\"publisher\":{\"@id\":\"https:\\\/\\\/cisternsolutions.eu\\\/es\\\/#organization\"},\"potentialAction\":[{\"@type\":\"SearchAction\",\"target\":{\"@type\":\"EntryPoint\",\"urlTemplate\":\"https:\\\/\\\/cisternsolutions.eu\\\/es\\\/?s={search_term_string}\"},\"query-input\":{\"@type\":\"PropertyValueSpecification\",\"valueRequired\":true,\"valueName\":\"search_term_string\"}}],\"inLanguage\":\"es\"},{\"@type\":\"Organization\",\"@id\":\"https:\\\/\\\/cisternsolutions.eu\\\/es\\\/#organization\",\"name\":\"| Cistern Solutions Sweden AB\",\"url\":\"https:\\\/\\\/cisternsolutions.eu\\\/es\\\/\",\"logo\":{\"@type\":\"ImageObject\",\"inLanguage\":\"es\",\"@id\":\"https:\\\/\\\/cisternsolutions.eu\\\/es\\\/#\\\/schema\\\/logo\\\/image\\\/\",\"url\":\"https:\\\/\\\/cisternsolutions.eu\\\/wp-content\\\/uploads\\\/2023\\\/11\\\/CisternSolutions_orginal-logo.png\",\"contentUrl\":\"https:\\\/\\\/cisternsolutions.eu\\\/wp-content\\\/uploads\\\/2023\\\/11\\\/CisternSolutions_orginal-logo.png\",\"width\":1045,\"height\":293,\"caption\":\"| Cistern Solutions Sweden AB\"},\"image\":{\"@id\":\"https:\\\/\\\/cisternsolutions.eu\\\/es\\\/#\\\/schema\\\/logo\\\/image\\\/\"}}]}<\/script>\n<!-- \/ Yoast SEO plugin. -->","yoast_head_json":{"title":"Renovaci\u00f3n de cisternas en diversas industrias | Cistern Soultions Sweden","description":"Cistern Solutions Sweden dispone de un m\u00e9todo para reparar cisternas en diversas industrias, como la de protecci\u00f3n contra lodos, la industria qu\u00edmica, etc.","robots":{"index":"index","follow":"follow","max-snippet":"max-snippet:-1","max-image-preview":"max-image-preview:large","max-video-preview":"max-video-preview:-1"},"canonical":"https:\/\/cisternsolutions.eu\/es\/industrias\/","og_locale":"es_ES","og_type":"article","og_title":"Renovaci\u00f3n de cisternas en diversas industrias | Cistern Soultions Sweden","og_description":"Cistern Solutions Sweden dispone de un m\u00e9todo para reparar cisternas en diversas industrias, como la de protecci\u00f3n contra lodos, la industria qu\u00edmica, etc.","og_url":"https:\/\/cisternsolutions.eu\/es\/industrias\/","og_site_name":"Cistern Solutions Sweden","twitter_card":"summary_large_image","schema":{"@context":"https:\/\/schema.org","@graph":[{"@type":"WebPage","@id":"https:\/\/cisternsolutions.eu\/es\/industrias\/","url":"https:\/\/cisternsolutions.eu\/es\/industrias\/","name":"Renovaci\u00f3n de cisternas en diversas industrias | Cistern Soultions Sweden","isPartOf":{"@id":"https:\/\/cisternsolutions.eu\/es\/#website"},"datePublished":"2024-10-13T11:59:10+00:00","description":"Cistern Solutions Sweden dispone de un m\u00e9todo para reparar cisternas en diversas industrias, como la de protecci\u00f3n contra lodos, la industria qu\u00edmica, etc.","breadcrumb":{"@id":"https:\/\/cisternsolutions.eu\/es\/industrias\/#breadcrumb"},"inLanguage":"es","potentialAction":[{"@type":"ReadAction","target":["https:\/\/cisternsolutions.eu\/es\/industrias\/"]}]},{"@type":"BreadcrumbList","@id":"https:\/\/cisternsolutions.eu\/es\/industrias\/#breadcrumb","itemListElement":[{"@type":"ListItem","position":1,"name":"Hem","item":"https:\/\/cisternsolutions.eu\/es\/pagina-de-inicio\/"},{"@type":"ListItem","position":2,"name":"Industrias"}]},{"@type":"WebSite","@id":"https:\/\/cisternsolutions.eu\/es\/#website","url":"https:\/\/cisternsolutions.eu\/es\/","name":"Cistern Solutions Sweden","description":"Cistern Solutions Sweden","publisher":{"@id":"https:\/\/cisternsolutions.eu\/es\/#organization"},"potentialAction":[{"@type":"SearchAction","target":{"@type":"EntryPoint","urlTemplate":"https:\/\/cisternsolutions.eu\/es\/?s={search_term_string}"},"query-input":{"@type":"PropertyValueSpecification","valueRequired":true,"valueName":"search_term_string"}}],"inLanguage":"es"},{"@type":"Organization","@id":"https:\/\/cisternsolutions.eu\/es\/#organization","name":"| Cistern Solutions Sweden AB","url":"https:\/\/cisternsolutions.eu\/es\/","logo":{"@type":"ImageObject","inLanguage":"es","@id":"https:\/\/cisternsolutions.eu\/es\/#\/schema\/logo\/image\/","url":"https:\/\/cisternsolutions.eu\/wp-content\/uploads\/2023\/11\/CisternSolutions_orginal-logo.png","contentUrl":"https:\/\/cisternsolutions.eu\/wp-content\/uploads\/2023\/11\/CisternSolutions_orginal-logo.png","width":1045,"height":293,"caption":"| Cistern Solutions Sweden AB"},"image":{"@id":"https:\/\/cisternsolutions.eu\/es\/#\/schema\/logo\/image\/"}}]}},"_links":{"self":[{"href":"https:\/\/cisternsolutions.eu\/es\/wp-json\/wp\/v2\/pages\/7812","targetHints":{"allow":["GET"]}}],"collection":[{"href":"https:\/\/cisternsolutions.eu\/es\/wp-json\/wp\/v2\/pages"}],"about":[{"href":"https:\/\/cisternsolutions.eu\/es\/wp-json\/wp\/v2\/types\/page"}],"author":[{"embeddable":true,"href":"https:\/\/cisternsolutions.eu\/es\/wp-json\/wp\/v2\/users\/4"}],"replies":[{"embeddable":true,"href":"https:\/\/cisternsolutions.eu\/es\/wp-json\/wp\/v2\/comments?post=7812"}],"version-history":[{"count":0,"href":"https:\/\/cisternsolutions.eu\/es\/wp-json\/wp\/v2\/pages\/7812\/revisions"}],"wp:attachment":[{"href":"https:\/\/cisternsolutions.eu\/es\/wp-json\/wp\/v2\/media?parent=7812"}],"curies":[{"name":"wp","href":"https:\/\/api.w.org\/{rel}","templated":true}]}}