{"id":7810,"date":"2014-09-07T09:47:49","date_gmt":"2014-09-07T07:47:49","guid":{"rendered":"https:\/\/cisternsolutions.eu\/referencias\/"},"modified":"2025-12-12T15:57:38","modified_gmt":"2025-12-12T14:57:38","slug":"referencias","status":"publish","type":"page","link":"https:\/\/cisternsolutions.eu\/es\/referencias\/","title":{"rendered":"Referencias"},"content":{"rendered":"\n\n\t\t<h1>\n\t\t\t\u00bfTienes curiosidad por nuestros trabajos de referencia?\n\t\t<\/h1>\n\t\t\t<p>Aqu\u00ed puedes encontrar m\u00e1s informaci\u00f3n sobre los distintos tipos de trabajos que hemos realizado en diferentes zonas.  <\/p>\t\t\n\n","protected":false},"excerpt":{"rendered":"<p>\u00bfTienes curiosidad por nuestros trabajos de referencia? Aqu\u00ed puedes encontrar m\u00e1s informaci\u00f3n sobre los distintos tipos de trabajos que hemos realizado en diferentes zonas.<\/p>\n","protected":false},"author":4,"featured_media":0,"parent":0,"menu_order":4,"comment_status":"closed","ping_status":"closed","template":"","meta":{"footnotes":""},"class_list":["post-7810","page","type-page","status-publish"],"yoast_head":"<!-- This site is optimized with the Yoast SEO plugin v27.4 - https:\/\/yoast.com\/product\/yoast-seo-wordpress\/ -->\n<title>Referencias renovaci\u00f3n de cisternas y aljibes | Cistern Soultions Sweden<\/title>\n<meta name=\"description\" content=\"\u00bfTienes curiosidad por conocer las referencias de Cistern Solutions Sweden? \u00bfHemos hecho un trabajo similar a tu proyecto? Lee m\u00e1s aqu\u00ed ...\" \/>\n<meta name=\"robots\" content=\"index, follow, max-snippet:-1, max-image-preview:large, max-video-preview:-1\" \/>\n<link rel=\"canonical\" href=\"https:\/\/cisternsolutions.eu\/es\/referencias\/\" \/>\n<meta property=\"og:locale\" content=\"es_ES\" \/>\n<meta property=\"og:type\" content=\"article\" \/>\n<meta property=\"og:title\" content=\"Referencias renovaci\u00f3n de cisternas y aljibes | Cistern Soultions Sweden\" \/>\n<meta property=\"og:description\" content=\"\u00bfTienes curiosidad por conocer las referencias de Cistern Solutions Sweden? \u00bfHemos hecho un trabajo similar a tu proyecto? Lee m\u00e1s aqu\u00ed ...\" \/>\n<meta property=\"og:url\" content=\"https:\/\/cisternsolutions.eu\/es\/referencias\/\" \/>\n<meta property=\"og:site_name\" content=\"Cistern Solutions Sweden\" \/>\n<meta property=\"article:modified_time\" content=\"2025-12-12T14:57:38+00:00\" \/>\n<meta name=\"twitter:card\" content=\"summary_large_image\" \/>\n<script type=\"application\/ld+json\" class=\"yoast-schema-graph\">{\"@context\":\"https:\\\/\\\/schema.org\",\"@graph\":[{\"@type\":\"WebPage\",\"@id\":\"https:\\\/\\\/cisternsolutions.eu\\\/es\\\/referencias\\\/\",\"url\":\"https:\\\/\\\/cisternsolutions.eu\\\/es\\\/referencias\\\/\",\"name\":\"Referencias renovaci\u00f3n de cisternas y aljibes | Cistern Soultions Sweden\",\"isPartOf\":{\"@id\":\"https:\\\/\\\/cisternsolutions.eu\\\/es\\\/#website\"},\"datePublished\":\"2014-09-07T07:47:49+00:00\",\"dateModified\":\"2025-12-12T14:57:38+00:00\",\"description\":\"\u00bfTienes curiosidad por conocer las referencias de Cistern Solutions Sweden? \u00bfHemos hecho un trabajo similar a tu proyecto? Lee m\u00e1s aqu\u00ed ...\",\"breadcrumb\":{\"@id\":\"https:\\\/\\\/cisternsolutions.eu\\\/es\\\/referencias\\\/#breadcrumb\"},\"inLanguage\":\"es\",\"potentialAction\":[{\"@type\":\"ReadAction\",\"target\":[\"https:\\\/\\\/cisternsolutions.eu\\\/es\\\/referencias\\\/\"]}]},{\"@type\":\"BreadcrumbList\",\"@id\":\"https:\\\/\\\/cisternsolutions.eu\\\/es\\\/referencias\\\/#breadcrumb\",\"itemListElement\":[{\"@type\":\"ListItem\",\"position\":1,\"name\":\"Hem\",\"item\":\"https:\\\/\\\/cisternsolutions.eu\\\/es\\\/pagina-de-inicio\\\/\"},{\"@type\":\"ListItem\",\"position\":2,\"name\":\"Referencias\"}]},{\"@type\":\"WebSite\",\"@id\":\"https:\\\/\\\/cisternsolutions.eu\\\/es\\\/#website\",\"url\":\"https:\\\/\\\/cisternsolutions.eu\\\/es\\\/\",\"name\":\"Cistern Solutions Sweden\",\"description\":\"Cistern Solutions Sweden\",\"publisher\":{\"@id\":\"https:\\\/\\\/cisternsolutions.eu\\\/es\\\/#organization\"},\"potentialAction\":[{\"@type\":\"SearchAction\",\"target\":{\"@type\":\"EntryPoint\",\"urlTemplate\":\"https:\\\/\\\/cisternsolutions.eu\\\/es\\\/?s={search_term_string}\"},\"query-input\":{\"@type\":\"PropertyValueSpecification\",\"valueRequired\":true,\"valueName\":\"search_term_string\"}}],\"inLanguage\":\"es\"},{\"@type\":\"Organization\",\"@id\":\"https:\\\/\\\/cisternsolutions.eu\\\/es\\\/#organization\",\"name\":\"| Cistern Solutions Sweden AB\",\"url\":\"https:\\\/\\\/cisternsolutions.eu\\\/es\\\/\",\"logo\":{\"@type\":\"ImageObject\",\"inLanguage\":\"es\",\"@id\":\"https:\\\/\\\/cisternsolutions.eu\\\/es\\\/#\\\/schema\\\/logo\\\/image\\\/\",\"url\":\"https:\\\/\\\/cisternsolutions.eu\\\/wp-content\\\/uploads\\\/2023\\\/11\\\/CisternSolutions_orginal-logo.png\",\"contentUrl\":\"https:\\\/\\\/cisternsolutions.eu\\\/wp-content\\\/uploads\\\/2023\\\/11\\\/CisternSolutions_orginal-logo.png\",\"width\":1045,\"height\":293,\"caption\":\"| Cistern Solutions Sweden AB\"},\"image\":{\"@id\":\"https:\\\/\\\/cisternsolutions.eu\\\/es\\\/#\\\/schema\\\/logo\\\/image\\\/\"}}]}<\/script>\n<!-- \/ Yoast SEO plugin. -->","yoast_head_json":{"title":"Referencias renovaci\u00f3n de cisternas y aljibes | Cistern Soultions Sweden","description":"\u00bfTienes curiosidad por conocer las referencias de Cistern Solutions Sweden? \u00bfHemos hecho un trabajo similar a tu proyecto? Lee m\u00e1s aqu\u00ed ...","robots":{"index":"index","follow":"follow","max-snippet":"max-snippet:-1","max-image-preview":"max-image-preview:large","max-video-preview":"max-video-preview:-1"},"canonical":"https:\/\/cisternsolutions.eu\/es\/referencias\/","og_locale":"es_ES","og_type":"article","og_title":"Referencias renovaci\u00f3n de cisternas y aljibes | Cistern Soultions Sweden","og_description":"\u00bfTienes curiosidad por conocer las referencias de Cistern Solutions Sweden? \u00bfHemos hecho un trabajo similar a tu proyecto? Lee m\u00e1s aqu\u00ed ...","og_url":"https:\/\/cisternsolutions.eu\/es\/referencias\/","og_site_name":"Cistern Solutions Sweden","article_modified_time":"2025-12-12T14:57:38+00:00","twitter_card":"summary_large_image","schema":{"@context":"https:\/\/schema.org","@graph":[{"@type":"WebPage","@id":"https:\/\/cisternsolutions.eu\/es\/referencias\/","url":"https:\/\/cisternsolutions.eu\/es\/referencias\/","name":"Referencias renovaci\u00f3n de cisternas y aljibes | Cistern Soultions Sweden","isPartOf":{"@id":"https:\/\/cisternsolutions.eu\/es\/#website"},"datePublished":"2014-09-07T07:47:49+00:00","dateModified":"2025-12-12T14:57:38+00:00","description":"\u00bfTienes curiosidad por conocer las referencias de Cistern Solutions Sweden? \u00bfHemos hecho un trabajo similar a tu proyecto? Lee m\u00e1s aqu\u00ed ...","breadcrumb":{"@id":"https:\/\/cisternsolutions.eu\/es\/referencias\/#breadcrumb"},"inLanguage":"es","potentialAction":[{"@type":"ReadAction","target":["https:\/\/cisternsolutions.eu\/es\/referencias\/"]}]},{"@type":"BreadcrumbList","@id":"https:\/\/cisternsolutions.eu\/es\/referencias\/#breadcrumb","itemListElement":[{"@type":"ListItem","position":1,"name":"Hem","item":"https:\/\/cisternsolutions.eu\/es\/pagina-de-inicio\/"},{"@type":"ListItem","position":2,"name":"Referencias"}]},{"@type":"WebSite","@id":"https:\/\/cisternsolutions.eu\/es\/#website","url":"https:\/\/cisternsolutions.eu\/es\/","name":"Cistern Solutions Sweden","description":"Cistern Solutions Sweden","publisher":{"@id":"https:\/\/cisternsolutions.eu\/es\/#organization"},"potentialAction":[{"@type":"SearchAction","target":{"@type":"EntryPoint","urlTemplate":"https:\/\/cisternsolutions.eu\/es\/?s={search_term_string}"},"query-input":{"@type":"PropertyValueSpecification","valueRequired":true,"valueName":"search_term_string"}}],"inLanguage":"es"},{"@type":"Organization","@id":"https:\/\/cisternsolutions.eu\/es\/#organization","name":"| Cistern Solutions Sweden AB","url":"https:\/\/cisternsolutions.eu\/es\/","logo":{"@type":"ImageObject","inLanguage":"es","@id":"https:\/\/cisternsolutions.eu\/es\/#\/schema\/logo\/image\/","url":"https:\/\/cisternsolutions.eu\/wp-content\/uploads\/2023\/11\/CisternSolutions_orginal-logo.png","contentUrl":"https:\/\/cisternsolutions.eu\/wp-content\/uploads\/2023\/11\/CisternSolutions_orginal-logo.png","width":1045,"height":293,"caption":"| Cistern Solutions Sweden AB"},"image":{"@id":"https:\/\/cisternsolutions.eu\/es\/#\/schema\/logo\/image\/"}}]}},"_links":{"self":[{"href":"https:\/\/cisternsolutions.eu\/es\/wp-json\/wp\/v2\/pages\/7810","targetHints":{"allow":["GET"]}}],"collection":[{"href":"https:\/\/cisternsolutions.eu\/es\/wp-json\/wp\/v2\/pages"}],"about":[{"href":"https:\/\/cisternsolutions.eu\/es\/wp-json\/wp\/v2\/types\/page"}],"author":[{"embeddable":true,"href":"https:\/\/cisternsolutions.eu\/es\/wp-json\/wp\/v2\/users\/4"}],"replies":[{"embeddable":true,"href":"https:\/\/cisternsolutions.eu\/es\/wp-json\/wp\/v2\/comments?post=7810"}],"version-history":[{"count":2,"href":"https:\/\/cisternsolutions.eu\/es\/wp-json\/wp\/v2\/pages\/7810\/revisions"}],"predecessor-version":[{"id":8120,"href":"https:\/\/cisternsolutions.eu\/es\/wp-json\/wp\/v2\/pages\/7810\/revisions\/8120"}],"wp:attachment":[{"href":"https:\/\/cisternsolutions.eu\/es\/wp-json\/wp\/v2\/media?parent=7810"}],"curies":[{"name":"wp","href":"https:\/\/api.w.org\/{rel}","templated":true}]}}