{"id":7800,"date":"2024-06-18T10:11:10","date_gmt":"2024-06-18T08:11:10","guid":{"rendered":"https:\/\/cisternsolutions.eu\/laboratorio-de-pruebas\/"},"modified":"2024-10-24T15:05:48","modified_gmt":"2024-10-24T13:05:48","slug":"laboratorio-de-pruebas","status":"publish","type":"page","link":"https:\/\/cisternsolutions.eu\/es\/laboratorio-de-pruebas\/","title":{"rendered":"Laboratorio de pruebas"},"content":{"rendered":"\n<h1>Probamos productos y construcciones<\/h1>\n<p><strong>i eget laboratorium  <\/strong><\/p>\n<h2>Nyfikna och nogranna<\/h2>\n<p>Cistern Solutions, Aj Floor Solutions y Dens 3 son grupos de trabajo que comparten la misma ambici\u00f3n en los \u00e1rboles que utilizamos. Nos unimos a ellos en el marco de la investigaci\u00f3n y estamos todos interesados en probar nuevos m\u00e9todos, construcciones y t\u00e9cnicas. Sin embargo, lo m\u00e1s importante para nosotros, incluso si nos encontramos en una situaci\u00f3n innovadora para abordar el problema, es que nos encontremos con un grupo de expertos que nos ayuden a resolver lo que nos preocupa. Para que podamos conseguirlo, necesitamos m\u00e1s probadores en cada regi\u00f3n.   <\/p>\n<h3>\u00bfQu\u00e9 pruebas has hecho?<\/h3>\n<p>\u00bfHasta d\u00f3nde quieres llegar? \u00bfReconoces las recomendaciones de los lectores? No te preocupes por nada, no te preocupes por las recomendaciones que te damos. Por otra parte, nos esforzamos por realizar pruebas m\u00e1s exhaustivas, incluso si nuestros proveedores ofrecen garant\u00edas de que los productos cumplen la normativa vigente. Por lo tanto, es muy importante que veas c\u00f3mo funcionan los productos en el mercado y c\u00f3mo los construyes.    <\/p>\n<h3>Tester vi kan utf\u00f6ra:<\/h3>\n<ul>\n<li>Mekaniska h\u00e5llfasthet<\/li>\n<li>Kemisk h\u00e5llfashet<\/li>\n<li>\u00bfQu\u00e9 temperatura hace?<\/li>\n<li>C\u00f3mo se ha producido la fusi\u00f3n<\/li>\n<\/ul>\n<h3>\u00bfVad testar vi?<\/h3>\n<p>Se trata de un marco para todos los productos qu\u00edmicos y mec\u00e1nicos que hemos probado. Nuestras construcciones pueden servir para mejorar las caracter\u00edsticas mec\u00e1nicas y qu\u00edmicas. Por ejemplo, puedes probar el estilo, el arrastre y la resistencia de la construcci\u00f3n. Cuando se trata de productos qu\u00edmicos, comprueba si hay alg\u00fan tipo de combustible, alcohol, jarabe (por ejemplo, jarabe de magnesio o de sal) o sosa.    <\/p>\n<h3>Haz una prueba hasta<\/h3>\n<p>\u00bfHasta d\u00f3nde puede llegar una prueba? Veamos un ejemplo: Una empresa de alquiler de coches comprueba si un visado de epoxi contiene un 10% de alcohol. Comprobamos c\u00f3mo se reduce el contenido de alcohol para exponerlo a la luz del sol, incluso si es muy alto, bajo una luz y lo registramos. Este tipo de prueba es muy \u00fatil para determinar los valores marginales que debes medir.   <\/p>\n<h3>Simulaci\u00f3n de la vida cotidiana<\/h3>\n<p>Tenemos la oportunidad de probar materiales y productos en un entorno clim\u00e1tico. En la pr\u00e1ctica, puedes simular varios climas (clima\/clima, temperatura\/temperatura) para comprobar la calidad y el rendimiento de los mismos. Puedes encontrar informaci\u00f3n sobre los materiales\/productos que m\u00e1s te interesen y que te ayuden a entender la importancia de su uso.   <\/p>\n<h3>C\u00f3mo obtener la certificaci\u00f3n<\/h3>\n<p>Nuestro objetivo es certificar el m\u00e9todo Cistern Solutions como una soluci\u00f3n segura para cisternas con diferentes tipos de agua, desde agua potable y combustible l\u00edquido hasta gas\u00f3leo y biog\u00e1s. Para obtener una certificaci\u00f3n, un laboratorio acreditado debe realizar pruebas. En caso de que el material o la construcci\u00f3n sean demasiado r\u00edgidos, deber\u00e1s realizar pruebas espec\u00edficas en el laboratorio.  <\/p>\n<p>Hemos recurrido a RISE para probar los productos que utilizamos bajo el nombre de Dens 3, un producto que detiene el rad\u00f3n, las emisiones y el humo. Los resultados de las pruebas realizadas demuestran nuestra gran ambici\u00f3n, incluso para el m\u00e9todo Cistern Solutions. <\/p>\n<p>Esperamos poder compartir con vosotros la documentaci\u00f3n que hemos recopilado sobre el m\u00e9todo Cistern Solutions: que es un m\u00e9todo sencillo y seguro para renovar todos los tipos de cisternas.<\/p>\n<p><img decoding=\"async\" title=\"labb_03\" src=\"https:\/\/cisternsolutions.eu\/wp-content\/uploads\/2024\/06\/labb_03.jpg\" sizes=\"(max-width: 400px) 100vw, 400px\" srcset=\"https:\/\/cisternsolutions.eu\/wp-content\/uploads\/2024\/06\/labb_03.jpg 400w, https:\/\/cisternsolutions.eu\/wp-content\/uploads\/2024\/06\/labb_03-196x300.jpg 196w\" alt=\"labb_03\" width=\"400\" height=\"612\"><\/p>\n","protected":false},"excerpt":{"rendered":"<p>Probamos productos y construcciones i eget laboratorium Nyfikna och nogranna Cistern Solutions, Aj Floor Solutions y Dens 3 son grupos de trabajo que comparten la misma ambici\u00f3n en los \u00e1rboles que utilizamos. Nos unimos a ellos en el marco de la investigaci\u00f3n y estamos todos interesados en probar nuevos m\u00e9todos, &#8230; <a title=\"Laboratorio de pruebas\" class=\"read-more\" href=\"https:\/\/cisternsolutions.eu\/es\/laboratorio-de-pruebas\/\" aria-label=\"Leer m\u00e1s sobre Laboratorio de pruebas\">L\u00e4s mer<\/a><\/p>\n","protected":false},"author":4,"featured_media":0,"parent":0,"menu_order":0,"comment_status":"closed","ping_status":"closed","template":"","meta":{"footnotes":""},"class_list":["post-7800","page","type-page","status-publish"],"yoast_head":"<!-- This site is optimized with the Yoast SEO plugin v27.4 - https:\/\/yoast.com\/product\/yoast-seo-wordpress\/ -->\n<title>Probamos los productos en nuestro propio laboratorio | Cistern Solutions Sweden<\/title>\n<meta name=\"description\" content=\"Cistern Solutions Sweden quiere estar a la vanguardia del desarrollo. Probamos nuevos m\u00e9todos, dise\u00f1os y tecnolog\u00edas en nuestro propio laboratorio.\" \/>\n<meta name=\"robots\" content=\"index, follow, max-snippet:-1, max-image-preview:large, max-video-preview:-1\" \/>\n<link rel=\"canonical\" href=\"https:\/\/cisternsolutions.eu\/es\/laboratorio-de-pruebas\/\" \/>\n<meta property=\"og:locale\" content=\"es_ES\" \/>\n<meta property=\"og:type\" content=\"article\" \/>\n<meta property=\"og:title\" content=\"Probamos los productos en nuestro propio laboratorio | Cistern Solutions Sweden\" \/>\n<meta property=\"og:description\" content=\"Cistern Solutions Sweden quiere estar a la vanguardia del desarrollo. Probamos nuevos m\u00e9todos, dise\u00f1os y tecnolog\u00edas en nuestro propio laboratorio.\" \/>\n<meta property=\"og:url\" content=\"https:\/\/cisternsolutions.eu\/es\/laboratorio-de-pruebas\/\" \/>\n<meta property=\"og:site_name\" content=\"Cistern Solutions Sweden\" \/>\n<meta property=\"article:modified_time\" content=\"2024-10-24T13:05:48+00:00\" \/>\n<meta property=\"og:image\" content=\"https:\/\/cisternsolutions.eu\/wp-content\/uploads\/2024\/06\/labb_03.jpg\" \/>\n<meta name=\"twitter:card\" content=\"summary_large_image\" \/>\n<meta name=\"twitter:label1\" content=\"Tiempo de lectura\" \/>\n\t<meta name=\"twitter:data1\" content=\"3 minutos\" \/>\n<script type=\"application\/ld+json\" class=\"yoast-schema-graph\">{\"@context\":\"https:\\\/\\\/schema.org\",\"@graph\":[{\"@type\":\"WebPage\",\"@id\":\"https:\\\/\\\/cisternsolutions.eu\\\/es\\\/laboratorio-de-pruebas\\\/\",\"url\":\"https:\\\/\\\/cisternsolutions.eu\\\/es\\\/laboratorio-de-pruebas\\\/\",\"name\":\"Probamos los productos en nuestro propio laboratorio | Cistern Solutions Sweden\",\"isPartOf\":{\"@id\":\"https:\\\/\\\/cisternsolutions.eu\\\/es\\\/#website\"},\"primaryImageOfPage\":{\"@id\":\"https:\\\/\\\/cisternsolutions.eu\\\/es\\\/laboratorio-de-pruebas\\\/#primaryimage\"},\"image\":{\"@id\":\"https:\\\/\\\/cisternsolutions.eu\\\/es\\\/laboratorio-de-pruebas\\\/#primaryimage\"},\"thumbnailUrl\":\"https:\\\/\\\/cisternsolutions.eu\\\/wp-content\\\/uploads\\\/2024\\\/06\\\/labb_03.jpg\",\"datePublished\":\"2024-06-18T08:11:10+00:00\",\"dateModified\":\"2024-10-24T13:05:48+00:00\",\"description\":\"Cistern Solutions Sweden quiere estar a la vanguardia del desarrollo. Probamos nuevos m\u00e9todos, dise\u00f1os y tecnolog\u00edas en nuestro propio laboratorio.\",\"breadcrumb\":{\"@id\":\"https:\\\/\\\/cisternsolutions.eu\\\/es\\\/laboratorio-de-pruebas\\\/#breadcrumb\"},\"inLanguage\":\"es\",\"potentialAction\":[{\"@type\":\"ReadAction\",\"target\":[\"https:\\\/\\\/cisternsolutions.eu\\\/es\\\/laboratorio-de-pruebas\\\/\"]}]},{\"@type\":\"ImageObject\",\"inLanguage\":\"es\",\"@id\":\"https:\\\/\\\/cisternsolutions.eu\\\/es\\\/laboratorio-de-pruebas\\\/#primaryimage\",\"url\":\"https:\\\/\\\/cisternsolutions.eu\\\/wp-content\\\/uploads\\\/2024\\\/06\\\/labb_03.jpg\",\"contentUrl\":\"https:\\\/\\\/cisternsolutions.eu\\\/wp-content\\\/uploads\\\/2024\\\/06\\\/labb_03.jpg\"},{\"@type\":\"BreadcrumbList\",\"@id\":\"https:\\\/\\\/cisternsolutions.eu\\\/es\\\/laboratorio-de-pruebas\\\/#breadcrumb\",\"itemListElement\":[{\"@type\":\"ListItem\",\"position\":1,\"name\":\"Hem\",\"item\":\"https:\\\/\\\/cisternsolutions.eu\\\/es\\\/pagina-de-inicio\\\/\"},{\"@type\":\"ListItem\",\"position\":2,\"name\":\"Laboratorio de pruebas\"}]},{\"@type\":\"WebSite\",\"@id\":\"https:\\\/\\\/cisternsolutions.eu\\\/es\\\/#website\",\"url\":\"https:\\\/\\\/cisternsolutions.eu\\\/es\\\/\",\"name\":\"Cistern Solutions Sweden\",\"description\":\"Cistern Solutions Sweden\",\"publisher\":{\"@id\":\"https:\\\/\\\/cisternsolutions.eu\\\/es\\\/#organization\"},\"potentialAction\":[{\"@type\":\"SearchAction\",\"target\":{\"@type\":\"EntryPoint\",\"urlTemplate\":\"https:\\\/\\\/cisternsolutions.eu\\\/es\\\/?s={search_term_string}\"},\"query-input\":{\"@type\":\"PropertyValueSpecification\",\"valueRequired\":true,\"valueName\":\"search_term_string\"}}],\"inLanguage\":\"es\"},{\"@type\":\"Organization\",\"@id\":\"https:\\\/\\\/cisternsolutions.eu\\\/es\\\/#organization\",\"name\":\"| Cistern Solutions Sweden AB\",\"url\":\"https:\\\/\\\/cisternsolutions.eu\\\/es\\\/\",\"logo\":{\"@type\":\"ImageObject\",\"inLanguage\":\"es\",\"@id\":\"https:\\\/\\\/cisternsolutions.eu\\\/es\\\/#\\\/schema\\\/logo\\\/image\\\/\",\"url\":\"https:\\\/\\\/cisternsolutions.eu\\\/wp-content\\\/uploads\\\/2023\\\/11\\\/CisternSolutions_orginal-logo.png\",\"contentUrl\":\"https:\\\/\\\/cisternsolutions.eu\\\/wp-content\\\/uploads\\\/2023\\\/11\\\/CisternSolutions_orginal-logo.png\",\"width\":1045,\"height\":293,\"caption\":\"| Cistern Solutions Sweden AB\"},\"image\":{\"@id\":\"https:\\\/\\\/cisternsolutions.eu\\\/es\\\/#\\\/schema\\\/logo\\\/image\\\/\"}}]}<\/script>\n<!-- \/ Yoast SEO plugin. -->","yoast_head_json":{"title":"Probamos los productos en nuestro propio laboratorio | Cistern Solutions Sweden","description":"Cistern Solutions Sweden quiere estar a la vanguardia del desarrollo. Probamos nuevos m\u00e9todos, dise\u00f1os y tecnolog\u00edas en nuestro propio laboratorio.","robots":{"index":"index","follow":"follow","max-snippet":"max-snippet:-1","max-image-preview":"max-image-preview:large","max-video-preview":"max-video-preview:-1"},"canonical":"https:\/\/cisternsolutions.eu\/es\/laboratorio-de-pruebas\/","og_locale":"es_ES","og_type":"article","og_title":"Probamos los productos en nuestro propio laboratorio | Cistern Solutions Sweden","og_description":"Cistern Solutions Sweden quiere estar a la vanguardia del desarrollo. Probamos nuevos m\u00e9todos, dise\u00f1os y tecnolog\u00edas en nuestro propio laboratorio.","og_url":"https:\/\/cisternsolutions.eu\/es\/laboratorio-de-pruebas\/","og_site_name":"Cistern Solutions Sweden","article_modified_time":"2024-10-24T13:05:48+00:00","og_image":[{"url":"https:\/\/cisternsolutions.eu\/wp-content\/uploads\/2024\/06\/labb_03.jpg","type":"","width":"","height":""}],"twitter_card":"summary_large_image","twitter_misc":{"Tiempo de lectura":"3 minutos"},"schema":{"@context":"https:\/\/schema.org","@graph":[{"@type":"WebPage","@id":"https:\/\/cisternsolutions.eu\/es\/laboratorio-de-pruebas\/","url":"https:\/\/cisternsolutions.eu\/es\/laboratorio-de-pruebas\/","name":"Probamos los productos en nuestro propio laboratorio | Cistern Solutions Sweden","isPartOf":{"@id":"https:\/\/cisternsolutions.eu\/es\/#website"},"primaryImageOfPage":{"@id":"https:\/\/cisternsolutions.eu\/es\/laboratorio-de-pruebas\/#primaryimage"},"image":{"@id":"https:\/\/cisternsolutions.eu\/es\/laboratorio-de-pruebas\/#primaryimage"},"thumbnailUrl":"https:\/\/cisternsolutions.eu\/wp-content\/uploads\/2024\/06\/labb_03.jpg","datePublished":"2024-06-18T08:11:10+00:00","dateModified":"2024-10-24T13:05:48+00:00","description":"Cistern Solutions Sweden quiere estar a la vanguardia del desarrollo. Probamos nuevos m\u00e9todos, dise\u00f1os y tecnolog\u00edas en nuestro propio laboratorio.","breadcrumb":{"@id":"https:\/\/cisternsolutions.eu\/es\/laboratorio-de-pruebas\/#breadcrumb"},"inLanguage":"es","potentialAction":[{"@type":"ReadAction","target":["https:\/\/cisternsolutions.eu\/es\/laboratorio-de-pruebas\/"]}]},{"@type":"ImageObject","inLanguage":"es","@id":"https:\/\/cisternsolutions.eu\/es\/laboratorio-de-pruebas\/#primaryimage","url":"https:\/\/cisternsolutions.eu\/wp-content\/uploads\/2024\/06\/labb_03.jpg","contentUrl":"https:\/\/cisternsolutions.eu\/wp-content\/uploads\/2024\/06\/labb_03.jpg"},{"@type":"BreadcrumbList","@id":"https:\/\/cisternsolutions.eu\/es\/laboratorio-de-pruebas\/#breadcrumb","itemListElement":[{"@type":"ListItem","position":1,"name":"Hem","item":"https:\/\/cisternsolutions.eu\/es\/pagina-de-inicio\/"},{"@type":"ListItem","position":2,"name":"Laboratorio de pruebas"}]},{"@type":"WebSite","@id":"https:\/\/cisternsolutions.eu\/es\/#website","url":"https:\/\/cisternsolutions.eu\/es\/","name":"Cistern Solutions Sweden","description":"Cistern Solutions Sweden","publisher":{"@id":"https:\/\/cisternsolutions.eu\/es\/#organization"},"potentialAction":[{"@type":"SearchAction","target":{"@type":"EntryPoint","urlTemplate":"https:\/\/cisternsolutions.eu\/es\/?s={search_term_string}"},"query-input":{"@type":"PropertyValueSpecification","valueRequired":true,"valueName":"search_term_string"}}],"inLanguage":"es"},{"@type":"Organization","@id":"https:\/\/cisternsolutions.eu\/es\/#organization","name":"| Cistern Solutions Sweden AB","url":"https:\/\/cisternsolutions.eu\/es\/","logo":{"@type":"ImageObject","inLanguage":"es","@id":"https:\/\/cisternsolutions.eu\/es\/#\/schema\/logo\/image\/","url":"https:\/\/cisternsolutions.eu\/wp-content\/uploads\/2023\/11\/CisternSolutions_orginal-logo.png","contentUrl":"https:\/\/cisternsolutions.eu\/wp-content\/uploads\/2023\/11\/CisternSolutions_orginal-logo.png","width":1045,"height":293,"caption":"| Cistern Solutions Sweden AB"},"image":{"@id":"https:\/\/cisternsolutions.eu\/es\/#\/schema\/logo\/image\/"}}]}},"_links":{"self":[{"href":"https:\/\/cisternsolutions.eu\/es\/wp-json\/wp\/v2\/pages\/7800","targetHints":{"allow":["GET"]}}],"collection":[{"href":"https:\/\/cisternsolutions.eu\/es\/wp-json\/wp\/v2\/pages"}],"about":[{"href":"https:\/\/cisternsolutions.eu\/es\/wp-json\/wp\/v2\/types\/page"}],"author":[{"embeddable":true,"href":"https:\/\/cisternsolutions.eu\/es\/wp-json\/wp\/v2\/users\/4"}],"replies":[{"embeddable":true,"href":"https:\/\/cisternsolutions.eu\/es\/wp-json\/wp\/v2\/comments?post=7800"}],"version-history":[{"count":1,"href":"https:\/\/cisternsolutions.eu\/es\/wp-json\/wp\/v2\/pages\/7800\/revisions"}],"predecessor-version":[{"id":7803,"href":"https:\/\/cisternsolutions.eu\/es\/wp-json\/wp\/v2\/pages\/7800\/revisions\/7803"}],"wp:attachment":[{"href":"https:\/\/cisternsolutions.eu\/es\/wp-json\/wp\/v2\/media?parent=7800"}],"curies":[{"name":"wp","href":"https:\/\/api.w.org\/{rel}","templated":true}]}}