{"id":7788,"date":"2016-06-30T11:19:44","date_gmt":"2016-06-30T09:19:44","guid":{"rendered":"https:\/\/cisternsolutions.eu\/calidad-y-medio-ambiente\/"},"modified":"2024-10-24T14:44:29","modified_gmt":"2024-10-24T12:44:29","slug":"calidad-y-medio-ambiente","status":"publish","type":"page","link":"https:\/\/cisternsolutions.eu\/es\/calidad-y-medio-ambiente\/","title":{"rendered":"Calidad y Medio Ambiente"},"content":{"rendered":"\n<h1>Kvalitet &amp; milj\u00f6<\/h1>\n<p>V\u00e5ra policys<\/p>\n<p><strong>Nos gustar\u00eda tener una visi\u00f3n general de las soluciones que no solucionan un problema grave, ya que el resultado de este proceso ser\u00e1 un producto de calidad que durar\u00e1 m\u00e1s tiempo. Una de las formas m\u00e1s econ\u00f3micas y ecol\u00f3gicas es renovar un dep\u00f3sito o cisterna en el suelo para instalarlo de nuevo. <\/strong><\/p>\n<p>Nos esforzamos por utilizar nuestros servicios de consultor\u00eda en el \u00e1mbito de los planes de calidad y medio ambiente. Despu\u00e9s de cada proyecto, realizamos una revisi\u00f3n completa del producto. <\/p>\n<p><strong>Egenkontroll<br><\/strong>Entreprenaderna kvalitetsdokumenteras. Controles de calidad: <\/p>\n<ul>\n<li>asesoramiento integral<\/li>\n<li>genomg\u00e5ng av planerat utf\u00f6rande<\/li>\n<li>control de la calidad de la construcci\u00f3n<\/li>\n<li>temperatur- och dragh\u00e5llfasthet<\/li>\n<li>utf\u00f6randet dokumenteras<\/li>\n<li>efterbesiktning<\/li>\n<\/ul>\n<h3>Pol\u00edtica de privacidad<\/h3>\n<p>Un alto grado de compromiso es sin\u00f3nimo de valor en todos los \u00e1mbitos. Se trata de una cuesti\u00f3n de seguridad, ya que si bien no puedes conseguir un valor a\u00f1adido, s\u00ed puedes conseguirlo despu\u00e9s de que tus clientes lo hayan conseguido. <\/p>\n<p>La experiencia, la competencia y los conocimientos comunes de los trabajadores de la empresa har\u00e1n posible que cualquier persona que se precie se convierta en un referente.<\/p>\n<p>Tu buena experiencia y tu buen compa\u00f1erismo con los dem\u00e1s te permitir\u00e1n conseguir resultados eficaces.<\/p>\n<p>Cistern Solutions Sweden AB cuenta con una instalaci\u00f3n positiva en todo el mundo y ofrece sus servicios. Vi har en str\u00e4van att verka i samklang med naturens krav. <\/p>\n<h3>Milj\u00f6policy<\/h3>\n<p>V\u00e5rt milj\u00f6arbetet sker genom att vi noggrant f\u00f6ljer g\u00e4llande lagar och normer och att agerar p\u00e5 ett ansvarsfullt s\u00e4tt. Vi lyssnar aktivt p\u00e5 v\u00e5ra kunder och deras krav, i v\u00e5r str\u00e4van att st\u00e4ndigt f\u00f6rb\u00e4ttra v\u00e5rt s\u00e4tt att arbeta. De la misma forma, podemos mejorar la calidad de nuestros productos para que puedas disfrutar de la mejor tecnolog\u00eda.  <\/p>\n<p>Vi st\u00e4ller f\u00f6ljande krav p\u00e5 oss sj\u00e4lva:<\/p>\n<ul>\n<li>Utiliza los recursos naturales de forma eficaz.<\/li>\n<li>Vi hanterar kemikalier och \u00f6vrigt material p\u00e5 ett ansvarsfullt s\u00e4tt.<\/li>\n<li>Eget arbete och transporter \u00e4r v\u00e4lorganiserade.<\/li>\n<li>Principios b\u00e1sicos: Si proporcionas nuevos m\u00e9todos y materiales, no te olvides de buscar la mejor forma de utilizarlos.<\/li>\n<\/ul>\n<h3>Arbetsmilj\u00f6policy<\/h3>\n<p>Los productos que fabricamos en Cistern Solutions Sweden AB son una forma de mejorar la calidad de los productos de limpieza de cisternas.<\/p>\n<p>No te preocupes por las consecuencias, incluso si hay alg\u00fan peligro que pueda afectar a tu salud. Con una buena dosis de arbetsutf\u00f6rande no correr\u00e1s ning\u00fan riesgo. No te olvides de que, en caso contrario, podr\u00edas correr m\u00e1s riesgos.  <\/p>\n<p>Una buena bolsa de empleo es la mejor manera de conseguir una buena bolsa de empleo. Esto ayuda a que tus clientes se beneficien de un mejor empleo y a que tengan m\u00e1s posibilidades de ganar dinero. Si deseas obtener m\u00e1s informaci\u00f3n sobre los sin\u00f3nimos de tu empresa, haz clic aqu\u00ed.  <\/p>\n","protected":false},"excerpt":{"rendered":"<p>Kvalitet &amp; milj\u00f6 V\u00e5ra policys Nos gustar\u00eda tener una visi\u00f3n general de las soluciones que no solucionan un problema grave, ya que el resultado de este proceso ser\u00e1 un producto de calidad que durar\u00e1 m\u00e1s tiempo. Una de las formas m\u00e1s econ\u00f3micas y ecol\u00f3gicas es renovar un dep\u00f3sito o cisterna &#8230; <a title=\"Calidad y Medio Ambiente\" class=\"read-more\" href=\"https:\/\/cisternsolutions.eu\/es\/calidad-y-medio-ambiente\/\" aria-label=\"Leer m\u00e1s sobre Calidad y Medio Ambiente\">L\u00e4s mer<\/a><\/p>\n","protected":false},"author":4,"featured_media":0,"parent":0,"menu_order":0,"comment_status":"closed","ping_status":"closed","template":"","meta":{"footnotes":""},"class_list":["post-7788","page","type-page","status-publish"],"yoast_head":"<!-- This site is optimized with the Yoast SEO plugin v27.5 - https:\/\/yoast.com\/product\/yoast-seo-wordpress\/ -->\n<title>Renovaci\u00f3n de cisternas con la m\u00e1xima calidad | Cistern Solutions Sweden<\/title>\n<meta name=\"description\" content=\"En Cistern Solutions Sweden AB trabajamos duro con la calidad y los aspectos medioambientales. Lee m\u00e1s sobre nuestro compromiso con la calidad y el medio ambiente.\" \/>\n<meta name=\"robots\" content=\"index, follow, max-snippet:-1, max-image-preview:large, max-video-preview:-1\" \/>\n<link rel=\"canonical\" href=\"https:\/\/cisternsolutions.eu\/es\/calidad-y-medio-ambiente\/\" \/>\n<meta property=\"og:locale\" content=\"es_ES\" \/>\n<meta property=\"og:type\" content=\"article\" \/>\n<meta property=\"og:title\" content=\"Renovaci\u00f3n de cisternas con la m\u00e1xima calidad | Cistern Solutions Sweden\" \/>\n<meta property=\"og:description\" content=\"En Cistern Solutions Sweden AB trabajamos duro con la calidad y los aspectos medioambientales. Lee m\u00e1s sobre nuestro compromiso con la calidad y el medio ambiente.\" \/>\n<meta property=\"og:url\" content=\"https:\/\/cisternsolutions.eu\/es\/calidad-y-medio-ambiente\/\" \/>\n<meta property=\"og:site_name\" content=\"Cistern Solutions Sweden\" \/>\n<meta property=\"article:modified_time\" content=\"2024-10-24T12:44:29+00:00\" \/>\n<meta name=\"twitter:card\" content=\"summary_large_image\" \/>\n<meta name=\"twitter:label1\" content=\"Tiempo de lectura\" \/>\n\t<meta name=\"twitter:data1\" content=\"3 minutos\" \/>\n<script type=\"application\/ld+json\" class=\"yoast-schema-graph\">{\"@context\":\"https:\\\/\\\/schema.org\",\"@graph\":[{\"@type\":\"WebPage\",\"@id\":\"https:\\\/\\\/cisternsolutions.eu\\\/es\\\/calidad-y-medio-ambiente\\\/\",\"url\":\"https:\\\/\\\/cisternsolutions.eu\\\/es\\\/calidad-y-medio-ambiente\\\/\",\"name\":\"Renovaci\u00f3n de cisternas con la m\u00e1xima calidad | Cistern Solutions Sweden\",\"isPartOf\":{\"@id\":\"https:\\\/\\\/cisternsolutions.eu\\\/es\\\/#website\"},\"datePublished\":\"2016-06-30T09:19:44+00:00\",\"dateModified\":\"2024-10-24T12:44:29+00:00\",\"description\":\"En Cistern Solutions Sweden AB trabajamos duro con la calidad y los aspectos medioambientales. Lee m\u00e1s sobre nuestro compromiso con la calidad y el medio ambiente.\",\"breadcrumb\":{\"@id\":\"https:\\\/\\\/cisternsolutions.eu\\\/es\\\/calidad-y-medio-ambiente\\\/#breadcrumb\"},\"inLanguage\":\"es\",\"potentialAction\":[{\"@type\":\"ReadAction\",\"target\":[\"https:\\\/\\\/cisternsolutions.eu\\\/es\\\/calidad-y-medio-ambiente\\\/\"]}]},{\"@type\":\"BreadcrumbList\",\"@id\":\"https:\\\/\\\/cisternsolutions.eu\\\/es\\\/calidad-y-medio-ambiente\\\/#breadcrumb\",\"itemListElement\":[{\"@type\":\"ListItem\",\"position\":1,\"name\":\"Hem\",\"item\":\"https:\\\/\\\/cisternsolutions.eu\\\/es\\\/pagina-de-inicio\\\/\"},{\"@type\":\"ListItem\",\"position\":2,\"name\":\"Calidad y Medio Ambiente\"}]},{\"@type\":\"WebSite\",\"@id\":\"https:\\\/\\\/cisternsolutions.eu\\\/es\\\/#website\",\"url\":\"https:\\\/\\\/cisternsolutions.eu\\\/es\\\/\",\"name\":\"Cistern Solutions Sweden\",\"description\":\"Cistern Solutions Sweden\",\"publisher\":{\"@id\":\"https:\\\/\\\/cisternsolutions.eu\\\/es\\\/#organization\"},\"potentialAction\":[{\"@type\":\"SearchAction\",\"target\":{\"@type\":\"EntryPoint\",\"urlTemplate\":\"https:\\\/\\\/cisternsolutions.eu\\\/es\\\/?s={search_term_string}\"},\"query-input\":{\"@type\":\"PropertyValueSpecification\",\"valueRequired\":true,\"valueName\":\"search_term_string\"}}],\"inLanguage\":\"es\"},{\"@type\":\"Organization\",\"@id\":\"https:\\\/\\\/cisternsolutions.eu\\\/es\\\/#organization\",\"name\":\"| Cistern Solutions Sweden AB\",\"url\":\"https:\\\/\\\/cisternsolutions.eu\\\/es\\\/\",\"logo\":{\"@type\":\"ImageObject\",\"inLanguage\":\"es\",\"@id\":\"https:\\\/\\\/cisternsolutions.eu\\\/es\\\/#\\\/schema\\\/logo\\\/image\\\/\",\"url\":\"https:\\\/\\\/cisternsolutions.eu\\\/wp-content\\\/uploads\\\/2023\\\/11\\\/CisternSolutions_orginal-logo.png\",\"contentUrl\":\"https:\\\/\\\/cisternsolutions.eu\\\/wp-content\\\/uploads\\\/2023\\\/11\\\/CisternSolutions_orginal-logo.png\",\"width\":1045,\"height\":293,\"caption\":\"| Cistern Solutions Sweden AB\"},\"image\":{\"@id\":\"https:\\\/\\\/cisternsolutions.eu\\\/es\\\/#\\\/schema\\\/logo\\\/image\\\/\"}}]}<\/script>\n<!-- \/ Yoast SEO plugin. -->","yoast_head_json":{"title":"Renovaci\u00f3n de cisternas con la m\u00e1xima calidad | Cistern Solutions Sweden","description":"En Cistern Solutions Sweden AB trabajamos duro con la calidad y los aspectos medioambientales. Lee m\u00e1s sobre nuestro compromiso con la calidad y el medio ambiente.","robots":{"index":"index","follow":"follow","max-snippet":"max-snippet:-1","max-image-preview":"max-image-preview:large","max-video-preview":"max-video-preview:-1"},"canonical":"https:\/\/cisternsolutions.eu\/es\/calidad-y-medio-ambiente\/","og_locale":"es_ES","og_type":"article","og_title":"Renovaci\u00f3n de cisternas con la m\u00e1xima calidad | Cistern Solutions Sweden","og_description":"En Cistern Solutions Sweden AB trabajamos duro con la calidad y los aspectos medioambientales. Lee m\u00e1s sobre nuestro compromiso con la calidad y el medio ambiente.","og_url":"https:\/\/cisternsolutions.eu\/es\/calidad-y-medio-ambiente\/","og_site_name":"Cistern Solutions Sweden","article_modified_time":"2024-10-24T12:44:29+00:00","twitter_card":"summary_large_image","twitter_misc":{"Tiempo de lectura":"3 minutos"},"schema":{"@context":"https:\/\/schema.org","@graph":[{"@type":"WebPage","@id":"https:\/\/cisternsolutions.eu\/es\/calidad-y-medio-ambiente\/","url":"https:\/\/cisternsolutions.eu\/es\/calidad-y-medio-ambiente\/","name":"Renovaci\u00f3n de cisternas con la m\u00e1xima calidad | Cistern Solutions Sweden","isPartOf":{"@id":"https:\/\/cisternsolutions.eu\/es\/#website"},"datePublished":"2016-06-30T09:19:44+00:00","dateModified":"2024-10-24T12:44:29+00:00","description":"En Cistern Solutions Sweden AB trabajamos duro con la calidad y los aspectos medioambientales. Lee m\u00e1s sobre nuestro compromiso con la calidad y el medio ambiente.","breadcrumb":{"@id":"https:\/\/cisternsolutions.eu\/es\/calidad-y-medio-ambiente\/#breadcrumb"},"inLanguage":"es","potentialAction":[{"@type":"ReadAction","target":["https:\/\/cisternsolutions.eu\/es\/calidad-y-medio-ambiente\/"]}]},{"@type":"BreadcrumbList","@id":"https:\/\/cisternsolutions.eu\/es\/calidad-y-medio-ambiente\/#breadcrumb","itemListElement":[{"@type":"ListItem","position":1,"name":"Hem","item":"https:\/\/cisternsolutions.eu\/es\/pagina-de-inicio\/"},{"@type":"ListItem","position":2,"name":"Calidad y Medio Ambiente"}]},{"@type":"WebSite","@id":"https:\/\/cisternsolutions.eu\/es\/#website","url":"https:\/\/cisternsolutions.eu\/es\/","name":"Cistern Solutions Sweden","description":"Cistern Solutions Sweden","publisher":{"@id":"https:\/\/cisternsolutions.eu\/es\/#organization"},"potentialAction":[{"@type":"SearchAction","target":{"@type":"EntryPoint","urlTemplate":"https:\/\/cisternsolutions.eu\/es\/?s={search_term_string}"},"query-input":{"@type":"PropertyValueSpecification","valueRequired":true,"valueName":"search_term_string"}}],"inLanguage":"es"},{"@type":"Organization","@id":"https:\/\/cisternsolutions.eu\/es\/#organization","name":"| Cistern Solutions Sweden AB","url":"https:\/\/cisternsolutions.eu\/es\/","logo":{"@type":"ImageObject","inLanguage":"es","@id":"https:\/\/cisternsolutions.eu\/es\/#\/schema\/logo\/image\/","url":"https:\/\/cisternsolutions.eu\/wp-content\/uploads\/2023\/11\/CisternSolutions_orginal-logo.png","contentUrl":"https:\/\/cisternsolutions.eu\/wp-content\/uploads\/2023\/11\/CisternSolutions_orginal-logo.png","width":1045,"height":293,"caption":"| Cistern Solutions Sweden AB"},"image":{"@id":"https:\/\/cisternsolutions.eu\/es\/#\/schema\/logo\/image\/"}}]}},"_links":{"self":[{"href":"https:\/\/cisternsolutions.eu\/es\/wp-json\/wp\/v2\/pages\/7788","targetHints":{"allow":["GET"]}}],"collection":[{"href":"https:\/\/cisternsolutions.eu\/es\/wp-json\/wp\/v2\/pages"}],"about":[{"href":"https:\/\/cisternsolutions.eu\/es\/wp-json\/wp\/v2\/types\/page"}],"author":[{"embeddable":true,"href":"https:\/\/cisternsolutions.eu\/es\/wp-json\/wp\/v2\/users\/4"}],"replies":[{"embeddable":true,"href":"https:\/\/cisternsolutions.eu\/es\/wp-json\/wp\/v2\/comments?post=7788"}],"version-history":[{"count":1,"href":"https:\/\/cisternsolutions.eu\/es\/wp-json\/wp\/v2\/pages\/7788\/revisions"}],"predecessor-version":[{"id":7790,"href":"https:\/\/cisternsolutions.eu\/es\/wp-json\/wp\/v2\/pages\/7788\/revisions\/7790"}],"wp:attachment":[{"href":"https:\/\/cisternsolutions.eu\/es\/wp-json\/wp\/v2\/media?parent=7788"}],"curies":[{"name":"wp","href":"https:\/\/api.w.org\/{rel}","templated":true}]}}