{"id":7763,"date":"2022-05-03T16:59:50","date_gmt":"2022-05-03T14:59:50","guid":{"rendered":"https:\/\/cisternsolutions.eu\/politica-de-cookies\/"},"modified":"2024-10-24T14:42:53","modified_gmt":"2024-10-24T12:42:53","slug":"politica-de-cookies","status":"publish","type":"page","link":"https:\/\/cisternsolutions.eu\/es\/politica-de-cookies\/","title":{"rendered":"Pol\u00edtica de cookies"},"content":{"rendered":"\n<h1>Pol\u00edtica de cookies<\/h1>\n<p>f\u00f6r Cistern Solutions Sweden AB<\/p>\n<p>Las cookies son peque\u00f1os archivos de texto que se guardan en tu ordenador. Las cookies recopilan informaci\u00f3n sobre ti o sobre una parte de ti. Una parte espec\u00edfica puede ser, por ejemplo, los medios de comunicaci\u00f3n social o los anuncios y an\u00e1lisis. El tipo de informaci\u00f3n que recibes se basa en la cookie que utilizas.    <\/p>\n<p><strong>Utiliza cookies o cookies de sesi\u00f3n:<\/strong> Cookies que se utilizan para que el sitio web funcione. Este tipo de cookies se utiliza cuando inicias sesi\u00f3n en el sitio web o cuando te conectas a \u00e9l. <\/p>\n<p><strong>Funktionalitetscookies oder varaktiga cookies:<\/strong> Cookies que se utilizan para obtener informaci\u00f3n sobre el uso que haces de la p\u00e1gina web, por ejemplo, para acceder a ella. <\/p>\n<p><strong>Cookies anal\u00edticas o de terceros:<\/strong> Cookies que se utilizan para analizar los h\u00e1bitos de navegaci\u00f3n de los usuarios, por ejemplo, el n\u00famero de visitas que reciben o el tiempo que permanecen en la p\u00e1gina. Google Analytics recopila informaci\u00f3n y realiza informes estad\u00edsticos sobre los usuarios de la web para identificar a las personas que se registran en Google.  <\/p>\n<p>Puedes obtener m\u00e1s informaci\u00f3n sobre <a href=\"https:\/\/policies.google.com\/privacy?hl=sv\">las reglas de integraci\u00f3n de<\/a> Google, sobre <a href=\"https:\/\/policies.google.com\/technologies\/ads\">los anuncios<\/a> y sobre c\u00f3mo Google utiliza <a href=\"https:\/\/policies.google.com\/technologies\/cookies\">las cookies<\/a>.<\/p>\n<p>Si no quieres que tus resultados en esta p\u00e1gina web se reflejen en las estad\u00edsticas de Google Analytics, esta es una herramienta que puedes instalar en tu p\u00e1gina web. Esta herramienta se encuentra en las p\u00e1ginas web de Google. <\/p>\n<h3>\u00bfQu\u00e9 cookies utilizas?<\/h3>\n<p>Para ver todas las cookies que necesitas, haz clic en \u00abGuardar cookies\u00bb en la parte inferior de la p\u00e1gina.<\/p>\n<h3>Almacenamiento de cookies<\/h3>\n<p>Puedes navegar a trav\u00e9s de las cookies para instalarlas en tu navegador. \u00a1OBS! Si quieres utilizar las cookies, no podr\u00e1s hacer uso de todas las funciones de tu navegador durante m\u00e1s tiempo. Para obtener m\u00e1s informaci\u00f3n sobre las cookies, consulta la documentaci\u00f3n de tu sitio web actual:   <\/p>\n<ul>\n<li><a href=\"https:\/\/support.google.com\/accounts\/answer\/32050?hl=sv&amp;co=GENIE.Platform%3DDesktop\" target=\"_blank\" rel=\"noopener\">Google Chrome<\/a><\/li>\n<li><a href=\"https:\/\/support.microsoft.com\/sv-se\/windows\/ta-bort-och-hantera-cookies-168dab11-0753-043d-7c16-ede5947fc64d\" target=\"_blank\" rel=\"noopener\">Internet Explorer<\/a><\/li>\n<li><a href=\"https:\/\/support.mozilla.org\/sv\/kb\/rensa-kakor-och-webbplatsdata-firefox\" target=\"_blank\" rel=\"noopener\">Mozilla Firefox<\/a><\/li>\n<li><a href=\"https:\/\/support.microsoft.com\/sv-se\/microsoft-edge\/ta-bort-cookies-i-microsoft-edge-63947406-40ac-c3b8-57b9-2a946a29ae09\" target=\"_blank\" rel=\"noopener\">Arista<\/a><\/li>\n<li><a href=\"https:\/\/support.apple.com\/sv-se\/guide\/safari\/sfri11471\/11.0\/mac\/10.13\" target=\"_blank\" rel=\"noopener\">Safari (dator)<\/a><\/li>\n<li><a href=\"https:\/\/support.apple.com\/sv-se\/HT201265\" target=\"_blank\" rel=\"noopener\">Safari (mobil)<\/a><\/li>\n<li><a href=\"https:\/\/support.google.com\/nexus\/answer\/54068?visit_id=638367063625101613-921820139&amp;hl=en&amp;rd=1\" target=\"_blank\" rel=\"noopener\">Webbl\u00e4sare Android<\/a><\/li>\n<li><a href=\"https:\/\/blogs.opera.com\/tips-and-tricks\/2023\/04\/clean-browser-and-remove-trackers\/\" target=\"_blank\" rel=\"noopener\">\u00d3pera<\/a><\/li>\n<\/ul>\n","protected":false},"excerpt":{"rendered":"<p>Pol\u00edtica de cookies f\u00f6r Cistern Solutions Sweden AB Las cookies son peque\u00f1os archivos de texto que se guardan en tu ordenador. Las cookies recopilan informaci\u00f3n sobre ti o sobre una parte de ti. Una parte espec\u00edfica puede ser, por ejemplo, los medios de comunicaci\u00f3n social o los anuncios y an\u00e1lisis. &#8230; <a title=\"Pol\u00edtica de cookies\" class=\"read-more\" href=\"https:\/\/cisternsolutions.eu\/es\/politica-de-cookies\/\" aria-label=\"Leer m\u00e1s sobre Pol\u00edtica de cookies\">L\u00e4s mer<\/a><\/p>\n","protected":false},"author":4,"featured_media":0,"parent":0,"menu_order":0,"comment_status":"closed","ping_status":"closed","template":"","meta":{"footnotes":""},"class_list":["post-7763","page","type-page","status-publish"],"yoast_head":"<!-- This site is optimized with the Yoast SEO plugin v27.5 - https:\/\/yoast.com\/product\/yoast-seo-wordpress\/ -->\n<title>Pol\u00edtica de cookies | Cistern Solutions Sweden<\/title>\n<meta name=\"description\" content=\"Aqu\u00ed puedes leer m\u00e1s sobre las cookies, qu\u00e9 son y c\u00f3mo las utiliza Cistern Solutions Sweden en el sitio web. Leer m\u00e1s ...\" \/>\n<meta name=\"robots\" content=\"index, follow, max-snippet:-1, max-image-preview:large, max-video-preview:-1\" \/>\n<link rel=\"canonical\" href=\"https:\/\/cisternsolutions.eu\/es\/politica-de-cookies\/\" \/>\n<meta property=\"og:locale\" content=\"es_ES\" \/>\n<meta property=\"og:type\" content=\"article\" \/>\n<meta property=\"og:title\" content=\"Pol\u00edtica de cookies | Cistern Solutions Sweden\" \/>\n<meta property=\"og:description\" content=\"Aqu\u00ed puedes leer m\u00e1s sobre las cookies, qu\u00e9 son y c\u00f3mo las utiliza Cistern Solutions Sweden en el sitio web. Leer m\u00e1s ...\" \/>\n<meta property=\"og:url\" content=\"https:\/\/cisternsolutions.eu\/es\/politica-de-cookies\/\" \/>\n<meta property=\"og:site_name\" content=\"Cistern Solutions Sweden\" \/>\n<meta property=\"article:modified_time\" content=\"2024-10-24T12:42:53+00:00\" \/>\n<meta name=\"twitter:card\" content=\"summary_large_image\" \/>\n<meta name=\"twitter:label1\" content=\"Tiempo de lectura\" \/>\n\t<meta name=\"twitter:data1\" content=\"2 minutos\" \/>\n<script type=\"application\/ld+json\" class=\"yoast-schema-graph\">{\"@context\":\"https:\\\/\\\/schema.org\",\"@graph\":[{\"@type\":\"WebPage\",\"@id\":\"https:\\\/\\\/cisternsolutions.eu\\\/es\\\/politica-de-cookies\\\/\",\"url\":\"https:\\\/\\\/cisternsolutions.eu\\\/es\\\/politica-de-cookies\\\/\",\"name\":\"Pol\u00edtica de cookies | Cistern Solutions Sweden\",\"isPartOf\":{\"@id\":\"https:\\\/\\\/cisternsolutions.eu\\\/es\\\/#website\"},\"datePublished\":\"2022-05-03T14:59:50+00:00\",\"dateModified\":\"2024-10-24T12:42:53+00:00\",\"description\":\"Aqu\u00ed puedes leer m\u00e1s sobre las cookies, qu\u00e9 son y c\u00f3mo las utiliza Cistern Solutions Sweden en el sitio web. Leer m\u00e1s ...\",\"breadcrumb\":{\"@id\":\"https:\\\/\\\/cisternsolutions.eu\\\/es\\\/politica-de-cookies\\\/#breadcrumb\"},\"inLanguage\":\"es\",\"potentialAction\":[{\"@type\":\"ReadAction\",\"target\":[\"https:\\\/\\\/cisternsolutions.eu\\\/es\\\/politica-de-cookies\\\/\"]}]},{\"@type\":\"BreadcrumbList\",\"@id\":\"https:\\\/\\\/cisternsolutions.eu\\\/es\\\/politica-de-cookies\\\/#breadcrumb\",\"itemListElement\":[{\"@type\":\"ListItem\",\"position\":1,\"name\":\"Hem\",\"item\":\"https:\\\/\\\/cisternsolutions.eu\\\/es\\\/pagina-de-inicio\\\/\"},{\"@type\":\"ListItem\",\"position\":2,\"name\":\"Pol\u00edtica de cookies\"}]},{\"@type\":\"WebSite\",\"@id\":\"https:\\\/\\\/cisternsolutions.eu\\\/es\\\/#website\",\"url\":\"https:\\\/\\\/cisternsolutions.eu\\\/es\\\/\",\"name\":\"Cistern Solutions Sweden\",\"description\":\"Cistern Solutions Sweden\",\"publisher\":{\"@id\":\"https:\\\/\\\/cisternsolutions.eu\\\/es\\\/#organization\"},\"potentialAction\":[{\"@type\":\"SearchAction\",\"target\":{\"@type\":\"EntryPoint\",\"urlTemplate\":\"https:\\\/\\\/cisternsolutions.eu\\\/es\\\/?s={search_term_string}\"},\"query-input\":{\"@type\":\"PropertyValueSpecification\",\"valueRequired\":true,\"valueName\":\"search_term_string\"}}],\"inLanguage\":\"es\"},{\"@type\":\"Organization\",\"@id\":\"https:\\\/\\\/cisternsolutions.eu\\\/es\\\/#organization\",\"name\":\"| Cistern Solutions Sweden AB\",\"url\":\"https:\\\/\\\/cisternsolutions.eu\\\/es\\\/\",\"logo\":{\"@type\":\"ImageObject\",\"inLanguage\":\"es\",\"@id\":\"https:\\\/\\\/cisternsolutions.eu\\\/es\\\/#\\\/schema\\\/logo\\\/image\\\/\",\"url\":\"https:\\\/\\\/cisternsolutions.eu\\\/wp-content\\\/uploads\\\/2023\\\/11\\\/CisternSolutions_orginal-logo.png\",\"contentUrl\":\"https:\\\/\\\/cisternsolutions.eu\\\/wp-content\\\/uploads\\\/2023\\\/11\\\/CisternSolutions_orginal-logo.png\",\"width\":1045,\"height\":293,\"caption\":\"| Cistern Solutions Sweden AB\"},\"image\":{\"@id\":\"https:\\\/\\\/cisternsolutions.eu\\\/es\\\/#\\\/schema\\\/logo\\\/image\\\/\"}}]}<\/script>\n<!-- \/ Yoast SEO plugin. -->","yoast_head_json":{"title":"Pol\u00edtica de cookies | Cistern Solutions Sweden","description":"Aqu\u00ed puedes leer m\u00e1s sobre las cookies, qu\u00e9 son y c\u00f3mo las utiliza Cistern Solutions Sweden en el sitio web. Leer m\u00e1s ...","robots":{"index":"index","follow":"follow","max-snippet":"max-snippet:-1","max-image-preview":"max-image-preview:large","max-video-preview":"max-video-preview:-1"},"canonical":"https:\/\/cisternsolutions.eu\/es\/politica-de-cookies\/","og_locale":"es_ES","og_type":"article","og_title":"Pol\u00edtica de cookies | Cistern Solutions Sweden","og_description":"Aqu\u00ed puedes leer m\u00e1s sobre las cookies, qu\u00e9 son y c\u00f3mo las utiliza Cistern Solutions Sweden en el sitio web. Leer m\u00e1s ...","og_url":"https:\/\/cisternsolutions.eu\/es\/politica-de-cookies\/","og_site_name":"Cistern Solutions Sweden","article_modified_time":"2024-10-24T12:42:53+00:00","twitter_card":"summary_large_image","twitter_misc":{"Tiempo de lectura":"2 minutos"},"schema":{"@context":"https:\/\/schema.org","@graph":[{"@type":"WebPage","@id":"https:\/\/cisternsolutions.eu\/es\/politica-de-cookies\/","url":"https:\/\/cisternsolutions.eu\/es\/politica-de-cookies\/","name":"Pol\u00edtica de cookies | Cistern Solutions Sweden","isPartOf":{"@id":"https:\/\/cisternsolutions.eu\/es\/#website"},"datePublished":"2022-05-03T14:59:50+00:00","dateModified":"2024-10-24T12:42:53+00:00","description":"Aqu\u00ed puedes leer m\u00e1s sobre las cookies, qu\u00e9 son y c\u00f3mo las utiliza Cistern Solutions Sweden en el sitio web. Leer m\u00e1s ...","breadcrumb":{"@id":"https:\/\/cisternsolutions.eu\/es\/politica-de-cookies\/#breadcrumb"},"inLanguage":"es","potentialAction":[{"@type":"ReadAction","target":["https:\/\/cisternsolutions.eu\/es\/politica-de-cookies\/"]}]},{"@type":"BreadcrumbList","@id":"https:\/\/cisternsolutions.eu\/es\/politica-de-cookies\/#breadcrumb","itemListElement":[{"@type":"ListItem","position":1,"name":"Hem","item":"https:\/\/cisternsolutions.eu\/es\/pagina-de-inicio\/"},{"@type":"ListItem","position":2,"name":"Pol\u00edtica de cookies"}]},{"@type":"WebSite","@id":"https:\/\/cisternsolutions.eu\/es\/#website","url":"https:\/\/cisternsolutions.eu\/es\/","name":"Cistern Solutions Sweden","description":"Cistern Solutions Sweden","publisher":{"@id":"https:\/\/cisternsolutions.eu\/es\/#organization"},"potentialAction":[{"@type":"SearchAction","target":{"@type":"EntryPoint","urlTemplate":"https:\/\/cisternsolutions.eu\/es\/?s={search_term_string}"},"query-input":{"@type":"PropertyValueSpecification","valueRequired":true,"valueName":"search_term_string"}}],"inLanguage":"es"},{"@type":"Organization","@id":"https:\/\/cisternsolutions.eu\/es\/#organization","name":"| Cistern Solutions Sweden AB","url":"https:\/\/cisternsolutions.eu\/es\/","logo":{"@type":"ImageObject","inLanguage":"es","@id":"https:\/\/cisternsolutions.eu\/es\/#\/schema\/logo\/image\/","url":"https:\/\/cisternsolutions.eu\/wp-content\/uploads\/2023\/11\/CisternSolutions_orginal-logo.png","contentUrl":"https:\/\/cisternsolutions.eu\/wp-content\/uploads\/2023\/11\/CisternSolutions_orginal-logo.png","width":1045,"height":293,"caption":"| Cistern Solutions Sweden AB"},"image":{"@id":"https:\/\/cisternsolutions.eu\/es\/#\/schema\/logo\/image\/"}}]}},"_links":{"self":[{"href":"https:\/\/cisternsolutions.eu\/es\/wp-json\/wp\/v2\/pages\/7763","targetHints":{"allow":["GET"]}}],"collection":[{"href":"https:\/\/cisternsolutions.eu\/es\/wp-json\/wp\/v2\/pages"}],"about":[{"href":"https:\/\/cisternsolutions.eu\/es\/wp-json\/wp\/v2\/types\/page"}],"author":[{"embeddable":true,"href":"https:\/\/cisternsolutions.eu\/es\/wp-json\/wp\/v2\/users\/4"}],"replies":[{"embeddable":true,"href":"https:\/\/cisternsolutions.eu\/es\/wp-json\/wp\/v2\/comments?post=7763"}],"version-history":[{"count":1,"href":"https:\/\/cisternsolutions.eu\/es\/wp-json\/wp\/v2\/pages\/7763\/revisions"}],"predecessor-version":[{"id":7764,"href":"https:\/\/cisternsolutions.eu\/es\/wp-json\/wp\/v2\/pages\/7763\/revisions\/7764"}],"wp:attachment":[{"href":"https:\/\/cisternsolutions.eu\/es\/wp-json\/wp\/v2\/media?parent=7763"}],"curies":[{"name":"wp","href":"https:\/\/api.w.org\/{rel}","templated":true}]}}