{"id":7758,"date":"2024-10-08T18:21:47","date_gmt":"2024-10-08T16:21:47","guid":{"rendered":"https:\/\/cisternsolutions.eu\/cisternas-para-la-industria-quimica\/"},"modified":"2024-10-08T18:21:47","modified_gmt":"2024-10-08T16:21:47","slug":"cisternas-para-la-industria-quimica","status":"publish","type":"page","link":"https:\/\/cisternsolutions.eu\/es\/cisternas-para-la-industria-quimica\/","title":{"rendered":"Cisternas para la industria qu\u00edmica"},"content":{"rendered":"","protected":false},"excerpt":{"rendered":"<p>En la industria qu\u00edmica, los requisitos de seguridad en torno a los dep\u00f3sitos son elevados. Evita problemas inspeccionando y reparando a tiempo.   <\/p>\n","protected":false},"author":4,"featured_media":7759,"parent":0,"menu_order":0,"comment_status":"closed","ping_status":"closed","template":"","meta":{"footnotes":""},"class_list":["post-7758","page","type-page","status-publish","has-post-thumbnail"],"yoast_head":"<!-- This site is optimized with the Yoast SEO plugin v27.4 - https:\/\/yoast.com\/product\/yoast-seo-wordpress\/ -->\n<title>Cisternas seguras para la industria qu\u00edmica | Cistern Solutions Sweden<\/title>\n<meta name=\"description\" content=\"Para los dep\u00f3sitos de la industria qu\u00edmica, los requisitos de seguridad son elevados. \u00a1Evita problemas mayores inspeccionando y reparando a tiempo! Leer m\u00e1s ...\" \/>\n<meta name=\"robots\" content=\"index, follow, max-snippet:-1, max-image-preview:large, max-video-preview:-1\" \/>\n<link rel=\"canonical\" href=\"https:\/\/cisternsolutions.eu\/es\/cisternas-para-la-industria-quimica\/\" \/>\n<meta property=\"og:locale\" content=\"es_ES\" \/>\n<meta property=\"og:type\" content=\"article\" \/>\n<meta property=\"og:title\" content=\"Cisternas seguras para la industria qu\u00edmica | Cistern Solutions Sweden\" \/>\n<meta property=\"og:description\" content=\"Para los dep\u00f3sitos de la industria qu\u00edmica, los requisitos de seguridad son elevados. \u00a1Evita problemas mayores inspeccionando y reparando a tiempo! Leer m\u00e1s ...\" \/>\n<meta property=\"og:url\" content=\"https:\/\/cisternsolutions.eu\/es\/cisternas-para-la-industria-quimica\/\" \/>\n<meta property=\"og:site_name\" content=\"Cistern Solutions Sweden\" \/>\n<meta property=\"og:image\" content=\"https:\/\/cisternsolutions.eu\/wp-content\/uploads\/2024\/10\/cisterner_kemiskindustri-hero.jpg\" \/>\n\t<meta property=\"og:image:width\" content=\"1920\" \/>\n\t<meta property=\"og:image:height\" content=\"526\" \/>\n\t<meta property=\"og:image:type\" content=\"image\/jpeg\" \/>\n<meta name=\"twitter:card\" content=\"summary_large_image\" \/>\n<script type=\"application\/ld+json\" class=\"yoast-schema-graph\">{\"@context\":\"https:\\\/\\\/schema.org\",\"@graph\":[{\"@type\":\"WebPage\",\"@id\":\"https:\\\/\\\/cisternsolutions.eu\\\/es\\\/cisternas-para-la-industria-quimica\\\/\",\"url\":\"https:\\\/\\\/cisternsolutions.eu\\\/es\\\/cisternas-para-la-industria-quimica\\\/\",\"name\":\"Cisternas seguras para la industria qu\u00edmica | Cistern Solutions Sweden\",\"isPartOf\":{\"@id\":\"https:\\\/\\\/cisternsolutions.eu\\\/es\\\/#website\"},\"primaryImageOfPage\":{\"@id\":\"https:\\\/\\\/cisternsolutions.eu\\\/es\\\/cisternas-para-la-industria-quimica\\\/#primaryimage\"},\"image\":{\"@id\":\"https:\\\/\\\/cisternsolutions.eu\\\/es\\\/cisternas-para-la-industria-quimica\\\/#primaryimage\"},\"thumbnailUrl\":\"https:\\\/\\\/cisternsolutions.eu\\\/wp-content\\\/uploads\\\/2024\\\/10\\\/cisterner_kemiskindustri-hero.jpg\",\"datePublished\":\"2024-10-08T16:21:47+00:00\",\"description\":\"Para los dep\u00f3sitos de la industria qu\u00edmica, los requisitos de seguridad son elevados. \u00a1Evita problemas mayores inspeccionando y reparando a tiempo! Leer m\u00e1s ...\",\"breadcrumb\":{\"@id\":\"https:\\\/\\\/cisternsolutions.eu\\\/es\\\/cisternas-para-la-industria-quimica\\\/#breadcrumb\"},\"inLanguage\":\"es\",\"potentialAction\":[{\"@type\":\"ReadAction\",\"target\":[\"https:\\\/\\\/cisternsolutions.eu\\\/es\\\/cisternas-para-la-industria-quimica\\\/\"]}]},{\"@type\":\"ImageObject\",\"inLanguage\":\"es\",\"@id\":\"https:\\\/\\\/cisternsolutions.eu\\\/es\\\/cisternas-para-la-industria-quimica\\\/#primaryimage\",\"url\":\"https:\\\/\\\/cisternsolutions.eu\\\/wp-content\\\/uploads\\\/2024\\\/10\\\/cisterner_kemiskindustri-hero.jpg\",\"contentUrl\":\"https:\\\/\\\/cisternsolutions.eu\\\/wp-content\\\/uploads\\\/2024\\\/10\\\/cisterner_kemiskindustri-hero.jpg\",\"width\":1920,\"height\":526},{\"@type\":\"BreadcrumbList\",\"@id\":\"https:\\\/\\\/cisternsolutions.eu\\\/es\\\/cisternas-para-la-industria-quimica\\\/#breadcrumb\",\"itemListElement\":[{\"@type\":\"ListItem\",\"position\":1,\"name\":\"Hem\",\"item\":\"https:\\\/\\\/cisternsolutions.eu\\\/es\\\/pagina-de-inicio\\\/\"},{\"@type\":\"ListItem\",\"position\":2,\"name\":\"Cisternas para la industria qu\u00edmica\"}]},{\"@type\":\"WebSite\",\"@id\":\"https:\\\/\\\/cisternsolutions.eu\\\/es\\\/#website\",\"url\":\"https:\\\/\\\/cisternsolutions.eu\\\/es\\\/\",\"name\":\"Cistern Solutions Sweden\",\"description\":\"Cistern Solutions Sweden\",\"publisher\":{\"@id\":\"https:\\\/\\\/cisternsolutions.eu\\\/es\\\/#organization\"},\"potentialAction\":[{\"@type\":\"SearchAction\",\"target\":{\"@type\":\"EntryPoint\",\"urlTemplate\":\"https:\\\/\\\/cisternsolutions.eu\\\/es\\\/?s={search_term_string}\"},\"query-input\":{\"@type\":\"PropertyValueSpecification\",\"valueRequired\":true,\"valueName\":\"search_term_string\"}}],\"inLanguage\":\"es\"},{\"@type\":\"Organization\",\"@id\":\"https:\\\/\\\/cisternsolutions.eu\\\/es\\\/#organization\",\"name\":\"| Cistern Solutions Sweden AB\",\"url\":\"https:\\\/\\\/cisternsolutions.eu\\\/es\\\/\",\"logo\":{\"@type\":\"ImageObject\",\"inLanguage\":\"es\",\"@id\":\"https:\\\/\\\/cisternsolutions.eu\\\/es\\\/#\\\/schema\\\/logo\\\/image\\\/\",\"url\":\"https:\\\/\\\/cisternsolutions.eu\\\/wp-content\\\/uploads\\\/2023\\\/11\\\/CisternSolutions_orginal-logo.png\",\"contentUrl\":\"https:\\\/\\\/cisternsolutions.eu\\\/wp-content\\\/uploads\\\/2023\\\/11\\\/CisternSolutions_orginal-logo.png\",\"width\":1045,\"height\":293,\"caption\":\"| Cistern Solutions Sweden AB\"},\"image\":{\"@id\":\"https:\\\/\\\/cisternsolutions.eu\\\/es\\\/#\\\/schema\\\/logo\\\/image\\\/\"}}]}<\/script>\n<!-- \/ Yoast SEO plugin. -->","yoast_head_json":{"title":"Cisternas seguras para la industria qu\u00edmica | Cistern Solutions Sweden","description":"Para los dep\u00f3sitos de la industria qu\u00edmica, los requisitos de seguridad son elevados. \u00a1Evita problemas mayores inspeccionando y reparando a tiempo! Leer m\u00e1s ...","robots":{"index":"index","follow":"follow","max-snippet":"max-snippet:-1","max-image-preview":"max-image-preview:large","max-video-preview":"max-video-preview:-1"},"canonical":"https:\/\/cisternsolutions.eu\/es\/cisternas-para-la-industria-quimica\/","og_locale":"es_ES","og_type":"article","og_title":"Cisternas seguras para la industria qu\u00edmica | Cistern Solutions Sweden","og_description":"Para los dep\u00f3sitos de la industria qu\u00edmica, los requisitos de seguridad son elevados. \u00a1Evita problemas mayores inspeccionando y reparando a tiempo! Leer m\u00e1s ...","og_url":"https:\/\/cisternsolutions.eu\/es\/cisternas-para-la-industria-quimica\/","og_site_name":"Cistern Solutions Sweden","og_image":[{"width":1920,"height":526,"url":"https:\/\/cisternsolutions.eu\/wp-content\/uploads\/2024\/10\/cisterner_kemiskindustri-hero.jpg","type":"image\/jpeg"}],"twitter_card":"summary_large_image","schema":{"@context":"https:\/\/schema.org","@graph":[{"@type":"WebPage","@id":"https:\/\/cisternsolutions.eu\/es\/cisternas-para-la-industria-quimica\/","url":"https:\/\/cisternsolutions.eu\/es\/cisternas-para-la-industria-quimica\/","name":"Cisternas seguras para la industria qu\u00edmica | Cistern Solutions Sweden","isPartOf":{"@id":"https:\/\/cisternsolutions.eu\/es\/#website"},"primaryImageOfPage":{"@id":"https:\/\/cisternsolutions.eu\/es\/cisternas-para-la-industria-quimica\/#primaryimage"},"image":{"@id":"https:\/\/cisternsolutions.eu\/es\/cisternas-para-la-industria-quimica\/#primaryimage"},"thumbnailUrl":"https:\/\/cisternsolutions.eu\/wp-content\/uploads\/2024\/10\/cisterner_kemiskindustri-hero.jpg","datePublished":"2024-10-08T16:21:47+00:00","description":"Para los dep\u00f3sitos de la industria qu\u00edmica, los requisitos de seguridad son elevados. \u00a1Evita problemas mayores inspeccionando y reparando a tiempo! Leer m\u00e1s ...","breadcrumb":{"@id":"https:\/\/cisternsolutions.eu\/es\/cisternas-para-la-industria-quimica\/#breadcrumb"},"inLanguage":"es","potentialAction":[{"@type":"ReadAction","target":["https:\/\/cisternsolutions.eu\/es\/cisternas-para-la-industria-quimica\/"]}]},{"@type":"ImageObject","inLanguage":"es","@id":"https:\/\/cisternsolutions.eu\/es\/cisternas-para-la-industria-quimica\/#primaryimage","url":"https:\/\/cisternsolutions.eu\/wp-content\/uploads\/2024\/10\/cisterner_kemiskindustri-hero.jpg","contentUrl":"https:\/\/cisternsolutions.eu\/wp-content\/uploads\/2024\/10\/cisterner_kemiskindustri-hero.jpg","width":1920,"height":526},{"@type":"BreadcrumbList","@id":"https:\/\/cisternsolutions.eu\/es\/cisternas-para-la-industria-quimica\/#breadcrumb","itemListElement":[{"@type":"ListItem","position":1,"name":"Hem","item":"https:\/\/cisternsolutions.eu\/es\/pagina-de-inicio\/"},{"@type":"ListItem","position":2,"name":"Cisternas para la industria qu\u00edmica"}]},{"@type":"WebSite","@id":"https:\/\/cisternsolutions.eu\/es\/#website","url":"https:\/\/cisternsolutions.eu\/es\/","name":"Cistern Solutions Sweden","description":"Cistern Solutions Sweden","publisher":{"@id":"https:\/\/cisternsolutions.eu\/es\/#organization"},"potentialAction":[{"@type":"SearchAction","target":{"@type":"EntryPoint","urlTemplate":"https:\/\/cisternsolutions.eu\/es\/?s={search_term_string}"},"query-input":{"@type":"PropertyValueSpecification","valueRequired":true,"valueName":"search_term_string"}}],"inLanguage":"es"},{"@type":"Organization","@id":"https:\/\/cisternsolutions.eu\/es\/#organization","name":"| Cistern Solutions Sweden AB","url":"https:\/\/cisternsolutions.eu\/es\/","logo":{"@type":"ImageObject","inLanguage":"es","@id":"https:\/\/cisternsolutions.eu\/es\/#\/schema\/logo\/image\/","url":"https:\/\/cisternsolutions.eu\/wp-content\/uploads\/2023\/11\/CisternSolutions_orginal-logo.png","contentUrl":"https:\/\/cisternsolutions.eu\/wp-content\/uploads\/2023\/11\/CisternSolutions_orginal-logo.png","width":1045,"height":293,"caption":"| Cistern Solutions Sweden AB"},"image":{"@id":"https:\/\/cisternsolutions.eu\/es\/#\/schema\/logo\/image\/"}}]}},"_links":{"self":[{"href":"https:\/\/cisternsolutions.eu\/es\/wp-json\/wp\/v2\/pages\/7758","targetHints":{"allow":["GET"]}}],"collection":[{"href":"https:\/\/cisternsolutions.eu\/es\/wp-json\/wp\/v2\/pages"}],"about":[{"href":"https:\/\/cisternsolutions.eu\/es\/wp-json\/wp\/v2\/types\/page"}],"author":[{"embeddable":true,"href":"https:\/\/cisternsolutions.eu\/es\/wp-json\/wp\/v2\/users\/4"}],"replies":[{"embeddable":true,"href":"https:\/\/cisternsolutions.eu\/es\/wp-json\/wp\/v2\/comments?post=7758"}],"version-history":[{"count":0,"href":"https:\/\/cisternsolutions.eu\/es\/wp-json\/wp\/v2\/pages\/7758\/revisions"}],"wp:featuredmedia":[{"embeddable":true,"href":"https:\/\/cisternsolutions.eu\/es\/wp-json\/wp\/v2\/media\/7759"}],"wp:attachment":[{"href":"https:\/\/cisternsolutions.eu\/es\/wp-json\/wp\/v2\/media?parent=7758"}],"curies":[{"name":"wp","href":"https:\/\/api.w.org\/{rel}","templated":true}]}}