{"id":7729,"date":"2023-12-07T17:00:29","date_gmt":"2023-12-07T16:00:29","guid":{"rendered":"https:\/\/cisternsolutions.eu\/sobre-nosotros\/"},"modified":"2024-10-24T14:38:11","modified_gmt":"2024-10-24T12:38:11","slug":"sobre-nosotros","status":"publish","type":"page","link":"https:\/\/cisternsolutions.eu\/es\/sobre-nosotros\/","title":{"rendered":"Sobre nosotros"},"content":{"rendered":"\n\n\t\t<h1>\n  Soluciones para cisternas Suecia\n\t\t<\/h1>\n\t\t\t<p>Nos aseguramos de que su tanque est\u00e9 seguro<\/p>\t\t\n<h2>\n Renovaci\u00f3n de tanques de rociadores. \n\t<\/h2>\n\t<p><strong>\u00bfQuieres comprar un tanque de riego? \u00bfEs una cisterna con tanque de proceso? \u00bfO una cisterna con caldera u olla? \u00bfEst\u00e1s trabajando en la construcci\u00f3n de cisternas y tienes un socio que te ayuda a repararlas? \u00bfEres consciente de la necesidad de llevar un cami\u00f3n cisterna? \u00a1Ahora puedes ayudarnos! Somos especialistas en renovar dep\u00f3sitos y cisternas.      <\/strong><\/p>\n\t<p>Cistern Solutions Sweden tiene su origen en AJ Floor Solutions, una empresa que lleva m\u00e1s de 40 a\u00f1os trabajando con epoxibel\u00e4ggning en todo el mundo. Una de las especialidades de la empresa es la renovaci\u00f3n de tanques. En los \u00faltimos a\u00f1os, hemos constatado que la mayor\u00eda de los tanques de aspersi\u00f3n de Suecia llevan m\u00e1s de 20 a\u00f1os en funcionamiento y est\u00e1n sujetos a un riguroso proceso de renovaci\u00f3n.  <\/p>\n<p>En los \u00faltimos a\u00f1os, hemos apostado por la renovaci\u00f3n de tanques y cisternas. Sedan 2023 conductor Ulf Johansson Cistern Solutions Sweden AB. <\/p>\n\t\t<h3>Tanques que podemos inspeccionar y renovar:<\/h3>\n\t\t\t<ul><li>Tanques de rociadores<\/li><li>Dep\u00f3sitos de agua<\/li><li>Cisternas de hormig\u00f3n para, p.e. lodo <\/li><li>Kemikalietankar f\u00f6r t.ex. glukol <\/li><li>Tanques de aceite <\/li><\/ul>\t\t\n<h3>\n  Ayudas para centrarse en la recuperaci\u00f3n de tanques\n\t<\/h3>\n\t<p>Con un arbetslag que utilice epoxibel\u00e4ggning en tanques, puedes mejorar tu m\u00e9todo de trabajo. El arbetsmilj\u00f6n espec\u00edfico te ayudar\u00e1 a conseguir una mayor ligereza y flexibilidad. No te preocupes por la calidad de los productos. Es muy importante que te pongas en contacto con nosotros para que te ayudemos a planificar. Och sj\u00e4lvklart ska resultatet alltid vara en tank eller cistern som \u00e4r lika bra, eller b\u00e4ttre, \u00e4n den ursprungliga.    <\/p>\n<h3>\n  Mejora y renovaci\u00f3n de las mismas herramientas\n\t<\/h3>\n\t<p>\u00bfC\u00f3mo puedes solucionar un problema con la misma soluci\u00f3n? Cuando una persona se enfrenta a un problema de cualquier tipo &#8211; ya sea un problema de planificaci\u00f3n o un problema de gesti\u00f3n de residuos con un tanque -, se ha planteado su propio problema. Pero tambi\u00e9n puedes encontrar algo para solucionar el problema de las cisternas con la ayuda de un robot de mantenimiento.  <\/p>\n<h3>\n Trabajamos en todos los pa\u00edses n\u00f3rdicos y Europa.\n\t<\/h3>\n\t<p>Cistern Solutions est\u00e1 presente en Suecia, donde hemos renovado dep\u00f3sitos y cisternas en los pa\u00edses n\u00f3rdicos y Europa. Hoy en d\u00eda, hemos fabricado contenedores m\u00f3viles con un dise\u00f1o que se ha renovado para un nuevo proyecto. <\/p>\n\t\t<h3>\n  \u00a1H\u00f6r av dig till oss!\n\t\t<\/h3>\n\t<h3>Hugo Kjellberg<\/h3>\n<p><a href=\"mailto:hk@cisternsolutions.se\">hk@cisternsolutions.se<\/a><\/p>\n<p><a href=\"tel:073%20-%20815%2091%2000\"><strong>073 &#8211; 815 91 00<\/strong><\/a><\/p>\n\n","protected":false},"excerpt":{"rendered":"<p>Soluciones para cisternas Suecia Nos aseguramos de que su tanque est\u00e9 seguro Renovaci\u00f3n de tanques de rociadores. \u00bfQuieres comprar un tanque de riego? \u00bfEs una cisterna con tanque de proceso? \u00bfO una cisterna con caldera u olla? \u00bfEst\u00e1s trabajando en la construcci\u00f3n de cisternas y tienes un socio que te &#8230; <a title=\"Sobre nosotros\" class=\"read-more\" href=\"https:\/\/cisternsolutions.eu\/es\/sobre-nosotros\/\" aria-label=\"Leer m\u00e1s sobre Sobre nosotros\">L\u00e4s mer<\/a><\/p>\n","protected":false},"author":4,"featured_media":0,"parent":0,"menu_order":0,"comment_status":"closed","ping_status":"closed","template":"","meta":{"footnotes":""},"class_list":["post-7729","page","type-page","status-publish"],"yoast_head":"<!-- This site is optimized with the Yoast SEO plugin v27.4 - https:\/\/yoast.com\/product\/yoast-seo-wordpress\/ -->\n<title>Especialista en renovaci\u00f3n de tanques y cisternas | Cistern Solutions Sweden<\/title>\n<meta name=\"description\" content=\"Cistern Solutions Sweden - especialistas en renovar dep\u00f3sitos y cisternas. Ponte en contacto con nosotros hoy mismo para que te ayudemos con tus necesidades.\" \/>\n<meta name=\"robots\" content=\"index, follow, max-snippet:-1, max-image-preview:large, max-video-preview:-1\" \/>\n<link rel=\"canonical\" href=\"https:\/\/cisternsolutions.eu\/es\/sobre-nosotros\/\" \/>\n<meta property=\"og:locale\" content=\"es_ES\" \/>\n<meta property=\"og:type\" content=\"article\" \/>\n<meta property=\"og:title\" content=\"Especialista en renovaci\u00f3n de tanques y cisternas | Cistern Solutions Sweden\" \/>\n<meta property=\"og:description\" content=\"Cistern Solutions Sweden - especialistas en renovar dep\u00f3sitos y cisternas. Ponte en contacto con nosotros hoy mismo para que te ayudemos con tus necesidades.\" \/>\n<meta property=\"og:url\" content=\"https:\/\/cisternsolutions.eu\/es\/sobre-nosotros\/\" \/>\n<meta property=\"og:site_name\" content=\"Cistern Solutions Sweden\" \/>\n<meta property=\"article:modified_time\" content=\"2024-10-24T12:38:11+00:00\" \/>\n<meta name=\"twitter:card\" content=\"summary_large_image\" \/>\n<meta name=\"twitter:label1\" content=\"Tiempo de lectura\" \/>\n\t<meta name=\"twitter:data1\" content=\"2 minutos\" \/>\n<script type=\"application\/ld+json\" class=\"yoast-schema-graph\">{\"@context\":\"https:\\\/\\\/schema.org\",\"@graph\":[{\"@type\":\"WebPage\",\"@id\":\"https:\\\/\\\/cisternsolutions.eu\\\/es\\\/sobre-nosotros\\\/\",\"url\":\"https:\\\/\\\/cisternsolutions.eu\\\/es\\\/sobre-nosotros\\\/\",\"name\":\"Especialista en renovaci\u00f3n de tanques y cisternas | Cistern Solutions Sweden\",\"isPartOf\":{\"@id\":\"https:\\\/\\\/cisternsolutions.eu\\\/es\\\/#website\"},\"datePublished\":\"2023-12-07T16:00:29+00:00\",\"dateModified\":\"2024-10-24T12:38:11+00:00\",\"description\":\"Cistern Solutions Sweden - especialistas en renovar dep\u00f3sitos y cisternas. Ponte en contacto con nosotros hoy mismo para que te ayudemos con tus necesidades.\",\"breadcrumb\":{\"@id\":\"https:\\\/\\\/cisternsolutions.eu\\\/es\\\/sobre-nosotros\\\/#breadcrumb\"},\"inLanguage\":\"es\",\"potentialAction\":[{\"@type\":\"ReadAction\",\"target\":[\"https:\\\/\\\/cisternsolutions.eu\\\/es\\\/sobre-nosotros\\\/\"]}]},{\"@type\":\"BreadcrumbList\",\"@id\":\"https:\\\/\\\/cisternsolutions.eu\\\/es\\\/sobre-nosotros\\\/#breadcrumb\",\"itemListElement\":[{\"@type\":\"ListItem\",\"position\":1,\"name\":\"Hem\",\"item\":\"https:\\\/\\\/cisternsolutions.eu\\\/es\\\/pagina-de-inicio\\\/\"},{\"@type\":\"ListItem\",\"position\":2,\"name\":\"Sobre nosotros\"}]},{\"@type\":\"WebSite\",\"@id\":\"https:\\\/\\\/cisternsolutions.eu\\\/es\\\/#website\",\"url\":\"https:\\\/\\\/cisternsolutions.eu\\\/es\\\/\",\"name\":\"Cistern Solutions Sweden\",\"description\":\"Cistern Solutions Sweden\",\"publisher\":{\"@id\":\"https:\\\/\\\/cisternsolutions.eu\\\/es\\\/#organization\"},\"potentialAction\":[{\"@type\":\"SearchAction\",\"target\":{\"@type\":\"EntryPoint\",\"urlTemplate\":\"https:\\\/\\\/cisternsolutions.eu\\\/es\\\/?s={search_term_string}\"},\"query-input\":{\"@type\":\"PropertyValueSpecification\",\"valueRequired\":true,\"valueName\":\"search_term_string\"}}],\"inLanguage\":\"es\"},{\"@type\":\"Organization\",\"@id\":\"https:\\\/\\\/cisternsolutions.eu\\\/es\\\/#organization\",\"name\":\"| Cistern Solutions Sweden AB\",\"url\":\"https:\\\/\\\/cisternsolutions.eu\\\/es\\\/\",\"logo\":{\"@type\":\"ImageObject\",\"inLanguage\":\"es\",\"@id\":\"https:\\\/\\\/cisternsolutions.eu\\\/es\\\/#\\\/schema\\\/logo\\\/image\\\/\",\"url\":\"https:\\\/\\\/cisternsolutions.eu\\\/wp-content\\\/uploads\\\/2023\\\/11\\\/CisternSolutions_orginal-logo.png\",\"contentUrl\":\"https:\\\/\\\/cisternsolutions.eu\\\/wp-content\\\/uploads\\\/2023\\\/11\\\/CisternSolutions_orginal-logo.png\",\"width\":1045,\"height\":293,\"caption\":\"| Cistern Solutions Sweden AB\"},\"image\":{\"@id\":\"https:\\\/\\\/cisternsolutions.eu\\\/es\\\/#\\\/schema\\\/logo\\\/image\\\/\"}}]}<\/script>\n<!-- \/ Yoast SEO plugin. -->","yoast_head_json":{"title":"Especialista en renovaci\u00f3n de tanques y cisternas | Cistern Solutions Sweden","description":"Cistern Solutions Sweden - especialistas en renovar dep\u00f3sitos y cisternas. Ponte en contacto con nosotros hoy mismo para que te ayudemos con tus necesidades.","robots":{"index":"index","follow":"follow","max-snippet":"max-snippet:-1","max-image-preview":"max-image-preview:large","max-video-preview":"max-video-preview:-1"},"canonical":"https:\/\/cisternsolutions.eu\/es\/sobre-nosotros\/","og_locale":"es_ES","og_type":"article","og_title":"Especialista en renovaci\u00f3n de tanques y cisternas | Cistern Solutions Sweden","og_description":"Cistern Solutions Sweden - especialistas en renovar dep\u00f3sitos y cisternas. Ponte en contacto con nosotros hoy mismo para que te ayudemos con tus necesidades.","og_url":"https:\/\/cisternsolutions.eu\/es\/sobre-nosotros\/","og_site_name":"Cistern Solutions Sweden","article_modified_time":"2024-10-24T12:38:11+00:00","twitter_card":"summary_large_image","twitter_misc":{"Tiempo de lectura":"2 minutos"},"schema":{"@context":"https:\/\/schema.org","@graph":[{"@type":"WebPage","@id":"https:\/\/cisternsolutions.eu\/es\/sobre-nosotros\/","url":"https:\/\/cisternsolutions.eu\/es\/sobre-nosotros\/","name":"Especialista en renovaci\u00f3n de tanques y cisternas | Cistern Solutions Sweden","isPartOf":{"@id":"https:\/\/cisternsolutions.eu\/es\/#website"},"datePublished":"2023-12-07T16:00:29+00:00","dateModified":"2024-10-24T12:38:11+00:00","description":"Cistern Solutions Sweden - especialistas en renovar dep\u00f3sitos y cisternas. Ponte en contacto con nosotros hoy mismo para que te ayudemos con tus necesidades.","breadcrumb":{"@id":"https:\/\/cisternsolutions.eu\/es\/sobre-nosotros\/#breadcrumb"},"inLanguage":"es","potentialAction":[{"@type":"ReadAction","target":["https:\/\/cisternsolutions.eu\/es\/sobre-nosotros\/"]}]},{"@type":"BreadcrumbList","@id":"https:\/\/cisternsolutions.eu\/es\/sobre-nosotros\/#breadcrumb","itemListElement":[{"@type":"ListItem","position":1,"name":"Hem","item":"https:\/\/cisternsolutions.eu\/es\/pagina-de-inicio\/"},{"@type":"ListItem","position":2,"name":"Sobre nosotros"}]},{"@type":"WebSite","@id":"https:\/\/cisternsolutions.eu\/es\/#website","url":"https:\/\/cisternsolutions.eu\/es\/","name":"Cistern Solutions Sweden","description":"Cistern Solutions Sweden","publisher":{"@id":"https:\/\/cisternsolutions.eu\/es\/#organization"},"potentialAction":[{"@type":"SearchAction","target":{"@type":"EntryPoint","urlTemplate":"https:\/\/cisternsolutions.eu\/es\/?s={search_term_string}"},"query-input":{"@type":"PropertyValueSpecification","valueRequired":true,"valueName":"search_term_string"}}],"inLanguage":"es"},{"@type":"Organization","@id":"https:\/\/cisternsolutions.eu\/es\/#organization","name":"| Cistern Solutions Sweden AB","url":"https:\/\/cisternsolutions.eu\/es\/","logo":{"@type":"ImageObject","inLanguage":"es","@id":"https:\/\/cisternsolutions.eu\/es\/#\/schema\/logo\/image\/","url":"https:\/\/cisternsolutions.eu\/wp-content\/uploads\/2023\/11\/CisternSolutions_orginal-logo.png","contentUrl":"https:\/\/cisternsolutions.eu\/wp-content\/uploads\/2023\/11\/CisternSolutions_orginal-logo.png","width":1045,"height":293,"caption":"| Cistern Solutions Sweden AB"},"image":{"@id":"https:\/\/cisternsolutions.eu\/es\/#\/schema\/logo\/image\/"}}]}},"_links":{"self":[{"href":"https:\/\/cisternsolutions.eu\/es\/wp-json\/wp\/v2\/pages\/7729","targetHints":{"allow":["GET"]}}],"collection":[{"href":"https:\/\/cisternsolutions.eu\/es\/wp-json\/wp\/v2\/pages"}],"about":[{"href":"https:\/\/cisternsolutions.eu\/es\/wp-json\/wp\/v2\/types\/page"}],"author":[{"embeddable":true,"href":"https:\/\/cisternsolutions.eu\/es\/wp-json\/wp\/v2\/users\/4"}],"replies":[{"embeddable":true,"href":"https:\/\/cisternsolutions.eu\/es\/wp-json\/wp\/v2\/comments?post=7729"}],"version-history":[{"count":1,"href":"https:\/\/cisternsolutions.eu\/es\/wp-json\/wp\/v2\/pages\/7729\/revisions"}],"predecessor-version":[{"id":7731,"href":"https:\/\/cisternsolutions.eu\/es\/wp-json\/wp\/v2\/pages\/7729\/revisions\/7731"}],"wp:attachment":[{"href":"https:\/\/cisternsolutions.eu\/es\/wp-json\/wp\/v2\/media?parent=7729"}],"curies":[{"name":"wp","href":"https:\/\/api.w.org\/{rel}","templated":true}]}}