{"id":5321,"date":"2024-03-05T14:36:38","date_gmt":"2024-03-05T13:36:38","guid":{"rendered":"https:\/\/cisternsolutions.eu\/sprinkler-tanks\/"},"modified":"2026-01-09T09:26:19","modified_gmt":"2026-01-09T08:26:19","slug":"sprinkler-tanks","status":"publish","type":"page","link":"https:\/\/cisternsolutions.eu\/en\/sprinkler-tanks\/","title":{"rendered":"Sprinkler tanks"},"content":{"rendered":"\r\n<h1>Sprinkler tanks<\/h1>\r\n<p>&#8211; a key part of fire protection<\/p>\r\n<h2>Keep the sprinkler tank in good condition<\/h2>\r\n<p>Sprinkler tanks are everywhere &#8211; at industrial sites, department stores, warehouses and other buildings where good fire protection is required. They are available in a wide variety of designs in terms of wall materials, insulation or fa\u00e7ade cladding. Sprinkler tanks are available in plastic and sheet steel, they can be round or square. Some are insulated and located outdoors above ground, others are uninsulated and located indoors. In shopping centers, it is not uncommon for the sprinkler tank to be buried under the building.<\/p>\r\n<p>In common, they must meet the requirements of ISO 6182-1:2021. On the day it really counts, a sprinkler tank must be able to deliver. Are you sure your sprinkler tank is delivering?<\/p>\r\n<p><em>*) Please note that all references to regulations, laws and authorities on the website apply to Sweden and Swedish conditions. <\/em><\/p>\r\n<h3>Contact me!<\/h3>\r\n<form id=\"fluentform_6\" method=\"POST\" data-form_id=\"6\" data-form_instance=\"ff_form_instance_6_1\" data-recptcha_key=\"6LclVsMpAAAAALbQlfjI40nUI01kkMo-WKOg0nvc\"><fieldset><legend>Quick Contact Form EN<\/legend><input name=\"__fluent_form_embded_post_id\" type=\"hidden\" value=\"5321\" \/><input id=\"_fluentform_6_fluentformnonce\" name=\"_fluentform_6_fluentformnonce\" type=\"hidden\" value=\"08da1cd4b5\" \/><input name=\"_wp_http_referer\" type=\"hidden\" value=\"\/en\/?page_id=5321&amp;fl_builder\" \/><input id=\"ff_6_names_first_name_\" name=\"names[first_name]\" type=\"text\" placeholder=\"First and last name ...\" aria-invalid=\"false\" aria-required=\"true\/\" \/><input id=\"ff_6_email\" name=\"email\" type=\"email\" placeholder=\"Email me at ...\" data-name=\"email\" aria-invalid=\"false\" aria-required=\"true\/\" \/><textarea id=\"ff_6_message\" cols=\"2\" name=\"message\" rows=\"4\" placeholder=\"Contact me about ...\" aria-invalid=\"false\" aria-required=\"true\" data-name=\"message\"><\/textarea><label class=\"ff-el-form-check-label ff_tc_label\" for=\"gdpr-agreement_8398e5e4618bb7fe39b6fb8255681458\" aria-label=\"terms &amp; conditions\"><input id=\"gdpr-agreement_8398e5e4618bb7fe39b6fb8255681458\" name=\"gdpr-agreement\" type=\"checkbox\" value=\"on\" data-name=\"gdpr-agreement\" aria-invalid=\"false\" aria-required=\"true\/\" \/> I consent to this website storing my submitted information so they can respond to my request. The information is stored for 1 year.<\/label><button type=\"submit\">Send<\/button><\/fieldset><\/form>\r\n<h3>Common problems:<\/h3>\r\n<ul>\r\n<li>Corrosion<\/li>\r\n<li>Sediment at the bottom<\/li>\r\n<li>Leakage<\/li>\r\n<\/ul>\r\n<h2>Common problems with sprinkler tanks<\/h2>\r\n<p><img decoding=\"async\" title=\"korrosion_i_tank_02\" src=\"https:\/\/cisternsolutions.eu\/wp-content\/uploads\/2024\/02\/korrosion_i_tank_02.jpg\" sizes=\"(max-width: 700px) 100vw, 700px\" srcset=\"https:\/\/cisternsolutions.eu\/wp-content\/uploads\/2024\/02\/korrosion_i_tank_02.jpg 700w, https:\/\/cisternsolutions.eu\/wp-content\/uploads\/2024\/02\/korrosion_i_tank_02-300x171.jpg 300w\" alt=\"korrosion_i_tank_02\" width=\"700\" height=\"400\" \/><\/p>\r\n<p>A sprinkler tank is a necessary component of any fire protection system. This is obvious. Yet it is easy for the inspection and maintenance of sprinkler tanks to be overlooked. The law only requires tanks to be inspected every 10 years. This is a very long interval if the sprinkler tank is attacked by rust.<\/p>\r\n<p>A common problem is corrosion. Corrosion can cause structural damage to the tank, making it unstable and even dangerous.<\/p>\r\n<p>If the rust is allowed to run rampant, the tank can burst and leak. If the tank is outside, the water leak may not cause much damage. But is there enough water left to extinguish a fire?<\/p>\r\n<p>A leaking indoor sprinkler tank can cause expensive water damage. In the worst case scenario, it may not be possible to use the premises for some time, which can also be costly.<\/p>\r\n<p>Another problem is sediment and debris accumulating at the bottom of the tank. If the alarm goes off and the sprinkler system is activated, there is a high risk of sediment being sucked in and blocking the water supply.<\/p>\r\n<h2>What causes problems in sprinkler tanks?<\/h2>\r\n<p><img decoding=\"async\" title=\"galvanisk-korrosion_01\" src=\"https:\/\/cisternsolutions.eu\/wp-content\/uploads\/2024\/03\/galvanisk-korrosion_01.jpg\" sizes=\"(max-width: 700px) 100vw, 700px\" srcset=\"https:\/\/cisternsolutions.eu\/wp-content\/uploads\/2024\/03\/galvanisk-korrosion_01.jpg 700w, https:\/\/cisternsolutions.eu\/wp-content\/uploads\/2024\/03\/galvanisk-korrosion_01-300x171.jpg 300w\" alt=\"galvanisk-korrosion_01\" width=\"700\" height=\"400\" \/><\/p>\r\n<p>Both the design of the tank and the water in it can contribute to corrosion and sediment.<\/p>\r\n<p>For example, stainless steel pipes in a sheet steel sprinkler tank can cause galvanic corrosion. Acidic rainwater can lower the water&#8217;s pH and increase the risk of corrosion.<\/p>\r\n<p>Water with high oxygen content can also accelerate corrosion. If the water in the tank comes from a lake or the municipal water network, it has a relatively high oxygen content. The presence of microorganisms in the water also increases the risk of microbial growth. Bacteria and algae are known to thrive in moist and dark environments.<\/p>\r\n<h2>We can renovate your sprinkler tank<\/h2>\r\n<p>To avoid corrosion and leakage, regular and frequent inspections are essential. An underwater drone gives us a good overview of the condition of the tank without having to empty it.<\/p>\r\n<p>If the sprinkler tank is damaged, we can give it a new life using reinforced epoxy. The coating protects the steel sheet from water. The epoxy coating also strengthens the structure. Basically, you get a new tank inside the old one that will last for a very long time.<\/p>\r\n<p>At Cistern Solutions Sweden, we can also fix other damage on or around the sprinkler tank.<\/p>\r\n<p><strong>Ensure safe fire protection by keeping the sprinkler tank in good condition. Please contact us for an inspection and suggestions for action.<\/strong><\/p>\r\n<h3>I want to know more about sprinkler tank renovation<\/h3>\r\n<form id=\"fluentform_4\" method=\"POST\" data-form_id=\"4\" data-form_instance=\"ff_form_instance_4_2\" data-recptcha_key=\"6LclVsMpAAAAALbQlfjI40nUI01kkMo-WKOg0nvc\"><fieldset><legend>Contact Form &#8211; EN<\/legend><input name=\"__fluent_form_embded_post_id\" type=\"hidden\" value=\"5321\" \/><input id=\"_fluentform_4_fluentformnonce\" name=\"_fluentform_4_fluentformnonce\" type=\"hidden\" value=\"08da1cd4b5\" \/><input name=\"_wp_http_referer\" type=\"hidden\" value=\"\/en\/?page_id=5321&amp;fl_builder\" \/><label for=\"ff_4_2_names_first_name_\" aria-label=\"My name\">My name<\/label><input id=\"ff_4_2_names_first_name_\" name=\"names[first_name]\" type=\"text\" placeholder=\"First and last name ...\" aria-invalid=\"false\" aria-required=\"true\/\" \/><label for=\"ff_4_2_input_text\" aria-label=\"Company\">Company<\/label><input id=\"ff_4_2_input_text\" name=\"input_text\" type=\"text\" placeholder=\"I work ...\" data-name=\"input_text\" aria-invalid=\"false\" aria-required=\"true\/\" \/><label for=\"ff_4_2_email\" aria-label=\"Email address\">Email address<\/label><input id=\"ff_4_2_email\" name=\"email\" type=\"email\" placeholder=\"Email me at ...\" data-name=\"email\" aria-invalid=\"false\" aria-required=\"true\/\" \/><label for=\"ff_4_2_phone\" aria-label=\"Phone number\">Phone number<\/label><input id=\"ff_4_2_phone\" name=\"phone\" type=\"tel\" placeholder=\"My number ...\" data-name=\"phone\" aria-invalid=\"false\" aria-required=\"true\/\" \/><label for=\"ff_4_2_subject\" aria-label=\"Subject\">Subject<\/label><input id=\"ff_4_2_subject\" name=\"subject\" type=\"text\" placeholder=\"I am interested in ....\" data-name=\"subject\" aria-invalid=\"false\" aria-required=\"true\/\" \/><label aria-label=\"Type of tank\">Type of tank<\/label><label class=\"ff-el-form-check-label\" for=\"checkbox_1_0e184b79879a390ec039a124b552a9b9\"><input id=\"checkbox_1_0e184b79879a390ec039a124b552a9b9\" name=\"checkbox_1[]\" type=\"checkbox\" value=\"Sprinkler tank\" data-name=\"checkbox_1\" aria-label=\"Sprinkler tank\" aria-invalid=\"false\" aria-required=\"false\/\" \/> Sprinkler tank<\/label><label class=\"ff-el-form-check-label\" for=\"checkbox_1_77f2a82170264aa1f92cdccbe562806e\"><input id=\"checkbox_1_77f2a82170264aa1f92cdccbe562806e\" name=\"checkbox_1[]\" type=\"checkbox\" value=\"Process tank\" data-name=\"checkbox_1\" aria-label=\"Process tank\" aria-invalid=\"false\" aria-required=\"false\/\" \/> Process tank<\/label><label class=\"ff-el-form-check-label\" for=\"checkbox_1_b1893ac779a558e23ee8747e345b7284\"><input id=\"checkbox_1_b1893ac779a558e23ee8747e345b7284\" name=\"checkbox_1[]\" type=\"checkbox\" value=\"Other tank\" data-name=\"checkbox_1\" aria-label=\"Other tank\" aria-invalid=\"false\" aria-required=\"false\/\" \/> Other tank<\/label><label aria-label=\"Service\">Service<\/label><label class=\"ff-el-form-check-label\" for=\"checkbox_e3b65a9a9102976538ccc0d1a28a5d99\"><input id=\"checkbox_e3b65a9a9102976538ccc0d1a28a5d99\" name=\"checkbox[]\" type=\"checkbox\" value=\"Inspection\" data-name=\"checkbox\" aria-label=\"Inspection\" aria-invalid=\"false\" aria-required=\"false\/\" \/> Inspection<\/label><label class=\"ff-el-form-check-label\" for=\"checkbox_ba8f8cdd45633d169eaca40081d97faf\"><input id=\"checkbox_ba8f8cdd45633d169eaca40081d97faf\" name=\"checkbox[]\" type=\"checkbox\" value=\"Renovation\" data-name=\"checkbox\" aria-label=\"Renovation\" aria-invalid=\"false\" aria-required=\"false\/\" \/> Renovation<\/label><label class=\"ff-el-form-check-label\" for=\"checkbox_3ef15f9b84cd7389f1aef1f1c3a5d999\"><input id=\"checkbox_3ef15f9b84cd7389f1aef1f1c3a5d999\" name=\"checkbox[]\" type=\"checkbox\" value=\"Other\" data-name=\"checkbox\" aria-label=\"Other\" aria-invalid=\"false\" aria-required=\"false\/\" \/> Other<\/label><label for=\"ff_4_2_multi_select_1\" aria-label=\"Number of tanks\">Number of tanks<\/label><select id=\"ff_4_2_multi_select_1\" multiple=\"multiple\" name=\"multi_select_1[]\" data-name=\"multi_select_1\" data-calc_value=\"0\" aria-invalid=\"false\" aria-required=\"false\">\r\n<option value=\"\">Number of tanks<\/option>\r\n<option value=\"0\">0<\/option>\r\n<option value=\"1\">1<\/option>\r\n<option value=\"2\">2<\/option>\r\n<option value=\"3\">3<\/option>\r\n<option value=\"4\">4<\/option>\r\n<option value=\"5\">5<\/option>\r\n<option value=\"6\">6<\/option>\r\n<option value=\"7\">7<\/option>\r\n<option value=\"8\">8<\/option>\r\n<option value=\"9\">9<\/option>\r\n<option value=\"10 eller fler\">10 eller fler<\/option>\r\n<\/select><label for=\"ff_4_2_message\" aria-label=\"Message\">Message<\/label><textarea id=\"ff_4_2_message\" cols=\"2\" name=\"message\" rows=\"4\" placeholder=\"Additional questions or comments....\" aria-invalid=\"false\" aria-required=\"true\" data-name=\"message\"><\/textarea><label class=\"ff-el-form-check-label ff_tc_label\" for=\"gdpr-agreement_f777f0457b6b79f2ae58e23192072785\" aria-label=\"terms &amp; conditions\"><input id=\"gdpr-agreement_f777f0457b6b79f2ae58e23192072785\" name=\"gdpr-agreement\" type=\"checkbox\" value=\"on\" data-name=\"gdpr-agreement\" aria-invalid=\"false\" aria-required=\"true\/\" \/> I consent to this website storing my submitted information so they can respond to my request. The information is stored for 1 year.<\/label><button type=\"submit\">Send<\/button><\/fieldset><\/form>","protected":false},"excerpt":{"rendered":"<p>Sprinklertankar m\u00e5ste fungera om det b\u00f6rjar brinna. Inspektera ofta f\u00f6r att s\u00e4kra branddkyddet. <\/p>\n","protected":false},"author":4,"featured_media":5256,"parent":0,"menu_order":0,"comment_status":"closed","ping_status":"closed","template":"","meta":{"footnotes":""},"class_list":["post-5321","page","type-page","status-publish","has-post-thumbnail"],"yoast_head":"<!-- This site is optimized with the Yoast SEO plugin v27.4 - https:\/\/yoast.com\/product\/yoast-seo-wordpress\/ -->\n<title>Sprinkler tanks, central to fire protection | Cistern Solutions Sweden<\/title>\n<meta name=\"description\" content=\"Sprinkler tanks are essential for safe fire protection. Keep the sprinkler tank in good condition by inspecting it frequently! How we help you ...\" \/>\n<meta name=\"robots\" content=\"index, follow, max-snippet:-1, max-image-preview:large, max-video-preview:-1\" \/>\n<link rel=\"canonical\" href=\"https:\/\/cisternsolutions.eu\/en\/sprinkler-tanks\/\" \/>\n<meta property=\"og:locale\" content=\"en_US\" \/>\n<meta property=\"og:type\" content=\"article\" \/>\n<meta property=\"og:title\" content=\"Sprinkler tanks, central to fire protection | Cistern Solutions Sweden\" \/>\n<meta property=\"og:description\" content=\"Sprinkler tanks are essential for safe fire protection. Keep the sprinkler tank in good condition by inspecting it frequently! How we help you ...\" \/>\n<meta property=\"og:url\" content=\"https:\/\/cisternsolutions.eu\/en\/sprinkler-tanks\/\" \/>\n<meta property=\"og:site_name\" content=\"Cistern Solutions Sweden\" \/>\n<meta property=\"article:modified_time\" content=\"2026-01-09T08:26:19+00:00\" \/>\n<meta property=\"og:image\" content=\"https:\/\/cisternsolutions.eu\/wp-content\/uploads\/2024\/03\/sprinklertankar.jpg\" \/>\n\t<meta property=\"og:image:width\" content=\"1920\" \/>\n\t<meta property=\"og:image:height\" content=\"526\" \/>\n\t<meta property=\"og:image:type\" content=\"image\/jpeg\" \/>\n<meta name=\"twitter:card\" content=\"summary_large_image\" \/>\n<meta name=\"twitter:label1\" content=\"Est. reading time\" \/>\n\t<meta name=\"twitter:data1\" content=\"4 minutes\" \/>\n<script type=\"application\/ld+json\" class=\"yoast-schema-graph\">{\"@context\":\"https:\\\/\\\/schema.org\",\"@graph\":[{\"@type\":\"WebPage\",\"@id\":\"https:\\\/\\\/cisternsolutions.eu\\\/en\\\/sprinkler-tanks\\\/\",\"url\":\"https:\\\/\\\/cisternsolutions.eu\\\/en\\\/sprinkler-tanks\\\/\",\"name\":\"Sprinkler tanks, central to fire protection | Cistern Solutions Sweden\",\"isPartOf\":{\"@id\":\"https:\\\/\\\/cisternsolutions.eu\\\/en\\\/#website\"},\"primaryImageOfPage\":{\"@id\":\"https:\\\/\\\/cisternsolutions.eu\\\/en\\\/sprinkler-tanks\\\/#primaryimage\"},\"image\":{\"@id\":\"https:\\\/\\\/cisternsolutions.eu\\\/en\\\/sprinkler-tanks\\\/#primaryimage\"},\"thumbnailUrl\":\"https:\\\/\\\/cisternsolutions.eu\\\/wp-content\\\/uploads\\\/2024\\\/03\\\/sprinklertankar.jpg\",\"datePublished\":\"2024-03-05T13:36:38+00:00\",\"dateModified\":\"2026-01-09T08:26:19+00:00\",\"description\":\"Sprinkler tanks are essential for safe fire protection. Keep the sprinkler tank in good condition by inspecting it frequently! How we help you ...\",\"breadcrumb\":{\"@id\":\"https:\\\/\\\/cisternsolutions.eu\\\/en\\\/sprinkler-tanks\\\/#breadcrumb\"},\"inLanguage\":\"en-US\",\"potentialAction\":[{\"@type\":\"ReadAction\",\"target\":[\"https:\\\/\\\/cisternsolutions.eu\\\/en\\\/sprinkler-tanks\\\/\"]}]},{\"@type\":\"ImageObject\",\"inLanguage\":\"en-US\",\"@id\":\"https:\\\/\\\/cisternsolutions.eu\\\/en\\\/sprinkler-tanks\\\/#primaryimage\",\"url\":\"https:\\\/\\\/cisternsolutions.eu\\\/wp-content\\\/uploads\\\/2024\\\/03\\\/sprinklertankar.jpg\",\"contentUrl\":\"https:\\\/\\\/cisternsolutions.eu\\\/wp-content\\\/uploads\\\/2024\\\/03\\\/sprinklertankar.jpg\",\"width\":1920,\"height\":526},{\"@type\":\"BreadcrumbList\",\"@id\":\"https:\\\/\\\/cisternsolutions.eu\\\/en\\\/sprinkler-tanks\\\/#breadcrumb\",\"itemListElement\":[{\"@type\":\"ListItem\",\"position\":1,\"name\":\"Hem\",\"item\":\"https:\\\/\\\/cisternsolutions.eu\\\/en\\\/\"},{\"@type\":\"ListItem\",\"position\":2,\"name\":\"Sprinkler tanks\"}]},{\"@type\":\"WebSite\",\"@id\":\"https:\\\/\\\/cisternsolutions.eu\\\/en\\\/#website\",\"url\":\"https:\\\/\\\/cisternsolutions.eu\\\/en\\\/\",\"name\":\"Cistern Solutions Sweden\",\"description\":\"Cistern Solutions Sweden\",\"publisher\":{\"@id\":\"https:\\\/\\\/cisternsolutions.eu\\\/en\\\/#organization\"},\"potentialAction\":[{\"@type\":\"SearchAction\",\"target\":{\"@type\":\"EntryPoint\",\"urlTemplate\":\"https:\\\/\\\/cisternsolutions.eu\\\/en\\\/?s={search_term_string}\"},\"query-input\":{\"@type\":\"PropertyValueSpecification\",\"valueRequired\":true,\"valueName\":\"search_term_string\"}}],\"inLanguage\":\"en-US\"},{\"@type\":\"Organization\",\"@id\":\"https:\\\/\\\/cisternsolutions.eu\\\/en\\\/#organization\",\"name\":\"| Cistern Solutions Sweden AB\",\"url\":\"https:\\\/\\\/cisternsolutions.eu\\\/en\\\/\",\"logo\":{\"@type\":\"ImageObject\",\"inLanguage\":\"en-US\",\"@id\":\"https:\\\/\\\/cisternsolutions.eu\\\/en\\\/#\\\/schema\\\/logo\\\/image\\\/\",\"url\":\"https:\\\/\\\/cisternsolutions.eu\\\/wp-content\\\/uploads\\\/2023\\\/11\\\/CisternSolutions_orginal-logo.png\",\"contentUrl\":\"https:\\\/\\\/cisternsolutions.eu\\\/wp-content\\\/uploads\\\/2023\\\/11\\\/CisternSolutions_orginal-logo.png\",\"width\":1045,\"height\":293,\"caption\":\"| Cistern Solutions Sweden AB\"},\"image\":{\"@id\":\"https:\\\/\\\/cisternsolutions.eu\\\/en\\\/#\\\/schema\\\/logo\\\/image\\\/\"}}]}<\/script>\n<!-- \/ Yoast SEO plugin. -->","yoast_head_json":{"title":"Sprinkler tanks, central to fire protection | Cistern Solutions Sweden","description":"Sprinkler tanks are essential for safe fire protection. Keep the sprinkler tank in good condition by inspecting it frequently! How we help you ...","robots":{"index":"index","follow":"follow","max-snippet":"max-snippet:-1","max-image-preview":"max-image-preview:large","max-video-preview":"max-video-preview:-1"},"canonical":"https:\/\/cisternsolutions.eu\/en\/sprinkler-tanks\/","og_locale":"en_US","og_type":"article","og_title":"Sprinkler tanks, central to fire protection | Cistern Solutions Sweden","og_description":"Sprinkler tanks are essential for safe fire protection. Keep the sprinkler tank in good condition by inspecting it frequently! How we help you ...","og_url":"https:\/\/cisternsolutions.eu\/en\/sprinkler-tanks\/","og_site_name":"Cistern Solutions Sweden","article_modified_time":"2026-01-09T08:26:19+00:00","og_image":[{"width":1920,"height":526,"url":"https:\/\/cisternsolutions.eu\/wp-content\/uploads\/2024\/03\/sprinklertankar.jpg","type":"image\/jpeg"}],"twitter_card":"summary_large_image","twitter_misc":{"Est. reading time":"4 minutes"},"schema":{"@context":"https:\/\/schema.org","@graph":[{"@type":"WebPage","@id":"https:\/\/cisternsolutions.eu\/en\/sprinkler-tanks\/","url":"https:\/\/cisternsolutions.eu\/en\/sprinkler-tanks\/","name":"Sprinkler tanks, central to fire protection | Cistern Solutions Sweden","isPartOf":{"@id":"https:\/\/cisternsolutions.eu\/en\/#website"},"primaryImageOfPage":{"@id":"https:\/\/cisternsolutions.eu\/en\/sprinkler-tanks\/#primaryimage"},"image":{"@id":"https:\/\/cisternsolutions.eu\/en\/sprinkler-tanks\/#primaryimage"},"thumbnailUrl":"https:\/\/cisternsolutions.eu\/wp-content\/uploads\/2024\/03\/sprinklertankar.jpg","datePublished":"2024-03-05T13:36:38+00:00","dateModified":"2026-01-09T08:26:19+00:00","description":"Sprinkler tanks are essential for safe fire protection. Keep the sprinkler tank in good condition by inspecting it frequently! How we help you ...","breadcrumb":{"@id":"https:\/\/cisternsolutions.eu\/en\/sprinkler-tanks\/#breadcrumb"},"inLanguage":"en-US","potentialAction":[{"@type":"ReadAction","target":["https:\/\/cisternsolutions.eu\/en\/sprinkler-tanks\/"]}]},{"@type":"ImageObject","inLanguage":"en-US","@id":"https:\/\/cisternsolutions.eu\/en\/sprinkler-tanks\/#primaryimage","url":"https:\/\/cisternsolutions.eu\/wp-content\/uploads\/2024\/03\/sprinklertankar.jpg","contentUrl":"https:\/\/cisternsolutions.eu\/wp-content\/uploads\/2024\/03\/sprinklertankar.jpg","width":1920,"height":526},{"@type":"BreadcrumbList","@id":"https:\/\/cisternsolutions.eu\/en\/sprinkler-tanks\/#breadcrumb","itemListElement":[{"@type":"ListItem","position":1,"name":"Hem","item":"https:\/\/cisternsolutions.eu\/en\/"},{"@type":"ListItem","position":2,"name":"Sprinkler tanks"}]},{"@type":"WebSite","@id":"https:\/\/cisternsolutions.eu\/en\/#website","url":"https:\/\/cisternsolutions.eu\/en\/","name":"Cistern Solutions Sweden","description":"Cistern Solutions Sweden","publisher":{"@id":"https:\/\/cisternsolutions.eu\/en\/#organization"},"potentialAction":[{"@type":"SearchAction","target":{"@type":"EntryPoint","urlTemplate":"https:\/\/cisternsolutions.eu\/en\/?s={search_term_string}"},"query-input":{"@type":"PropertyValueSpecification","valueRequired":true,"valueName":"search_term_string"}}],"inLanguage":"en-US"},{"@type":"Organization","@id":"https:\/\/cisternsolutions.eu\/en\/#organization","name":"| Cistern Solutions Sweden AB","url":"https:\/\/cisternsolutions.eu\/en\/","logo":{"@type":"ImageObject","inLanguage":"en-US","@id":"https:\/\/cisternsolutions.eu\/en\/#\/schema\/logo\/image\/","url":"https:\/\/cisternsolutions.eu\/wp-content\/uploads\/2023\/11\/CisternSolutions_orginal-logo.png","contentUrl":"https:\/\/cisternsolutions.eu\/wp-content\/uploads\/2023\/11\/CisternSolutions_orginal-logo.png","width":1045,"height":293,"caption":"| Cistern Solutions Sweden AB"},"image":{"@id":"https:\/\/cisternsolutions.eu\/en\/#\/schema\/logo\/image\/"}}]}},"_links":{"self":[{"href":"https:\/\/cisternsolutions.eu\/en\/wp-json\/wp\/v2\/pages\/5321","targetHints":{"allow":["GET"]}}],"collection":[{"href":"https:\/\/cisternsolutions.eu\/en\/wp-json\/wp\/v2\/pages"}],"about":[{"href":"https:\/\/cisternsolutions.eu\/en\/wp-json\/wp\/v2\/types\/page"}],"author":[{"embeddable":true,"href":"https:\/\/cisternsolutions.eu\/en\/wp-json\/wp\/v2\/users\/4"}],"replies":[{"embeddable":true,"href":"https:\/\/cisternsolutions.eu\/en\/wp-json\/wp\/v2\/comments?post=5321"}],"version-history":[{"count":8,"href":"https:\/\/cisternsolutions.eu\/en\/wp-json\/wp\/v2\/pages\/5321\/revisions"}],"predecessor-version":[{"id":8261,"href":"https:\/\/cisternsolutions.eu\/en\/wp-json\/wp\/v2\/pages\/5321\/revisions\/8261"}],"wp:featuredmedia":[{"embeddable":true,"href":"https:\/\/cisternsolutions.eu\/en\/wp-json\/wp\/v2\/media\/5256"}],"wp:attachment":[{"href":"https:\/\/cisternsolutions.eu\/en\/wp-json\/wp\/v2\/media?parent=5321"}],"curies":[{"name":"wp","href":"https:\/\/api.w.org\/{rel}","templated":true}]}}