{"id":4807,"date":"2016-06-30T11:19:44","date_gmt":"2016-06-30T09:19:44","guid":{"rendered":"https:\/\/cisternsolutions.eu\/quality-environment\/"},"modified":"2024-02-06T10:23:58","modified_gmt":"2024-02-06T09:23:58","slug":"quality-environment","status":"publish","type":"page","link":"https:\/\/cisternsolutions.eu\/en\/quality-environment\/","title":{"rendered":"Quality &amp; Environment"},"content":{"rendered":"\r\n<h1>Kvalitet &amp; milj\u00f6<\/h1>\r\n<p>V\u00e5ra policys<\/p>\r\n<p><strong>Vi vill ta ett tydligt ansvar genom att erbjuda l\u00f6sningar som inte bara l\u00f6ser ett akut problem, resultatet av v\u00e5rt arbete ska vara en kvalitetsprodukt som h\u00e5ller l\u00e4nge. M\u00e5nga g\u00e5nger \u00e4r det mest ekonomiska och ekologiska \u00e4r renovera en tank eller cistern i st\u00e4llet f\u00f6r att installera nytt.<\/strong><\/p>\r\n<p>Vi ser st\u00e4ndigt till att utbilda v\u00e5ra medarbetare genom kvalitets- och milj\u00f6planer. Efter varje projekt inl\u00e4mnas en fullst\u00e4ndig produktredovisning.<\/p>\r\n<p><strong>Egenkontroll<br \/><\/strong>Entreprenaderna kvalitetsdokumenteras. Kontrollen innefattar:<\/p>\r\n<ul>\r\n<li>inledande besiktning<\/li>\r\n<li>genomg\u00e5ng av planerat utf\u00f6rande<\/li>\r\n<li>kontroll av konstruktionens h\u00e5llfasthet<\/li>\r\n<li>temperatur- och dragh\u00e5llfasthet<\/li>\r\n<li>utf\u00f6randet dokumenteras<\/li>\r\n<li>efterbesiktning<\/li>\r\n<\/ul>\r\n<h3>Kvalitetspolicy<\/h3>\r\n<p>H\u00f6gt engagemang ger r\u00e4tt kvalitet i varje uppdrag. Det \u00e4r en sj\u00e4lvklarhet att vi ska n\u00e5 avtalade kvalitetskrav men vi str\u00e4var ocks\u00e5 efter att f\u00e5nga upp kundens outtalade krav och f\u00f6rv\u00e4ntningar.<\/p>\r\n<p>Varje medarbetares yrkesstolthet, kompetens och den samlade erfarenheten inom f\u00f6retaget skall bidra till att varje utf\u00f6rt uppdrag blir till en referens.<\/p>\r\n<p>V\u00e5r gedigna erfarenhet och v\u00e5rt goda samarbete med v\u00e5ra leverant\u00f6rer bidrar till effektiva l\u00f6sningar.<\/p>\r\n<p>Cistern Solutions Sweden AB har en positiv inst\u00e4llning det allm\u00e4nna milj\u00f6arbetet i samh\u00e4llet och vill bidra inom v\u00e5r sektor. Vi har en str\u00e4van att verka i samklang med naturens krav.<\/p>\r\n<h3>Milj\u00f6policy<\/h3>\r\n<p>V\u00e5rt milj\u00f6arbetet sker genom att vi noggrant f\u00f6ljer g\u00e4llande lagar och normer och att agerar p\u00e5 ett ansvarsfullt s\u00e4tt. Vi lyssnar aktivt p\u00e5 v\u00e5ra kunder och deras krav, i v\u00e5r str\u00e4van att st\u00e4ndigt f\u00f6rb\u00e4ttra v\u00e5rt s\u00e4tt att arbeta. P\u00e5 samma s\u00e4tt f\u00f6ljer vi produkttillverkares utvecklingsarbete s\u00e5 att vi kan v\u00e4lja b\u00e4sta, tillg\u00e4ngliga teknik.<\/p>\r\n<p>Vi st\u00e4ller f\u00f6ljande krav p\u00e5 oss sj\u00e4lva:<\/p>\r\n<ul>\r\n<li>Vi utnyttjar naturresurser p\u00e5 ett effektivt s\u00e4tt.<\/li>\r\n<li>Vi hanterar kemikalier och \u00f6vrigt material p\u00e5 ett ansvarsfullt s\u00e4tt.<\/li>\r\n<li>Eget arbete och transporter \u00e4r v\u00e4lorganiserade.<\/li>\r\n<li>F\u00f6rsiktighetsprincipen: Om vi provar nya metoder och material, g\u00f6r vi alltid en noggrann granskning innan vi best\u00e4mmer oss f\u00f6r om vi ska anv\u00e4nda dem.<\/li>\r\n<\/ul>\r\n<h3>Arbetsmilj\u00f6policy<\/h3>\r\n<p>De produkter vi anv\u00e4nder inom Cistern Solutions Sweden AB g\u00f6r det till en sj\u00e4lvklarhet att strikt f\u00f6lja arbetsmilj\u00f6regler.<\/p>\r\n<p>Vi \u00e4r noga med att vara uppm\u00e4rksamma \u00e4ven n\u00e4r det g\u00e4ller s\u00e5dant som kan verka sj\u00e4lvklart. Genom ett korrekt arbetsutf\u00f6rande undanr\u00f6jer vi eventuella risker. Uppm\u00e4rksamhet inneb\u00e4r att vi inte heller uts\u00e4tter utomst\u00e5ende f\u00f6r risker.<\/p>\r\n<p>En god arbetsmilj\u00f6 inbegriper mycket mer \u00e4n att bara f\u00f6lja strikta arbetsmilj\u00f6regler. Den f\u00f6ruts\u00e4tter att v\u00e5ra medarbetare trivs p\u00e5 jobbet och har m\u00f6jlighet att utvecklas i sin arbetsroll. Genom att vara lyh\u00f6rda f\u00f6r varandras synpunkter skapar vi trivsel och utvecklingsm\u00f6jligheter.<\/p>\r\n","protected":false},"excerpt":{"rendered":"<p>Kvalitet &amp; milj\u00f6 V\u00e5ra policys Vi vill ta ett tydligt ansvar genom att erbjuda l\u00f6sningar som inte bara l\u00f6ser ett akut problem, resultatet av v\u00e5rt arbete ska vara en kvalitetsprodukt som h\u00e5ller l\u00e4nge. M\u00e5nga g\u00e5nger \u00e4r det mest ekonomiska och ekologiska \u00e4r renovera en tank eller cistern i st\u00e4llet f\u00f6r &#8230; <a title=\"Quality &amp; Environment\" class=\"read-more\" href=\"https:\/\/cisternsolutions.eu\/en\/quality-environment\/\" aria-label=\"Read more about Quality &amp; Environment\">L\u00e4s mer<\/a><\/p>\n","protected":false},"author":4,"featured_media":0,"parent":0,"menu_order":0,"comment_status":"closed","ping_status":"closed","template":"","meta":{"footnotes":""},"class_list":["post-4807","page","type-page","status-publish"],"yoast_head":"<!-- This site is optimized with the Yoast SEO plugin v27.4 - https:\/\/yoast.com\/product\/yoast-seo-wordpress\/ -->\n<title>Cistern renovation with the highest quality | Cistern Solutions Sweden<\/title>\n<meta name=\"description\" content=\"At Cistern Solutions Sweden AB we work hard with quality and environmental aspects. Read more about our commitment to quality and the environment.\" \/>\n<meta name=\"robots\" content=\"index, follow, max-snippet:-1, max-image-preview:large, max-video-preview:-1\" \/>\n<link rel=\"canonical\" href=\"https:\/\/cisternsolutions.eu\/en\/quality-environment\/\" \/>\n<meta property=\"og:locale\" content=\"en_US\" \/>\n<meta property=\"og:type\" content=\"article\" \/>\n<meta property=\"og:title\" content=\"Cistern renovation with the highest quality | Cistern Solutions Sweden\" \/>\n<meta property=\"og:description\" content=\"At Cistern Solutions Sweden AB we work hard with quality and environmental aspects. Read more about our commitment to quality and the environment.\" \/>\n<meta property=\"og:url\" content=\"https:\/\/cisternsolutions.eu\/en\/quality-environment\/\" \/>\n<meta property=\"og:site_name\" content=\"Cistern Solutions Sweden\" \/>\n<meta property=\"article:modified_time\" content=\"2024-02-06T09:23:58+00:00\" \/>\n<meta name=\"twitter:card\" content=\"summary_large_image\" \/>\n<meta name=\"twitter:label1\" content=\"Est. reading time\" \/>\n\t<meta name=\"twitter:data1\" content=\"2 minutes\" \/>\n<script type=\"application\/ld+json\" class=\"yoast-schema-graph\">{\"@context\":\"https:\\\/\\\/schema.org\",\"@graph\":[{\"@type\":\"WebPage\",\"@id\":\"https:\\\/\\\/cisternsolutions.eu\\\/en\\\/quality-environment\\\/\",\"url\":\"https:\\\/\\\/cisternsolutions.eu\\\/en\\\/quality-environment\\\/\",\"name\":\"Cistern renovation with the highest quality | Cistern Solutions Sweden\",\"isPartOf\":{\"@id\":\"https:\\\/\\\/cisternsolutions.eu\\\/en\\\/#website\"},\"datePublished\":\"2016-06-30T09:19:44+00:00\",\"dateModified\":\"2024-02-06T09:23:58+00:00\",\"description\":\"At Cistern Solutions Sweden AB we work hard with quality and environmental aspects. Read more about our commitment to quality and the environment.\",\"breadcrumb\":{\"@id\":\"https:\\\/\\\/cisternsolutions.eu\\\/en\\\/quality-environment\\\/#breadcrumb\"},\"inLanguage\":\"en-US\",\"potentialAction\":[{\"@type\":\"ReadAction\",\"target\":[\"https:\\\/\\\/cisternsolutions.eu\\\/en\\\/quality-environment\\\/\"]}]},{\"@type\":\"BreadcrumbList\",\"@id\":\"https:\\\/\\\/cisternsolutions.eu\\\/en\\\/quality-environment\\\/#breadcrumb\",\"itemListElement\":[{\"@type\":\"ListItem\",\"position\":1,\"name\":\"Hem\",\"item\":\"https:\\\/\\\/cisternsolutions.eu\\\/en\\\/\"},{\"@type\":\"ListItem\",\"position\":2,\"name\":\"Quality &amp; Environment\"}]},{\"@type\":\"WebSite\",\"@id\":\"https:\\\/\\\/cisternsolutions.eu\\\/en\\\/#website\",\"url\":\"https:\\\/\\\/cisternsolutions.eu\\\/en\\\/\",\"name\":\"Cistern Solutions Sweden\",\"description\":\"Cistern Solutions Sweden\",\"publisher\":{\"@id\":\"https:\\\/\\\/cisternsolutions.eu\\\/en\\\/#organization\"},\"potentialAction\":[{\"@type\":\"SearchAction\",\"target\":{\"@type\":\"EntryPoint\",\"urlTemplate\":\"https:\\\/\\\/cisternsolutions.eu\\\/en\\\/?s={search_term_string}\"},\"query-input\":{\"@type\":\"PropertyValueSpecification\",\"valueRequired\":true,\"valueName\":\"search_term_string\"}}],\"inLanguage\":\"en-US\"},{\"@type\":\"Organization\",\"@id\":\"https:\\\/\\\/cisternsolutions.eu\\\/en\\\/#organization\",\"name\":\"| Cistern Solutions Sweden AB\",\"url\":\"https:\\\/\\\/cisternsolutions.eu\\\/en\\\/\",\"logo\":{\"@type\":\"ImageObject\",\"inLanguage\":\"en-US\",\"@id\":\"https:\\\/\\\/cisternsolutions.eu\\\/en\\\/#\\\/schema\\\/logo\\\/image\\\/\",\"url\":\"https:\\\/\\\/cisternsolutions.eu\\\/wp-content\\\/uploads\\\/2023\\\/11\\\/CisternSolutions_orginal-logo.png\",\"contentUrl\":\"https:\\\/\\\/cisternsolutions.eu\\\/wp-content\\\/uploads\\\/2023\\\/11\\\/CisternSolutions_orginal-logo.png\",\"width\":1045,\"height\":293,\"caption\":\"| Cistern Solutions Sweden AB\"},\"image\":{\"@id\":\"https:\\\/\\\/cisternsolutions.eu\\\/en\\\/#\\\/schema\\\/logo\\\/image\\\/\"}}]}<\/script>\n<!-- \/ Yoast SEO plugin. -->","yoast_head_json":{"title":"Cistern renovation with the highest quality | Cistern Solutions Sweden","description":"At Cistern Solutions Sweden AB we work hard with quality and environmental aspects. Read more about our commitment to quality and the environment.","robots":{"index":"index","follow":"follow","max-snippet":"max-snippet:-1","max-image-preview":"max-image-preview:large","max-video-preview":"max-video-preview:-1"},"canonical":"https:\/\/cisternsolutions.eu\/en\/quality-environment\/","og_locale":"en_US","og_type":"article","og_title":"Cistern renovation with the highest quality | Cistern Solutions Sweden","og_description":"At Cistern Solutions Sweden AB we work hard with quality and environmental aspects. Read more about our commitment to quality and the environment.","og_url":"https:\/\/cisternsolutions.eu\/en\/quality-environment\/","og_site_name":"Cistern Solutions Sweden","article_modified_time":"2024-02-06T09:23:58+00:00","twitter_card":"summary_large_image","twitter_misc":{"Est. reading time":"2 minutes"},"schema":{"@context":"https:\/\/schema.org","@graph":[{"@type":"WebPage","@id":"https:\/\/cisternsolutions.eu\/en\/quality-environment\/","url":"https:\/\/cisternsolutions.eu\/en\/quality-environment\/","name":"Cistern renovation with the highest quality | Cistern Solutions Sweden","isPartOf":{"@id":"https:\/\/cisternsolutions.eu\/en\/#website"},"datePublished":"2016-06-30T09:19:44+00:00","dateModified":"2024-02-06T09:23:58+00:00","description":"At Cistern Solutions Sweden AB we work hard with quality and environmental aspects. Read more about our commitment to quality and the environment.","breadcrumb":{"@id":"https:\/\/cisternsolutions.eu\/en\/quality-environment\/#breadcrumb"},"inLanguage":"en-US","potentialAction":[{"@type":"ReadAction","target":["https:\/\/cisternsolutions.eu\/en\/quality-environment\/"]}]},{"@type":"BreadcrumbList","@id":"https:\/\/cisternsolutions.eu\/en\/quality-environment\/#breadcrumb","itemListElement":[{"@type":"ListItem","position":1,"name":"Hem","item":"https:\/\/cisternsolutions.eu\/en\/"},{"@type":"ListItem","position":2,"name":"Quality &amp; Environment"}]},{"@type":"WebSite","@id":"https:\/\/cisternsolutions.eu\/en\/#website","url":"https:\/\/cisternsolutions.eu\/en\/","name":"Cistern Solutions Sweden","description":"Cistern Solutions Sweden","publisher":{"@id":"https:\/\/cisternsolutions.eu\/en\/#organization"},"potentialAction":[{"@type":"SearchAction","target":{"@type":"EntryPoint","urlTemplate":"https:\/\/cisternsolutions.eu\/en\/?s={search_term_string}"},"query-input":{"@type":"PropertyValueSpecification","valueRequired":true,"valueName":"search_term_string"}}],"inLanguage":"en-US"},{"@type":"Organization","@id":"https:\/\/cisternsolutions.eu\/en\/#organization","name":"| Cistern Solutions Sweden AB","url":"https:\/\/cisternsolutions.eu\/en\/","logo":{"@type":"ImageObject","inLanguage":"en-US","@id":"https:\/\/cisternsolutions.eu\/en\/#\/schema\/logo\/image\/","url":"https:\/\/cisternsolutions.eu\/wp-content\/uploads\/2023\/11\/CisternSolutions_orginal-logo.png","contentUrl":"https:\/\/cisternsolutions.eu\/wp-content\/uploads\/2023\/11\/CisternSolutions_orginal-logo.png","width":1045,"height":293,"caption":"| Cistern Solutions Sweden AB"},"image":{"@id":"https:\/\/cisternsolutions.eu\/en\/#\/schema\/logo\/image\/"}}]}},"_links":{"self":[{"href":"https:\/\/cisternsolutions.eu\/en\/wp-json\/wp\/v2\/pages\/4807","targetHints":{"allow":["GET"]}}],"collection":[{"href":"https:\/\/cisternsolutions.eu\/en\/wp-json\/wp\/v2\/pages"}],"about":[{"href":"https:\/\/cisternsolutions.eu\/en\/wp-json\/wp\/v2\/types\/page"}],"author":[{"embeddable":true,"href":"https:\/\/cisternsolutions.eu\/en\/wp-json\/wp\/v2\/users\/4"}],"replies":[{"embeddable":true,"href":"https:\/\/cisternsolutions.eu\/en\/wp-json\/wp\/v2\/comments?post=4807"}],"version-history":[{"count":2,"href":"https:\/\/cisternsolutions.eu\/en\/wp-json\/wp\/v2\/pages\/4807\/revisions"}],"predecessor-version":[{"id":4959,"href":"https:\/\/cisternsolutions.eu\/en\/wp-json\/wp\/v2\/pages\/4807\/revisions\/4959"}],"wp:attachment":[{"href":"https:\/\/cisternsolutions.eu\/en\/wp-json\/wp\/v2\/media?parent=4807"}],"curies":[{"name":"wp","href":"https:\/\/api.w.org\/{rel}","templated":true}]}}