{"id":8454,"date":"2025-11-26T15:58:53","date_gmt":"2025-11-26T14:58:53","guid":{"rendered":"https:\/\/cisternsolutions.eu\/hauptseite-2\/"},"modified":"2026-01-29T15:42:30","modified_gmt":"2026-01-29T14:42:30","slug":"hauptseite","status":"publish","type":"page","link":"https:\/\/cisternsolutions.eu\/de\/","title":{"rendered":"Hauptseite"},"content":{"rendered":"\r\n<h1>Vi \u00e4r specialister p\u00e5 tankar och cisterner<\/h1>\r\n<p>  Cistern Solutions verkauft, erneuert und besichtigt Tanks in ganz Europa.<\/p>\r\n<p> <a role=\"button\" href=\"tel:+46%2010-211%2051%2052\" target=\"_self\" aria-label=\"+46 (0)10-211 51 52\"> +46 (0)10-211 51 52 <\/a> <a role=\"button\" href=\"mailto:info@cisternsolutions.se\" target=\"_self\" aria-label=\"info@cisternsolutions.se\"> info@cisternsolutions.se <\/a> <\/p>\r\n<h2>Sprinklertankar byggda f\u00f6r framtidens brandskydd<\/h2>\r\n<p>Cistern Solutions konstruiert und vertreibt Sprinklertanks und Zisternen in allen Bereichen &#8211; von der Industriezisterne bis zum Tank f\u00fcr Boendesprinkler. V\u00e5rt fokus \u00e4r alltid detsamma: maximal drifts\u00e4kerhet, l\u00e5ng livsl\u00e4ngd och minimal milj\u00f6p\u00e5verkan. <\/p>\r\n<p>V\u00e5r unika konstruktion ger starka, t\u00e4ta och flexibla tankar som kan anpassas efter fastighetens behov och framtida krav. Das Ergebnis ist ein System, das ein Minimum an Kosten verursacht und ein hohes Ansehen von Jahr zu Jahr &#8211; und das \u00fcber einen Zeitraum von zehn Jahren &#8211; erzielt. <\/p>\r\n<p>En smart och l\u00e5ngsiktig investering f\u00f6r dig som vill ha ett stabilt, h\u00e5llbart och framtidss\u00e4kert brandskydd.<\/p>\r\n<p><a role=\"button\" target=\"_self\" aria-label=\"Tanktillverkning\">  Tanktillverkning  <\/a><\/p>\r\n<h2>Vi renoverar tankar<\/h2>\r\n<p>Cistern Solutions renoverar sprinklertankar med minimal p\u00e5verkan p\u00e5 drift. Vi tar hand om hela processen &#8211; fr\u00e5n inspektion och planering till genomf\u00f6rande och slutkontroll. <\/p>\r\n<p>Im Rahmen der Renovierung erhalten Sie eine zuverl\u00e4ssige L\u00f6sung, die das Sprinklersystem unter Ihrer Wohnung voll funktionsf\u00e4hig werden l\u00e4sst. Det eliminerar behovet av kostsamma brandvakter och s\u00e4kerst\u00e4ller ett kontinuerligt och godk\u00e4nt brandskydd genom hela renoveringsperioden. <\/p>\r\n<p><a role=\"button\" target=\"_self\" aria-label=\"Renovera tank\">  Renovera Tank  <\/a><\/p>\r\n<h2>Vi besiktigar tankar<\/h2>\r\n<p>Cistern Solutions inspekterar sprinklertankar med avancerade undervattensdr\u00f6nare.<\/p>\r\n<p>Metoden spar tid och pengar samtidigt som du f\u00e5r en konkret \u00f6verblick av eventa skador, korrosion och avlagringar.<\/p>\r\n<p>Mit einem detaillierten Beslutsunderlag k\u00f6nnen Sie Ihr Problem planen und l\u00f6sen.<\/p>\r\n<p><a role=\"button\" target=\"_self\" aria-label=\"Inspektera tank\">  Inspektera Tank  <\/a><\/p>\r\n<h2>Beispiel f\u00fcr eine Tankf\u00fcllung, die Sie gefunden haben<\/h2>\r\n<p>Haben Sie an einem Projekt gearbeitet, das Ihnen gef\u00e4llt? Dann k\u00f6nnen Sie uns sagen, ob Sie ein Problem f\u00fcr Ihren Kunden gel\u00f6st haben.   <\/p>\r\n<h2>Besiktning, renovering eller ny sprinklertank?<\/h2>\r\n<p>Besiktiga du en befintlig sprinklertank? Woher wissen Sie, dass Sie den Sprinklertank renovieren m\u00fcssen? <\/p>\r\n<p>Cistern Solutions kann Ihnen in allen drei Situationen weiterhelfen.<\/p>\r\n<p>Om du beh\u00f6ver installera en helt ny sprinklertank ska du absolut titta p\u00e5 v\u00e5ra svensktillverkade sprinklertankar med fokus p\u00e5 h\u00e5llbarhet och drifts\u00e4kerhet.<\/p>\r\n<p><strong>Fyll i formul\u00e4ret s\u00e5 kontaktar vi dig och g\u00e5r igenom f\u00f6ruts\u00e4ttningar, krav och m\u00f6jliga l\u00f6sningar.<\/strong><\/p>\r\n<form id=\"fluentform_1\" method=\"POST\" data-form_id=\"1\" data-form_instance=\"ff_form_instance_1_1\" data-recptcha_key=\"6LclVsMpAAAAALbQlfjI40nUI01kkMo-WKOg0nvc\"><fieldset><legend>Kontaktformul\u00e4r &#8211; SE<\/legend><input name=\"__fluent_form_embded_post_id\" type=\"hidden\" value=\"8069\"><input id=\"_fluentform_1_fluentformnonce\" name=\"_fluentform_1_fluentformnonce\" type=\"hidden\" value=\"fcde2d9e7f\"><input name=\"_wp_http_referer\" type=\"hidden\" value=\"\/sv\/?page_id=8069&amp;fl_builder\"><label id=\"label_ff_1_names_first_name_\" for=\"ff_1_names_first_name_\">Jag heter &#8230;<\/label><input id=\"ff_1_names_first_name_\" name=\"names[first_name]\" type=\"text\" placeholder=\"F\u00f6r- och efternamn\" aria-invalid=\"false\" aria-required=\"true\/\"><label id=\"label_ff_1_input_text\" for=\"ff_1_input_text\" aria-label=\"F\u00f6retag\">F\u00f6retag<\/label><input id=\"ff_1_input_text\" name=\"input_text\" type=\"text\" placeholder=\"Jag jobbar ...\" data-name=\"input_text\" aria-invalid=\"false\" aria-required=\"true\/\"><label id=\"label_ff_1_email\" for=\"ff_1_email\" aria-label=\"Mejladress\">Mejladress<\/label><input id=\"ff_1_email\" name=\"email\" type=\"email\" placeholder=\"Mejla till mig p\u00e5 ...\" data-name=\"email\" aria-invalid=\"false\" aria-required=\"true\/\"><label id=\"label_ff_1_phone\" for=\"ff_1_phone\" aria-label=\"Telefonnummer\">Telefonnummer<\/label><input id=\"ff_1_phone\" name=\"phone\" type=\"tel\" placeholder=\"Mitt nummer ...\" data-name=\"phone\" aria-invalid=\"false\" aria-required=\"true\/\"><label id=\"label_ff_1_subject\" for=\"ff_1_subject\" aria-label=\"\u00c4mne\">\u00c4mne<\/label><input id=\"ff_1_subject\" name=\"subject\" type=\"text\" placeholder=\"Jag \u00e4r intresserad av ....\" data-name=\"subject\" aria-invalid=\"false\" aria-required=\"true\/\"><label aria-label=\"Typ av tank\">Typ av tank<\/label><label class=\"ff-el-form-check-label\"><input id=\"checkbox_1_11ea235f52ae65af76cb30d1245eaf2c\" name=\"checkbox_1[]\" type=\"checkbox\" value=\"Sprinklertank\" data-name=\"checkbox_1\" aria-label=\"Sprinklertank\" aria-invalid=\"false\" aria-required=\"false\/\">  Sprinklertank<\/label><label class=\"ff-el-form-check-label\"><input id=\"checkbox_1_cec3dd2333584eb6de2bc2e644a68a74\" name=\"checkbox_1[]\" type=\"checkbox\" value=\"Processtank\" data-name=\"checkbox_1\" aria-label=\"Processtank\" aria-invalid=\"false\" aria-required=\"false\/\">  Prozesstank<\/label><label class=\"ff-el-form-check-label\"><input id=\"checkbox_1_29a373548a9fbd9bddc0af5f11aa7d2b\" name=\"checkbox_1[]\" type=\"checkbox\" value=\"Annan tank\" data-name=\"checkbox_1\" aria-label=\"Annan tank\" aria-invalid=\"false\" aria-required=\"false\/\">  Annan-Tank<\/label><label aria-label=\"Tj\u00e4nst\">Tj\u00e4nst  <\/label><label class=\"ff-el-form-check-label\"><input id=\"checkbox_554e8be31bd42ec5d76e8e0619ca98fe\" name=\"checkbox[]\" type=\"checkbox\" value=\"Inspektion\" data-name=\"checkbox\" aria-label=\"Inspektion\" aria-invalid=\"false\" aria-required=\"false\/\">  Inspektion<\/label><label class=\"ff-el-form-check-label\"><input id=\"checkbox_a38634e25b9693d9dcf5cb3ca82f5f5b\" name=\"checkbox[]\" type=\"checkbox\" value=\"Renovering\" data-name=\"checkbox\" aria-label=\"Renovering\" aria-invalid=\"false\" aria-required=\"false\/\">  Renovering<\/label><label class=\"ff-el-form-check-label\"><input id=\"checkbox_4913e1b9f463ef180eab2121698b08c3\" name=\"checkbox[]\" type=\"checkbox\" value=\"Annant\" data-name=\"checkbox\" aria-label=\"Annant\" aria-invalid=\"false\" aria-required=\"false\/\">  Annant<\/label><label id=\"label_ff_1_multi_select_1\" for=\"ff_1_multi_select_1\" aria-label=\"Antal tankar\">Antal tankar<\/label><select id=\"ff_1_multi_select_1\" multiple name=\"multi_select_1[]\" data-name=\"multi_select_1\" data-calc_value=\"0\" aria-invalid=\"false\" aria-required=\"false\" aria-labelledby=\"label_ff_1_multi_select_1\">\r\n<option value=\"\">Antal tankar<\/option>\r\n<option value=\"0\">0<\/option>\r\n<option value=\"1\">1<\/option>\r\n<option value=\"2\">2<\/option>\r\n<option value=\"3\">3<\/option>\r\n<option value=\"4\">4<\/option>\r\n<option value=\"5\">5<\/option>\r\n<option value=\"6\">6<\/option>\r\n<option value=\"7\">7<\/option>\r\n<option value=\"8\">8<\/option>\r\n<option value=\"9\">9<\/option>\r\n<option value=\"10 eller fler\">10 eller fler<\/option>\r\n<\/select><label id=\"label_ff_1_message\" for=\"ff_1_message\" aria-label=\"Meddelande\">Meddelande<\/label><textarea id=\"ff_1_message\" cols=\"2\" name=\"message\" rows=\"4\" placeholder=\"Weitere Informationen und Kommentare ....\" aria-required=\"true\" aria-labelledby=\"label_ff_1_message\" data-name=\"message\"><\/textarea><label class=\"ff-el-form-check-label ff_tc_label\" for=\"gdpr-agreement_b79364e3a381354b10fe86e56fb98848\" aria-label=\"Jag samtycker till att denna webbplats lagrar min inl\u00e4mnade information s\u00e5 att de kan svara p\u00e5 min f\u00f6rfr\u00e5gan. Informationen lagras i 1 \u00e5r.\"><input id=\"gdpr-agreement_b79364e3a381354b10fe86e56fb98848\" name=\"gdpr-agreement\" type=\"checkbox\" value=\"on\" data-name=\"gdpr-agreement\" aria-invalid=\"false\" aria-required=\"true\/\">  Jag samtycker till att denna webbplats lagrar min inl\u00e4mnade information s\u00e5 att de kan svara p\u00e5 min f\u00f6rfr\u00e5gan. Die Informationen gelten f\u00fcr 1 Jahr.   <\/label><button type=\"submit\" aria-label=\"Skicka\">Skicka<\/button><\/fieldset><\/form>","protected":false},"excerpt":{"rendered":"<p>Vi \u00e4r specialister p\u00e5 tankar och cisterner Cistern Solutions verkauft, erneuert und besichtigt Tanks in ganz Europa. +46 (0)10-211 51 52 info@cisternsolutions.se Sprinklertankar byggda f\u00f6r framtidens brandskydd Cistern Solutions konstruiert und vertreibt Sprinklertanks und Zisternen in allen Bereichen &#8211; von der Industriezisterne bis zum Tank f\u00fcr Boendesprinkler. V\u00e5rt fokus \u00e4r &#8230; <a title=\"Hauptseite\" class=\"read-more\" href=\"https:\/\/cisternsolutions.eu\/de\/\" aria-label=\"Mehr Informationen \u00fcber Hauptseite\">L\u00e4s mer<\/a><\/p>\n","protected":false},"author":4,"featured_media":0,"parent":0,"menu_order":0,"comment_status":"closed","ping_status":"closed","template":"","meta":{"footnotes":""},"class_list":["post-8454","page","type-page","status-publish"],"yoast_head":"<!-- This site is optimized with the Yoast SEO plugin v27.4 - https:\/\/yoast.com\/product\/yoast-seo-wordpress\/ -->\n<title>Herstellung und \u00dcberholung von Sprinklertanks | Cistern Solutions<\/title>\n<meta name=\"description\" content=\"Wir fertigen, inspizieren und renovieren Sprinklertanks und Zisternen. Nachhaltige L\u00f6sungen mit dem Schwerpunkt auf Sicherheit und Langlebigkeit.\" \/>\n<meta name=\"robots\" content=\"index, follow, max-snippet:-1, max-image-preview:large, max-video-preview:-1\" \/>\n<link rel=\"canonical\" href=\"https:\/\/cisternsolutions.eu\/de\/\" \/>\n<meta property=\"og:locale\" content=\"de_DE\" \/>\n<meta property=\"og:type\" content=\"article\" \/>\n<meta property=\"og:title\" content=\"Herstellung und \u00dcberholung von Sprinklertanks | Cistern Solutions\" \/>\n<meta property=\"og:description\" content=\"Wir fertigen, inspizieren und renovieren Sprinklertanks und Zisternen. Nachhaltige L\u00f6sungen mit dem Schwerpunkt auf Sicherheit und Langlebigkeit.\" \/>\n<meta property=\"og:url\" content=\"https:\/\/cisternsolutions.eu\/de\/\" \/>\n<meta property=\"og:site_name\" content=\"Cistern Solutions Sweden\" \/>\n<meta property=\"article:modified_time\" content=\"2026-01-29T14:42:30+00:00\" \/>\n<meta name=\"twitter:card\" content=\"summary_large_image\" \/>\n<meta name=\"twitter:label1\" content=\"Gesch\u00e4tzte Lesezeit\" \/>\n\t<meta name=\"twitter:data1\" content=\"2\u00a0Minuten\" \/>\n<script type=\"application\/ld+json\" class=\"yoast-schema-graph\">{\"@context\":\"https:\\\/\\\/schema.org\",\"@graph\":[{\"@type\":\"WebPage\",\"@id\":\"https:\\\/\\\/cisternsolutions.eu\\\/de\\\/\",\"url\":\"https:\\\/\\\/cisternsolutions.eu\\\/de\\\/\",\"name\":\"Herstellung und \u00dcberholung von Sprinklertanks | Cistern Solutions\",\"isPartOf\":{\"@id\":\"https:\\\/\\\/cisternsolutions.eu\\\/de\\\/#website\"},\"datePublished\":\"2025-11-26T14:58:53+00:00\",\"dateModified\":\"2026-01-29T14:42:30+00:00\",\"description\":\"Wir fertigen, inspizieren und renovieren Sprinklertanks und Zisternen. Nachhaltige L\u00f6sungen mit dem Schwerpunkt auf Sicherheit und Langlebigkeit.\",\"breadcrumb\":{\"@id\":\"https:\\\/\\\/cisternsolutions.eu\\\/de\\\/#breadcrumb\"},\"inLanguage\":\"de\",\"potentialAction\":[{\"@type\":\"ReadAction\",\"target\":[\"https:\\\/\\\/cisternsolutions.eu\\\/de\\\/\"]}]},{\"@type\":\"BreadcrumbList\",\"@id\":\"https:\\\/\\\/cisternsolutions.eu\\\/de\\\/#breadcrumb\",\"itemListElement\":[{\"@type\":\"ListItem\",\"position\":1,\"name\":\"Hem\",\"item\":\"https:\\\/\\\/cisternsolutions.eu\\\/de\\\/hauptseite\\\/\"},{\"@type\":\"ListItem\",\"position\":2,\"name\":\"Hauptseite\"}]},{\"@type\":\"WebSite\",\"@id\":\"https:\\\/\\\/cisternsolutions.eu\\\/de\\\/#website\",\"url\":\"https:\\\/\\\/cisternsolutions.eu\\\/de\\\/\",\"name\":\"Cistern Solutions Sweden\",\"description\":\"Cistern Solutions Sweden\",\"publisher\":{\"@id\":\"https:\\\/\\\/cisternsolutions.eu\\\/de\\\/#organization\"},\"potentialAction\":[{\"@type\":\"SearchAction\",\"target\":{\"@type\":\"EntryPoint\",\"urlTemplate\":\"https:\\\/\\\/cisternsolutions.eu\\\/de\\\/?s={search_term_string}\"},\"query-input\":{\"@type\":\"PropertyValueSpecification\",\"valueRequired\":true,\"valueName\":\"search_term_string\"}}],\"inLanguage\":\"de\"},{\"@type\":\"Organization\",\"@id\":\"https:\\\/\\\/cisternsolutions.eu\\\/de\\\/#organization\",\"name\":\"| Cistern Solutions Sweden AB\",\"url\":\"https:\\\/\\\/cisternsolutions.eu\\\/de\\\/\",\"logo\":{\"@type\":\"ImageObject\",\"inLanguage\":\"de\",\"@id\":\"https:\\\/\\\/cisternsolutions.eu\\\/de\\\/#\\\/schema\\\/logo\\\/image\\\/\",\"url\":\"https:\\\/\\\/cisternsolutions.eu\\\/wp-content\\\/uploads\\\/2023\\\/11\\\/CisternSolutions_orginal-logo.png\",\"contentUrl\":\"https:\\\/\\\/cisternsolutions.eu\\\/wp-content\\\/uploads\\\/2023\\\/11\\\/CisternSolutions_orginal-logo.png\",\"width\":1045,\"height\":293,\"caption\":\"| Cistern Solutions Sweden AB\"},\"image\":{\"@id\":\"https:\\\/\\\/cisternsolutions.eu\\\/de\\\/#\\\/schema\\\/logo\\\/image\\\/\"}}]}<\/script>\n<!-- \/ Yoast SEO plugin. -->","yoast_head_json":{"title":"Herstellung und \u00dcberholung von Sprinklertanks | Cistern Solutions","description":"Wir fertigen, inspizieren und renovieren Sprinklertanks und Zisternen. Nachhaltige L\u00f6sungen mit dem Schwerpunkt auf Sicherheit und Langlebigkeit.","robots":{"index":"index","follow":"follow","max-snippet":"max-snippet:-1","max-image-preview":"max-image-preview:large","max-video-preview":"max-video-preview:-1"},"canonical":"https:\/\/cisternsolutions.eu\/de\/","og_locale":"de_DE","og_type":"article","og_title":"Herstellung und \u00dcberholung von Sprinklertanks | Cistern Solutions","og_description":"Wir fertigen, inspizieren und renovieren Sprinklertanks und Zisternen. Nachhaltige L\u00f6sungen mit dem Schwerpunkt auf Sicherheit und Langlebigkeit.","og_url":"https:\/\/cisternsolutions.eu\/de\/","og_site_name":"Cistern Solutions Sweden","article_modified_time":"2026-01-29T14:42:30+00:00","twitter_card":"summary_large_image","twitter_misc":{"Gesch\u00e4tzte Lesezeit":"2\u00a0Minuten"},"schema":{"@context":"https:\/\/schema.org","@graph":[{"@type":"WebPage","@id":"https:\/\/cisternsolutions.eu\/de\/","url":"https:\/\/cisternsolutions.eu\/de\/","name":"Herstellung und \u00dcberholung von Sprinklertanks | Cistern Solutions","isPartOf":{"@id":"https:\/\/cisternsolutions.eu\/de\/#website"},"datePublished":"2025-11-26T14:58:53+00:00","dateModified":"2026-01-29T14:42:30+00:00","description":"Wir fertigen, inspizieren und renovieren Sprinklertanks und Zisternen. Nachhaltige L\u00f6sungen mit dem Schwerpunkt auf Sicherheit und Langlebigkeit.","breadcrumb":{"@id":"https:\/\/cisternsolutions.eu\/de\/#breadcrumb"},"inLanguage":"de","potentialAction":[{"@type":"ReadAction","target":["https:\/\/cisternsolutions.eu\/de\/"]}]},{"@type":"BreadcrumbList","@id":"https:\/\/cisternsolutions.eu\/de\/#breadcrumb","itemListElement":[{"@type":"ListItem","position":1,"name":"Hem","item":"https:\/\/cisternsolutions.eu\/de\/hauptseite\/"},{"@type":"ListItem","position":2,"name":"Hauptseite"}]},{"@type":"WebSite","@id":"https:\/\/cisternsolutions.eu\/de\/#website","url":"https:\/\/cisternsolutions.eu\/de\/","name":"Cistern Solutions Sweden","description":"Cistern Solutions Sweden","publisher":{"@id":"https:\/\/cisternsolutions.eu\/de\/#organization"},"potentialAction":[{"@type":"SearchAction","target":{"@type":"EntryPoint","urlTemplate":"https:\/\/cisternsolutions.eu\/de\/?s={search_term_string}"},"query-input":{"@type":"PropertyValueSpecification","valueRequired":true,"valueName":"search_term_string"}}],"inLanguage":"de"},{"@type":"Organization","@id":"https:\/\/cisternsolutions.eu\/de\/#organization","name":"| Cistern Solutions Sweden AB","url":"https:\/\/cisternsolutions.eu\/de\/","logo":{"@type":"ImageObject","inLanguage":"de","@id":"https:\/\/cisternsolutions.eu\/de\/#\/schema\/logo\/image\/","url":"https:\/\/cisternsolutions.eu\/wp-content\/uploads\/2023\/11\/CisternSolutions_orginal-logo.png","contentUrl":"https:\/\/cisternsolutions.eu\/wp-content\/uploads\/2023\/11\/CisternSolutions_orginal-logo.png","width":1045,"height":293,"caption":"| Cistern Solutions Sweden AB"},"image":{"@id":"https:\/\/cisternsolutions.eu\/de\/#\/schema\/logo\/image\/"}}]}},"_links":{"self":[{"href":"https:\/\/cisternsolutions.eu\/de\/wp-json\/wp\/v2\/pages\/8454","targetHints":{"allow":["GET"]}}],"collection":[{"href":"https:\/\/cisternsolutions.eu\/de\/wp-json\/wp\/v2\/pages"}],"about":[{"href":"https:\/\/cisternsolutions.eu\/de\/wp-json\/wp\/v2\/types\/page"}],"author":[{"embeddable":true,"href":"https:\/\/cisternsolutions.eu\/de\/wp-json\/wp\/v2\/users\/4"}],"replies":[{"embeddable":true,"href":"https:\/\/cisternsolutions.eu\/de\/wp-json\/wp\/v2\/comments?post=8454"}],"version-history":[{"count":1,"href":"https:\/\/cisternsolutions.eu\/de\/wp-json\/wp\/v2\/pages\/8454\/revisions"}],"predecessor-version":[{"id":8460,"href":"https:\/\/cisternsolutions.eu\/de\/wp-json\/wp\/v2\/pages\/8454\/revisions\/8460"}],"wp:attachment":[{"href":"https:\/\/cisternsolutions.eu\/de\/wp-json\/wp\/v2\/media?parent=8454"}],"curies":[{"name":"wp","href":"https:\/\/api.w.org\/{rel}","templated":true}]}}