{"id":7277,"date":"2024-10-08T14:13:31","date_gmt":"2024-10-08T12:13:31","guid":{"rendered":"https:\/\/cisternsolutions.eu\/zisternen-fuer-die-wasseraufbereitung\/"},"modified":"2024-10-23T12:15:53","modified_gmt":"2024-10-23T10:15:53","slug":"zisternen-fuer-die-wasseraufbereitung","status":"publish","type":"page","link":"https:\/\/cisternsolutions.eu\/de\/zisternen-fuer-die-wasseraufbereitung\/","title":{"rendered":"Zisternen f\u00fcr die Wasseraufbereitung"},"content":{"rendered":"","protected":false},"excerpt":{"rendered":"<p>Die Renovierungsmethode von Cistern Solutions kann die Funktionsf\u00e4higkeit von besch\u00e4digten Wasseraufbereitungszisternen wiederherstellen.  <\/p>\n","protected":false},"author":4,"featured_media":7012,"parent":0,"menu_order":0,"comment_status":"closed","ping_status":"closed","template":"","meta":{"footnotes":""},"class_list":["post-7277","page","type-page","status-publish","has-post-thumbnail"],"yoast_head":"<!-- This site is optimized with the Yoast SEO plugin v27.4 - https:\/\/yoast.com\/product\/yoast-seo-wordpress\/ -->\n<title>Zisternen f\u00fcr die Wasseraufbereitung | Cistern Solutions Sweden<\/title>\n<meta name=\"description\" content=\"Wasseraufbereitungszisternen k\u00f6nnen besch\u00e4digt werden und m\u00fcssen repariert werden. Cistern Solutions kann Zisternen reparieren und deren Funktion wiederherstellen. Lesen Sie mehr ...\" \/>\n<meta name=\"robots\" content=\"index, follow, max-snippet:-1, max-image-preview:large, max-video-preview:-1\" \/>\n<link rel=\"canonical\" href=\"https:\/\/cisternsolutions.eu\/de\/zisternen-fuer-die-wasseraufbereitung\/\" \/>\n<meta property=\"og:locale\" content=\"de_DE\" \/>\n<meta property=\"og:type\" content=\"article\" \/>\n<meta property=\"og:title\" content=\"Zisternen f\u00fcr die Wasseraufbereitung | Cistern Solutions Sweden\" \/>\n<meta property=\"og:description\" content=\"Wasseraufbereitungszisternen k\u00f6nnen besch\u00e4digt werden und m\u00fcssen repariert werden. Cistern Solutions kann Zisternen reparieren und deren Funktion wiederherstellen. Lesen Sie mehr ...\" \/>\n<meta property=\"og:url\" content=\"https:\/\/cisternsolutions.eu\/de\/zisternen-fuer-die-wasseraufbereitung\/\" \/>\n<meta property=\"og:site_name\" content=\"Cistern Solutions Sweden\" \/>\n<meta property=\"article:modified_time\" content=\"2024-10-23T10:15:53+00:00\" \/>\n<meta property=\"og:image\" content=\"https:\/\/cisternsolutions.eu\/wp-content\/uploads\/2024\/10\/cisterner_vattenrening-hero.jpg\" \/>\n\t<meta property=\"og:image:width\" content=\"1920\" \/>\n\t<meta property=\"og:image:height\" content=\"526\" \/>\n\t<meta property=\"og:image:type\" content=\"image\/jpeg\" \/>\n<meta name=\"twitter:card\" content=\"summary_large_image\" \/>\n<meta name=\"twitter:label1\" content=\"Gesch\u00e4tzte Lesezeit\" \/>\n\t<meta name=\"twitter:data1\" content=\"5\u00a0Minuten\" \/>\n<script type=\"application\/ld+json\" class=\"yoast-schema-graph\">{\"@context\":\"https:\\\/\\\/schema.org\",\"@graph\":[{\"@type\":\"WebPage\",\"@id\":\"https:\\\/\\\/cisternsolutions.eu\\\/de\\\/zisternen-fuer-die-wasseraufbereitung\\\/\",\"url\":\"https:\\\/\\\/cisternsolutions.eu\\\/de\\\/zisternen-fuer-die-wasseraufbereitung\\\/\",\"name\":\"Zisternen f\u00fcr die Wasseraufbereitung | Cistern Solutions Sweden\",\"isPartOf\":{\"@id\":\"https:\\\/\\\/cisternsolutions.eu\\\/de\\\/#website\"},\"primaryImageOfPage\":{\"@id\":\"https:\\\/\\\/cisternsolutions.eu\\\/de\\\/zisternen-fuer-die-wasseraufbereitung\\\/#primaryimage\"},\"image\":{\"@id\":\"https:\\\/\\\/cisternsolutions.eu\\\/de\\\/zisternen-fuer-die-wasseraufbereitung\\\/#primaryimage\"},\"thumbnailUrl\":\"https:\\\/\\\/cisternsolutions.eu\\\/wp-content\\\/uploads\\\/2024\\\/10\\\/cisterner_vattenrening-hero.jpg\",\"datePublished\":\"2024-10-08T12:13:31+00:00\",\"dateModified\":\"2024-10-23T10:15:53+00:00\",\"description\":\"Wasseraufbereitungszisternen k\u00f6nnen besch\u00e4digt werden und m\u00fcssen repariert werden. Cistern Solutions kann Zisternen reparieren und deren Funktion wiederherstellen. Lesen Sie mehr ...\",\"breadcrumb\":{\"@id\":\"https:\\\/\\\/cisternsolutions.eu\\\/de\\\/zisternen-fuer-die-wasseraufbereitung\\\/#breadcrumb\"},\"inLanguage\":\"de\",\"potentialAction\":[{\"@type\":\"ReadAction\",\"target\":[\"https:\\\/\\\/cisternsolutions.eu\\\/de\\\/zisternen-fuer-die-wasseraufbereitung\\\/\"]}]},{\"@type\":\"ImageObject\",\"inLanguage\":\"de\",\"@id\":\"https:\\\/\\\/cisternsolutions.eu\\\/de\\\/zisternen-fuer-die-wasseraufbereitung\\\/#primaryimage\",\"url\":\"https:\\\/\\\/cisternsolutions.eu\\\/wp-content\\\/uploads\\\/2024\\\/10\\\/cisterner_vattenrening-hero.jpg\",\"contentUrl\":\"https:\\\/\\\/cisternsolutions.eu\\\/wp-content\\\/uploads\\\/2024\\\/10\\\/cisterner_vattenrening-hero.jpg\",\"width\":1920,\"height\":526},{\"@type\":\"BreadcrumbList\",\"@id\":\"https:\\\/\\\/cisternsolutions.eu\\\/de\\\/zisternen-fuer-die-wasseraufbereitung\\\/#breadcrumb\",\"itemListElement\":[{\"@type\":\"ListItem\",\"position\":1,\"name\":\"Hem\",\"item\":\"https:\\\/\\\/cisternsolutions.eu\\\/de\\\/hauptseite\\\/\"},{\"@type\":\"ListItem\",\"position\":2,\"name\":\"Zisternen f\u00fcr die Wasseraufbereitung\"}]},{\"@type\":\"WebSite\",\"@id\":\"https:\\\/\\\/cisternsolutions.eu\\\/de\\\/#website\",\"url\":\"https:\\\/\\\/cisternsolutions.eu\\\/de\\\/\",\"name\":\"Cistern Solutions Sweden\",\"description\":\"Cistern Solutions Sweden\",\"publisher\":{\"@id\":\"https:\\\/\\\/cisternsolutions.eu\\\/de\\\/#organization\"},\"potentialAction\":[{\"@type\":\"SearchAction\",\"target\":{\"@type\":\"EntryPoint\",\"urlTemplate\":\"https:\\\/\\\/cisternsolutions.eu\\\/de\\\/?s={search_term_string}\"},\"query-input\":{\"@type\":\"PropertyValueSpecification\",\"valueRequired\":true,\"valueName\":\"search_term_string\"}}],\"inLanguage\":\"de\"},{\"@type\":\"Organization\",\"@id\":\"https:\\\/\\\/cisternsolutions.eu\\\/de\\\/#organization\",\"name\":\"| Cistern Solutions Sweden AB\",\"url\":\"https:\\\/\\\/cisternsolutions.eu\\\/de\\\/\",\"logo\":{\"@type\":\"ImageObject\",\"inLanguage\":\"de\",\"@id\":\"https:\\\/\\\/cisternsolutions.eu\\\/de\\\/#\\\/schema\\\/logo\\\/image\\\/\",\"url\":\"https:\\\/\\\/cisternsolutions.eu\\\/wp-content\\\/uploads\\\/2023\\\/11\\\/CisternSolutions_orginal-logo.png\",\"contentUrl\":\"https:\\\/\\\/cisternsolutions.eu\\\/wp-content\\\/uploads\\\/2023\\\/11\\\/CisternSolutions_orginal-logo.png\",\"width\":1045,\"height\":293,\"caption\":\"| Cistern Solutions Sweden AB\"},\"image\":{\"@id\":\"https:\\\/\\\/cisternsolutions.eu\\\/de\\\/#\\\/schema\\\/logo\\\/image\\\/\"}}]}<\/script>\n<!-- \/ Yoast SEO plugin. -->","yoast_head_json":{"title":"Zisternen f\u00fcr die Wasseraufbereitung | Cistern Solutions Sweden","description":"Wasseraufbereitungszisternen k\u00f6nnen besch\u00e4digt werden und m\u00fcssen repariert werden. Cistern Solutions kann Zisternen reparieren und deren Funktion wiederherstellen. Lesen Sie mehr ...","robots":{"index":"index","follow":"follow","max-snippet":"max-snippet:-1","max-image-preview":"max-image-preview:large","max-video-preview":"max-video-preview:-1"},"canonical":"https:\/\/cisternsolutions.eu\/de\/zisternen-fuer-die-wasseraufbereitung\/","og_locale":"de_DE","og_type":"article","og_title":"Zisternen f\u00fcr die Wasseraufbereitung | Cistern Solutions Sweden","og_description":"Wasseraufbereitungszisternen k\u00f6nnen besch\u00e4digt werden und m\u00fcssen repariert werden. Cistern Solutions kann Zisternen reparieren und deren Funktion wiederherstellen. Lesen Sie mehr ...","og_url":"https:\/\/cisternsolutions.eu\/de\/zisternen-fuer-die-wasseraufbereitung\/","og_site_name":"Cistern Solutions Sweden","article_modified_time":"2024-10-23T10:15:53+00:00","og_image":[{"width":1920,"height":526,"url":"https:\/\/cisternsolutions.eu\/wp-content\/uploads\/2024\/10\/cisterner_vattenrening-hero.jpg","type":"image\/jpeg"}],"twitter_card":"summary_large_image","twitter_misc":{"Gesch\u00e4tzte Lesezeit":"5\u00a0Minuten"},"schema":{"@context":"https:\/\/schema.org","@graph":[{"@type":"WebPage","@id":"https:\/\/cisternsolutions.eu\/de\/zisternen-fuer-die-wasseraufbereitung\/","url":"https:\/\/cisternsolutions.eu\/de\/zisternen-fuer-die-wasseraufbereitung\/","name":"Zisternen f\u00fcr die Wasseraufbereitung | Cistern Solutions Sweden","isPartOf":{"@id":"https:\/\/cisternsolutions.eu\/de\/#website"},"primaryImageOfPage":{"@id":"https:\/\/cisternsolutions.eu\/de\/zisternen-fuer-die-wasseraufbereitung\/#primaryimage"},"image":{"@id":"https:\/\/cisternsolutions.eu\/de\/zisternen-fuer-die-wasseraufbereitung\/#primaryimage"},"thumbnailUrl":"https:\/\/cisternsolutions.eu\/wp-content\/uploads\/2024\/10\/cisterner_vattenrening-hero.jpg","datePublished":"2024-10-08T12:13:31+00:00","dateModified":"2024-10-23T10:15:53+00:00","description":"Wasseraufbereitungszisternen k\u00f6nnen besch\u00e4digt werden und m\u00fcssen repariert werden. Cistern Solutions kann Zisternen reparieren und deren Funktion wiederherstellen. Lesen Sie mehr ...","breadcrumb":{"@id":"https:\/\/cisternsolutions.eu\/de\/zisternen-fuer-die-wasseraufbereitung\/#breadcrumb"},"inLanguage":"de","potentialAction":[{"@type":"ReadAction","target":["https:\/\/cisternsolutions.eu\/de\/zisternen-fuer-die-wasseraufbereitung\/"]}]},{"@type":"ImageObject","inLanguage":"de","@id":"https:\/\/cisternsolutions.eu\/de\/zisternen-fuer-die-wasseraufbereitung\/#primaryimage","url":"https:\/\/cisternsolutions.eu\/wp-content\/uploads\/2024\/10\/cisterner_vattenrening-hero.jpg","contentUrl":"https:\/\/cisternsolutions.eu\/wp-content\/uploads\/2024\/10\/cisterner_vattenrening-hero.jpg","width":1920,"height":526},{"@type":"BreadcrumbList","@id":"https:\/\/cisternsolutions.eu\/de\/zisternen-fuer-die-wasseraufbereitung\/#breadcrumb","itemListElement":[{"@type":"ListItem","position":1,"name":"Hem","item":"https:\/\/cisternsolutions.eu\/de\/hauptseite\/"},{"@type":"ListItem","position":2,"name":"Zisternen f\u00fcr die Wasseraufbereitung"}]},{"@type":"WebSite","@id":"https:\/\/cisternsolutions.eu\/de\/#website","url":"https:\/\/cisternsolutions.eu\/de\/","name":"Cistern Solutions Sweden","description":"Cistern Solutions Sweden","publisher":{"@id":"https:\/\/cisternsolutions.eu\/de\/#organization"},"potentialAction":[{"@type":"SearchAction","target":{"@type":"EntryPoint","urlTemplate":"https:\/\/cisternsolutions.eu\/de\/?s={search_term_string}"},"query-input":{"@type":"PropertyValueSpecification","valueRequired":true,"valueName":"search_term_string"}}],"inLanguage":"de"},{"@type":"Organization","@id":"https:\/\/cisternsolutions.eu\/de\/#organization","name":"| Cistern Solutions Sweden AB","url":"https:\/\/cisternsolutions.eu\/de\/","logo":{"@type":"ImageObject","inLanguage":"de","@id":"https:\/\/cisternsolutions.eu\/de\/#\/schema\/logo\/image\/","url":"https:\/\/cisternsolutions.eu\/wp-content\/uploads\/2023\/11\/CisternSolutions_orginal-logo.png","contentUrl":"https:\/\/cisternsolutions.eu\/wp-content\/uploads\/2023\/11\/CisternSolutions_orginal-logo.png","width":1045,"height":293,"caption":"| Cistern Solutions Sweden AB"},"image":{"@id":"https:\/\/cisternsolutions.eu\/de\/#\/schema\/logo\/image\/"}}]}},"_links":{"self":[{"href":"https:\/\/cisternsolutions.eu\/de\/wp-json\/wp\/v2\/pages\/7277","targetHints":{"allow":["GET"]}}],"collection":[{"href":"https:\/\/cisternsolutions.eu\/de\/wp-json\/wp\/v2\/pages"}],"about":[{"href":"https:\/\/cisternsolutions.eu\/de\/wp-json\/wp\/v2\/types\/page"}],"author":[{"embeddable":true,"href":"https:\/\/cisternsolutions.eu\/de\/wp-json\/wp\/v2\/users\/4"}],"replies":[{"embeddable":true,"href":"https:\/\/cisternsolutions.eu\/de\/wp-json\/wp\/v2\/comments?post=7277"}],"version-history":[{"count":1,"href":"https:\/\/cisternsolutions.eu\/de\/wp-json\/wp\/v2\/pages\/7277\/revisions"}],"predecessor-version":[{"id":7299,"href":"https:\/\/cisternsolutions.eu\/de\/wp-json\/wp\/v2\/pages\/7277\/revisions\/7299"}],"wp:featuredmedia":[{"embeddable":true,"href":"https:\/\/cisternsolutions.eu\/de\/wp-json\/wp\/v2\/media\/7012"}],"wp:attachment":[{"href":"https:\/\/cisternsolutions.eu\/de\/wp-json\/wp\/v2\/media?parent=7277"}],"curies":[{"name":"wp","href":"https:\/\/api.w.org\/{rel}","templated":true}]}}