{"id":5329,"date":"2024-03-05T14:36:38","date_gmt":"2024-03-05T13:36:38","guid":{"rendered":"https:\/\/cisternsolutions.eu\/sprinklertanks\/"},"modified":"2025-11-25T11:35:21","modified_gmt":"2025-11-25T10:35:21","slug":"sprinklertanks","status":"publish","type":"page","link":"https:\/\/cisternsolutions.eu\/de\/sprinklertanks\/","title":{"rendered":"Sprinklertanks"},"content":{"rendered":"\r\n<h1>Sprinklertanks<\/h1>\r\n<p>&#8211; ein wichtiger Bestandteil des Brandschutzes<\/p>\r\n<h2>Halten Sie den Sprinklertank in gutem Zustand<\/h2>\r\n<p>Sprinklertanks sind \u00fcberall zu finden &#8211; in Industrieanlagen, Kaufh\u00e4usern, Lagerh\u00e4usern und anderen Geb\u00e4uden, in denen ein guter Brandschutz erforderlich ist. Sie sind in einer Vielzahl von Ausf\u00fchrungen in Bezug auf Wandmaterialien, Isolierung oder Fassadenverkleidung erh\u00e4ltlich. Sprinklertanks sind aus Kunststoff und Stahlblech erh\u00e4ltlich und k\u00f6nnen rund oder quadratisch sein. Einige sind isoliert und befinden sich im Freien \u00fcber der Erde, andere sind nicht isoliert und befinden sich in Innenr\u00e4umen. In Einkaufszentren ist es nicht un\u00fcblich, dass der Sprinklertank unter dem Geb\u00e4ude vergraben ist.<\/p>\r\n<p>Im Allgemeinen m\u00fcssen sie die Anforderungen der ISO 6182-1:2021 erf\u00fcllen. An dem Tag, an dem es wirklich z\u00e4hlt, muss ein Sprinklertank liefern k\u00f6nnen. Sind Sie sicher, dass Ihr Sprinklertank liefert?<\/p>\r\n<p><em>*) Bitte beachten Sie, dass alle Verweise auf Verordnungen, Gesetze und Beh\u00f6rden auf der Website f\u00fcr Schweden und schwedische Bedingungen gelten. <\/em><\/p>\r\n<h3>Kontaktieren Sie mich!<\/h3>\r\n<form id=\"fluentform_9\" method=\"POST\" data-form_id=\"9\" data-form_instance=\"ff_form_instance_9_1\" data-recptcha_key=\"6LclVsMpAAAAALbQlfjI40nUI01kkMo-WKOg0nvc\"><fieldset><legend>Schnellkontaktformular &#8211; DE<\/legend><input name=\"__fluent_form_embded_post_id\" type=\"hidden\" value=\"5329\" \/><input id=\"_fluentform_9_fluentformnonce\" name=\"_fluentform_9_fluentformnonce\" type=\"hidden\" value=\"08da1cd4b5\" \/><input name=\"_wp_http_referer\" type=\"hidden\" value=\"\/de\/?page_id=5329&amp;fl_builder\" \/><input id=\"ff_9_names_first_name_\" name=\"names[first_name]\" type=\"text\" placeholder=\"Vor-und Nachname ...\" aria-invalid=\"false\" aria-required=\"true\/\" \/><input id=\"ff_9_email\" name=\"email\" type=\"email\" placeholder=\"Schicken Sie mir eine E-Mail an ...\" data-name=\"email\" aria-invalid=\"false\" aria-required=\"true\/\" \/><textarea id=\"ff_9_message\" cols=\"2\" name=\"message\" rows=\"4\" placeholder=\"Kontaktieren Sie mich \u00fcber ...\" aria-invalid=\"false\" aria-required=\"true\" data-name=\"message\"><\/textarea><label class=\"ff-el-form-check-label ff_tc_label\" for=\"gdpr-agreement_bedf863b57a25cd0a639c5a4661265c9\" aria-label=\"terms &amp; conditions\"><input id=\"gdpr-agreement_bedf863b57a25cd0a639c5a4661265c9\" name=\"gdpr-agreement\" type=\"checkbox\" value=\"on\" data-name=\"gdpr-agreement\" aria-invalid=\"false\" aria-required=\"true\/\" \/> Ich bin damit einverstanden, dass diese Website meine \u00fcbermittelten Informationen speichert, damit auf meine Anfrage reagiert werden kann. Die Informationen werden 1 Jahr lang gespeichert.<\/label><button type=\"submit\">Schicken<\/button><\/fieldset><\/form>\r\n<h3>H\u00e4ufige Probleme:<\/h3>\r\n<ul>\r\n<li>Korrosion<\/li>\r\n<li>Sediment am Boden<\/li>\r\n<li>Durchsickern<\/li>\r\n<\/ul>\r\n<h2>H\u00e4ufige Probleme mit Sprinklertanks<\/h2>\r\n<p><img decoding=\"async\" title=\"korrosion_i_tank_02\" src=\"https:\/\/cisternsolutions.eu\/wp-content\/uploads\/2024\/02\/korrosion_i_tank_02.jpg\" sizes=\"(max-width: 700px) 100vw, 700px\" srcset=\"https:\/\/cisternsolutions.eu\/wp-content\/uploads\/2024\/02\/korrosion_i_tank_02.jpg 700w, https:\/\/cisternsolutions.eu\/wp-content\/uploads\/2024\/02\/korrosion_i_tank_02-300x171.jpg 300w\" alt=\"korrosion_i_tank_02\" width=\"700\" height=\"400\" \/><\/p>\r\n<p>Ein Sprinklertank ist ein notwendiger Bestandteil eines jeden Brandschutzsystems. Das ist offensichtlich. Die Inspektion und Wartung von Sprinklertanks wird jedoch leicht \u00fcbersehen. Nach dem Gesetz m\u00fcssen Tanks nur alle 10 Jahre \u00fcberpr\u00fcft werden. Dies ist ein sehr langer Zeitraum, wenn der Sprinklertank von Rost befallen ist.<\/p>\r\n<p>Ein h\u00e4ufiges Problem ist die Korrosion. Korrosion kann zu strukturellen Sch\u00e4den am Tank f\u00fchren und ihn instabil und sogar gef\u00e4hrlich machen.<\/p>\r\n<p>Wenn der Rost \u00fcberhand nimmt, kann der Tank platzen und undicht werden. Wenn der Tank im Freien steht, kann das Wasserleck keinen gro\u00dfen Schaden anrichten. Aber ist genug Wasser \u00fcbrig, um ein Feuer zu l\u00f6schen?<\/p>\r\n<p>Ein undichter Sprinklertank im Haus kann teure Wassersch\u00e4den verursachen. Im schlimmsten Fall k\u00f6nnen die R\u00e4umlichkeiten f\u00fcr einige Zeit nicht genutzt werden, was ebenfalls mit Kosten verbunden sein kann.<\/p>\r\n<p>Ein weiteres Problem sind Ablagerungen und Verschmutzungen, die sich am Boden des Tanks ansammeln. Wenn der Alarm ausgel\u00f6st und die Sprinkleranlage aktiviert wird, besteht ein hohes Risiko, dass die Ablagerungen angesaugt werden und die Wasserversorgung blockieren.<\/p>\r\n<h2>Was verursacht Probleme in Sprinklertanks?<\/h2>\r\n<p><img decoding=\"async\" title=\"galvanisk-korrosion_01\" src=\"https:\/\/cisternsolutions.eu\/wp-content\/uploads\/2024\/03\/galvanisk-korrosion_01.jpg\" sizes=\"(max-width: 700px) 100vw, 700px\" srcset=\"https:\/\/cisternsolutions.eu\/wp-content\/uploads\/2024\/03\/galvanisk-korrosion_01.jpg 700w, https:\/\/cisternsolutions.eu\/wp-content\/uploads\/2024\/03\/galvanisk-korrosion_01-300x171.jpg 300w\" alt=\"galvanisk-korrosion_01\" width=\"700\" height=\"400\" \/><\/p>\r\n<p>Sowohl die Konstruktion des Tanks als auch das darin befindliche Wasser k\u00f6nnen zu Korrosion und Ablagerungen beitragen.<\/p>\r\n<p>Zum Beispiel k\u00f6nnen Edelstahlrohre in einem Sprinklertank aus Stahlblech galvanische Korrosion verursachen. Saures Regenwasser kann den pH-Wert des Wassers senken und die Korrosionsgefahr erh\u00f6hen.<\/p>\r\n<p>Wasser mit hohem Sauerstoffgehalt kann die Korrosion ebenfalls beschleunigen. Wenn das Wasser im Tank aus einem See oder dem st\u00e4dtischen Wassernetz stammt, hat es einen relativ hohen Sauerstoffgehalt. Au\u00dferdem erh\u00f6ht das Vorhandensein von Mikroorganismen im Wasser das Risiko eines mikrobiellen Wachstums. Bakterien und Algen gedeihen bekannterma\u00dfen in feuchten und dunklen Umgebungen.<\/p>\r\n<h2>Wir k\u00f6nnen Ihren Sprinklertank renovieren<\/h2>\r\n<p>Um Korrosion und Leckagen zu vermeiden, sind regelm\u00e4\u00dfige und h\u00e4ufige Inspektionen unerl\u00e4sslich. Eine Unterwasserdrohne gibt uns einen guten \u00dcberblick \u00fcber den Zustand des Tanks, ohne dass wir ihn entleeren m\u00fcssen.<\/p>\r\n<p>Wenn der Sprinklertank besch\u00e4digt ist, k\u00f6nnen wir ihm mit verst\u00e4rktem Epoxidharz ein neues Leben geben. Die Beschichtung sch\u00fctzt die Stahlplatte vor Wasser. Die Epoxidbeschichtung st\u00e4rkt auch die Struktur. Im Grunde genommen erhalten Sie einen neuen Tank im Inneren des alten, der sehr lange halten wird.<\/p>\r\n<p>Bei Cistern Solutions Sweden k\u00f6nnen wir auch andere Sch\u00e4den am oder um den Sprinklertank beheben.<\/p>\r\n<p><strong>Sorgen Sie f\u00fcr einen sicheren Brandschutz, indem Sie den Sprinklertank in gutem Zustand halten. Bitte kontaktieren Sie uns, um eine Inspektion und Vorschl\u00e4ge f\u00fcr Ma\u00dfnahmen zu erhalten.<\/strong><\/p>\r\n<h3>Ich m\u00f6chte mehr \u00fcber die Sanierung von Sprinklertanks erfahren<\/h3>\r\n<form id=\"fluentform_5\" method=\"POST\" data-form_id=\"5\" data-form_instance=\"ff_form_instance_5_2\" data-recptcha_key=\"6LclVsMpAAAAALbQlfjI40nUI01kkMo-WKOg0nvc\"><fieldset><legend>Kontakt Formular DE<\/legend><input name=\"__fluent_form_embded_post_id\" type=\"hidden\" value=\"5329\" \/><input id=\"_fluentform_5_fluentformnonce\" name=\"_fluentform_5_fluentformnonce\" type=\"hidden\" value=\"08da1cd4b5\" \/><input name=\"_wp_http_referer\" type=\"hidden\" value=\"\/de\/?page_id=5329&amp;fl_builder\" \/><label for=\"ff_5_2_names_first_name_\" aria-label=\"Mein name ist ...\">Mein name ist &#8230;<\/label><input id=\"ff_5_2_names_first_name_\" name=\"names[first_name]\" type=\"text\" placeholder=\"Vor- und Nachname\" aria-invalid=\"false\" aria-required=\"true\/\" \/><label for=\"ff_5_2_input_text\" aria-label=\"Firma\">Firma<\/label><input id=\"ff_5_2_input_text\" name=\"input_text\" type=\"text\" placeholder=\"Ich arbeite ...\" data-name=\"input_text\" aria-invalid=\"false\" aria-required=\"true\/\" \/><label for=\"ff_5_2_email\" aria-label=\"E-Mail\">E-Mail<\/label><input id=\"ff_5_2_email\" name=\"email\" type=\"email\" placeholder=\"Schicken Sie mir eine E-Mail an...\" data-name=\"email\" aria-invalid=\"false\" aria-required=\"true\/\" \/><label for=\"ff_5_2_phone\" aria-label=\"Telefon\">Telefon<\/label><input id=\"ff_5_2_phone\" name=\"phone\" type=\"tel\" placeholder=\"Meine Nummer ...\" data-name=\"phone\" aria-invalid=\"false\" aria-required=\"true\/\" \/><label for=\"ff_5_2_subject\" aria-label=\"Thema\">Thema<\/label><input id=\"ff_5_2_subject\" name=\"subject\" type=\"text\" placeholder=\"Ich interessiere mich f\u00fcr ....\" data-name=\"subject\" aria-invalid=\"false\" aria-required=\"true\/\" \/><label aria-label=\"Art des Tanks\">Art des Tanks<\/label><label class=\"ff-el-form-check-label\" for=\"checkbox_1_dd96acb649752b6f2df7c5faee5a3320\"><input id=\"checkbox_1_dd96acb649752b6f2df7c5faee5a3320\" name=\"checkbox_1[]\" type=\"checkbox\" value=\"Sprinklertank\" data-name=\"checkbox_1\" aria-label=\"Sprinklertank\" aria-invalid=\"false\" aria-required=\"false\/\" \/> Sprinklertank<\/label><label class=\"ff-el-form-check-label\" for=\"checkbox_1_c428b5060e3e27d28b7919e1263e4e12\"><input id=\"checkbox_1_c428b5060e3e27d28b7919e1263e4e12\" name=\"checkbox_1[]\" type=\"checkbox\" value=\"Prozesstank\" data-name=\"checkbox_1\" aria-label=\"Prozesstank\" aria-invalid=\"false\" aria-required=\"false\/\" \/> Prozesstank<\/label><label class=\"ff-el-form-check-label\" for=\"checkbox_1_904e81ef24943aceed5a4cb4721b2dcb\"><input id=\"checkbox_1_904e81ef24943aceed5a4cb4721b2dcb\" name=\"checkbox_1[]\" type=\"checkbox\" value=\"Anderer Tanktyp\" data-name=\"checkbox_1\" aria-label=\"Anderer Tanktyp\" aria-invalid=\"false\" aria-required=\"false\/\" \/> Anderer Tanktyp<\/label><label aria-label=\"Service\">Service<\/label><label class=\"ff-el-form-check-label\" for=\"checkbox_b79a2975515c814994773b34106dd01b\"><input id=\"checkbox_b79a2975515c814994773b34106dd01b\" name=\"checkbox[]\" type=\"checkbox\" value=\"Inspektion\" data-name=\"checkbox\" aria-label=\"Inspektion\" aria-invalid=\"false\" aria-required=\"false\/\" \/> Inspektion<\/label><label class=\"ff-el-form-check-label\" for=\"checkbox_caa5cdc930f6b0f6927ae959173d58b2\"><input id=\"checkbox_caa5cdc930f6b0f6927ae959173d58b2\" name=\"checkbox[]\" type=\"checkbox\" value=\"Renovierung\" data-name=\"checkbox\" aria-label=\"Renovierung\" aria-invalid=\"false\" aria-required=\"false\/\" \/> Renovierung<\/label><label class=\"ff-el-form-check-label\" for=\"checkbox_6173781803971ecc829ae58acf87b231\"><input id=\"checkbox_6173781803971ecc829ae58acf87b231\" name=\"checkbox[]\" type=\"checkbox\" value=\"Andere\" data-name=\"checkbox\" aria-label=\"Andere\" aria-invalid=\"false\" aria-required=\"false\/\" \/> Andere<\/label><label for=\"ff_5_2_multi_select_1\" aria-label=\"Anzahl der Tanks\">Anzahl der Tanks<\/label><select id=\"ff_5_2_multi_select_1\" multiple=\"multiple\" name=\"multi_select_1[]\" data-name=\"multi_select_1\" data-calc_value=\"0\" aria-invalid=\"false\" aria-required=\"false\">\r\n<option value=\"\">Anzahl der Tanks<\/option>\r\n<option value=\"0\">0<\/option>\r\n<option value=\"1\">1<\/option>\r\n<option value=\"2\">2<\/option>\r\n<option value=\"3\">3<\/option>\r\n<option value=\"4\">4<\/option>\r\n<option value=\"5\">5<\/option>\r\n<option value=\"6\">6<\/option>\r\n<option value=\"7\">7<\/option>\r\n<option value=\"8\">8<\/option>\r\n<option value=\"9\">9<\/option>\r\n<option value=\"10 eller fler\">10 eller fler<\/option>\r\n<\/select><label for=\"ff_5_2_message\" aria-label=\"Nachricht\">Nachricht<\/label><textarea id=\"ff_5_2_message\" cols=\"2\" name=\"message\" rows=\"4\" placeholder=\"Ihre Nachricht an uns ...\" aria-invalid=\"false\" aria-required=\"true\" data-name=\"message\"><\/textarea><label class=\"ff-el-form-check-label ff_tc_label\" for=\"gdpr-agreement_ea5b8d4b454300be000488a948c6d1f2\" aria-label=\"terms &amp; conditions\"><input id=\"gdpr-agreement_ea5b8d4b454300be000488a948c6d1f2\" name=\"gdpr-agreement\" type=\"checkbox\" value=\"on\" data-name=\"gdpr-agreement\" aria-invalid=\"false\" aria-required=\"true\/\" \/> Ich bin damit einverstanden, dass diese Website meine \u00fcbermittelten Informationen speichert, damit auf meine Anfrage reagiert werden kann. Die Informationen werden 1 Jahr lang gespeichert.<\/label><button type=\"submit\">Senden<\/button><\/fieldset><\/form>","protected":false},"excerpt":{"rendered":"<p>Sprinklertanks m\u00fcssen im Falle eines Brandes funktionieren. \u00dcberpr\u00fcfen Sie sie regelm\u00e4\u00dfig, um den Brandschutz zu gew\u00e4hrleisten. <\/p>\n","protected":false},"author":4,"featured_media":5257,"parent":0,"menu_order":0,"comment_status":"closed","ping_status":"closed","template":"","meta":{"footnotes":""},"class_list":["post-5329","page","type-page","status-publish","has-post-thumbnail"],"yoast_head":"<!-- This site is optimized with the Yoast SEO plugin v27.4 - https:\/\/yoast.com\/product\/yoast-seo-wordpress\/ -->\n<title>Sprinklertanks, das Herzst\u00fcck des Brandschutzes | Cistern Solutions Sweden<\/title>\n<meta name=\"description\" content=\"Sprinklertanks sind f\u00fcr einen sicheren Brandschutz unerl\u00e4sslich. Halten Sie den Sprinklertank in gutem Zustand, indem Sie ihn regelm\u00e4\u00dfig inspizieren! Wie wir Ihnen helfen ...\" \/>\n<meta name=\"robots\" content=\"index, follow, max-snippet:-1, max-image-preview:large, max-video-preview:-1\" \/>\n<link rel=\"canonical\" href=\"https:\/\/cisternsolutions.eu\/de\/sprinklertanks\/\" \/>\n<meta property=\"og:locale\" content=\"de_DE\" \/>\n<meta property=\"og:type\" content=\"article\" \/>\n<meta property=\"og:title\" content=\"Sprinklertanks, das Herzst\u00fcck des Brandschutzes | Cistern Solutions Sweden\" \/>\n<meta property=\"og:description\" content=\"Sprinklertanks sind f\u00fcr einen sicheren Brandschutz unerl\u00e4sslich. Halten Sie den Sprinklertank in gutem Zustand, indem Sie ihn regelm\u00e4\u00dfig inspizieren! Wie wir Ihnen helfen ...\" \/>\n<meta property=\"og:url\" content=\"https:\/\/cisternsolutions.eu\/de\/sprinklertanks\/\" \/>\n<meta property=\"og:site_name\" content=\"Cistern Solutions Sweden\" \/>\n<meta property=\"article:modified_time\" content=\"2025-11-25T10:35:21+00:00\" \/>\n<meta property=\"og:image\" content=\"https:\/\/cisternsolutions.eu\/wp-content\/uploads\/2024\/03\/sprinklertankar.jpg\" \/>\n\t<meta property=\"og:image:width\" content=\"1920\" \/>\n\t<meta property=\"og:image:height\" content=\"526\" \/>\n\t<meta property=\"og:image:type\" content=\"image\/jpeg\" \/>\n<meta name=\"twitter:card\" content=\"summary_large_image\" \/>\n<meta name=\"twitter:label1\" content=\"Gesch\u00e4tzte Lesezeit\" \/>\n\t<meta name=\"twitter:data1\" content=\"4\u00a0Minuten\" \/>\n<script type=\"application\/ld+json\" class=\"yoast-schema-graph\">{\"@context\":\"https:\\\/\\\/schema.org\",\"@graph\":[{\"@type\":\"WebPage\",\"@id\":\"https:\\\/\\\/cisternsolutions.eu\\\/de\\\/sprinklertanks\\\/\",\"url\":\"https:\\\/\\\/cisternsolutions.eu\\\/de\\\/sprinklertanks\\\/\",\"name\":\"Sprinklertanks, das Herzst\u00fcck des Brandschutzes | Cistern Solutions Sweden\",\"isPartOf\":{\"@id\":\"https:\\\/\\\/cisternsolutions.eu\\\/de\\\/#website\"},\"primaryImageOfPage\":{\"@id\":\"https:\\\/\\\/cisternsolutions.eu\\\/de\\\/sprinklertanks\\\/#primaryimage\"},\"image\":{\"@id\":\"https:\\\/\\\/cisternsolutions.eu\\\/de\\\/sprinklertanks\\\/#primaryimage\"},\"thumbnailUrl\":\"https:\\\/\\\/cisternsolutions.eu\\\/wp-content\\\/uploads\\\/2024\\\/03\\\/sprinklertankar.jpg\",\"datePublished\":\"2024-03-05T13:36:38+00:00\",\"dateModified\":\"2025-11-25T10:35:21+00:00\",\"description\":\"Sprinklertanks sind f\u00fcr einen sicheren Brandschutz unerl\u00e4sslich. Halten Sie den Sprinklertank in gutem Zustand, indem Sie ihn regelm\u00e4\u00dfig inspizieren! Wie wir Ihnen helfen ...\",\"breadcrumb\":{\"@id\":\"https:\\\/\\\/cisternsolutions.eu\\\/de\\\/sprinklertanks\\\/#breadcrumb\"},\"inLanguage\":\"de\",\"potentialAction\":[{\"@type\":\"ReadAction\",\"target\":[\"https:\\\/\\\/cisternsolutions.eu\\\/de\\\/sprinklertanks\\\/\"]}]},{\"@type\":\"ImageObject\",\"inLanguage\":\"de\",\"@id\":\"https:\\\/\\\/cisternsolutions.eu\\\/de\\\/sprinklertanks\\\/#primaryimage\",\"url\":\"https:\\\/\\\/cisternsolutions.eu\\\/wp-content\\\/uploads\\\/2024\\\/03\\\/sprinklertankar.jpg\",\"contentUrl\":\"https:\\\/\\\/cisternsolutions.eu\\\/wp-content\\\/uploads\\\/2024\\\/03\\\/sprinklertankar.jpg\",\"width\":1920,\"height\":526},{\"@type\":\"BreadcrumbList\",\"@id\":\"https:\\\/\\\/cisternsolutions.eu\\\/de\\\/sprinklertanks\\\/#breadcrumb\",\"itemListElement\":[{\"@type\":\"ListItem\",\"position\":1,\"name\":\"Hem\",\"item\":\"https:\\\/\\\/cisternsolutions.eu\\\/de\\\/hauptseite\\\/\"},{\"@type\":\"ListItem\",\"position\":2,\"name\":\"Sprinklertanks\"}]},{\"@type\":\"WebSite\",\"@id\":\"https:\\\/\\\/cisternsolutions.eu\\\/de\\\/#website\",\"url\":\"https:\\\/\\\/cisternsolutions.eu\\\/de\\\/\",\"name\":\"Cistern Solutions Sweden\",\"description\":\"Cistern Solutions Sweden\",\"publisher\":{\"@id\":\"https:\\\/\\\/cisternsolutions.eu\\\/de\\\/#organization\"},\"potentialAction\":[{\"@type\":\"SearchAction\",\"target\":{\"@type\":\"EntryPoint\",\"urlTemplate\":\"https:\\\/\\\/cisternsolutions.eu\\\/de\\\/?s={search_term_string}\"},\"query-input\":{\"@type\":\"PropertyValueSpecification\",\"valueRequired\":true,\"valueName\":\"search_term_string\"}}],\"inLanguage\":\"de\"},{\"@type\":\"Organization\",\"@id\":\"https:\\\/\\\/cisternsolutions.eu\\\/de\\\/#organization\",\"name\":\"| Cistern Solutions Sweden AB\",\"url\":\"https:\\\/\\\/cisternsolutions.eu\\\/de\\\/\",\"logo\":{\"@type\":\"ImageObject\",\"inLanguage\":\"de\",\"@id\":\"https:\\\/\\\/cisternsolutions.eu\\\/de\\\/#\\\/schema\\\/logo\\\/image\\\/\",\"url\":\"https:\\\/\\\/cisternsolutions.eu\\\/wp-content\\\/uploads\\\/2023\\\/11\\\/CisternSolutions_orginal-logo.png\",\"contentUrl\":\"https:\\\/\\\/cisternsolutions.eu\\\/wp-content\\\/uploads\\\/2023\\\/11\\\/CisternSolutions_orginal-logo.png\",\"width\":1045,\"height\":293,\"caption\":\"| Cistern Solutions Sweden AB\"},\"image\":{\"@id\":\"https:\\\/\\\/cisternsolutions.eu\\\/de\\\/#\\\/schema\\\/logo\\\/image\\\/\"}}]}<\/script>\n<!-- \/ Yoast SEO plugin. -->","yoast_head_json":{"title":"Sprinklertanks, das Herzst\u00fcck des Brandschutzes | Cistern Solutions Sweden","description":"Sprinklertanks sind f\u00fcr einen sicheren Brandschutz unerl\u00e4sslich. Halten Sie den Sprinklertank in gutem Zustand, indem Sie ihn regelm\u00e4\u00dfig inspizieren! Wie wir Ihnen helfen ...","robots":{"index":"index","follow":"follow","max-snippet":"max-snippet:-1","max-image-preview":"max-image-preview:large","max-video-preview":"max-video-preview:-1"},"canonical":"https:\/\/cisternsolutions.eu\/de\/sprinklertanks\/","og_locale":"de_DE","og_type":"article","og_title":"Sprinklertanks, das Herzst\u00fcck des Brandschutzes | Cistern Solutions Sweden","og_description":"Sprinklertanks sind f\u00fcr einen sicheren Brandschutz unerl\u00e4sslich. Halten Sie den Sprinklertank in gutem Zustand, indem Sie ihn regelm\u00e4\u00dfig inspizieren! Wie wir Ihnen helfen ...","og_url":"https:\/\/cisternsolutions.eu\/de\/sprinklertanks\/","og_site_name":"Cistern Solutions Sweden","article_modified_time":"2025-11-25T10:35:21+00:00","og_image":[{"width":1920,"height":526,"url":"https:\/\/cisternsolutions.eu\/wp-content\/uploads\/2024\/03\/sprinklertankar.jpg","type":"image\/jpeg"}],"twitter_card":"summary_large_image","twitter_misc":{"Gesch\u00e4tzte Lesezeit":"4\u00a0Minuten"},"schema":{"@context":"https:\/\/schema.org","@graph":[{"@type":"WebPage","@id":"https:\/\/cisternsolutions.eu\/de\/sprinklertanks\/","url":"https:\/\/cisternsolutions.eu\/de\/sprinklertanks\/","name":"Sprinklertanks, das Herzst\u00fcck des Brandschutzes | Cistern Solutions Sweden","isPartOf":{"@id":"https:\/\/cisternsolutions.eu\/de\/#website"},"primaryImageOfPage":{"@id":"https:\/\/cisternsolutions.eu\/de\/sprinklertanks\/#primaryimage"},"image":{"@id":"https:\/\/cisternsolutions.eu\/de\/sprinklertanks\/#primaryimage"},"thumbnailUrl":"https:\/\/cisternsolutions.eu\/wp-content\/uploads\/2024\/03\/sprinklertankar.jpg","datePublished":"2024-03-05T13:36:38+00:00","dateModified":"2025-11-25T10:35:21+00:00","description":"Sprinklertanks sind f\u00fcr einen sicheren Brandschutz unerl\u00e4sslich. Halten Sie den Sprinklertank in gutem Zustand, indem Sie ihn regelm\u00e4\u00dfig inspizieren! Wie wir Ihnen helfen ...","breadcrumb":{"@id":"https:\/\/cisternsolutions.eu\/de\/sprinklertanks\/#breadcrumb"},"inLanguage":"de","potentialAction":[{"@type":"ReadAction","target":["https:\/\/cisternsolutions.eu\/de\/sprinklertanks\/"]}]},{"@type":"ImageObject","inLanguage":"de","@id":"https:\/\/cisternsolutions.eu\/de\/sprinklertanks\/#primaryimage","url":"https:\/\/cisternsolutions.eu\/wp-content\/uploads\/2024\/03\/sprinklertankar.jpg","contentUrl":"https:\/\/cisternsolutions.eu\/wp-content\/uploads\/2024\/03\/sprinklertankar.jpg","width":1920,"height":526},{"@type":"BreadcrumbList","@id":"https:\/\/cisternsolutions.eu\/de\/sprinklertanks\/#breadcrumb","itemListElement":[{"@type":"ListItem","position":1,"name":"Hem","item":"https:\/\/cisternsolutions.eu\/de\/hauptseite\/"},{"@type":"ListItem","position":2,"name":"Sprinklertanks"}]},{"@type":"WebSite","@id":"https:\/\/cisternsolutions.eu\/de\/#website","url":"https:\/\/cisternsolutions.eu\/de\/","name":"Cistern Solutions Sweden","description":"Cistern Solutions Sweden","publisher":{"@id":"https:\/\/cisternsolutions.eu\/de\/#organization"},"potentialAction":[{"@type":"SearchAction","target":{"@type":"EntryPoint","urlTemplate":"https:\/\/cisternsolutions.eu\/de\/?s={search_term_string}"},"query-input":{"@type":"PropertyValueSpecification","valueRequired":true,"valueName":"search_term_string"}}],"inLanguage":"de"},{"@type":"Organization","@id":"https:\/\/cisternsolutions.eu\/de\/#organization","name":"| Cistern Solutions Sweden AB","url":"https:\/\/cisternsolutions.eu\/de\/","logo":{"@type":"ImageObject","inLanguage":"de","@id":"https:\/\/cisternsolutions.eu\/de\/#\/schema\/logo\/image\/","url":"https:\/\/cisternsolutions.eu\/wp-content\/uploads\/2023\/11\/CisternSolutions_orginal-logo.png","contentUrl":"https:\/\/cisternsolutions.eu\/wp-content\/uploads\/2023\/11\/CisternSolutions_orginal-logo.png","width":1045,"height":293,"caption":"| Cistern Solutions Sweden AB"},"image":{"@id":"https:\/\/cisternsolutions.eu\/de\/#\/schema\/logo\/image\/"}}]}},"_links":{"self":[{"href":"https:\/\/cisternsolutions.eu\/de\/wp-json\/wp\/v2\/pages\/5329","targetHints":{"allow":["GET"]}}],"collection":[{"href":"https:\/\/cisternsolutions.eu\/de\/wp-json\/wp\/v2\/pages"}],"about":[{"href":"https:\/\/cisternsolutions.eu\/de\/wp-json\/wp\/v2\/types\/page"}],"author":[{"embeddable":true,"href":"https:\/\/cisternsolutions.eu\/de\/wp-json\/wp\/v2\/users\/4"}],"replies":[{"embeddable":true,"href":"https:\/\/cisternsolutions.eu\/de\/wp-json\/wp\/v2\/comments?post=5329"}],"version-history":[{"count":7,"href":"https:\/\/cisternsolutions.eu\/de\/wp-json\/wp\/v2\/pages\/5329\/revisions"}],"predecessor-version":[{"id":8004,"href":"https:\/\/cisternsolutions.eu\/de\/wp-json\/wp\/v2\/pages\/5329\/revisions\/8004"}],"wp:featuredmedia":[{"embeddable":true,"href":"https:\/\/cisternsolutions.eu\/de\/wp-json\/wp\/v2\/media\/5257"}],"wp:attachment":[{"href":"https:\/\/cisternsolutions.eu\/de\/wp-json\/wp\/v2\/media?parent=5329"}],"curies":[{"name":"wp","href":"https:\/\/api.w.org\/{rel}","templated":true}]}}