{"id":5316,"date":"2024-03-05T15:06:53","date_gmt":"2024-03-05T14:06:53","guid":{"rendered":"https:\/\/cisternsolutions.eu\/beschaedigter-sprinklertank\/"},"modified":"2024-07-02T16:14:18","modified_gmt":"2024-07-02T14:14:18","slug":"beschaedigter-sprinklertank","status":"publish","type":"page","link":"https:\/\/cisternsolutions.eu\/de\/beschaedigter-sprinklertank\/","title":{"rendered":"Besch\u00e4digter Sprinklertank"},"content":{"rendered":"\n\n\t\t<h1>\n\t\t\tBesch\u00e4digter Sprinklertank\n\t\t<\/h1>\n\t\t\t<p>&#8211; Ursachen und Ma\u00dfnahmen<\/p>\t\t\n<h2>\n\t\tRisiken eines besch\u00e4digten Sprinklertanks\n\t<\/h2>\n\t<p>Um einen angemessenen Brandschutz zu gew\u00e4hrleisten, m\u00fcssen alle Teile der Sprinkleranlage wie erwartet funktionieren. Ein besch\u00e4digter Sprinklertank kann die Sicherheit in mehrfacher Hinsicht gef\u00e4hrden. Wenn der Tank nicht gen\u00fcgend Wasser enth\u00e4lt, kann sich das Feuer ausbreiten, bevor das Geb\u00e4ude evakuiert ist und die Feuerwehr vor Ort ist. Wenn Sedimente aus dem Tank in das System gepumpt werden, kann es verstopft werden. Im schlimmsten Fall kann das gesamte Rohrleitungssystem zusammenbrechen, da es nur f\u00fcr den Transport von Wasser ausgelegt ist.<\/p>\n<p>Es ist daher \u00e4u\u00dferst wichtig, dass der Sprinklertank nicht besch\u00e4digt ist.<\/p>\n<p><strong>Wie kann man feststellen, ob der Tank in gutem Zustand ist? Was sind die h\u00e4ufigsten Probleme mit Sprinklertanks und was kann man tun, um sie zu beheben?<\/strong><\/p>\n\t<p><em>*) Bitte beachten Sie, dass alle Verweise auf Verordnungen, Gesetze und Beh\u00f6rden auf der Website f\u00fcr Schweden und schwedische Bedingungen gelten.  <\/em><\/p>\n\t\t\t<h3>Kontaktieren Sie mich!<\/h3>\n\t\t    <form data-form_id=\"9\" id=\"fluentform_9\" data-form_instance=\"ff_form_instance_9_1\" method=\"POST\" data-recptcha_key=\"6LclVsMpAAAAALbQlfjI40nUI01kkMo-WKOg0nvc\"><fieldset>\n                    <legend>Schnellkontaktformular &#8211; DE<\/legend><input type='hidden' name='__fluent_form_embded_post_id' value='5316' \/><input type=\"hidden\" id=\"_fluentform_9_fluentformnonce\" name=\"_fluentform_9_fluentformnonce\" value=\"08da1cd4b5\" \/><input type=\"hidden\" name=\"_wp_http_referer\" value=\"\/de\/?page_id=5316&#038;fl_builder\" \/><input type=\"text\" name=\"names[first_name]\" id=\"ff_9_names_first_name_\" placeholder=\"Vor-und Nachname ...\" aria-invalid=\"false\" aria-required=true\/><input type=\"email\" name=\"email\" id=\"ff_9_email\" placeholder=\"Schicken Sie mir eine E-Mail an ...\" data-name=\"email\"  aria-invalid=\"false\" aria-required=true\/><textarea aria-invalid=\"false\" aria-required=true name=\"message\" id=\"ff_9_message\" placeholder=\"Kontaktieren Sie mich \u00fcber ...\" rows=\"4\" cols=\"2\" data-name=\"message\"><\/textarea><label aria-label='terms &#038; conditions' class='ff-el-form-check-label ff_tc_label' for=gdpr-agreement_7b00c94782c3cfe7dc808afda8644bb1><input type=\"checkbox\" name=\"gdpr-agreement\" data-name=\"gdpr-agreement\" id=\"gdpr-agreement_7b00c94782c3cfe7dc808afda8644bb1\"  value='on' aria-invalid='false' aria-required=true\/> Ich bin damit einverstanden, dass diese Website meine \u00fcbermittelten Informationen speichert, damit auf meine Anfrage reagiert werden kann. Die Informationen werden 1 Jahr lang gespeichert.<\/label><button type=\"submit\">Schicken<\/button><\/fieldset><\/form>        \n\t\t<h3>H\u00e4ufige Verletzungen:<\/h3>\n\t\t\t<ul><li>Korrosion<\/li><li>Sediment<\/li><li>Durchsickern<\/li><li>Geschw\u00e4chte Konstruktion<\/li><li>Details wie wegrostende Befestigungen<\/li><\/ul>\t\t\n<h2>\n\t\tDrei h\u00e4ufige Probleme mit Sprinklertanks\n\t<\/h2>\n\t\t\t\t\t\t\t\t\t<img decoding=\"async\" src=\"https:\/\/cisternsolutions.eu\/wp-content\/uploads\/2024\/02\/korrosion_i_tank_03.jpg\" alt=\"korrosion_i_tank_03\" itemprop=\"image\" height=\"250\" width=\"700\" srcset=\"https:\/\/cisternsolutions.eu\/wp-content\/uploads\/2024\/02\/korrosion_i_tank_03.jpg 700w, https:\/\/cisternsolutions.eu\/wp-content\/uploads\/2024\/02\/korrosion_i_tank_03-300x107.jpg 300w\" sizes=\"(max-width: 700px) 100vw, 700px\" title=\"korrosion_i_tank_03\" onerror=\"this.style.display='none'\"  \/>\n<h3>\n\t\tKorrosion\n\t<\/h3>\n\t<p>Korrosion ist ein h\u00e4ufiges Problem bei Sprinklertanks. Der Rost korrodiert das Blech und beeintr\u00e4chtigt die Festigkeit der Konstruktion. Was passiert, wenn der Sprinklertank zusammenbricht? Viele hundert Kubikmeter Wasser w\u00fcrden ausstr\u00f6men und gro\u00dfe Sch\u00e4den verursachen.<\/p>\n<strong>Warum f\u00e4ngt der Tank an zu rosten?<\/strong><br \/>\nWasser kann auf verschiedene Weise zur Korrosion beitragen.\n<ul>\n<li>Wenn es in den Tank regnet, sinkt der pH-Wert des Wassers und die Korrosionsgefahr steigt.<\/li>\n<li>Das Gleiche gilt, wenn das Wasser viel Sauerstoff enth\u00e4lt, was der Fall ist, wenn Sie z. B. einen Wasserfilter verwenden. verwendet S\u00fc\u00dfwasser aus einem See. Je mehr Sauerstoff, desto leichter bildet sich Rost.<\/li>\n<li>Der W\u00e4rmeaustausch setzt das Wasser in Bewegung und beeinflusst, wie schnell der Tank korrodiert. Ein W\u00e4rmeaustausch kann stattfinden, wenn der Sprinklertank isoliert und das Pumpengeh\u00e4use beheizt ist.<\/li>\n<\/ul>\n<p>Auch die Materialien im Tank k\u00f6nnen einen Einfluss haben. Das Einsetzen von Edelstahlrohren in einen Sprinklertank aus Stahlblech f\u00fchrt zu einem Prozess, der als galvanische Korrosion bezeichnet wird.<\/p>\n\t\t\t\t\t\t\t\t\t<img decoding=\"async\" src=\"https:\/\/cisternsolutions.eu\/wp-content\/uploads\/2024\/03\/lacka_01.jpg\" alt=\"lacka_01\" itemprop=\"image\" height=\"250\" width=\"700\" srcset=\"https:\/\/cisternsolutions.eu\/wp-content\/uploads\/2024\/03\/lacka_01.jpg 700w, https:\/\/cisternsolutions.eu\/wp-content\/uploads\/2024\/03\/lacka_01-300x107.jpg 300w\" sizes=\"(max-width: 700px) 100vw, 700px\" title=\"lacka_01\" onerror=\"this.style.display='none'\"  \/>\n<h3>\n\t\tDurchsickern\n\t<\/h3>\n\t<p>Rostsch\u00e4den k\u00f6nnen schlie\u00dflich zu einem Loch im Sprinklertank f\u00fchren. Befindet sich ein besch\u00e4digter Sprinklertank im Freien, kann das Wasserleck keine gr\u00f6\u00dfere Katastrophe verursachen. M\u00f6glicherweise bemerken Sie das Leck gar nicht, wenn das Wasser nur aus den unteren Fugen sickert. Das Leck bedeutet jedoch wahrscheinlich, dass der Tank mit neuem, sauerstoffreichem Wasser gef\u00fcllt wird, um das richtige Volumen zu erhalten. Und mehr Sauerstoff kann den Korrosionsprozess beschleunigen.<\/p>\n<p>Wenn sich der Sprinklertank in einem Geb\u00e4ude befindet, kann dies problematischer sein. Ein gr\u00f6\u00dferes Leck kann zu akuten und schweren Wassersch\u00e4den f\u00fchren. Und wie hoch sind die Kosten, wenn Sie die R\u00e4umlichkeiten lange Zeit nicht nutzen k\u00f6nnen?<\/p>\n\t\t\t\t\t\t\t\t\t<img decoding=\"async\" src=\"https:\/\/cisternsolutions.eu\/wp-content\/uploads\/2024\/02\/korrosion_i_tank_01-1.jpg\" alt=\"korrosion_i_tank_01\" itemprop=\"image\" height=\"250\" width=\"700\" srcset=\"https:\/\/cisternsolutions.eu\/wp-content\/uploads\/2024\/02\/korrosion_i_tank_01-1.jpg 700w, https:\/\/cisternsolutions.eu\/wp-content\/uploads\/2024\/02\/korrosion_i_tank_01-1-300x107.jpg 300w\" sizes=\"(max-width: 700px) 100vw, 700px\" title=\"korrosion_i_tank_01\" onerror=\"this.style.display='none'\"  \/>\n<h3>\n\t\tSediment\n\t<\/h3>\n\t<p>Ein weiteres Problem sind Rost und Ablagerungen, die sich am Boden des Tanks ansammeln. Wenn man dann noch Algen und anderes mikrobielles Wachstum von den W\u00e4nden hinzuf\u00fcgt, hat man nach ein paar Jahren eine ganze Menge Sediment.<\/p>\n<p>Der Bodenschlamm wird als erstes in die Sprinkleranlage gedr\u00fcckt, wenn diese aktiviert wird. Es besteht ein hohes Risiko, dass Rohre und Sprinklerk\u00f6pfe verstopft sind und nur wenig oder gar kein Wasser mehr ankommt.<\/p>\n\t\t<h3>\n\t\t\tWoran erkenne ich, dass mein Sprinklertank besch\u00e4digt ist?\n\t\t<\/h3>\n\t\t\t<p>Fehlersuche bei Problemen mit Sprinklertanks<\/p>\t\t\n\t<p>Am besten ist es nat\u00fcrlich, wenn man Probleme mit dem Sprinklertank vermeidet. Sie k\u00f6nnen dies tun, indem Sie den Tank regelm\u00e4\u00dfig inspizieren und reinigen. Ein besch\u00e4digter Sprinklertank kann eine teure Angelegenheit sein.<\/p>\n<p>Eine gr\u00fcndliche Sichtpr\u00fcfung des Tanks bietet eine gute Orientierung. Achten Sie auf Roststellen, Risse und Undichtigkeiten. Vergessen Sie nicht, die Verbindungen und Anschl\u00fcsse zu \u00fcberpr\u00fcfen. Es ist gut, wenn es m\u00f6glich ist, in den Tank hinunterzuschauen.<\/p>\n<p>Mit Hilfe einer Unterwasserdrohne kann das Innere des Tanks in Echtzeit inspiziert werden, ohne dass das Wasser abgelassen werden muss. Sie k\u00f6nnen sofort sehen, ob ein Schaden vorliegt, der repariert werden muss. Die Drohne kann Bilder und Videos aufnehmen, die der Inspektor auswerten kann, um einen detaillierten Bericht \u00fcber Sch\u00e4den und M\u00e4ngel zu erstellen.<\/p>\n\t<iframe allowfullscreen allow=\"autoplay\" data-src=\"https:\/\/www.youtube.com\/embed\/c4R_IL0Dp20?feature=oembed&amp;start&amp;end&amp;wmode=opaque&amp;loop=0&amp;controls=1&amp;mute=0&amp;rel=0&amp;modestbranding=0\"><\/iframe>\t\t\n\t\t\t\t\tPlay Video\n\t<p>Einer unserer Partner in Deutschland, Kopterflug, setzt Unterwasserdrohnen zur Inspektion von Sprinklertanks ein.<\/p>\n\t\t<h2>\n\t\t\tHaben Sie einen besch\u00e4digten Sprinklertank?  \n\t\t<\/h2>\n\t\t\t<p>Ma\u00dfnahmen bei einem besch\u00e4digten Sprinklertank<\/p>\t\t\n\t<p>In den allermeisten F\u00e4llen ist die L\u00f6sung f\u00fcr einen defekten Sprinklertank die Reparatur. Wir von Cistern Solutions Sweden verf\u00fcgen \u00fcber langj\u00e4hrige Erfahrung bei der Suche und Behebung von Problemen mit Sprinklertanks. Dies hat zu einer wirksamen Methode zur Reparatur von besch\u00e4digten Sprinklertanks mit verst\u00e4rktem Epoxidharz gef\u00fchrt.<\/p>\n<p><a href=\"https:\/\/cisternsolutions.eu\/de\/renovierung-des-sprinklertanks\/\">Lesen Sie hier mehr \u00fcber die Methode<\/a> und sehen Sie mehrere <a href=\"https:\/\/cisternsolutions.eu\/de\/referenzen\/\">Beispiele, wie wir Probleme mit<\/a> Sprinklertanks f\u00fcr andere Kunden <a href=\"https:\/\/cisternsolutions.eu\/de\/referenzen\/\">gel\u00f6st haben<\/a>.<\/p>\n<p>Wenn Sie einen besch\u00e4digten Sprinklertank haben, wenden Sie sich an uns<strong>! <\/strong>Wir l\u00f6sen Ihre Probleme mit dem Sprinklertank von der Inspektion \u00fcber den Vorschlag von Ma\u00dfnahmen bis zur Durchf\u00fchrung der Sanierung.<\/p>\n\t\t<h3>\n\t\t\tIch m\u00f6chte mehr \u00fcber die Sanierung von Sprinklertanks erfahren\n\t\t<\/h3>\n\t\t    <form data-form_id=\"5\" id=\"fluentform_5\" data-form_instance=\"ff_form_instance_5_2\" method=\"POST\" data-recptcha_key=\"6LclVsMpAAAAALbQlfjI40nUI01kkMo-WKOg0nvc\"><fieldset>\n                    <legend>Kontakt Formular DE<\/legend><input type='hidden' name='__fluent_form_embded_post_id' value='5316' \/><input type=\"hidden\" id=\"_fluentform_5_fluentformnonce\" name=\"_fluentform_5_fluentformnonce\" value=\"08da1cd4b5\" \/><input type=\"hidden\" name=\"_wp_http_referer\" value=\"\/de\/?page_id=5316&#038;fl_builder\" \/><label for='ff_5_2_names_first_name_' aria-label=\"Mein name ist ...\">Mein name ist &#8230;<\/label><input type=\"text\" name=\"names[first_name]\" id=\"ff_5_2_names_first_name_\" placeholder=\"Vor- und Nachname\" aria-invalid=\"false\" aria-required=true\/><label for='ff_5_2_input_text' aria-label=\"Firma\">Firma<\/label><input type=\"text\" name=\"input_text\" placeholder=\"Ich arbeite ...\" data-name=\"input_text\" id=\"ff_5_2_input_text\"  aria-invalid=\"false\" aria-required=true\/><label for='ff_5_2_email' aria-label=\"E-Mail\">E-Mail<\/label><input type=\"email\" name=\"email\" id=\"ff_5_2_email\" placeholder=\"Schicken Sie mir eine E-Mail an...\" data-name=\"email\"  aria-invalid=\"false\" aria-required=true\/><label for='ff_5_2_phone' aria-label=\"Telefon\">Telefon<\/label><input name=\"phone\" type=\"tel\" placeholder=\"Meine Nummer ...\" data-name=\"phone\" id=\"ff_5_2_phone\" inputmode=\"tel\"  aria-invalid='false' aria-required=true\/><label for='ff_5_2_subject' aria-label=\"Thema\">Thema<\/label><input type=\"text\" name=\"subject\" placeholder=\"Ich interessiere mich f\u00fcr ....\" data-name=\"subject\" id=\"ff_5_2_subject\"  aria-invalid=\"false\" aria-required=true\/><label  aria-label=\"Art des Tanks\">Art des Tanks<\/label><label class='ff-el-form-check-label' for=checkbox_1_b4008186025d0ad749ac5ce6896a31d7><input type=\"checkbox\" name=\"checkbox_1[]\" data-name=\"checkbox_1\" value=\"Sprinklertank\"  id='checkbox_1_b4008186025d0ad749ac5ce6896a31d7' aria-label='Sprinklertank' aria-invalid='false' aria-required=false\/> Sprinklertank<\/label><label class='ff-el-form-check-label' for=checkbox_1_8c21a37829f70000b8a0d1db31a0a1d2><input type=\"checkbox\" name=\"checkbox_1[]\" data-name=\"checkbox_1\" value=\"Prozesstank\"  id='checkbox_1_8c21a37829f70000b8a0d1db31a0a1d2' aria-label='Prozesstank' aria-invalid='false' aria-required=false\/> Prozesstank<\/label><label class='ff-el-form-check-label' for=checkbox_1_eadaed5f95afdae9467daada44e2ca68><input type=\"checkbox\" name=\"checkbox_1[]\" data-name=\"checkbox_1\" value=\"Anderer Tanktyp\"  id='checkbox_1_eadaed5f95afdae9467daada44e2ca68' aria-label='Anderer Tanktyp' aria-invalid='false' aria-required=false\/> Anderer Tanktyp<\/label><label  aria-label=\"Service\">Service<\/label><label class='ff-el-form-check-label' for=checkbox_5f741403ed98f990e2ba9c59b199d75e><input type=\"checkbox\" name=\"checkbox[]\" data-name=\"checkbox\" value=\"Inspektion\"  id='checkbox_5f741403ed98f990e2ba9c59b199d75e' aria-label='Inspektion' aria-invalid='false' aria-required=false\/> Inspektion<\/label><label class='ff-el-form-check-label' for=checkbox_53700a5efbf6bb71d51164f410aa5661><input type=\"checkbox\" name=\"checkbox[]\" data-name=\"checkbox\" value=\"Renovierung\"  id='checkbox_53700a5efbf6bb71d51164f410aa5661' aria-label='Renovierung' aria-invalid='false' aria-required=false\/> Renovierung<\/label><label class='ff-el-form-check-label' for=checkbox_e0e6cffbad0f89e953c24eebfc330eba><input type=\"checkbox\" name=\"checkbox[]\" data-name=\"checkbox\" value=\"Andere\"  id='checkbox_e0e6cffbad0f89e953c24eebfc330eba' aria-label='Andere' aria-invalid='false' aria-required=false\/> Andere<\/label><label for='ff_5_2_multi_select_1' aria-label=\"Anzahl der Tanks\">Anzahl der Tanks<\/label><select name=\"multi_select_1[]\" id=\"ff_5_2_multi_select_1\" placeholder=\"Anzahl der Tanks\" multiple=\"1\" data-name=\"multi_select_1\" data-calc_value=\"0\"  aria-invalid=\"false\" aria-required=false><option value=\"\">Anzahl der Tanks<\/option><option value=\"0\">0<\/option><option value=\"1\">1<\/option><option value=\"2\">2<\/option><option value=\"3\">3<\/option><option value=\"4\">4<\/option><option value=\"5\">5<\/option><option value=\"6\">6<\/option><option value=\"7\">7<\/option><option value=\"8\">8<\/option><option value=\"9\">9<\/option><option value=\"10 eller fler\">10 eller fler<\/option><\/select><label for='ff_5_2_message' aria-label=\"Nachricht\">Nachricht<\/label><textarea aria-invalid=\"false\" aria-required=true name=\"message\" id=\"ff_5_2_message\" placeholder=\"Ihre Nachricht an uns ...\" rows=\"4\" cols=\"2\" data-name=\"message\"><\/textarea><label aria-label='terms &#038; conditions' class='ff-el-form-check-label ff_tc_label' for=gdpr-agreement_f689cc720518aadfded3256c0df0526e><input type=\"checkbox\" name=\"gdpr-agreement\" data-name=\"gdpr-agreement\" id=\"gdpr-agreement_f689cc720518aadfded3256c0df0526e\"  value='on' aria-invalid='false' aria-required=true\/> Ich bin damit einverstanden, dass diese Website meine \u00fcbermittelten Informationen speichert, damit auf meine Anfrage reagiert werden kann. Die Informationen werden 1 Jahr lang gespeichert.<\/label><button type=\"submit\">Senden<\/button><\/fieldset><\/form>        \n\n","protected":false},"excerpt":{"rendered":"<p>Besch\u00e4digter Sprinklertank &#8211; Ursachen und Ma\u00dfnahmen Risiken eines besch\u00e4digten Sprinklertanks Um einen angemessenen Brandschutz zu gew\u00e4hrleisten, m\u00fcssen alle Teile der Sprinkleranlage wie erwartet funktionieren. Ein besch\u00e4digter Sprinklertank kann die Sicherheit in mehrfacher Hinsicht gef\u00e4hrden. Wenn der Tank nicht gen\u00fcgend Wasser enth\u00e4lt, kann sich das Feuer ausbreiten, bevor das Geb\u00e4ude evakuiert &#8230; <a title=\"Besch\u00e4digter Sprinklertank\" class=\"read-more\" href=\"https:\/\/cisternsolutions.eu\/de\/beschaedigter-sprinklertank\/\" aria-label=\"Mehr Informationen \u00fcber Besch\u00e4digter Sprinklertank\">L\u00e4s mer<\/a><\/p>\n","protected":false},"author":4,"featured_media":0,"parent":0,"menu_order":0,"comment_status":"closed","ping_status":"closed","template":"","meta":{"footnotes":""},"class_list":["post-5316","page","type-page","status-publish"],"yoast_head":"<!-- This site is optimized with the Yoast SEO plugin v27.5 - https:\/\/yoast.com\/product\/yoast-seo-wordpress\/ -->\n<title>Reparatur eines besch\u00e4digten Sprinklertanks mit Epoxidharz | Cistern Solutions Sweden<\/title>\n<meta name=\"description\" content=\"Es ist m\u00f6glich, einen besch\u00e4digten Sprinklertank zu reparieren! Wir verf\u00fcgen \u00fcber langj\u00e4hrige Erfahrung in der Reparatur von besch\u00e4digten Sprinklertanks mit verst\u00e4rktem Epoxidharz. Lesen Sie mehr ...\" \/>\n<meta name=\"robots\" content=\"index, follow, max-snippet:-1, max-image-preview:large, max-video-preview:-1\" \/>\n<link rel=\"canonical\" href=\"https:\/\/cisternsolutions.eu\/de\/beschaedigter-sprinklertank\/\" \/>\n<meta property=\"og:locale\" content=\"de_DE\" \/>\n<meta property=\"og:type\" content=\"article\" \/>\n<meta property=\"og:title\" content=\"Reparatur eines besch\u00e4digten Sprinklertanks mit Epoxidharz | Cistern Solutions Sweden\" \/>\n<meta property=\"og:description\" content=\"Es ist m\u00f6glich, einen besch\u00e4digten Sprinklertank zu reparieren! Wir verf\u00fcgen \u00fcber langj\u00e4hrige Erfahrung in der Reparatur von besch\u00e4digten Sprinklertanks mit verst\u00e4rktem Epoxidharz. Lesen Sie mehr ...\" \/>\n<meta property=\"og:url\" content=\"https:\/\/cisternsolutions.eu\/de\/beschaedigter-sprinklertank\/\" \/>\n<meta property=\"og:site_name\" content=\"Cistern Solutions Sweden\" \/>\n<meta property=\"article:modified_time\" content=\"2024-07-02T14:14:18+00:00\" \/>\n<meta property=\"og:image\" content=\"https:\/\/cisternsolutions.eu\/wp-content\/uploads\/2024\/02\/korrosion_i_tank_03.jpg\" \/>\n<meta name=\"twitter:card\" content=\"summary_large_image\" \/>\n<meta name=\"twitter:label1\" content=\"Gesch\u00e4tzte Lesezeit\" \/>\n\t<meta name=\"twitter:data1\" content=\"5\u00a0Minuten\" \/>\n<script type=\"application\/ld+json\" class=\"yoast-schema-graph\">{\"@context\":\"https:\\\/\\\/schema.org\",\"@graph\":[{\"@type\":\"WebPage\",\"@id\":\"https:\\\/\\\/cisternsolutions.eu\\\/de\\\/beschaedigter-sprinklertank\\\/\",\"url\":\"https:\\\/\\\/cisternsolutions.eu\\\/de\\\/beschaedigter-sprinklertank\\\/\",\"name\":\"Reparatur eines besch\u00e4digten Sprinklertanks mit Epoxidharz | Cistern Solutions Sweden\",\"isPartOf\":{\"@id\":\"https:\\\/\\\/cisternsolutions.eu\\\/de\\\/#website\"},\"primaryImageOfPage\":{\"@id\":\"https:\\\/\\\/cisternsolutions.eu\\\/de\\\/beschaedigter-sprinklertank\\\/#primaryimage\"},\"image\":{\"@id\":\"https:\\\/\\\/cisternsolutions.eu\\\/de\\\/beschaedigter-sprinklertank\\\/#primaryimage\"},\"thumbnailUrl\":\"https:\\\/\\\/cisternsolutions.eu\\\/wp-content\\\/uploads\\\/2024\\\/02\\\/korrosion_i_tank_03.jpg\",\"datePublished\":\"2024-03-05T14:06:53+00:00\",\"dateModified\":\"2024-07-02T14:14:18+00:00\",\"description\":\"Es ist m\u00f6glich, einen besch\u00e4digten Sprinklertank zu reparieren! Wir verf\u00fcgen \u00fcber langj\u00e4hrige Erfahrung in der Reparatur von besch\u00e4digten Sprinklertanks mit verst\u00e4rktem Epoxidharz. Lesen Sie mehr ...\",\"breadcrumb\":{\"@id\":\"https:\\\/\\\/cisternsolutions.eu\\\/de\\\/beschaedigter-sprinklertank\\\/#breadcrumb\"},\"inLanguage\":\"de\",\"potentialAction\":[{\"@type\":\"ReadAction\",\"target\":[\"https:\\\/\\\/cisternsolutions.eu\\\/de\\\/beschaedigter-sprinklertank\\\/\"]}]},{\"@type\":\"ImageObject\",\"inLanguage\":\"de\",\"@id\":\"https:\\\/\\\/cisternsolutions.eu\\\/de\\\/beschaedigter-sprinklertank\\\/#primaryimage\",\"url\":\"https:\\\/\\\/cisternsolutions.eu\\\/wp-content\\\/uploads\\\/2024\\\/02\\\/korrosion_i_tank_03.jpg\",\"contentUrl\":\"https:\\\/\\\/cisternsolutions.eu\\\/wp-content\\\/uploads\\\/2024\\\/02\\\/korrosion_i_tank_03.jpg\"},{\"@type\":\"BreadcrumbList\",\"@id\":\"https:\\\/\\\/cisternsolutions.eu\\\/de\\\/beschaedigter-sprinklertank\\\/#breadcrumb\",\"itemListElement\":[{\"@type\":\"ListItem\",\"position\":1,\"name\":\"Hem\",\"item\":\"https:\\\/\\\/cisternsolutions.eu\\\/de\\\/hauptseite\\\/\"},{\"@type\":\"ListItem\",\"position\":2,\"name\":\"Besch\u00e4digter Sprinklertank\"}]},{\"@type\":\"WebSite\",\"@id\":\"https:\\\/\\\/cisternsolutions.eu\\\/de\\\/#website\",\"url\":\"https:\\\/\\\/cisternsolutions.eu\\\/de\\\/\",\"name\":\"Cistern Solutions Sweden\",\"description\":\"Cistern Solutions Sweden\",\"publisher\":{\"@id\":\"https:\\\/\\\/cisternsolutions.eu\\\/de\\\/#organization\"},\"potentialAction\":[{\"@type\":\"SearchAction\",\"target\":{\"@type\":\"EntryPoint\",\"urlTemplate\":\"https:\\\/\\\/cisternsolutions.eu\\\/de\\\/?s={search_term_string}\"},\"query-input\":{\"@type\":\"PropertyValueSpecification\",\"valueRequired\":true,\"valueName\":\"search_term_string\"}}],\"inLanguage\":\"de\"},{\"@type\":\"Organization\",\"@id\":\"https:\\\/\\\/cisternsolutions.eu\\\/de\\\/#organization\",\"name\":\"| Cistern Solutions Sweden AB\",\"url\":\"https:\\\/\\\/cisternsolutions.eu\\\/de\\\/\",\"logo\":{\"@type\":\"ImageObject\",\"inLanguage\":\"de\",\"@id\":\"https:\\\/\\\/cisternsolutions.eu\\\/de\\\/#\\\/schema\\\/logo\\\/image\\\/\",\"url\":\"https:\\\/\\\/cisternsolutions.eu\\\/wp-content\\\/uploads\\\/2023\\\/11\\\/CisternSolutions_orginal-logo.png\",\"contentUrl\":\"https:\\\/\\\/cisternsolutions.eu\\\/wp-content\\\/uploads\\\/2023\\\/11\\\/CisternSolutions_orginal-logo.png\",\"width\":1045,\"height\":293,\"caption\":\"| Cistern Solutions Sweden AB\"},\"image\":{\"@id\":\"https:\\\/\\\/cisternsolutions.eu\\\/de\\\/#\\\/schema\\\/logo\\\/image\\\/\"}}]}<\/script>\n<!-- \/ Yoast SEO plugin. -->","yoast_head_json":{"title":"Reparatur eines besch\u00e4digten Sprinklertanks mit Epoxidharz | Cistern Solutions Sweden","description":"Es ist m\u00f6glich, einen besch\u00e4digten Sprinklertank zu reparieren! Wir verf\u00fcgen \u00fcber langj\u00e4hrige Erfahrung in der Reparatur von besch\u00e4digten Sprinklertanks mit verst\u00e4rktem Epoxidharz. Lesen Sie mehr ...","robots":{"index":"index","follow":"follow","max-snippet":"max-snippet:-1","max-image-preview":"max-image-preview:large","max-video-preview":"max-video-preview:-1"},"canonical":"https:\/\/cisternsolutions.eu\/de\/beschaedigter-sprinklertank\/","og_locale":"de_DE","og_type":"article","og_title":"Reparatur eines besch\u00e4digten Sprinklertanks mit Epoxidharz | Cistern Solutions Sweden","og_description":"Es ist m\u00f6glich, einen besch\u00e4digten Sprinklertank zu reparieren! Wir verf\u00fcgen \u00fcber langj\u00e4hrige Erfahrung in der Reparatur von besch\u00e4digten Sprinklertanks mit verst\u00e4rktem Epoxidharz. Lesen Sie mehr ...","og_url":"https:\/\/cisternsolutions.eu\/de\/beschaedigter-sprinklertank\/","og_site_name":"Cistern Solutions Sweden","article_modified_time":"2024-07-02T14:14:18+00:00","og_image":[{"url":"https:\/\/cisternsolutions.eu\/wp-content\/uploads\/2024\/02\/korrosion_i_tank_03.jpg","type":"","width":"","height":""}],"twitter_card":"summary_large_image","twitter_misc":{"Gesch\u00e4tzte Lesezeit":"5\u00a0Minuten"},"schema":{"@context":"https:\/\/schema.org","@graph":[{"@type":"WebPage","@id":"https:\/\/cisternsolutions.eu\/de\/beschaedigter-sprinklertank\/","url":"https:\/\/cisternsolutions.eu\/de\/beschaedigter-sprinklertank\/","name":"Reparatur eines besch\u00e4digten Sprinklertanks mit Epoxidharz | Cistern Solutions Sweden","isPartOf":{"@id":"https:\/\/cisternsolutions.eu\/de\/#website"},"primaryImageOfPage":{"@id":"https:\/\/cisternsolutions.eu\/de\/beschaedigter-sprinklertank\/#primaryimage"},"image":{"@id":"https:\/\/cisternsolutions.eu\/de\/beschaedigter-sprinklertank\/#primaryimage"},"thumbnailUrl":"https:\/\/cisternsolutions.eu\/wp-content\/uploads\/2024\/02\/korrosion_i_tank_03.jpg","datePublished":"2024-03-05T14:06:53+00:00","dateModified":"2024-07-02T14:14:18+00:00","description":"Es ist m\u00f6glich, einen besch\u00e4digten Sprinklertank zu reparieren! Wir verf\u00fcgen \u00fcber langj\u00e4hrige Erfahrung in der Reparatur von besch\u00e4digten Sprinklertanks mit verst\u00e4rktem Epoxidharz. Lesen Sie mehr ...","breadcrumb":{"@id":"https:\/\/cisternsolutions.eu\/de\/beschaedigter-sprinklertank\/#breadcrumb"},"inLanguage":"de","potentialAction":[{"@type":"ReadAction","target":["https:\/\/cisternsolutions.eu\/de\/beschaedigter-sprinklertank\/"]}]},{"@type":"ImageObject","inLanguage":"de","@id":"https:\/\/cisternsolutions.eu\/de\/beschaedigter-sprinklertank\/#primaryimage","url":"https:\/\/cisternsolutions.eu\/wp-content\/uploads\/2024\/02\/korrosion_i_tank_03.jpg","contentUrl":"https:\/\/cisternsolutions.eu\/wp-content\/uploads\/2024\/02\/korrosion_i_tank_03.jpg"},{"@type":"BreadcrumbList","@id":"https:\/\/cisternsolutions.eu\/de\/beschaedigter-sprinklertank\/#breadcrumb","itemListElement":[{"@type":"ListItem","position":1,"name":"Hem","item":"https:\/\/cisternsolutions.eu\/de\/hauptseite\/"},{"@type":"ListItem","position":2,"name":"Besch\u00e4digter Sprinklertank"}]},{"@type":"WebSite","@id":"https:\/\/cisternsolutions.eu\/de\/#website","url":"https:\/\/cisternsolutions.eu\/de\/","name":"Cistern Solutions Sweden","description":"Cistern Solutions Sweden","publisher":{"@id":"https:\/\/cisternsolutions.eu\/de\/#organization"},"potentialAction":[{"@type":"SearchAction","target":{"@type":"EntryPoint","urlTemplate":"https:\/\/cisternsolutions.eu\/de\/?s={search_term_string}"},"query-input":{"@type":"PropertyValueSpecification","valueRequired":true,"valueName":"search_term_string"}}],"inLanguage":"de"},{"@type":"Organization","@id":"https:\/\/cisternsolutions.eu\/de\/#organization","name":"| Cistern Solutions Sweden AB","url":"https:\/\/cisternsolutions.eu\/de\/","logo":{"@type":"ImageObject","inLanguage":"de","@id":"https:\/\/cisternsolutions.eu\/de\/#\/schema\/logo\/image\/","url":"https:\/\/cisternsolutions.eu\/wp-content\/uploads\/2023\/11\/CisternSolutions_orginal-logo.png","contentUrl":"https:\/\/cisternsolutions.eu\/wp-content\/uploads\/2023\/11\/CisternSolutions_orginal-logo.png","width":1045,"height":293,"caption":"| Cistern Solutions Sweden AB"},"image":{"@id":"https:\/\/cisternsolutions.eu\/de\/#\/schema\/logo\/image\/"}}]}},"_links":{"self":[{"href":"https:\/\/cisternsolutions.eu\/de\/wp-json\/wp\/v2\/pages\/5316","targetHints":{"allow":["GET"]}}],"collection":[{"href":"https:\/\/cisternsolutions.eu\/de\/wp-json\/wp\/v2\/pages"}],"about":[{"href":"https:\/\/cisternsolutions.eu\/de\/wp-json\/wp\/v2\/types\/page"}],"author":[{"embeddable":true,"href":"https:\/\/cisternsolutions.eu\/de\/wp-json\/wp\/v2\/users\/4"}],"replies":[{"embeddable":true,"href":"https:\/\/cisternsolutions.eu\/de\/wp-json\/wp\/v2\/comments?post=5316"}],"version-history":[{"count":3,"href":"https:\/\/cisternsolutions.eu\/de\/wp-json\/wp\/v2\/pages\/5316\/revisions"}],"predecessor-version":[{"id":6542,"href":"https:\/\/cisternsolutions.eu\/de\/wp-json\/wp\/v2\/pages\/5316\/revisions\/6542"}],"wp:attachment":[{"href":"https:\/\/cisternsolutions.eu\/de\/wp-json\/wp\/v2\/media?parent=5316"}],"curies":[{"name":"wp","href":"https:\/\/api.w.org\/{rel}","templated":true}]}}