{"id":5303,"date":"2024-03-05T10:35:13","date_gmt":"2024-03-05T09:35:13","guid":{"rendered":"https:\/\/cisternsolutions.eu\/zisternen\/"},"modified":"2026-01-13T17:12:45","modified_gmt":"2026-01-13T16:12:45","slug":"sanierung-von-tanks","status":"publish","type":"page","link":"https:\/\/cisternsolutions.eu\/de\/sanierung-von-tanks\/","title":{"rendered":"Sanierung von Tanks"},"content":{"rendered":"\r\n<h1>Sparen Sie Ihre Zisterne<\/h1>\r\n<p>&#8211; intelligente L\u00f6sung mit verst\u00e4rktem Epoxid<\/p>\r\n<h2>Die gleiche L\u00f6sung f\u00fcr alle Arten von Tanks*.<\/h2>\r\n<p>Zisterne oder Tank? Was sagen Sie dazu? Unabh\u00e4ngig von ihrer Bezeichnung haben sie dieselbe Funktion: die Speicherung von Fl\u00fcssigkeit. Ein Tank kann brennbare Fl\u00fcssigkeiten, Chemikalien oder \u00d6l enthalten. Ein Wassertank kann f\u00fcr Trinkwasser, Brauchwasser oder Wasser f\u00fcr Brandschutzzwecke, z. B. einen Sprinklertank, verwendet werden.<\/p>\r\n<p>Zisternen k\u00f6nnen aus Beton, verzinktem Blech und rostfreiem Stahl hergestellt werden. Sp\u00fclk\u00e4sten k\u00f6nnen auch aus glasfaserverst\u00e4rktem Kunststoff oder Polyethylen hergestellt werden. Die Gr\u00f6\u00dfe kann von einigen Kubikmetern bis zu mehreren hundert Kubikmetern variieren.<\/p>\r\n<p>Angesichts des Volumens und der gef\u00e4hrlichen Stoffe, die ein Tank enthalten kann, ist es \u00e4u\u00dferst wichtig, dass er nicht bricht oder undicht wird. Wenn ein Tank, der \u00d6l oder Chemikalien enth\u00e4lt, zusammenbricht, kann dies schwere Sch\u00e4den f\u00fcr Mensch und Natur verursachen. Was tun Sie, wenn Sie vermuten, dass ein Sp\u00fclkasten nicht mehr in gutem Zustand ist? Muss sie ersetzt werden oder gibt es eine M\u00f6glichkeit, sie auf sichere, nachhaltige und wirtschaftliche Weise zu retten?<\/p>\r\n<p><strong>Cistern Solutions Sweden hat eine Methode entwickelt, bei der wir Tanks mit Epoxidbeschichtung reparieren.<\/strong> Diese L\u00f6sung verleiht dem Sp\u00fclkasten ein neues Leben und kann im Prinzip f\u00fcr alle Arten von Sp\u00fclk\u00e4sten verwendet werden. In den meisten F\u00e4llen k\u00f6nnen wir die Renovierung durchf\u00fchren, ohne Ihre t\u00e4glichen Aktivit\u00e4ten zu beeintr\u00e4chtigen.<\/p>\r\n<p><em>*) Bitte beachten Sie, dass alle Verweise auf Verordnungen, Gesetze und Beh\u00f6rden auf der Website f\u00fcr Schweden und schwedische Bedingungen gelten. <\/em><\/p>\r\n<h3>Kontaktieren Sie mich!<\/h3>\r\n<form id=\"fluentform_9\" method=\"POST\" data-form_id=\"9\" data-form_instance=\"ff_form_instance_9_1\" data-recptcha_key=\"6LclVsMpAAAAALbQlfjI40nUI01kkMo-WKOg0nvc\"><fieldset><legend>Schnellkontaktformular &#8211; DE<\/legend><input name=\"__fluent_form_embded_post_id\" type=\"hidden\" value=\"5303\" \/><input id=\"_fluentform_9_fluentformnonce\" name=\"_fluentform_9_fluentformnonce\" type=\"hidden\" value=\"08da1cd4b5\" \/><input name=\"_wp_http_referer\" type=\"hidden\" value=\"\/de\/?page_id=5303&amp;fl_builder\" \/><input id=\"ff_9_names_first_name_\" name=\"names[first_name]\" type=\"text\" placeholder=\"Vor-und Nachname ...\" aria-invalid=\"false\" aria-required=\"true\/\" \/><input id=\"ff_9_email\" name=\"email\" type=\"email\" placeholder=\"Schicken Sie mir eine E-Mail an ...\" data-name=\"email\" aria-invalid=\"false\" aria-required=\"true\/\" \/><textarea id=\"ff_9_message\" cols=\"2\" name=\"message\" rows=\"4\" placeholder=\"Kontaktieren Sie mich \u00fcber ...\" aria-invalid=\"false\" aria-required=\"true\" data-name=\"message\"><\/textarea><label class=\"ff-el-form-check-label ff_tc_label\" for=\"gdpr-agreement_2dda9d182dc6e347fc8501ced4dba37d\" aria-label=\"terms &amp; conditions\"><input id=\"gdpr-agreement_2dda9d182dc6e347fc8501ced4dba37d\" name=\"gdpr-agreement\" type=\"checkbox\" value=\"on\" data-name=\"gdpr-agreement\" aria-invalid=\"false\" aria-required=\"true\/\" \/> Ich bin damit einverstanden, dass diese Website meine \u00fcbermittelten Informationen speichert, damit auf meine Anfrage reagiert werden kann. Die Informationen werden 1 Jahr lang gespeichert.<\/label><button type=\"submit\">Schicken<\/button><\/fieldset><\/form>\r\n<h3>Wir haben L\u00f6sungen f\u00fcr:<\/h3>\r\n<ul>\r\n<li>\u00d6ltanks<\/li>\r\n<li>Chemische Tanks<\/li>\r\n<li>Wasserreservoirs<\/li>\r\n<li><a href=\"https:\/\/cisternsolutions.eu\/sprinklertankar\/\">Sprinklertanks<\/a><\/li>\r\n<li>Zisternen aus Beton<\/li>\r\n<li>Biogas-Tanks<\/li>\r\n<\/ul>\r\n<h3>Was kann die Festigkeit eines Sp\u00fclkastens beeinflussen?<\/h3>\r\n<p>Die Konstruktion, das Material und die im Tank enthaltene Fl\u00fcssigkeit beeinflussen seine Haltbarkeit und Lebensdauer. Hier sind einige Beispiele daf\u00fcr, was passieren kann:<\/p>\r\n<p>Kunststofftanks k\u00f6nnen durch Zus\u00e4tze in \u00d6l und brennbaren Fl\u00fcssigkeiten besch\u00e4digt werden. Sie k\u00f6nnen auch durch Bodensenkungen geschw\u00e4cht werden,<\/p>\r\n<p>Stahltanks rosten irgendwann, auch wenn das Blech verzinkt ist. Wenn der Zink\u00fcberzug mechanisch besch\u00e4digt wird, kann das Blech Sauerstoff oder Chemikalien in der Fl\u00fcssigkeit ausgesetzt werden und zu rosten beginnen.<\/p>\r\n<p>Wenn die W\u00e4nde zu rosten beginnen, ist die Gefahr gro\u00df, dass sich Flocken abl\u00f6sen und am Boden einen dicken Schlamm bilden. In einem Sprinklertank ist dies ein ernstes Problem. Im Falle eines Alarms wird der Schlamm in die Sprinkleranlage gedr\u00fcckt und kann leicht Rohre und Sprinklerk\u00f6pfe verstopfen.<\/p>\r\n<h3>Vorschriften f\u00fcr Zisternen<\/h3>\r\n<p>Jeder, der einen Tank auf seinem Grundst\u00fcck oder in seinem Unternehmen hat, ist daf\u00fcr verantwortlich, dass er sicher ist. Allein die Tatsache, dass die Fl\u00fcssigkeit einen enormen Druck auf den Boden und die W\u00e4nde aus\u00fcbt, ist ein Risikofaktor. Eine Zisterne ist eigentlich eine Druckvorrichtung.<\/p>\r\n<p>F\u00fcr einige Tanks, z. B. die \u00d6l und brennbare Fl\u00fcssigkeiten enthalten, werden regelm\u00e4\u00dfig von akkreditierten Pr\u00fcfstellen kontrolliert.<\/p>\r\n<p>Auch eine Wasserzisterne muss regelm\u00e4\u00dfig \u00fcberpr\u00fcft werden. Ein Sprinklerzisterne muss die Bedingungen der ISO 6182-1:2021 erf\u00fcllen und muss z.B. alle 10 Jahre einer \u00dcberpr\u00fcfung unterzogen werden.<\/p>\r\n<p><img decoding=\"async\" title=\"inspection_of_tank\" src=\"https:\/\/cisternsolutions.eu\/wp-content\/uploads\/2024\/03\/inspection_of_tank.jpg\" sizes=\"(max-width: 700px) 100vw, 700px\" srcset=\"https:\/\/cisternsolutions.eu\/wp-content\/uploads\/2024\/03\/inspection_of_tank.jpg 700w, https:\/\/cisternsolutions.eu\/wp-content\/uploads\/2024\/03\/inspection_of_tank-300x171.jpg 300w\" alt=\"inspection_of_tank\" width=\"700\" height=\"400\" \/><\/p>\r\n<p>Sie m\u00fcssen Ihren Tank und die dazugeh\u00f6rigen Rohrleitungen regelm\u00e4\u00dfig \u00fcberpr\u00fcfen. Die Inspektion von Tanks sollte von einem akkreditierten Unternehmen durchgef\u00fchrt werden.<\/p>\r\n<h3>Sie tragen w\u00e4hrend des gesamten Lebenszyklus der Zisterne Verantwortung.<\/h3>\r\n<p>Vor dem Einbau eines Sp\u00fclkastens ist es wichtig, sich zu informieren, was gilt, welche Vorschriften gelten und ob Sie irgendwelche Beh\u00f6rden informieren m\u00fcssen.<\/p>\r\n<p>Sobald der Tank in Betrieb ist, ist es wichtig, dass die Wartung und die regelm\u00e4\u00dfigen Kontrollen ordnungsgem\u00e4\u00df durchgef\u00fchrt werden.<\/p>\r\n<p>Wenn Sie eine Zisterne au\u00dfer Betrieb nehmen wollen, m\u00fcssen Sie dies in der Regel der Gemeinde mitteilen. Auch die Umweltschutzbeh\u00f6rde hat Vorschriften, die gelten, wenn ein Tank au\u00dfer Betrieb genommen wird. Dazu geh\u00f6rt auch das Entleeren und Reinigen des Beh\u00e4lters. Wenn m\u00f6glich, sollte sie entfernt werden. Eine andere M\u00f6glichkeit besteht darin, den Tank mit Sand zu f\u00fcllen oder irgendwie zu verhindern, dass er nachgef\u00fcllt wird.<\/p>\r\n<h3>Verordnende Beh\u00f6rden<\/h3>\r\n<p>MSB Die Arbeitsaufsichtsbeh\u00f6rde Umweltschutzbeh\u00f6rde Boverket: MSB<\/p>\r\n<p>MSB (Schwedisches Amt f\u00fcr Katastrophenschutz): Hier finden Sie Vorschriften und allgemeine Hinweise zu Tanks mit angeschlossenen Rohrleitungen f\u00fcr brennbare Fl\u00fcssigkeiten.<\/p>\r\n<p>Die Arbeitsaufsichtsbeh\u00f6rde<\/p>\r\n<p>Die schwedische Beh\u00f6rde f\u00fcr Arbeitsumwelt hat Vorschriften zur Verh\u00fctung von Krankheiten und Unf\u00e4llen erlassen.<\/p>\r\n<p>Umweltschutzbeh\u00f6rde<\/p>\r\n<p>Die Umweltschutzbeh\u00f6rde hat Richtlinien zum Schutz von Boden und Wasser vor Verschmutzung erlassen. Die Verordnungen betreffen u.a. f\u00fcr Tanks mit einem Fassungsverm\u00f6gen von 250 Litern oder mehr, die Alt\u00f6l oder brennbare Fl\u00fcssigkeiten enthalten.<\/p>\r\n<p>Boverket:<\/p>\r\n<p>Fest installierte Zisternen k\u00f6nnen dem PBL (Planungs- und Baugesetz) unterliegen.<\/p>\r\n<h2>Sparen Sie Ihre Zisterne, Ihren Wassertank oder Sprinklertank, anstatt ihn zu ersetzen?<\/h2>\r\n<p>M\u00f6chten Sie mehr \u00fcber die L\u00f6sungen von Cistern Solutions Sweden f\u00fcr renovierungsbed\u00fcrftige Tanks erfahren?<\/p>\r\n<p><strong>Kontaktieren Sie uns \u00fcber das Formular oder finden Sie <a href=\"https:\/\/cisternsolutions.eu\/de\/kontakt\/\">hier direkte Nummern<\/a>.<\/strong><\/p>\r\n<p>Lesen Sie, wie wir <a href=\"https:\/\/cisternsolutions.eu\/de\/renovierung-von-sprinklertanks-in-ransby-und-torsby\/\">eine Sprinklerzisterne saniert haben<\/a>, ohne den Betrieb des Kunden zu st\u00f6ren.<\/p>\r\n<p>Eine allgemeine Beschreibung, wie wir <a href=\"https:\/\/cisternsolutions.eu\/de\/renovierung-des-sprinklertanks\/\">Ihren Sp\u00fclkasten<\/a> mit Epoxidbeschichtung <a href=\"https:\/\/cisternsolutions.eu\/de\/renovierung-des-sprinklertanks\/\">retten<\/a> k\u00f6nnen, finden Sie hier. Das Prinzip ist bei den meisten Zisternen dasselbe.<\/p>\r\n<p>Werfen Sie einen Blick auf einige unserer anderen <a href=\"https:\/\/cisternsolutions.eu\/de\/referenzen\/\">Referenzprojekte<\/a>.<\/p>\r\n<h3>Ich m\u00f6chte mehr \u00fcber die Renovierung von Zisternen erfahren<\/h3>\r\n<form id=\"fluentform_5\" method=\"POST\" data-form_id=\"5\" data-form_instance=\"ff_form_instance_5_2\" data-recptcha_key=\"6LclVsMpAAAAALbQlfjI40nUI01kkMo-WKOg0nvc\"><fieldset><legend>Kontakt Formular DE<\/legend><input name=\"__fluent_form_embded_post_id\" type=\"hidden\" value=\"5303\" \/><input id=\"_fluentform_5_fluentformnonce\" name=\"_fluentform_5_fluentformnonce\" type=\"hidden\" value=\"08da1cd4b5\" \/><input name=\"_wp_http_referer\" type=\"hidden\" value=\"\/de\/?page_id=5303&amp;fl_builder\" \/><label for=\"ff_5_2_names_first_name_\" aria-label=\"Mein name ist ...\">Mein name ist &#8230;<\/label><input id=\"ff_5_2_names_first_name_\" name=\"names[first_name]\" type=\"text\" placeholder=\"Vor- und Nachname\" aria-invalid=\"false\" aria-required=\"true\/\" \/><label for=\"ff_5_2_input_text\" aria-label=\"Firma\">Firma<\/label><input id=\"ff_5_2_input_text\" name=\"input_text\" type=\"text\" placeholder=\"Ich arbeite ...\" data-name=\"input_text\" aria-invalid=\"false\" aria-required=\"true\/\" \/><label for=\"ff_5_2_email\" aria-label=\"E-Mail\">E-Mail<\/label><input id=\"ff_5_2_email\" name=\"email\" type=\"email\" placeholder=\"Schicken Sie mir eine E-Mail an...\" data-name=\"email\" aria-invalid=\"false\" aria-required=\"true\/\" \/><label for=\"ff_5_2_phone\" aria-label=\"Telefon\">Telefon<\/label><input id=\"ff_5_2_phone\" name=\"phone\" type=\"tel\" placeholder=\"Meine Nummer ...\" data-name=\"phone\" aria-invalid=\"false\" aria-required=\"true\/\" \/><label for=\"ff_5_2_subject\" aria-label=\"Thema\">Thema<\/label><input id=\"ff_5_2_subject\" name=\"subject\" type=\"text\" placeholder=\"Ich interessiere mich f\u00fcr ....\" data-name=\"subject\" aria-invalid=\"false\" aria-required=\"true\/\" \/><label aria-label=\"Art des Tanks\">Art des Tanks<\/label><label class=\"ff-el-form-check-label\" for=\"checkbox_1_488b9f37b7d0e6b05510d7ab81422cc0\"><input id=\"checkbox_1_488b9f37b7d0e6b05510d7ab81422cc0\" name=\"checkbox_1[]\" type=\"checkbox\" value=\"Sprinklertank\" data-name=\"checkbox_1\" aria-label=\"Sprinklertank\" aria-invalid=\"false\" aria-required=\"false\/\" \/> Sprinklertank<\/label><label class=\"ff-el-form-check-label\" for=\"checkbox_1_383c0165b28207ad39f70696007bbf24\"><input id=\"checkbox_1_383c0165b28207ad39f70696007bbf24\" name=\"checkbox_1[]\" type=\"checkbox\" value=\"Prozesstank\" data-name=\"checkbox_1\" aria-label=\"Prozesstank\" aria-invalid=\"false\" aria-required=\"false\/\" \/> Prozesstank<\/label><label class=\"ff-el-form-check-label\" for=\"checkbox_1_6c349991d6b303c718de2883ba6563c9\"><input id=\"checkbox_1_6c349991d6b303c718de2883ba6563c9\" name=\"checkbox_1[]\" type=\"checkbox\" value=\"Anderer Tanktyp\" data-name=\"checkbox_1\" aria-label=\"Anderer Tanktyp\" aria-invalid=\"false\" aria-required=\"false\/\" \/> Anderer Tanktyp<\/label><label aria-label=\"Service\">Service<\/label><label class=\"ff-el-form-check-label\" for=\"checkbox_3aaf312b93e63d9c602940b56ab7b477\"><input id=\"checkbox_3aaf312b93e63d9c602940b56ab7b477\" name=\"checkbox[]\" type=\"checkbox\" value=\"Inspektion\" data-name=\"checkbox\" aria-label=\"Inspektion\" aria-invalid=\"false\" aria-required=\"false\/\" \/> Inspektion<\/label><label class=\"ff-el-form-check-label\" for=\"checkbox_b80ab2b0326af5eb707a33e993da0e0b\"><input id=\"checkbox_b80ab2b0326af5eb707a33e993da0e0b\" name=\"checkbox[]\" type=\"checkbox\" value=\"Renovierung\" data-name=\"checkbox\" aria-label=\"Renovierung\" aria-invalid=\"false\" aria-required=\"false\/\" \/> Renovierung<\/label><label class=\"ff-el-form-check-label\" for=\"checkbox_9b782d2aca8ee6016e515196f188dd86\"><input id=\"checkbox_9b782d2aca8ee6016e515196f188dd86\" name=\"checkbox[]\" type=\"checkbox\" value=\"Andere\" data-name=\"checkbox\" aria-label=\"Andere\" aria-invalid=\"false\" aria-required=\"false\/\" \/> Andere<\/label><label for=\"ff_5_2_multi_select_1\" aria-label=\"Anzahl der Tanks\">Anzahl der Tanks<\/label><select id=\"ff_5_2_multi_select_1\" multiple=\"multiple\" name=\"multi_select_1[]\" data-name=\"multi_select_1\" data-calc_value=\"0\" aria-invalid=\"false\" aria-required=\"false\">\r\n<option value=\"\">Anzahl der Tanks<\/option>\r\n<option value=\"0\">0<\/option>\r\n<option value=\"1\">1<\/option>\r\n<option value=\"2\">2<\/option>\r\n<option value=\"3\">3<\/option>\r\n<option value=\"4\">4<\/option>\r\n<option value=\"5\">5<\/option>\r\n<option value=\"6\">6<\/option>\r\n<option value=\"7\">7<\/option>\r\n<option value=\"8\">8<\/option>\r\n<option value=\"9\">9<\/option>\r\n<option value=\"10 eller fler\">10 eller fler<\/option>\r\n<\/select><label for=\"ff_5_2_message\" aria-label=\"Nachricht\">Nachricht<\/label><textarea id=\"ff_5_2_message\" cols=\"2\" name=\"message\" rows=\"4\" placeholder=\"Ihre Nachricht an uns ...\" aria-invalid=\"false\" aria-required=\"true\" data-name=\"message\"><\/textarea><label class=\"ff-el-form-check-label ff_tc_label\" for=\"gdpr-agreement_7733fb743ce7a0928db092fdbab86b91\" aria-label=\"terms &amp; conditions\"><input id=\"gdpr-agreement_7733fb743ce7a0928db092fdbab86b91\" name=\"gdpr-agreement\" type=\"checkbox\" value=\"on\" data-name=\"gdpr-agreement\" aria-invalid=\"false\" aria-required=\"true\/\" \/> Ich bin damit einverstanden, dass diese Website meine \u00fcbermittelten Informationen speichert, damit auf meine Anfrage reagiert werden kann. Die Informationen werden 1 Jahr lang gespeichert.<\/label><button type=\"submit\">Senden<\/button><\/fieldset><\/form>","protected":false},"excerpt":{"rendered":"<p>Sparen Sie Ihre Zisterne &#8211; intelligente L\u00f6sung mit verst\u00e4rktem Epoxid Die gleiche L\u00f6sung f\u00fcr alle Arten von Tanks*. Zisterne oder Tank? Was sagen Sie dazu? Unabh\u00e4ngig von ihrer Bezeichnung haben sie dieselbe Funktion: die Speicherung von Fl\u00fcssigkeit. Ein Tank kann brennbare Fl\u00fcssigkeiten, Chemikalien oder \u00d6l enthalten. Ein Wassertank kann f\u00fcr &#8230; <a title=\"Sanierung von Tanks\" class=\"read-more\" href=\"https:\/\/cisternsolutions.eu\/de\/sanierung-von-tanks\/\" aria-label=\"Mehr Informationen \u00fcber Sanierung von Tanks\">L\u00e4s mer<\/a><\/p>\n","protected":false},"author":4,"featured_media":0,"parent":0,"menu_order":0,"comment_status":"closed","ping_status":"closed","template":"","meta":{"footnotes":""},"class_list":["post-5303","page","type-page","status-publish"],"yoast_head":"<!-- This site is optimized with the Yoast SEO plugin v27.5 - https:\/\/yoast.com\/product\/yoast-seo-wordpress\/ -->\n<title>Wir renovieren alle Arten von Sp\u00fclk\u00e4sten | Cistern Solutions Sweden<\/title>\n<meta name=\"description\" content=\"Wir haben eine L\u00f6sung f\u00fcr die Renovierung aller Arten von Tanks (Sprinklertanks, Wassertanks, usw.). Lesen Sie mehr dar\u00fcber, wie wir Ihre Zisterne retten.\" \/>\n<meta name=\"robots\" content=\"index, follow, max-snippet:-1, max-image-preview:large, max-video-preview:-1\" \/>\n<link rel=\"canonical\" href=\"https:\/\/cisternsolutions.eu\/de\/sanierung-von-tanks\/\" \/>\n<meta property=\"og:locale\" content=\"de_DE\" \/>\n<meta property=\"og:type\" content=\"article\" \/>\n<meta property=\"og:title\" content=\"Wir renovieren alle Arten von Sp\u00fclk\u00e4sten | Cistern Solutions Sweden\" \/>\n<meta property=\"og:description\" content=\"Wir haben eine L\u00f6sung f\u00fcr die Renovierung aller Arten von Tanks (Sprinklertanks, Wassertanks, usw.). Lesen Sie mehr dar\u00fcber, wie wir Ihre Zisterne retten.\" \/>\n<meta property=\"og:url\" content=\"https:\/\/cisternsolutions.eu\/de\/sanierung-von-tanks\/\" \/>\n<meta property=\"og:site_name\" content=\"Cistern Solutions Sweden\" \/>\n<meta property=\"article:modified_time\" content=\"2026-01-13T16:12:45+00:00\" \/>\n<meta property=\"og:image\" content=\"https:\/\/cisternsolutions.eu\/wp-content\/uploads\/2024\/03\/inspection_of_tank.jpg\" \/>\n<meta name=\"twitter:card\" content=\"summary_large_image\" \/>\n<meta name=\"twitter:label1\" content=\"Gesch\u00e4tzte Lesezeit\" \/>\n\t<meta name=\"twitter:data1\" content=\"5\u00a0Minuten\" \/>\n<script type=\"application\/ld+json\" class=\"yoast-schema-graph\">{\"@context\":\"https:\\\/\\\/schema.org\",\"@graph\":[{\"@type\":\"WebPage\",\"@id\":\"https:\\\/\\\/cisternsolutions.eu\\\/de\\\/sanierung-von-tanks\\\/\",\"url\":\"https:\\\/\\\/cisternsolutions.eu\\\/de\\\/sanierung-von-tanks\\\/\",\"name\":\"Wir renovieren alle Arten von Sp\u00fclk\u00e4sten | Cistern Solutions Sweden\",\"isPartOf\":{\"@id\":\"https:\\\/\\\/cisternsolutions.eu\\\/de\\\/#website\"},\"primaryImageOfPage\":{\"@id\":\"https:\\\/\\\/cisternsolutions.eu\\\/de\\\/sanierung-von-tanks\\\/#primaryimage\"},\"image\":{\"@id\":\"https:\\\/\\\/cisternsolutions.eu\\\/de\\\/sanierung-von-tanks\\\/#primaryimage\"},\"thumbnailUrl\":\"https:\\\/\\\/cisternsolutions.eu\\\/wp-content\\\/uploads\\\/2024\\\/03\\\/inspection_of_tank.jpg\",\"datePublished\":\"2024-03-05T09:35:13+00:00\",\"dateModified\":\"2026-01-13T16:12:45+00:00\",\"description\":\"Wir haben eine L\u00f6sung f\u00fcr die Renovierung aller Arten von Tanks (Sprinklertanks, Wassertanks, usw.). Lesen Sie mehr dar\u00fcber, wie wir Ihre Zisterne retten.\",\"breadcrumb\":{\"@id\":\"https:\\\/\\\/cisternsolutions.eu\\\/de\\\/sanierung-von-tanks\\\/#breadcrumb\"},\"inLanguage\":\"de\",\"potentialAction\":[{\"@type\":\"ReadAction\",\"target\":[\"https:\\\/\\\/cisternsolutions.eu\\\/de\\\/sanierung-von-tanks\\\/\"]}]},{\"@type\":\"ImageObject\",\"inLanguage\":\"de\",\"@id\":\"https:\\\/\\\/cisternsolutions.eu\\\/de\\\/sanierung-von-tanks\\\/#primaryimage\",\"url\":\"https:\\\/\\\/cisternsolutions.eu\\\/wp-content\\\/uploads\\\/2024\\\/03\\\/inspection_of_tank.jpg\",\"contentUrl\":\"https:\\\/\\\/cisternsolutions.eu\\\/wp-content\\\/uploads\\\/2024\\\/03\\\/inspection_of_tank.jpg\"},{\"@type\":\"BreadcrumbList\",\"@id\":\"https:\\\/\\\/cisternsolutions.eu\\\/de\\\/sanierung-von-tanks\\\/#breadcrumb\",\"itemListElement\":[{\"@type\":\"ListItem\",\"position\":1,\"name\":\"Hem\",\"item\":\"https:\\\/\\\/cisternsolutions.eu\\\/de\\\/hauptseite\\\/\"},{\"@type\":\"ListItem\",\"position\":2,\"name\":\"Sanierung von Tanks\"}]},{\"@type\":\"WebSite\",\"@id\":\"https:\\\/\\\/cisternsolutions.eu\\\/de\\\/#website\",\"url\":\"https:\\\/\\\/cisternsolutions.eu\\\/de\\\/\",\"name\":\"Cistern Solutions Sweden\",\"description\":\"Cistern Solutions Sweden\",\"publisher\":{\"@id\":\"https:\\\/\\\/cisternsolutions.eu\\\/de\\\/#organization\"},\"potentialAction\":[{\"@type\":\"SearchAction\",\"target\":{\"@type\":\"EntryPoint\",\"urlTemplate\":\"https:\\\/\\\/cisternsolutions.eu\\\/de\\\/?s={search_term_string}\"},\"query-input\":{\"@type\":\"PropertyValueSpecification\",\"valueRequired\":true,\"valueName\":\"search_term_string\"}}],\"inLanguage\":\"de\"},{\"@type\":\"Organization\",\"@id\":\"https:\\\/\\\/cisternsolutions.eu\\\/de\\\/#organization\",\"name\":\"| Cistern Solutions Sweden AB\",\"url\":\"https:\\\/\\\/cisternsolutions.eu\\\/de\\\/\",\"logo\":{\"@type\":\"ImageObject\",\"inLanguage\":\"de\",\"@id\":\"https:\\\/\\\/cisternsolutions.eu\\\/de\\\/#\\\/schema\\\/logo\\\/image\\\/\",\"url\":\"https:\\\/\\\/cisternsolutions.eu\\\/wp-content\\\/uploads\\\/2023\\\/11\\\/CisternSolutions_orginal-logo.png\",\"contentUrl\":\"https:\\\/\\\/cisternsolutions.eu\\\/wp-content\\\/uploads\\\/2023\\\/11\\\/CisternSolutions_orginal-logo.png\",\"width\":1045,\"height\":293,\"caption\":\"| Cistern Solutions Sweden AB\"},\"image\":{\"@id\":\"https:\\\/\\\/cisternsolutions.eu\\\/de\\\/#\\\/schema\\\/logo\\\/image\\\/\"}}]}<\/script>\n<!-- \/ Yoast SEO plugin. -->","yoast_head_json":{"title":"Wir renovieren alle Arten von Sp\u00fclk\u00e4sten | Cistern Solutions Sweden","description":"Wir haben eine L\u00f6sung f\u00fcr die Renovierung aller Arten von Tanks (Sprinklertanks, Wassertanks, usw.). Lesen Sie mehr dar\u00fcber, wie wir Ihre Zisterne retten.","robots":{"index":"index","follow":"follow","max-snippet":"max-snippet:-1","max-image-preview":"max-image-preview:large","max-video-preview":"max-video-preview:-1"},"canonical":"https:\/\/cisternsolutions.eu\/de\/sanierung-von-tanks\/","og_locale":"de_DE","og_type":"article","og_title":"Wir renovieren alle Arten von Sp\u00fclk\u00e4sten | Cistern Solutions Sweden","og_description":"Wir haben eine L\u00f6sung f\u00fcr die Renovierung aller Arten von Tanks (Sprinklertanks, Wassertanks, usw.). Lesen Sie mehr dar\u00fcber, wie wir Ihre Zisterne retten.","og_url":"https:\/\/cisternsolutions.eu\/de\/sanierung-von-tanks\/","og_site_name":"Cistern Solutions Sweden","article_modified_time":"2026-01-13T16:12:45+00:00","og_image":[{"url":"https:\/\/cisternsolutions.eu\/wp-content\/uploads\/2024\/03\/inspection_of_tank.jpg","type":"","width":"","height":""}],"twitter_card":"summary_large_image","twitter_misc":{"Gesch\u00e4tzte Lesezeit":"5\u00a0Minuten"},"schema":{"@context":"https:\/\/schema.org","@graph":[{"@type":"WebPage","@id":"https:\/\/cisternsolutions.eu\/de\/sanierung-von-tanks\/","url":"https:\/\/cisternsolutions.eu\/de\/sanierung-von-tanks\/","name":"Wir renovieren alle Arten von Sp\u00fclk\u00e4sten | Cistern Solutions Sweden","isPartOf":{"@id":"https:\/\/cisternsolutions.eu\/de\/#website"},"primaryImageOfPage":{"@id":"https:\/\/cisternsolutions.eu\/de\/sanierung-von-tanks\/#primaryimage"},"image":{"@id":"https:\/\/cisternsolutions.eu\/de\/sanierung-von-tanks\/#primaryimage"},"thumbnailUrl":"https:\/\/cisternsolutions.eu\/wp-content\/uploads\/2024\/03\/inspection_of_tank.jpg","datePublished":"2024-03-05T09:35:13+00:00","dateModified":"2026-01-13T16:12:45+00:00","description":"Wir haben eine L\u00f6sung f\u00fcr die Renovierung aller Arten von Tanks (Sprinklertanks, Wassertanks, usw.). Lesen Sie mehr dar\u00fcber, wie wir Ihre Zisterne retten.","breadcrumb":{"@id":"https:\/\/cisternsolutions.eu\/de\/sanierung-von-tanks\/#breadcrumb"},"inLanguage":"de","potentialAction":[{"@type":"ReadAction","target":["https:\/\/cisternsolutions.eu\/de\/sanierung-von-tanks\/"]}]},{"@type":"ImageObject","inLanguage":"de","@id":"https:\/\/cisternsolutions.eu\/de\/sanierung-von-tanks\/#primaryimage","url":"https:\/\/cisternsolutions.eu\/wp-content\/uploads\/2024\/03\/inspection_of_tank.jpg","contentUrl":"https:\/\/cisternsolutions.eu\/wp-content\/uploads\/2024\/03\/inspection_of_tank.jpg"},{"@type":"BreadcrumbList","@id":"https:\/\/cisternsolutions.eu\/de\/sanierung-von-tanks\/#breadcrumb","itemListElement":[{"@type":"ListItem","position":1,"name":"Hem","item":"https:\/\/cisternsolutions.eu\/de\/hauptseite\/"},{"@type":"ListItem","position":2,"name":"Sanierung von Tanks"}]},{"@type":"WebSite","@id":"https:\/\/cisternsolutions.eu\/de\/#website","url":"https:\/\/cisternsolutions.eu\/de\/","name":"Cistern Solutions Sweden","description":"Cistern Solutions Sweden","publisher":{"@id":"https:\/\/cisternsolutions.eu\/de\/#organization"},"potentialAction":[{"@type":"SearchAction","target":{"@type":"EntryPoint","urlTemplate":"https:\/\/cisternsolutions.eu\/de\/?s={search_term_string}"},"query-input":{"@type":"PropertyValueSpecification","valueRequired":true,"valueName":"search_term_string"}}],"inLanguage":"de"},{"@type":"Organization","@id":"https:\/\/cisternsolutions.eu\/de\/#organization","name":"| Cistern Solutions Sweden AB","url":"https:\/\/cisternsolutions.eu\/de\/","logo":{"@type":"ImageObject","inLanguage":"de","@id":"https:\/\/cisternsolutions.eu\/de\/#\/schema\/logo\/image\/","url":"https:\/\/cisternsolutions.eu\/wp-content\/uploads\/2023\/11\/CisternSolutions_orginal-logo.png","contentUrl":"https:\/\/cisternsolutions.eu\/wp-content\/uploads\/2023\/11\/CisternSolutions_orginal-logo.png","width":1045,"height":293,"caption":"| Cistern Solutions Sweden AB"},"image":{"@id":"https:\/\/cisternsolutions.eu\/de\/#\/schema\/logo\/image\/"}}]}},"_links":{"self":[{"href":"https:\/\/cisternsolutions.eu\/de\/wp-json\/wp\/v2\/pages\/5303","targetHints":{"allow":["GET"]}}],"collection":[{"href":"https:\/\/cisternsolutions.eu\/de\/wp-json\/wp\/v2\/pages"}],"about":[{"href":"https:\/\/cisternsolutions.eu\/de\/wp-json\/wp\/v2\/types\/page"}],"author":[{"embeddable":true,"href":"https:\/\/cisternsolutions.eu\/de\/wp-json\/wp\/v2\/users\/4"}],"replies":[{"embeddable":true,"href":"https:\/\/cisternsolutions.eu\/de\/wp-json\/wp\/v2\/comments?post=5303"}],"version-history":[{"count":9,"href":"https:\/\/cisternsolutions.eu\/de\/wp-json\/wp\/v2\/pages\/5303\/revisions"}],"predecessor-version":[{"id":8680,"href":"https:\/\/cisternsolutions.eu\/de\/wp-json\/wp\/v2\/pages\/5303\/revisions\/8680"}],"wp:attachment":[{"href":"https:\/\/cisternsolutions.eu\/de\/wp-json\/wp\/v2\/media?parent=5303"}],"curies":[{"name":"wp","href":"https:\/\/api.w.org\/{rel}","templated":true}]}}