{"id":4828,"date":"2023-12-07T17:00:29","date_gmt":"2023-12-07T16:00:29","guid":{"rendered":"https:\/\/cisternsolutions.eu\/ueber-uns\/"},"modified":"2024-04-25T10:30:27","modified_gmt":"2024-04-25T08:30:27","slug":"ueber-uns","status":"publish","type":"page","link":"https:\/\/cisternsolutions.eu\/de\/ueber-uns\/","title":{"rendered":"\u00dcber uns"},"content":{"rendered":"\r\n<h1>Cistern Solutions Sweden<\/h1>\r\n<p>Vi ser till att din tank \u00e4r s\u00e4ker<\/p>\r\n<h2>Renovering av sprinklertankar<\/h2>\r\n<p><strong>Har du ansvar f\u00f6r en sprinklertank? Eller en tank med processvatten? Eller en cistern med kemikalier eller olja? Jobbar du med att besiktiga tankar och vill ha en samarbetspartner som kan ta vid och fixa brister du hittar? \u00c4r du i akut behov av att laga en tank som l\u00e4cker? D\u00e5 kan vi hj\u00e4lpa dig!\u00a0Vi \u00e4r n\u00e4mligen specialister p\u00e5 att renovera tankar och cisterner.<\/strong><\/p>\r\n<p>Cistern Solutions Sweden har sin grund i AJ Floor Solutions &#8211; ett f\u00f6retag som arbetat med epoxibel\u00e4ggning i olika sammanhang i \u00f6ver 40 \u00e5r. Ett av f\u00f6retagets specialomr\u00e5de var renovering av tankar. Under v\u00e5ra uppdrag de senaste \u00e5ren, har vi f\u00f6rst\u00e5tt att m\u00e5nga sprinklertankar runt om i Sverige har n\u00e4rmare 20 \u00e5r p\u00e5 nacken och \u00e4r i stort behov av renovering.<\/p>\r\n<p>Mot den bakgrunden har vi valt att bryta ut segmentet tankbel\u00e4ggning och starta ett nytt bolag d\u00e4r vi inriktar oss p\u00e5 att renovera tankar och cisterner. Sedan 2023 driver Ulf Johansson Cistern Solutions Sweden AB.<\/p>\r\n<h3>Tankar vi kan besiktiga och renovera:<\/h3>\r\n<ul>\r\n<li>Sprinklertankar<\/li>\r\n<li>Vattenreservoarer<\/li>\r\n<li>Betongcisterner f\u00f6r t.ex. r\u00f6tslam<\/li>\r\n<li>Kemikalietankar f\u00f6r t.ex. glukol<\/li>\r\n<li>Oljetankar p\u00e5 interterminaler f\u00f6r tankfartyg<\/li>\r\n<\/ul>\r\n<h3>F\u00f6rdelar med att fokusera p\u00e5 tankrenovering<\/h3>\r\n<p>Med ett arbetslag som fokuserar p\u00e5 epoxibel\u00e4ggning i tankar, kan vi utveckla och f\u00f6rb\u00e4ttra v\u00e5r metod \u00e4nnu mer. Den speciella arbetsmilj\u00f6n inneb\u00e4r att vi m\u00e5ste vara \u00e4nnu mer lyh\u00f6rda och flexibla. Du vill ju inte att vi st\u00f6r produktionen mer \u00e4n absolut n\u00f6dv\u00e4ndigt. Det \u00e4r ocks\u00e5 viktigt att du kan vara s\u00e4ker p\u00e5 att vi h\u00e5ller tidsplanen. Och sj\u00e4lvklart ska resultatet alltid vara en tank eller cistern som \u00e4r lika bra, eller b\u00e4ttre, \u00e4n den ursprungliga.<\/p>\r\n<h3>Besiktning och renovering av samma leverant\u00f6r<\/h3>\r\n<p>Visst uppskattar du att f\u00e5 problem som h\u00e4nger ihop l\u00f6sta av samma leverant\u00f6r? Eftersom en renovering alltid f\u00f6reg\u00e5s av n\u00e5gon form av besiktning &#8211; antingen en planerad eller en akut p.g.a. problem med tanken &#8211; har vi ut\u00f6kat v\u00e5r kompentens p\u00e5 det omr\u00e5det. Du kan nu \u00e4ven anlita oss f\u00f6r att besiktiga tankar med hj\u00e4lp av en undervattensrobot.<\/p>\r\n<h3>Vi jobbar \u00f6ver hela landet<\/h3>\r\n<p>Det spelar ingen roll var i Sverige dina tankar st\u00e5r. Vi renoverar tankar och cisterner \u00f6ver hela landet. Idag har vi tv\u00e5 mobila containrar med utrustning som st\u00e5r redo f\u00f6r nya uppdrag. Ambitionen \u00e4r att snart kunna serva Norden och norra Europa.<\/p>\r\n<h3>H\u00f6r av dig till oss!<\/h3>\r\n<h3>Hugo Kjellberg<\/h3>\r\n<p><a href=\"mailto:hk@cisternsolutions.se\">hk@cisternsolutions.se<\/a><\/p>\r\n<p><a href=\"tel:073 - 815 91 00\"><strong>073 &#8211; 815 91 00<\/strong><\/a><\/p>\r\n","protected":false},"excerpt":{"rendered":"<p>Cistern Solutions Sweden Vi ser till att din tank \u00e4r s\u00e4ker Renovering av sprinklertankar Har du ansvar f\u00f6r en sprinklertank? Eller en tank med processvatten? Eller en cistern med kemikalier eller olja? Jobbar du med att besiktiga tankar och vill ha en samarbetspartner som kan ta vid och fixa brister &#8230; <a title=\"\u00dcber uns\" class=\"read-more\" href=\"https:\/\/cisternsolutions.eu\/de\/ueber-uns\/\" aria-label=\"Mehr Informationen \u00fcber \u00dcber uns\">L\u00e4s mer<\/a><\/p>\n","protected":false},"author":4,"featured_media":0,"parent":0,"menu_order":0,"comment_status":"closed","ping_status":"closed","template":"","meta":{"footnotes":""},"class_list":["post-4828","page","type-page","status-publish"],"yoast_head":"<!-- This site is optimized with the Yoast SEO plugin v27.4 - https:\/\/yoast.com\/product\/yoast-seo-wordpress\/ -->\n<title>Spezialist f\u00fcr die Renovierung von Tanks und Zisternen | Cistern Solutions Sweden<\/title>\n<meta name=\"description\" content=\"Cistern Solutions Sweden - Spezialist f\u00fcr die Renovierung von Tanks und Zisternen. Nehmen Sie noch heute Kontakt mit uns auf, damit wir Ihnen helfen k\u00f6nnen.\" \/>\n<meta name=\"robots\" content=\"index, follow, max-snippet:-1, max-image-preview:large, max-video-preview:-1\" \/>\n<link rel=\"canonical\" href=\"https:\/\/cisternsolutions.eu\/de\/ueber-uns\/\" \/>\n<meta property=\"og:locale\" content=\"de_DE\" \/>\n<meta property=\"og:type\" content=\"article\" \/>\n<meta property=\"og:title\" content=\"Spezialist f\u00fcr die Renovierung von Tanks und Zisternen | Cistern Solutions Sweden\" \/>\n<meta property=\"og:description\" content=\"Cistern Solutions Sweden - Spezialist f\u00fcr die Renovierung von Tanks und Zisternen. Nehmen Sie noch heute Kontakt mit uns auf, damit wir Ihnen helfen k\u00f6nnen.\" \/>\n<meta property=\"og:url\" content=\"https:\/\/cisternsolutions.eu\/de\/ueber-uns\/\" \/>\n<meta property=\"og:site_name\" content=\"Cistern Solutions Sweden\" \/>\n<meta property=\"article:modified_time\" content=\"2024-04-25T08:30:27+00:00\" \/>\n<meta name=\"twitter:card\" content=\"summary_large_image\" \/>\n<meta name=\"twitter:label1\" content=\"Gesch\u00e4tzte Lesezeit\" \/>\n\t<meta name=\"twitter:data1\" content=\"2\u00a0Minuten\" \/>\n<script type=\"application\/ld+json\" class=\"yoast-schema-graph\">{\"@context\":\"https:\\\/\\\/schema.org\",\"@graph\":[{\"@type\":\"WebPage\",\"@id\":\"https:\\\/\\\/cisternsolutions.eu\\\/de\\\/ueber-uns\\\/\",\"url\":\"https:\\\/\\\/cisternsolutions.eu\\\/de\\\/ueber-uns\\\/\",\"name\":\"Spezialist f\u00fcr die Renovierung von Tanks und Zisternen | Cistern Solutions Sweden\",\"isPartOf\":{\"@id\":\"https:\\\/\\\/cisternsolutions.eu\\\/de\\\/#website\"},\"datePublished\":\"2023-12-07T16:00:29+00:00\",\"dateModified\":\"2024-04-25T08:30:27+00:00\",\"description\":\"Cistern Solutions Sweden - Spezialist f\u00fcr die Renovierung von Tanks und Zisternen. Nehmen Sie noch heute Kontakt mit uns auf, damit wir Ihnen helfen k\u00f6nnen.\",\"breadcrumb\":{\"@id\":\"https:\\\/\\\/cisternsolutions.eu\\\/de\\\/ueber-uns\\\/#breadcrumb\"},\"inLanguage\":\"de\",\"potentialAction\":[{\"@type\":\"ReadAction\",\"target\":[\"https:\\\/\\\/cisternsolutions.eu\\\/de\\\/ueber-uns\\\/\"]}]},{\"@type\":\"BreadcrumbList\",\"@id\":\"https:\\\/\\\/cisternsolutions.eu\\\/de\\\/ueber-uns\\\/#breadcrumb\",\"itemListElement\":[{\"@type\":\"ListItem\",\"position\":1,\"name\":\"Hem\",\"item\":\"https:\\\/\\\/cisternsolutions.eu\\\/de\\\/hauptseite\\\/\"},{\"@type\":\"ListItem\",\"position\":2,\"name\":\"\u00dcber uns\"}]},{\"@type\":\"WebSite\",\"@id\":\"https:\\\/\\\/cisternsolutions.eu\\\/de\\\/#website\",\"url\":\"https:\\\/\\\/cisternsolutions.eu\\\/de\\\/\",\"name\":\"Cistern Solutions Sweden\",\"description\":\"Cistern Solutions Sweden\",\"publisher\":{\"@id\":\"https:\\\/\\\/cisternsolutions.eu\\\/de\\\/#organization\"},\"potentialAction\":[{\"@type\":\"SearchAction\",\"target\":{\"@type\":\"EntryPoint\",\"urlTemplate\":\"https:\\\/\\\/cisternsolutions.eu\\\/de\\\/?s={search_term_string}\"},\"query-input\":{\"@type\":\"PropertyValueSpecification\",\"valueRequired\":true,\"valueName\":\"search_term_string\"}}],\"inLanguage\":\"de\"},{\"@type\":\"Organization\",\"@id\":\"https:\\\/\\\/cisternsolutions.eu\\\/de\\\/#organization\",\"name\":\"| Cistern Solutions Sweden AB\",\"url\":\"https:\\\/\\\/cisternsolutions.eu\\\/de\\\/\",\"logo\":{\"@type\":\"ImageObject\",\"inLanguage\":\"de\",\"@id\":\"https:\\\/\\\/cisternsolutions.eu\\\/de\\\/#\\\/schema\\\/logo\\\/image\\\/\",\"url\":\"https:\\\/\\\/cisternsolutions.eu\\\/wp-content\\\/uploads\\\/2023\\\/11\\\/CisternSolutions_orginal-logo.png\",\"contentUrl\":\"https:\\\/\\\/cisternsolutions.eu\\\/wp-content\\\/uploads\\\/2023\\\/11\\\/CisternSolutions_orginal-logo.png\",\"width\":1045,\"height\":293,\"caption\":\"| Cistern Solutions Sweden AB\"},\"image\":{\"@id\":\"https:\\\/\\\/cisternsolutions.eu\\\/de\\\/#\\\/schema\\\/logo\\\/image\\\/\"}}]}<\/script>\n<!-- \/ Yoast SEO plugin. -->","yoast_head_json":{"title":"Spezialist f\u00fcr die Renovierung von Tanks und Zisternen | Cistern Solutions Sweden","description":"Cistern Solutions Sweden - Spezialist f\u00fcr die Renovierung von Tanks und Zisternen. Nehmen Sie noch heute Kontakt mit uns auf, damit wir Ihnen helfen k\u00f6nnen.","robots":{"index":"index","follow":"follow","max-snippet":"max-snippet:-1","max-image-preview":"max-image-preview:large","max-video-preview":"max-video-preview:-1"},"canonical":"https:\/\/cisternsolutions.eu\/de\/ueber-uns\/","og_locale":"de_DE","og_type":"article","og_title":"Spezialist f\u00fcr die Renovierung von Tanks und Zisternen | Cistern Solutions Sweden","og_description":"Cistern Solutions Sweden - Spezialist f\u00fcr die Renovierung von Tanks und Zisternen. Nehmen Sie noch heute Kontakt mit uns auf, damit wir Ihnen helfen k\u00f6nnen.","og_url":"https:\/\/cisternsolutions.eu\/de\/ueber-uns\/","og_site_name":"Cistern Solutions Sweden","article_modified_time":"2024-04-25T08:30:27+00:00","twitter_card":"summary_large_image","twitter_misc":{"Gesch\u00e4tzte Lesezeit":"2\u00a0Minuten"},"schema":{"@context":"https:\/\/schema.org","@graph":[{"@type":"WebPage","@id":"https:\/\/cisternsolutions.eu\/de\/ueber-uns\/","url":"https:\/\/cisternsolutions.eu\/de\/ueber-uns\/","name":"Spezialist f\u00fcr die Renovierung von Tanks und Zisternen | Cistern Solutions Sweden","isPartOf":{"@id":"https:\/\/cisternsolutions.eu\/de\/#website"},"datePublished":"2023-12-07T16:00:29+00:00","dateModified":"2024-04-25T08:30:27+00:00","description":"Cistern Solutions Sweden - Spezialist f\u00fcr die Renovierung von Tanks und Zisternen. Nehmen Sie noch heute Kontakt mit uns auf, damit wir Ihnen helfen k\u00f6nnen.","breadcrumb":{"@id":"https:\/\/cisternsolutions.eu\/de\/ueber-uns\/#breadcrumb"},"inLanguage":"de","potentialAction":[{"@type":"ReadAction","target":["https:\/\/cisternsolutions.eu\/de\/ueber-uns\/"]}]},{"@type":"BreadcrumbList","@id":"https:\/\/cisternsolutions.eu\/de\/ueber-uns\/#breadcrumb","itemListElement":[{"@type":"ListItem","position":1,"name":"Hem","item":"https:\/\/cisternsolutions.eu\/de\/hauptseite\/"},{"@type":"ListItem","position":2,"name":"\u00dcber uns"}]},{"@type":"WebSite","@id":"https:\/\/cisternsolutions.eu\/de\/#website","url":"https:\/\/cisternsolutions.eu\/de\/","name":"Cistern Solutions Sweden","description":"Cistern Solutions Sweden","publisher":{"@id":"https:\/\/cisternsolutions.eu\/de\/#organization"},"potentialAction":[{"@type":"SearchAction","target":{"@type":"EntryPoint","urlTemplate":"https:\/\/cisternsolutions.eu\/de\/?s={search_term_string}"},"query-input":{"@type":"PropertyValueSpecification","valueRequired":true,"valueName":"search_term_string"}}],"inLanguage":"de"},{"@type":"Organization","@id":"https:\/\/cisternsolutions.eu\/de\/#organization","name":"| Cistern Solutions Sweden AB","url":"https:\/\/cisternsolutions.eu\/de\/","logo":{"@type":"ImageObject","inLanguage":"de","@id":"https:\/\/cisternsolutions.eu\/de\/#\/schema\/logo\/image\/","url":"https:\/\/cisternsolutions.eu\/wp-content\/uploads\/2023\/11\/CisternSolutions_orginal-logo.png","contentUrl":"https:\/\/cisternsolutions.eu\/wp-content\/uploads\/2023\/11\/CisternSolutions_orginal-logo.png","width":1045,"height":293,"caption":"| Cistern Solutions Sweden AB"},"image":{"@id":"https:\/\/cisternsolutions.eu\/de\/#\/schema\/logo\/image\/"}}]}},"_links":{"self":[{"href":"https:\/\/cisternsolutions.eu\/de\/wp-json\/wp\/v2\/pages\/4828","targetHints":{"allow":["GET"]}}],"collection":[{"href":"https:\/\/cisternsolutions.eu\/de\/wp-json\/wp\/v2\/pages"}],"about":[{"href":"https:\/\/cisternsolutions.eu\/de\/wp-json\/wp\/v2\/types\/page"}],"author":[{"embeddable":true,"href":"https:\/\/cisternsolutions.eu\/de\/wp-json\/wp\/v2\/users\/4"}],"replies":[{"embeddable":true,"href":"https:\/\/cisternsolutions.eu\/de\/wp-json\/wp\/v2\/comments?post=4828"}],"version-history":[{"count":2,"href":"https:\/\/cisternsolutions.eu\/de\/wp-json\/wp\/v2\/pages\/4828\/revisions"}],"predecessor-version":[{"id":4956,"href":"https:\/\/cisternsolutions.eu\/de\/wp-json\/wp\/v2\/pages\/4828\/revisions\/4956"}],"wp:attachment":[{"href":"https:\/\/cisternsolutions.eu\/de\/wp-json\/wp\/v2\/media?parent=4828"}],"curies":[{"name":"wp","href":"https:\/\/api.w.org\/{rel}","templated":true}]}}