{"id":8269,"date":"2025-12-01T10:58:30","date_gmt":"2025-12-01T09:58:30","guid":{"rendered":"https:\/\/cisternsolutions.eu\/sprinklertanke-i-sektioneret-konstruktion\/"},"modified":"2026-01-09T09:54:27","modified_gmt":"2026-01-09T08:54:27","slug":"sprinklertanke-i-sektioneret-konstruktion","status":"publish","type":"page","link":"https:\/\/cisternsolutions.eu\/da\/sprinklertanke-i-sektioneret-konstruktion\/","title":{"rendered":"Sprinklertanke i sektioneret konstruktion"},"content":{"rendered":"\n\n\t\t<h1>\n\t\t\tSprinklertanke i sektioneret konstruktion\n\t\t<\/h1>\n\t\t\t<p>&#8211; Svensk h\u00e5ndv\u00e6rk, modul\u00e6rt design og maksimal p\u00e5lidelighed<\/p>\t\t\n\t<p>Cistern Solutions fremstiller og installerer sektionsopdelte sprinklertanke, der kombinerer svensk h\u00e5ndv\u00e6rk med langvarig holdbarhed og h\u00f8j brandsikkerhed. Hver tank er bygget i moduler, hvilket giver fleksibilitet i transport, montering og fremtidig tilpasning.   <\/p>\n<p>Denne l\u00f8sning er s\u00e6rligt velegnet til sprinklere i boliger, erhvervsejendomme og industrier, hvor kvalitet og p\u00e5lidelighed er afg\u00f8rende.<\/p>\n\t\t\t<h3>Kontakt mig!<\/h3>\n\t\t    <form data-form_id=\"11\" id=\"fluentform_11\" data-form_instance=\"ff_form_instance_11_1\" method=\"POST\" data-recptcha_key=\"6LclVsMpAAAAALbQlfjI40nUI01kkMo-WKOg0nvc\"><fieldset>\n                    <legend>Hurtig kontakt &#8211; DK<\/legend><input type='hidden' name='__fluent_form_embded_post_id' value='8269' \/><input type=\"hidden\" id=\"_fluentform_11_fluentformnonce\" name=\"_fluentform_11_fluentformnonce\" value=\"048bbe7ef4\" \/><input type=\"hidden\" name=\"_wp_http_referer\" value=\"\/da\/?page_id=8269&#038;fl_builder\" \/><input type=\"text\" name=\"names[first_name]\" id=\"ff_11_names_first_name_\" placeholder=\"For-og efternavn\" aria-invalid=\"false\" aria-required=true\/><input type=\"email\" name=\"email\" id=\"ff_11_email\" placeholder=\"Min e-mailadresse\" data-name=\"email\"  aria-invalid=\"false\" aria-required=true\/><textarea aria-required=\"true\" aria-labelledby=\"label_ff_11_message\" name=\"message\" id=\"ff_11_message\" placeholder=\"Kontakt mig ang\u00e5ende...\" rows=\"1\" cols=\"2\" data-name=\"message\"><\/textarea><label aria-label='Jeg giver samtykke til, at denne hjemmeside gemmer mine indsendte oplysninger, s\u00e5 de kan svare p\u00e5 min anmodning. Oplysningerne opbevares i 1 \u00e5r.' class='ff-el-form-check-label ff_tc_label' for=gdpr-agreement_c2bf7579dc36f01cd9e3de8def4e24c8><input type=\"checkbox\" name=\"gdpr-agreement\" data-name=\"gdpr-agreement\" id=\"gdpr-agreement_c2bf7579dc36f01cd9e3de8def4e24c8\"  value='on' aria-invalid='false' aria-required=true\/> Jeg giver samtykke til, at denne hjemmeside gemmer mine indsendte oplysninger, s\u00e5 de kan svare p\u00e5 min anmodning. Oplysningerne opbevares i 1 \u00e5r.<\/label><button type=\"submit\"  aria-label=\"Sende\">Sende<\/button><\/fieldset><\/form>            \n\t\t<h2>\n\t\t\tSt\u00e5lkonstruktion med epoxybehandling\n\t\t<\/h2>\n\t<p>Vores sprinklertanke er fremstillet af st\u00e5lplader af h\u00f8j kvalitet, som er epoxybehandlet for at give maksimal beskyttelse mod korrosion, lang levetid og sikker forsegling. Til s\u00e6rlige krav kan sprinklertanke ogs\u00e5 fremstilles af rustfrit st\u00e5l.   <\/p>\nKombinationen af st\u00e5l og epoxy giver en sektionsopdelt sprinklertank, der er:\n<ul>\n<li>Meget holdbar og korrosionsbestandig<\/li>\n<li>T\u00e6t og p\u00e5lidelig selv i kr\u00e6vende milj\u00f8er<\/li>\n<li>Let at inspicere og vedligeholde<\/li>\n<li>Fleksibel og tilpasningsdygtig til eksisterende rum og tekniske forhold<\/li>\n<\/ul>\n<p>Vores sektionsopdelte sprinklertanke er bygget til lang levetid &#8211; en moderne og b\u00e6redygtig l\u00f8sning for ejendomsejere og virksomheder i Sverige og resten af Europa.<\/p>\n\t\t\t\t\t\t\t\t\t<img decoding=\"async\" src=\"https:\/\/cisternsolutions.eu\/wp-content\/uploads\/bb-plugin\/cache\/bygga_boendesprinkler_01a-square.jpg\" alt=\"bygga_boendesprinkler_01a\" itemprop=\"image\" height=\"730\" width=\"700\" title=\"bygga_boendesprinkler_01a\" onerror=\"this.style.display='none'\"  \/>\n\t\t<h2>\n\t\t\tSvenskproducerede sektioner med h\u00f8j pr\u00e6cision\n\t\t<\/h2>\n\t<p>Vores sektioner fremstilles i Sverige med h\u00f8je standarder for pr\u00e6cision og kvalitet. Produktionen er baseret p\u00e5 industrielt udviklede moduler, der specificeres og tilpasses til hvert projekt for at sikre n\u00f8jagtig pasform, t\u00e6t konstruktion og <strong data-start=\"489\" data-end=\"518\">j\u00e6vn, ensartet kvalitet<\/strong>.   <\/p>\nGennem omhyggelig planl\u00e6gning og kontrollerede leverancer skaber vi robuste og skr\u00e6ddersyede l\u00f8sninger, som samles p\u00e5 stedet hos kunden. Sektionerne kan skr\u00e6ddersys efter behov med hensyn til dimensioner, volumen og installationsmilj\u00f8 &#8211; uden at g\u00e5 p\u00e5 kompromis med funktion eller kvalitet.   \n\t\t\t\t\t\t\t\t\t<img decoding=\"async\" src=\"https:\/\/cisternsolutions.eu\/wp-content\/uploads\/bb-plugin\/cache\/bygga_boendesprinkler_03a-square.jpg\" alt=\"bygga_boendesprinkler_03a\" itemprop=\"image\" height=\"730\" width=\"700\" title=\"bygga_boendesprinkler_03a\" onerror=\"this.style.display='none'\"  \/>\n\t\t<h2>\n\t\t\tModul\u00e6rt design &#8211; fleksibel installation og service\n\t\t<\/h2>\n\t<p>Det modul\u00e6re design g\u00f8r, at vores sprinklertanke nemt kan transporteres, samles og skilles ad, hvis det er n\u00f8dvendigt. Det betyder kortere byggetid, lavere installationsomkostninger og minimal forstyrrelse af bygningen. Desuden er designet fremtidssikret &#8211; tanken kan udvides, flyttes eller tilpasses, efterh\u00e5nden som behovene \u00e6ndrer sig.    <\/p>\n\t\t<h3>\n\t\t\tOpfylder og overg\u00e5r g\u00e6ldende standarder\n\t\t<\/h3>\n\t<p>Vores sprinklertanke opfylder &#8211; og overg\u00e5r ofte &#8211; b\u00e5de svenske og internationale standarder for brandsikring af sprinklertanke\/cisterner.<\/p>\n<p>Cistern Solutions leverer l\u00f8sninger, der er bygget til at fungere fejlfrit i mange \u00e5r, selv under kr\u00e6vende forhold.<\/p>\n\t\t<h3>\n\t\t\tHvorfor v\u00e6lge Cistern Solutions til din sektionsopdelte sprinklertank?\n\t\t<\/h3>\n\t<ul>\n\t\t\t<li>\n\t\t\t\tSvenskproducerede paneler med h\u00f8jeste pr\u00e6cision\n\t\t\t<\/li>\n\t\t\t<li>\n\t\t\t\tModul\u00e6rt design &#8211; nemt at tilpasse og installere\n\t\t\t<\/li>\n\t\t\t<li>\n\t\t\t\tSt\u00e5l med epoxybehandling for maksimal holdbarhed\n\t\t\t<\/li>\n\t\t\t<li>\n\t\t\t\tFuld sporbarhed og kvalitetssikring i alle faser\n\t\t\t<\/li>\n\t\t\t<li>\n\t\t\t\tIdeel til bolig- og erhvervsform\u00e5l\n\t\t\t<\/li>\n\t\t\t<li>\n\t\t\t\tLang levetid, lave vedligeholdelsesomkostninger og dokumenteret ydeevne\n\t\t\t<\/li>\n\t\t<\/ul>\n\t\t<h3>\n\t\t\tKontakt os for at f\u00e5 et tilbud p\u00e5 en ny sprinklertank eller cisterne\n\t\t<\/h3>\n\t\t\t<p>Vil du vide mere om vores sektionsopdelte sprinklertanke eller have et tilbud p\u00e5 et komplet system?Kontakt Cistern Solutions for at finde ud af, hvordan vi kan skabe en b\u00e6redygtig, modul\u00e6r og fremtidssikret cisternel\u00f8sning, der er skr\u00e6ddersyet til dine behov.<strong>Vil du tale direkte med os?  <\/strong><strong><a href=\"https:\/\/cisternsolutions.eu\/da\/kontakt-os\/\">Du kan finde telefonnumre her  &gt;&gt;<\/a><\/strong><\/p>\t\t\n\t\t\t<h3>Kontakt mig!<\/h3>\n\t\t    <form data-form_id=\"11\" id=\"fluentform_11\" data-form_instance=\"ff_form_instance_11_2\" method=\"POST\" data-recptcha_key=\"6LclVsMpAAAAALbQlfjI40nUI01kkMo-WKOg0nvc\"><fieldset>\n                    <legend>Hurtig kontakt &#8211; DK<\/legend><input type='hidden' name='__fluent_form_embded_post_id' value='8269' \/><input type=\"hidden\" id=\"_fluentform_11_fluentformnonce\" name=\"_fluentform_11_fluentformnonce\" value=\"048bbe7ef4\" \/><input type=\"hidden\" name=\"_wp_http_referer\" value=\"\/da\/?page_id=8269&#038;fl_builder\" \/><input type=\"text\" name=\"names[first_name]\" id=\"ff_11_2_names_first_name_\" placeholder=\"For-og efternavn\" aria-invalid=\"false\" aria-required=true\/><input type=\"email\" name=\"email\" id=\"ff_11_2_email\" placeholder=\"Min e-mailadresse\" data-name=\"email\"  aria-invalid=\"false\" aria-required=true\/><textarea aria-required=\"true\" aria-labelledby=\"label_ff_11_2_message\" name=\"message\" id=\"ff_11_2_message\" placeholder=\"Kontakt mig ang\u00e5ende...\" rows=\"1\" cols=\"2\" data-name=\"message\"><\/textarea><label aria-label='Jeg giver samtykke til, at denne hjemmeside gemmer mine indsendte oplysninger, s\u00e5 de kan svare p\u00e5 min anmodning. Oplysningerne opbevares i 1 \u00e5r.' class='ff-el-form-check-label ff_tc_label' for=gdpr-agreement_b407740749256fa82b7683dd96e584ea><input type=\"checkbox\" name=\"gdpr-agreement\" data-name=\"gdpr-agreement\" id=\"gdpr-agreement_b407740749256fa82b7683dd96e584ea\"  value='on' aria-invalid='false' aria-required=true\/> Jeg giver samtykke til, at denne hjemmeside gemmer mine indsendte oplysninger, s\u00e5 de kan svare p\u00e5 min anmodning. Oplysningerne opbevares i 1 \u00e5r.<\/label><button type=\"submit\"  aria-label=\"Sende\">Sende<\/button><\/fieldset><\/form>            \n\n","protected":false},"excerpt":{"rendered":"<p>Sprinklertanke i sektioneret konstruktion &#8211; Svensk h\u00e5ndv\u00e6rk, modul\u00e6rt design og maksimal p\u00e5lidelighed Cistern Solutions fremstiller og installerer sektionsopdelte sprinklertanke, der kombinerer svensk h\u00e5ndv\u00e6rk med langvarig holdbarhed og h\u00f8j brandsikkerhed. Hver tank er bygget i moduler, hvilket giver fleksibilitet i transport, montering og fremtidig tilpasning. Denne l\u00f8sning er s\u00e6rligt velegnet til &#8230; <a title=\"Sprinklertanke i sektioneret konstruktion\" class=\"read-more\" href=\"https:\/\/cisternsolutions.eu\/da\/sprinklertanke-i-sektioneret-konstruktion\/\" aria-label=\"Read more about Sprinklertanke i sektioneret konstruktion\">L\u00e4s mer<\/a><\/p>\n","protected":false},"author":4,"featured_media":0,"parent":0,"menu_order":0,"comment_status":"closed","ping_status":"closed","template":"","meta":{"footnotes":""},"class_list":["post-8269","page","type-page","status-publish"],"yoast_head":"<!-- This site is optimized with the Yoast SEO plugin v27.4 - https:\/\/yoast.com\/product\/yoast-seo-wordpress\/ -->\n<title>Fleksible sektionsopdelte sprinklertanke | Cistern Solutions Sweden<\/title>\n<meta name=\"description\" content=\"Svenskproducerede sektionsopdelte sprinklertanke til bolig-, industri- og erhvervsejendomme. Epoxybehandlet og nem at tilpasse.\" \/>\n<meta name=\"robots\" content=\"index, follow, max-snippet:-1, max-image-preview:large, max-video-preview:-1\" \/>\n<link rel=\"canonical\" href=\"https:\/\/cisternsolutions.eu\/da\/sprinklertanke-i-sektioneret-konstruktion\/\" \/>\n<meta property=\"og:locale\" content=\"da_DK\" \/>\n<meta property=\"og:type\" content=\"article\" \/>\n<meta property=\"og:title\" content=\"Fleksible sektionsopdelte sprinklertanke | Cistern Solutions Sweden\" \/>\n<meta property=\"og:description\" content=\"Svenskproducerede sektionsopdelte sprinklertanke til bolig-, industri- og erhvervsejendomme. Epoxybehandlet og nem at tilpasse.\" \/>\n<meta property=\"og:url\" content=\"https:\/\/cisternsolutions.eu\/da\/sprinklertanke-i-sektioneret-konstruktion\/\" \/>\n<meta property=\"og:site_name\" content=\"Cistern Solutions Sweden\" \/>\n<meta property=\"article:modified_time\" content=\"2026-01-09T08:54:27+00:00\" \/>\n<meta property=\"og:image\" content=\"https:\/\/cisternsolutions.eu\/wp-content\/uploads\/bb-plugin\/cache\/bygga_boendesprinkler_01a-square.jpg\" \/>\n<meta name=\"twitter:card\" content=\"summary_large_image\" \/>\n<meta name=\"twitter:label1\" content=\"Estimeret l\u00e6setid\" \/>\n\t<meta name=\"twitter:data1\" content=\"3 minutter\" \/>\n<script type=\"application\/ld+json\" class=\"yoast-schema-graph\">{\"@context\":\"https:\\\/\\\/schema.org\",\"@graph\":[{\"@type\":\"WebPage\",\"@id\":\"https:\\\/\\\/cisternsolutions.eu\\\/da\\\/sprinklertanke-i-sektioneret-konstruktion\\\/\",\"url\":\"https:\\\/\\\/cisternsolutions.eu\\\/da\\\/sprinklertanke-i-sektioneret-konstruktion\\\/\",\"name\":\"Fleksible sektionsopdelte sprinklertanke | Cistern Solutions Sweden\",\"isPartOf\":{\"@id\":\"https:\\\/\\\/cisternsolutions.eu\\\/da\\\/#website\"},\"primaryImageOfPage\":{\"@id\":\"https:\\\/\\\/cisternsolutions.eu\\\/da\\\/sprinklertanke-i-sektioneret-konstruktion\\\/#primaryimage\"},\"image\":{\"@id\":\"https:\\\/\\\/cisternsolutions.eu\\\/da\\\/sprinklertanke-i-sektioneret-konstruktion\\\/#primaryimage\"},\"thumbnailUrl\":\"https:\\\/\\\/cisternsolutions.eu\\\/wp-content\\\/uploads\\\/bb-plugin\\\/cache\\\/bygga_boendesprinkler_01a-square.jpg\",\"datePublished\":\"2025-12-01T09:58:30+00:00\",\"dateModified\":\"2026-01-09T08:54:27+00:00\",\"description\":\"Svenskproducerede sektionsopdelte sprinklertanke til bolig-, industri- og erhvervsejendomme. Epoxybehandlet og nem at tilpasse.\",\"breadcrumb\":{\"@id\":\"https:\\\/\\\/cisternsolutions.eu\\\/da\\\/sprinklertanke-i-sektioneret-konstruktion\\\/#breadcrumb\"},\"inLanguage\":\"da-DK\",\"potentialAction\":[{\"@type\":\"ReadAction\",\"target\":[\"https:\\\/\\\/cisternsolutions.eu\\\/da\\\/sprinklertanke-i-sektioneret-konstruktion\\\/\"]}]},{\"@type\":\"ImageObject\",\"inLanguage\":\"da-DK\",\"@id\":\"https:\\\/\\\/cisternsolutions.eu\\\/da\\\/sprinklertanke-i-sektioneret-konstruktion\\\/#primaryimage\",\"url\":\"https:\\\/\\\/cisternsolutions.eu\\\/wp-content\\\/uploads\\\/bb-plugin\\\/cache\\\/bygga_boendesprinkler_01a-square.jpg\",\"contentUrl\":\"https:\\\/\\\/cisternsolutions.eu\\\/wp-content\\\/uploads\\\/bb-plugin\\\/cache\\\/bygga_boendesprinkler_01a-square.jpg\"},{\"@type\":\"BreadcrumbList\",\"@id\":\"https:\\\/\\\/cisternsolutions.eu\\\/da\\\/sprinklertanke-i-sektioneret-konstruktion\\\/#breadcrumb\",\"itemListElement\":[{\"@type\":\"ListItem\",\"position\":1,\"name\":\"Hem\",\"item\":\"https:\\\/\\\/cisternsolutions.eu\\\/da\\\/startside\\\/\"},{\"@type\":\"ListItem\",\"position\":2,\"name\":\"Sprinklertanke i sektioneret konstruktion\"}]},{\"@type\":\"WebSite\",\"@id\":\"https:\\\/\\\/cisternsolutions.eu\\\/da\\\/#website\",\"url\":\"https:\\\/\\\/cisternsolutions.eu\\\/da\\\/\",\"name\":\"Cistern Solutions Sweden\",\"description\":\"Cistern Solutions Sweden\",\"publisher\":{\"@id\":\"https:\\\/\\\/cisternsolutions.eu\\\/da\\\/#organization\"},\"potentialAction\":[{\"@type\":\"SearchAction\",\"target\":{\"@type\":\"EntryPoint\",\"urlTemplate\":\"https:\\\/\\\/cisternsolutions.eu\\\/da\\\/?s={search_term_string}\"},\"query-input\":{\"@type\":\"PropertyValueSpecification\",\"valueRequired\":true,\"valueName\":\"search_term_string\"}}],\"inLanguage\":\"da-DK\"},{\"@type\":\"Organization\",\"@id\":\"https:\\\/\\\/cisternsolutions.eu\\\/da\\\/#organization\",\"name\":\"| Cistern Solutions Sweden AB\",\"url\":\"https:\\\/\\\/cisternsolutions.eu\\\/da\\\/\",\"logo\":{\"@type\":\"ImageObject\",\"inLanguage\":\"da-DK\",\"@id\":\"https:\\\/\\\/cisternsolutions.eu\\\/da\\\/#\\\/schema\\\/logo\\\/image\\\/\",\"url\":\"https:\\\/\\\/cisternsolutions.eu\\\/wp-content\\\/uploads\\\/2023\\\/11\\\/CisternSolutions_orginal-logo.png\",\"contentUrl\":\"https:\\\/\\\/cisternsolutions.eu\\\/wp-content\\\/uploads\\\/2023\\\/11\\\/CisternSolutions_orginal-logo.png\",\"width\":1045,\"height\":293,\"caption\":\"| Cistern Solutions Sweden AB\"},\"image\":{\"@id\":\"https:\\\/\\\/cisternsolutions.eu\\\/da\\\/#\\\/schema\\\/logo\\\/image\\\/\"}}]}<\/script>\n<!-- \/ Yoast SEO plugin. -->","yoast_head_json":{"title":"Fleksible sektionsopdelte sprinklertanke | Cistern Solutions Sweden","description":"Svenskproducerede sektionsopdelte sprinklertanke til bolig-, industri- og erhvervsejendomme. Epoxybehandlet og nem at tilpasse.","robots":{"index":"index","follow":"follow","max-snippet":"max-snippet:-1","max-image-preview":"max-image-preview:large","max-video-preview":"max-video-preview:-1"},"canonical":"https:\/\/cisternsolutions.eu\/da\/sprinklertanke-i-sektioneret-konstruktion\/","og_locale":"da_DK","og_type":"article","og_title":"Fleksible sektionsopdelte sprinklertanke | Cistern Solutions Sweden","og_description":"Svenskproducerede sektionsopdelte sprinklertanke til bolig-, industri- og erhvervsejendomme. Epoxybehandlet og nem at tilpasse.","og_url":"https:\/\/cisternsolutions.eu\/da\/sprinklertanke-i-sektioneret-konstruktion\/","og_site_name":"Cistern Solutions Sweden","article_modified_time":"2026-01-09T08:54:27+00:00","og_image":[{"url":"https:\/\/cisternsolutions.eu\/wp-content\/uploads\/bb-plugin\/cache\/bygga_boendesprinkler_01a-square.jpg","type":"","width":"","height":""}],"twitter_card":"summary_large_image","twitter_misc":{"Estimeret l\u00e6setid":"3 minutter"},"schema":{"@context":"https:\/\/schema.org","@graph":[{"@type":"WebPage","@id":"https:\/\/cisternsolutions.eu\/da\/sprinklertanke-i-sektioneret-konstruktion\/","url":"https:\/\/cisternsolutions.eu\/da\/sprinklertanke-i-sektioneret-konstruktion\/","name":"Fleksible sektionsopdelte sprinklertanke | Cistern Solutions Sweden","isPartOf":{"@id":"https:\/\/cisternsolutions.eu\/da\/#website"},"primaryImageOfPage":{"@id":"https:\/\/cisternsolutions.eu\/da\/sprinklertanke-i-sektioneret-konstruktion\/#primaryimage"},"image":{"@id":"https:\/\/cisternsolutions.eu\/da\/sprinklertanke-i-sektioneret-konstruktion\/#primaryimage"},"thumbnailUrl":"https:\/\/cisternsolutions.eu\/wp-content\/uploads\/bb-plugin\/cache\/bygga_boendesprinkler_01a-square.jpg","datePublished":"2025-12-01T09:58:30+00:00","dateModified":"2026-01-09T08:54:27+00:00","description":"Svenskproducerede sektionsopdelte sprinklertanke til bolig-, industri- og erhvervsejendomme. Epoxybehandlet og nem at tilpasse.","breadcrumb":{"@id":"https:\/\/cisternsolutions.eu\/da\/sprinklertanke-i-sektioneret-konstruktion\/#breadcrumb"},"inLanguage":"da-DK","potentialAction":[{"@type":"ReadAction","target":["https:\/\/cisternsolutions.eu\/da\/sprinklertanke-i-sektioneret-konstruktion\/"]}]},{"@type":"ImageObject","inLanguage":"da-DK","@id":"https:\/\/cisternsolutions.eu\/da\/sprinklertanke-i-sektioneret-konstruktion\/#primaryimage","url":"https:\/\/cisternsolutions.eu\/wp-content\/uploads\/bb-plugin\/cache\/bygga_boendesprinkler_01a-square.jpg","contentUrl":"https:\/\/cisternsolutions.eu\/wp-content\/uploads\/bb-plugin\/cache\/bygga_boendesprinkler_01a-square.jpg"},{"@type":"BreadcrumbList","@id":"https:\/\/cisternsolutions.eu\/da\/sprinklertanke-i-sektioneret-konstruktion\/#breadcrumb","itemListElement":[{"@type":"ListItem","position":1,"name":"Hem","item":"https:\/\/cisternsolutions.eu\/da\/startside\/"},{"@type":"ListItem","position":2,"name":"Sprinklertanke i sektioneret konstruktion"}]},{"@type":"WebSite","@id":"https:\/\/cisternsolutions.eu\/da\/#website","url":"https:\/\/cisternsolutions.eu\/da\/","name":"Cistern Solutions Sweden","description":"Cistern Solutions Sweden","publisher":{"@id":"https:\/\/cisternsolutions.eu\/da\/#organization"},"potentialAction":[{"@type":"SearchAction","target":{"@type":"EntryPoint","urlTemplate":"https:\/\/cisternsolutions.eu\/da\/?s={search_term_string}"},"query-input":{"@type":"PropertyValueSpecification","valueRequired":true,"valueName":"search_term_string"}}],"inLanguage":"da-DK"},{"@type":"Organization","@id":"https:\/\/cisternsolutions.eu\/da\/#organization","name":"| Cistern Solutions Sweden AB","url":"https:\/\/cisternsolutions.eu\/da\/","logo":{"@type":"ImageObject","inLanguage":"da-DK","@id":"https:\/\/cisternsolutions.eu\/da\/#\/schema\/logo\/image\/","url":"https:\/\/cisternsolutions.eu\/wp-content\/uploads\/2023\/11\/CisternSolutions_orginal-logo.png","contentUrl":"https:\/\/cisternsolutions.eu\/wp-content\/uploads\/2023\/11\/CisternSolutions_orginal-logo.png","width":1045,"height":293,"caption":"| Cistern Solutions Sweden AB"},"image":{"@id":"https:\/\/cisternsolutions.eu\/da\/#\/schema\/logo\/image\/"}}]}},"_links":{"self":[{"href":"https:\/\/cisternsolutions.eu\/da\/wp-json\/wp\/v2\/pages\/8269","targetHints":{"allow":["GET"]}}],"collection":[{"href":"https:\/\/cisternsolutions.eu\/da\/wp-json\/wp\/v2\/pages"}],"about":[{"href":"https:\/\/cisternsolutions.eu\/da\/wp-json\/wp\/v2\/types\/page"}],"author":[{"embeddable":true,"href":"https:\/\/cisternsolutions.eu\/da\/wp-json\/wp\/v2\/users\/4"}],"replies":[{"embeddable":true,"href":"https:\/\/cisternsolutions.eu\/da\/wp-json\/wp\/v2\/comments?post=8269"}],"version-history":[{"count":2,"href":"https:\/\/cisternsolutions.eu\/da\/wp-json\/wp\/v2\/pages\/8269\/revisions"}],"predecessor-version":[{"id":8340,"href":"https:\/\/cisternsolutions.eu\/da\/wp-json\/wp\/v2\/pages\/8269\/revisions\/8340"}],"wp:attachment":[{"href":"https:\/\/cisternsolutions.eu\/da\/wp-json\/wp\/v2\/media?parent=8269"}],"curies":[{"name":"wp","href":"https:\/\/api.w.org\/{rel}","templated":true}]}}