{"id":7165,"date":"2024-10-07T16:26:37","date_gmt":"2024-10-07T14:26:37","guid":{"rendered":"https:\/\/cisternsolutions.eu\/cisterner-til-foedevarer\/"},"modified":"2024-10-22T15:42:31","modified_gmt":"2024-10-22T13:42:31","slug":"cisterner-til-foedevarer","status":"publish","type":"page","link":"https:\/\/cisternsolutions.eu\/da\/cisterner-til-foedevarer\/","title":{"rendered":"Cisterner til f\u00f8devarer"},"content":{"rendered":"","protected":false},"excerpt":{"rendered":"<p>F\u00f8devaretanke, der er blevet beskadiget, kan genoprettes til ny stand ved hj\u00e6lp af Cistern Solutions Swedens metode.  <\/p>\n","protected":false},"author":4,"featured_media":6923,"parent":0,"menu_order":0,"comment_status":"closed","ping_status":"closed","template":"","meta":{"footnotes":""},"class_list":["post-7165","page","type-page","status-publish","has-post-thumbnail"],"yoast_head":"<!-- This site is optimized with the Yoast SEO plugin v27.4 - https:\/\/yoast.com\/product\/yoast-seo-wordpress\/ -->\n<title>L\u00f8sninger til f\u00f8devarecisterner | Cistern Solutions Sweden<\/title>\n<meta name=\"description\" content=\"F\u00f8devaretanke, der er blevet beskadiget, kan genoprettes ved hj\u00e6lp af Cistern Solutions Swedens metode. L\u00e6s om, hvordan f\u00f8devaretanken bliver som ny igen!\" \/>\n<meta name=\"robots\" content=\"index, follow, max-snippet:-1, max-image-preview:large, max-video-preview:-1\" \/>\n<link rel=\"canonical\" href=\"https:\/\/cisternsolutions.eu\/da\/cisterner-til-foedevarer\/\" \/>\n<meta property=\"og:locale\" content=\"da_DK\" \/>\n<meta property=\"og:type\" content=\"article\" \/>\n<meta property=\"og:title\" content=\"L\u00f8sninger til f\u00f8devarecisterner | Cistern Solutions Sweden\" \/>\n<meta property=\"og:description\" content=\"F\u00f8devaretanke, der er blevet beskadiget, kan genoprettes ved hj\u00e6lp af Cistern Solutions Swedens metode. L\u00e6s om, hvordan f\u00f8devaretanken bliver som ny igen!\" \/>\n<meta property=\"og:url\" content=\"https:\/\/cisternsolutions.eu\/da\/cisterner-til-foedevarer\/\" \/>\n<meta property=\"og:site_name\" content=\"Cistern Solutions Sweden\" \/>\n<meta property=\"article:modified_time\" content=\"2024-10-22T13:42:31+00:00\" \/>\n<meta property=\"og:image\" content=\"https:\/\/cisternsolutions.eu\/wp-content\/uploads\/2024\/10\/cisterner_livsmedel-hero.jpg\" \/>\n\t<meta property=\"og:image:width\" content=\"1920\" \/>\n\t<meta property=\"og:image:height\" content=\"526\" \/>\n\t<meta property=\"og:image:type\" content=\"image\/jpeg\" \/>\n<meta name=\"twitter:card\" content=\"summary_large_image\" \/>\n<meta name=\"twitter:label1\" content=\"Estimeret l\u00e6setid\" \/>\n\t<meta name=\"twitter:data1\" content=\"6 minutter\" \/>\n<script type=\"application\/ld+json\" class=\"yoast-schema-graph\">{\"@context\":\"https:\\\/\\\/schema.org\",\"@graph\":[{\"@type\":\"WebPage\",\"@id\":\"https:\\\/\\\/cisternsolutions.eu\\\/da\\\/cisterner-til-foedevarer\\\/\",\"url\":\"https:\\\/\\\/cisternsolutions.eu\\\/da\\\/cisterner-til-foedevarer\\\/\",\"name\":\"L\u00f8sninger til f\u00f8devarecisterner | Cistern Solutions Sweden\",\"isPartOf\":{\"@id\":\"https:\\\/\\\/cisternsolutions.eu\\\/da\\\/#website\"},\"primaryImageOfPage\":{\"@id\":\"https:\\\/\\\/cisternsolutions.eu\\\/da\\\/cisterner-til-foedevarer\\\/#primaryimage\"},\"image\":{\"@id\":\"https:\\\/\\\/cisternsolutions.eu\\\/da\\\/cisterner-til-foedevarer\\\/#primaryimage\"},\"thumbnailUrl\":\"https:\\\/\\\/cisternsolutions.eu\\\/wp-content\\\/uploads\\\/2024\\\/10\\\/cisterner_livsmedel-hero.jpg\",\"datePublished\":\"2024-10-07T14:26:37+00:00\",\"dateModified\":\"2024-10-22T13:42:31+00:00\",\"description\":\"F\u00f8devaretanke, der er blevet beskadiget, kan genoprettes ved hj\u00e6lp af Cistern Solutions Swedens metode. L\u00e6s om, hvordan f\u00f8devaretanken bliver som ny igen!\",\"breadcrumb\":{\"@id\":\"https:\\\/\\\/cisternsolutions.eu\\\/da\\\/cisterner-til-foedevarer\\\/#breadcrumb\"},\"inLanguage\":\"da-DK\",\"potentialAction\":[{\"@type\":\"ReadAction\",\"target\":[\"https:\\\/\\\/cisternsolutions.eu\\\/da\\\/cisterner-til-foedevarer\\\/\"]}]},{\"@type\":\"ImageObject\",\"inLanguage\":\"da-DK\",\"@id\":\"https:\\\/\\\/cisternsolutions.eu\\\/da\\\/cisterner-til-foedevarer\\\/#primaryimage\",\"url\":\"https:\\\/\\\/cisternsolutions.eu\\\/wp-content\\\/uploads\\\/2024\\\/10\\\/cisterner_livsmedel-hero.jpg\",\"contentUrl\":\"https:\\\/\\\/cisternsolutions.eu\\\/wp-content\\\/uploads\\\/2024\\\/10\\\/cisterner_livsmedel-hero.jpg\",\"width\":1920,\"height\":526},{\"@type\":\"BreadcrumbList\",\"@id\":\"https:\\\/\\\/cisternsolutions.eu\\\/da\\\/cisterner-til-foedevarer\\\/#breadcrumb\",\"itemListElement\":[{\"@type\":\"ListItem\",\"position\":1,\"name\":\"Hem\",\"item\":\"https:\\\/\\\/cisternsolutions.eu\\\/da\\\/startside\\\/\"},{\"@type\":\"ListItem\",\"position\":2,\"name\":\"Cisterner til f\u00f8devarer\"}]},{\"@type\":\"WebSite\",\"@id\":\"https:\\\/\\\/cisternsolutions.eu\\\/da\\\/#website\",\"url\":\"https:\\\/\\\/cisternsolutions.eu\\\/da\\\/\",\"name\":\"Cistern Solutions Sweden\",\"description\":\"Cistern Solutions Sweden\",\"publisher\":{\"@id\":\"https:\\\/\\\/cisternsolutions.eu\\\/da\\\/#organization\"},\"potentialAction\":[{\"@type\":\"SearchAction\",\"target\":{\"@type\":\"EntryPoint\",\"urlTemplate\":\"https:\\\/\\\/cisternsolutions.eu\\\/da\\\/?s={search_term_string}\"},\"query-input\":{\"@type\":\"PropertyValueSpecification\",\"valueRequired\":true,\"valueName\":\"search_term_string\"}}],\"inLanguage\":\"da-DK\"},{\"@type\":\"Organization\",\"@id\":\"https:\\\/\\\/cisternsolutions.eu\\\/da\\\/#organization\",\"name\":\"| Cistern Solutions Sweden AB\",\"url\":\"https:\\\/\\\/cisternsolutions.eu\\\/da\\\/\",\"logo\":{\"@type\":\"ImageObject\",\"inLanguage\":\"da-DK\",\"@id\":\"https:\\\/\\\/cisternsolutions.eu\\\/da\\\/#\\\/schema\\\/logo\\\/image\\\/\",\"url\":\"https:\\\/\\\/cisternsolutions.eu\\\/wp-content\\\/uploads\\\/2023\\\/11\\\/CisternSolutions_orginal-logo.png\",\"contentUrl\":\"https:\\\/\\\/cisternsolutions.eu\\\/wp-content\\\/uploads\\\/2023\\\/11\\\/CisternSolutions_orginal-logo.png\",\"width\":1045,\"height\":293,\"caption\":\"| Cistern Solutions Sweden AB\"},\"image\":{\"@id\":\"https:\\\/\\\/cisternsolutions.eu\\\/da\\\/#\\\/schema\\\/logo\\\/image\\\/\"}}]}<\/script>\n<!-- \/ Yoast SEO plugin. -->","yoast_head_json":{"title":"L\u00f8sninger til f\u00f8devarecisterner | Cistern Solutions Sweden","description":"F\u00f8devaretanke, der er blevet beskadiget, kan genoprettes ved hj\u00e6lp af Cistern Solutions Swedens metode. L\u00e6s om, hvordan f\u00f8devaretanken bliver som ny igen!","robots":{"index":"index","follow":"follow","max-snippet":"max-snippet:-1","max-image-preview":"max-image-preview:large","max-video-preview":"max-video-preview:-1"},"canonical":"https:\/\/cisternsolutions.eu\/da\/cisterner-til-foedevarer\/","og_locale":"da_DK","og_type":"article","og_title":"L\u00f8sninger til f\u00f8devarecisterner | Cistern Solutions Sweden","og_description":"F\u00f8devaretanke, der er blevet beskadiget, kan genoprettes ved hj\u00e6lp af Cistern Solutions Swedens metode. L\u00e6s om, hvordan f\u00f8devaretanken bliver som ny igen!","og_url":"https:\/\/cisternsolutions.eu\/da\/cisterner-til-foedevarer\/","og_site_name":"Cistern Solutions Sweden","article_modified_time":"2024-10-22T13:42:31+00:00","og_image":[{"width":1920,"height":526,"url":"https:\/\/cisternsolutions.eu\/wp-content\/uploads\/2024\/10\/cisterner_livsmedel-hero.jpg","type":"image\/jpeg"}],"twitter_card":"summary_large_image","twitter_misc":{"Estimeret l\u00e6setid":"6 minutter"},"schema":{"@context":"https:\/\/schema.org","@graph":[{"@type":"WebPage","@id":"https:\/\/cisternsolutions.eu\/da\/cisterner-til-foedevarer\/","url":"https:\/\/cisternsolutions.eu\/da\/cisterner-til-foedevarer\/","name":"L\u00f8sninger til f\u00f8devarecisterner | Cistern Solutions Sweden","isPartOf":{"@id":"https:\/\/cisternsolutions.eu\/da\/#website"},"primaryImageOfPage":{"@id":"https:\/\/cisternsolutions.eu\/da\/cisterner-til-foedevarer\/#primaryimage"},"image":{"@id":"https:\/\/cisternsolutions.eu\/da\/cisterner-til-foedevarer\/#primaryimage"},"thumbnailUrl":"https:\/\/cisternsolutions.eu\/wp-content\/uploads\/2024\/10\/cisterner_livsmedel-hero.jpg","datePublished":"2024-10-07T14:26:37+00:00","dateModified":"2024-10-22T13:42:31+00:00","description":"F\u00f8devaretanke, der er blevet beskadiget, kan genoprettes ved hj\u00e6lp af Cistern Solutions Swedens metode. L\u00e6s om, hvordan f\u00f8devaretanken bliver som ny igen!","breadcrumb":{"@id":"https:\/\/cisternsolutions.eu\/da\/cisterner-til-foedevarer\/#breadcrumb"},"inLanguage":"da-DK","potentialAction":[{"@type":"ReadAction","target":["https:\/\/cisternsolutions.eu\/da\/cisterner-til-foedevarer\/"]}]},{"@type":"ImageObject","inLanguage":"da-DK","@id":"https:\/\/cisternsolutions.eu\/da\/cisterner-til-foedevarer\/#primaryimage","url":"https:\/\/cisternsolutions.eu\/wp-content\/uploads\/2024\/10\/cisterner_livsmedel-hero.jpg","contentUrl":"https:\/\/cisternsolutions.eu\/wp-content\/uploads\/2024\/10\/cisterner_livsmedel-hero.jpg","width":1920,"height":526},{"@type":"BreadcrumbList","@id":"https:\/\/cisternsolutions.eu\/da\/cisterner-til-foedevarer\/#breadcrumb","itemListElement":[{"@type":"ListItem","position":1,"name":"Hem","item":"https:\/\/cisternsolutions.eu\/da\/startside\/"},{"@type":"ListItem","position":2,"name":"Cisterner til f\u00f8devarer"}]},{"@type":"WebSite","@id":"https:\/\/cisternsolutions.eu\/da\/#website","url":"https:\/\/cisternsolutions.eu\/da\/","name":"Cistern Solutions Sweden","description":"Cistern Solutions Sweden","publisher":{"@id":"https:\/\/cisternsolutions.eu\/da\/#organization"},"potentialAction":[{"@type":"SearchAction","target":{"@type":"EntryPoint","urlTemplate":"https:\/\/cisternsolutions.eu\/da\/?s={search_term_string}"},"query-input":{"@type":"PropertyValueSpecification","valueRequired":true,"valueName":"search_term_string"}}],"inLanguage":"da-DK"},{"@type":"Organization","@id":"https:\/\/cisternsolutions.eu\/da\/#organization","name":"| Cistern Solutions Sweden AB","url":"https:\/\/cisternsolutions.eu\/da\/","logo":{"@type":"ImageObject","inLanguage":"da-DK","@id":"https:\/\/cisternsolutions.eu\/da\/#\/schema\/logo\/image\/","url":"https:\/\/cisternsolutions.eu\/wp-content\/uploads\/2023\/11\/CisternSolutions_orginal-logo.png","contentUrl":"https:\/\/cisternsolutions.eu\/wp-content\/uploads\/2023\/11\/CisternSolutions_orginal-logo.png","width":1045,"height":293,"caption":"| Cistern Solutions Sweden AB"},"image":{"@id":"https:\/\/cisternsolutions.eu\/da\/#\/schema\/logo\/image\/"}}]}},"_links":{"self":[{"href":"https:\/\/cisternsolutions.eu\/da\/wp-json\/wp\/v2\/pages\/7165","targetHints":{"allow":["GET"]}}],"collection":[{"href":"https:\/\/cisternsolutions.eu\/da\/wp-json\/wp\/v2\/pages"}],"about":[{"href":"https:\/\/cisternsolutions.eu\/da\/wp-json\/wp\/v2\/types\/page"}],"author":[{"embeddable":true,"href":"https:\/\/cisternsolutions.eu\/da\/wp-json\/wp\/v2\/users\/4"}],"replies":[{"embeddable":true,"href":"https:\/\/cisternsolutions.eu\/da\/wp-json\/wp\/v2\/comments?post=7165"}],"version-history":[{"count":1,"href":"https:\/\/cisternsolutions.eu\/da\/wp-json\/wp\/v2\/pages\/7165\/revisions"}],"predecessor-version":[{"id":7199,"href":"https:\/\/cisternsolutions.eu\/da\/wp-json\/wp\/v2\/pages\/7165\/revisions\/7199"}],"wp:featuredmedia":[{"embeddable":true,"href":"https:\/\/cisternsolutions.eu\/da\/wp-json\/wp\/v2\/media\/6923"}],"wp:attachment":[{"href":"https:\/\/cisternsolutions.eu\/da\/wp-json\/wp\/v2\/media?parent=7165"}],"curies":[{"name":"wp","href":"https:\/\/api.w.org\/{rel}","templated":true}]}}