{"id":6498,"date":"2024-06-18T10:11:10","date_gmt":"2024-06-18T08:11:10","guid":{"rendered":"https:\/\/cisternsolutions.eu\/testlaboratorium\/"},"modified":"2024-06-18T10:11:10","modified_gmt":"2024-06-18T08:11:10","slug":"testlaboratorium","status":"publish","type":"page","link":"https:\/\/cisternsolutions.eu\/da\/testlaboratorium\/","title":{"rendered":"Testlaboratorium"},"content":{"rendered":"","protected":false},"excerpt":{"rendered":"","protected":false},"author":4,"featured_media":0,"parent":0,"menu_order":0,"comment_status":"closed","ping_status":"closed","template":"","meta":{"footnotes":""},"class_list":["post-6498","page","type-page","status-publish"],"yoast_head":"<!-- This site is optimized with the Yoast SEO plugin v27.4 - https:\/\/yoast.com\/product\/yoast-seo-wordpress\/ -->\n<title>Vi tester produkter i vores eget laboratorium | Cistern Solutions Sweden<\/title>\n<meta name=\"description\" content=\"Cistern Solutions Sweden \u00f8nsker at v\u00e6re p\u00e5 forkant med udviklingen. Til det form\u00e5l tester vi nye metoder, designs og teknologier i vores eget laboratorium.\" \/>\n<meta name=\"robots\" content=\"index, follow, max-snippet:-1, max-image-preview:large, max-video-preview:-1\" \/>\n<link rel=\"canonical\" href=\"https:\/\/cisternsolutions.eu\/da\/testlaboratorium\/\" \/>\n<meta property=\"og:locale\" content=\"da_DK\" \/>\n<meta property=\"og:type\" content=\"article\" \/>\n<meta property=\"og:title\" content=\"Vi tester produkter i vores eget laboratorium | Cistern Solutions Sweden\" \/>\n<meta property=\"og:description\" content=\"Cistern Solutions Sweden \u00f8nsker at v\u00e6re p\u00e5 forkant med udviklingen. Til det form\u00e5l tester vi nye metoder, designs og teknologier i vores eget laboratorium.\" \/>\n<meta property=\"og:url\" content=\"https:\/\/cisternsolutions.eu\/da\/testlaboratorium\/\" \/>\n<meta property=\"og:site_name\" content=\"Cistern Solutions Sweden\" \/>\n<meta name=\"twitter:card\" content=\"summary_large_image\" \/>\n<script type=\"application\/ld+json\" class=\"yoast-schema-graph\">{\"@context\":\"https:\\\/\\\/schema.org\",\"@graph\":[{\"@type\":\"WebPage\",\"@id\":\"https:\\\/\\\/cisternsolutions.eu\\\/da\\\/testlaboratorium\\\/\",\"url\":\"https:\\\/\\\/cisternsolutions.eu\\\/da\\\/testlaboratorium\\\/\",\"name\":\"Vi tester produkter i vores eget laboratorium | Cistern Solutions Sweden\",\"isPartOf\":{\"@id\":\"https:\\\/\\\/cisternsolutions.eu\\\/da\\\/#website\"},\"datePublished\":\"2024-06-18T08:11:10+00:00\",\"description\":\"Cistern Solutions Sweden \u00f8nsker at v\u00e6re p\u00e5 forkant med udviklingen. Til det form\u00e5l tester vi nye metoder, designs og teknologier i vores eget laboratorium.\",\"breadcrumb\":{\"@id\":\"https:\\\/\\\/cisternsolutions.eu\\\/da\\\/testlaboratorium\\\/#breadcrumb\"},\"inLanguage\":\"da-DK\",\"potentialAction\":[{\"@type\":\"ReadAction\",\"target\":[\"https:\\\/\\\/cisternsolutions.eu\\\/da\\\/testlaboratorium\\\/\"]}]},{\"@type\":\"BreadcrumbList\",\"@id\":\"https:\\\/\\\/cisternsolutions.eu\\\/da\\\/testlaboratorium\\\/#breadcrumb\",\"itemListElement\":[{\"@type\":\"ListItem\",\"position\":1,\"name\":\"Hem\",\"item\":\"https:\\\/\\\/cisternsolutions.eu\\\/da\\\/startside\\\/\"},{\"@type\":\"ListItem\",\"position\":2,\"name\":\"Testlaboratorium\"}]},{\"@type\":\"WebSite\",\"@id\":\"https:\\\/\\\/cisternsolutions.eu\\\/da\\\/#website\",\"url\":\"https:\\\/\\\/cisternsolutions.eu\\\/da\\\/\",\"name\":\"Cistern Solutions Sweden\",\"description\":\"Cistern Solutions Sweden\",\"publisher\":{\"@id\":\"https:\\\/\\\/cisternsolutions.eu\\\/da\\\/#organization\"},\"potentialAction\":[{\"@type\":\"SearchAction\",\"target\":{\"@type\":\"EntryPoint\",\"urlTemplate\":\"https:\\\/\\\/cisternsolutions.eu\\\/da\\\/?s={search_term_string}\"},\"query-input\":{\"@type\":\"PropertyValueSpecification\",\"valueRequired\":true,\"valueName\":\"search_term_string\"}}],\"inLanguage\":\"da-DK\"},{\"@type\":\"Organization\",\"@id\":\"https:\\\/\\\/cisternsolutions.eu\\\/da\\\/#organization\",\"name\":\"| Cistern Solutions Sweden AB\",\"url\":\"https:\\\/\\\/cisternsolutions.eu\\\/da\\\/\",\"logo\":{\"@type\":\"ImageObject\",\"inLanguage\":\"da-DK\",\"@id\":\"https:\\\/\\\/cisternsolutions.eu\\\/da\\\/#\\\/schema\\\/logo\\\/image\\\/\",\"url\":\"https:\\\/\\\/cisternsolutions.eu\\\/wp-content\\\/uploads\\\/2023\\\/11\\\/CisternSolutions_orginal-logo.png\",\"contentUrl\":\"https:\\\/\\\/cisternsolutions.eu\\\/wp-content\\\/uploads\\\/2023\\\/11\\\/CisternSolutions_orginal-logo.png\",\"width\":1045,\"height\":293,\"caption\":\"| Cistern Solutions Sweden AB\"},\"image\":{\"@id\":\"https:\\\/\\\/cisternsolutions.eu\\\/da\\\/#\\\/schema\\\/logo\\\/image\\\/\"}}]}<\/script>\n<!-- \/ Yoast SEO plugin. -->","yoast_head_json":{"title":"Vi tester produkter i vores eget laboratorium | Cistern Solutions Sweden","description":"Cistern Solutions Sweden \u00f8nsker at v\u00e6re p\u00e5 forkant med udviklingen. Til det form\u00e5l tester vi nye metoder, designs og teknologier i vores eget laboratorium.","robots":{"index":"index","follow":"follow","max-snippet":"max-snippet:-1","max-image-preview":"max-image-preview:large","max-video-preview":"max-video-preview:-1"},"canonical":"https:\/\/cisternsolutions.eu\/da\/testlaboratorium\/","og_locale":"da_DK","og_type":"article","og_title":"Vi tester produkter i vores eget laboratorium | Cistern Solutions Sweden","og_description":"Cistern Solutions Sweden \u00f8nsker at v\u00e6re p\u00e5 forkant med udviklingen. Til det form\u00e5l tester vi nye metoder, designs og teknologier i vores eget laboratorium.","og_url":"https:\/\/cisternsolutions.eu\/da\/testlaboratorium\/","og_site_name":"Cistern Solutions Sweden","twitter_card":"summary_large_image","schema":{"@context":"https:\/\/schema.org","@graph":[{"@type":"WebPage","@id":"https:\/\/cisternsolutions.eu\/da\/testlaboratorium\/","url":"https:\/\/cisternsolutions.eu\/da\/testlaboratorium\/","name":"Vi tester produkter i vores eget laboratorium | Cistern Solutions Sweden","isPartOf":{"@id":"https:\/\/cisternsolutions.eu\/da\/#website"},"datePublished":"2024-06-18T08:11:10+00:00","description":"Cistern Solutions Sweden \u00f8nsker at v\u00e6re p\u00e5 forkant med udviklingen. Til det form\u00e5l tester vi nye metoder, designs og teknologier i vores eget laboratorium.","breadcrumb":{"@id":"https:\/\/cisternsolutions.eu\/da\/testlaboratorium\/#breadcrumb"},"inLanguage":"da-DK","potentialAction":[{"@type":"ReadAction","target":["https:\/\/cisternsolutions.eu\/da\/testlaboratorium\/"]}]},{"@type":"BreadcrumbList","@id":"https:\/\/cisternsolutions.eu\/da\/testlaboratorium\/#breadcrumb","itemListElement":[{"@type":"ListItem","position":1,"name":"Hem","item":"https:\/\/cisternsolutions.eu\/da\/startside\/"},{"@type":"ListItem","position":2,"name":"Testlaboratorium"}]},{"@type":"WebSite","@id":"https:\/\/cisternsolutions.eu\/da\/#website","url":"https:\/\/cisternsolutions.eu\/da\/","name":"Cistern Solutions Sweden","description":"Cistern Solutions Sweden","publisher":{"@id":"https:\/\/cisternsolutions.eu\/da\/#organization"},"potentialAction":[{"@type":"SearchAction","target":{"@type":"EntryPoint","urlTemplate":"https:\/\/cisternsolutions.eu\/da\/?s={search_term_string}"},"query-input":{"@type":"PropertyValueSpecification","valueRequired":true,"valueName":"search_term_string"}}],"inLanguage":"da-DK"},{"@type":"Organization","@id":"https:\/\/cisternsolutions.eu\/da\/#organization","name":"| Cistern Solutions Sweden AB","url":"https:\/\/cisternsolutions.eu\/da\/","logo":{"@type":"ImageObject","inLanguage":"da-DK","@id":"https:\/\/cisternsolutions.eu\/da\/#\/schema\/logo\/image\/","url":"https:\/\/cisternsolutions.eu\/wp-content\/uploads\/2023\/11\/CisternSolutions_orginal-logo.png","contentUrl":"https:\/\/cisternsolutions.eu\/wp-content\/uploads\/2023\/11\/CisternSolutions_orginal-logo.png","width":1045,"height":293,"caption":"| Cistern Solutions Sweden AB"},"image":{"@id":"https:\/\/cisternsolutions.eu\/da\/#\/schema\/logo\/image\/"}}]}},"_links":{"self":[{"href":"https:\/\/cisternsolutions.eu\/da\/wp-json\/wp\/v2\/pages\/6498","targetHints":{"allow":["GET"]}}],"collection":[{"href":"https:\/\/cisternsolutions.eu\/da\/wp-json\/wp\/v2\/pages"}],"about":[{"href":"https:\/\/cisternsolutions.eu\/da\/wp-json\/wp\/v2\/types\/page"}],"author":[{"embeddable":true,"href":"https:\/\/cisternsolutions.eu\/da\/wp-json\/wp\/v2\/users\/4"}],"replies":[{"embeddable":true,"href":"https:\/\/cisternsolutions.eu\/da\/wp-json\/wp\/v2\/comments?post=6498"}],"version-history":[{"count":0,"href":"https:\/\/cisternsolutions.eu\/da\/wp-json\/wp\/v2\/pages\/6498\/revisions"}],"wp:attachment":[{"href":"https:\/\/cisternsolutions.eu\/da\/wp-json\/wp\/v2\/media?parent=6498"}],"curies":[{"name":"wp","href":"https:\/\/api.w.org\/{rel}","templated":true}]}}