{"id":5535,"date":"2014-09-07T09:47:49","date_gmt":"2014-09-07T07:47:49","guid":{"rendered":"https:\/\/cisternsolutions.eu\/referencer\/"},"modified":"2025-12-12T15:59:40","modified_gmt":"2025-12-12T14:59:40","slug":"referencer","status":"publish","type":"page","link":"https:\/\/cisternsolutions.eu\/da\/referencer\/","title":{"rendered":"Referencer"},"content":{"rendered":"\n\n\t\t<h1>\n\t\t\tEr du nysgerrig p\u00e5 vores referencejobs?\n\t\t<\/h1>\n\t\t\t<p>Her kan du finde flere oplysninger om de forskellige typer opgaver, vi har udf\u00f8rt i forskellige omr\u00e5der.  <\/p>\t\t\n\n","protected":false},"excerpt":{"rendered":"<p>Er du nysgerrig p\u00e5 vores referencejobs? Her kan du finde flere oplysninger om de forskellige typer opgaver, vi har udf\u00f8rt i forskellige omr\u00e5der.<\/p>\n","protected":false},"author":4,"featured_media":0,"parent":0,"menu_order":4,"comment_status":"closed","ping_status":"closed","template":"","meta":{"footnotes":""},"class_list":["post-5535","page","type-page","status-publish"],"yoast_head":"<!-- This site is optimized with the Yoast SEO plugin v27.5 - https:\/\/yoast.com\/product\/yoast-seo-wordpress\/ -->\n<title>Referencer renovering af tank og cisterne | Cistern Soultions Sverige<\/title>\n<meta name=\"description\" content=\"Er du nysgerrig efter referencer for Cistern Solutions Sweden? Har vi udf\u00f8rt et job, der ligner dit projekt? L\u00e6s mere her ...\" \/>\n<meta name=\"robots\" content=\"index, follow, max-snippet:-1, max-image-preview:large, max-video-preview:-1\" \/>\n<link rel=\"canonical\" href=\"https:\/\/cisternsolutions.eu\/da\/referencer\/\" \/>\n<meta property=\"og:locale\" content=\"da_DK\" \/>\n<meta property=\"og:type\" content=\"article\" \/>\n<meta property=\"og:title\" content=\"Referencer renovering af tank og cisterne | Cistern Soultions Sverige\" \/>\n<meta property=\"og:description\" content=\"Er du nysgerrig efter referencer for Cistern Solutions Sweden? Har vi udf\u00f8rt et job, der ligner dit projekt? L\u00e6s mere her ...\" \/>\n<meta property=\"og:url\" content=\"https:\/\/cisternsolutions.eu\/da\/referencer\/\" \/>\n<meta property=\"og:site_name\" content=\"Cistern Solutions Sweden\" \/>\n<meta property=\"article:modified_time\" content=\"2025-12-12T14:59:40+00:00\" \/>\n<meta name=\"twitter:card\" content=\"summary_large_image\" \/>\n<script type=\"application\/ld+json\" class=\"yoast-schema-graph\">{\"@context\":\"https:\\\/\\\/schema.org\",\"@graph\":[{\"@type\":\"WebPage\",\"@id\":\"https:\\\/\\\/cisternsolutions.eu\\\/da\\\/referencer\\\/\",\"url\":\"https:\\\/\\\/cisternsolutions.eu\\\/da\\\/referencer\\\/\",\"name\":\"Referencer renovering af tank og cisterne | Cistern Soultions Sverige\",\"isPartOf\":{\"@id\":\"https:\\\/\\\/cisternsolutions.eu\\\/da\\\/#website\"},\"datePublished\":\"2014-09-07T07:47:49+00:00\",\"dateModified\":\"2025-12-12T14:59:40+00:00\",\"description\":\"Er du nysgerrig efter referencer for Cistern Solutions Sweden? Har vi udf\u00f8rt et job, der ligner dit projekt? L\u00e6s mere her ...\",\"breadcrumb\":{\"@id\":\"https:\\\/\\\/cisternsolutions.eu\\\/da\\\/referencer\\\/#breadcrumb\"},\"inLanguage\":\"da-DK\",\"potentialAction\":[{\"@type\":\"ReadAction\",\"target\":[\"https:\\\/\\\/cisternsolutions.eu\\\/da\\\/referencer\\\/\"]}]},{\"@type\":\"BreadcrumbList\",\"@id\":\"https:\\\/\\\/cisternsolutions.eu\\\/da\\\/referencer\\\/#breadcrumb\",\"itemListElement\":[{\"@type\":\"ListItem\",\"position\":1,\"name\":\"Hem\",\"item\":\"https:\\\/\\\/cisternsolutions.eu\\\/da\\\/startside\\\/\"},{\"@type\":\"ListItem\",\"position\":2,\"name\":\"Referencer\"}]},{\"@type\":\"WebSite\",\"@id\":\"https:\\\/\\\/cisternsolutions.eu\\\/da\\\/#website\",\"url\":\"https:\\\/\\\/cisternsolutions.eu\\\/da\\\/\",\"name\":\"Cistern Solutions Sweden\",\"description\":\"Cistern Solutions Sweden\",\"publisher\":{\"@id\":\"https:\\\/\\\/cisternsolutions.eu\\\/da\\\/#organization\"},\"potentialAction\":[{\"@type\":\"SearchAction\",\"target\":{\"@type\":\"EntryPoint\",\"urlTemplate\":\"https:\\\/\\\/cisternsolutions.eu\\\/da\\\/?s={search_term_string}\"},\"query-input\":{\"@type\":\"PropertyValueSpecification\",\"valueRequired\":true,\"valueName\":\"search_term_string\"}}],\"inLanguage\":\"da-DK\"},{\"@type\":\"Organization\",\"@id\":\"https:\\\/\\\/cisternsolutions.eu\\\/da\\\/#organization\",\"name\":\"| Cistern Solutions Sweden AB\",\"url\":\"https:\\\/\\\/cisternsolutions.eu\\\/da\\\/\",\"logo\":{\"@type\":\"ImageObject\",\"inLanguage\":\"da-DK\",\"@id\":\"https:\\\/\\\/cisternsolutions.eu\\\/da\\\/#\\\/schema\\\/logo\\\/image\\\/\",\"url\":\"https:\\\/\\\/cisternsolutions.eu\\\/wp-content\\\/uploads\\\/2023\\\/11\\\/CisternSolutions_orginal-logo.png\",\"contentUrl\":\"https:\\\/\\\/cisternsolutions.eu\\\/wp-content\\\/uploads\\\/2023\\\/11\\\/CisternSolutions_orginal-logo.png\",\"width\":1045,\"height\":293,\"caption\":\"| Cistern Solutions Sweden AB\"},\"image\":{\"@id\":\"https:\\\/\\\/cisternsolutions.eu\\\/da\\\/#\\\/schema\\\/logo\\\/image\\\/\"}}]}<\/script>\n<!-- \/ Yoast SEO plugin. -->","yoast_head_json":{"title":"Referencer renovering af tank og cisterne | Cistern Soultions Sverige","description":"Er du nysgerrig efter referencer for Cistern Solutions Sweden? Har vi udf\u00f8rt et job, der ligner dit projekt? L\u00e6s mere her ...","robots":{"index":"index","follow":"follow","max-snippet":"max-snippet:-1","max-image-preview":"max-image-preview:large","max-video-preview":"max-video-preview:-1"},"canonical":"https:\/\/cisternsolutions.eu\/da\/referencer\/","og_locale":"da_DK","og_type":"article","og_title":"Referencer renovering af tank og cisterne | Cistern Soultions Sverige","og_description":"Er du nysgerrig efter referencer for Cistern Solutions Sweden? Har vi udf\u00f8rt et job, der ligner dit projekt? L\u00e6s mere her ...","og_url":"https:\/\/cisternsolutions.eu\/da\/referencer\/","og_site_name":"Cistern Solutions Sweden","article_modified_time":"2025-12-12T14:59:40+00:00","twitter_card":"summary_large_image","schema":{"@context":"https:\/\/schema.org","@graph":[{"@type":"WebPage","@id":"https:\/\/cisternsolutions.eu\/da\/referencer\/","url":"https:\/\/cisternsolutions.eu\/da\/referencer\/","name":"Referencer renovering af tank og cisterne | Cistern Soultions Sverige","isPartOf":{"@id":"https:\/\/cisternsolutions.eu\/da\/#website"},"datePublished":"2014-09-07T07:47:49+00:00","dateModified":"2025-12-12T14:59:40+00:00","description":"Er du nysgerrig efter referencer for Cistern Solutions Sweden? Har vi udf\u00f8rt et job, der ligner dit projekt? L\u00e6s mere her ...","breadcrumb":{"@id":"https:\/\/cisternsolutions.eu\/da\/referencer\/#breadcrumb"},"inLanguage":"da-DK","potentialAction":[{"@type":"ReadAction","target":["https:\/\/cisternsolutions.eu\/da\/referencer\/"]}]},{"@type":"BreadcrumbList","@id":"https:\/\/cisternsolutions.eu\/da\/referencer\/#breadcrumb","itemListElement":[{"@type":"ListItem","position":1,"name":"Hem","item":"https:\/\/cisternsolutions.eu\/da\/startside\/"},{"@type":"ListItem","position":2,"name":"Referencer"}]},{"@type":"WebSite","@id":"https:\/\/cisternsolutions.eu\/da\/#website","url":"https:\/\/cisternsolutions.eu\/da\/","name":"Cistern Solutions Sweden","description":"Cistern Solutions Sweden","publisher":{"@id":"https:\/\/cisternsolutions.eu\/da\/#organization"},"potentialAction":[{"@type":"SearchAction","target":{"@type":"EntryPoint","urlTemplate":"https:\/\/cisternsolutions.eu\/da\/?s={search_term_string}"},"query-input":{"@type":"PropertyValueSpecification","valueRequired":true,"valueName":"search_term_string"}}],"inLanguage":"da-DK"},{"@type":"Organization","@id":"https:\/\/cisternsolutions.eu\/da\/#organization","name":"| Cistern Solutions Sweden AB","url":"https:\/\/cisternsolutions.eu\/da\/","logo":{"@type":"ImageObject","inLanguage":"da-DK","@id":"https:\/\/cisternsolutions.eu\/da\/#\/schema\/logo\/image\/","url":"https:\/\/cisternsolutions.eu\/wp-content\/uploads\/2023\/11\/CisternSolutions_orginal-logo.png","contentUrl":"https:\/\/cisternsolutions.eu\/wp-content\/uploads\/2023\/11\/CisternSolutions_orginal-logo.png","width":1045,"height":293,"caption":"| Cistern Solutions Sweden AB"},"image":{"@id":"https:\/\/cisternsolutions.eu\/da\/#\/schema\/logo\/image\/"}}]}},"_links":{"self":[{"href":"https:\/\/cisternsolutions.eu\/da\/wp-json\/wp\/v2\/pages\/5535","targetHints":{"allow":["GET"]}}],"collection":[{"href":"https:\/\/cisternsolutions.eu\/da\/wp-json\/wp\/v2\/pages"}],"about":[{"href":"https:\/\/cisternsolutions.eu\/da\/wp-json\/wp\/v2\/types\/page"}],"author":[{"embeddable":true,"href":"https:\/\/cisternsolutions.eu\/da\/wp-json\/wp\/v2\/users\/4"}],"replies":[{"embeddable":true,"href":"https:\/\/cisternsolutions.eu\/da\/wp-json\/wp\/v2\/comments?post=5535"}],"version-history":[{"count":3,"href":"https:\/\/cisternsolutions.eu\/da\/wp-json\/wp\/v2\/pages\/5535\/revisions"}],"predecessor-version":[{"id":8121,"href":"https:\/\/cisternsolutions.eu\/da\/wp-json\/wp\/v2\/pages\/5535\/revisions\/8121"}],"wp:attachment":[{"href":"https:\/\/cisternsolutions.eu\/da\/wp-json\/wp\/v2\/media?parent=5535"}],"curies":[{"name":"wp","href":"https:\/\/api.w.org\/{rel}","templated":true}]}}