{"id":5515,"date":"2024-03-05T14:36:38","date_gmt":"2024-03-05T13:36:38","guid":{"rendered":"https:\/\/cisternsolutions.eu\/sprinklerbeholdere\/"},"modified":"2025-11-25T11:35:46","modified_gmt":"2025-11-25T10:35:46","slug":"sprinklerbeholdere","status":"publish","type":"page","link":"https:\/\/cisternsolutions.eu\/da\/sprinklerbeholdere\/","title":{"rendered":"Sprinklerbeholdere"},"content":{"rendered":"\r\n<h1>Sprinklerbeholdere<\/h1>\r\n<p>&#8211; en vigtig del af brandbeskyttelsen<\/p>\r\n<h2>Hold sprinklertanken i god stand<\/h2>\r\n<p>Sprinklertanke findes overalt &#8211; i industriomr\u00e5der, stormagasiner, varehuse og andre bygninger, hvor god brandbeskyttelse er p\u00e5kr\u00e6vet. De f\u00e5s i en bred vifte af designs med hensyn til v\u00e6gmaterialer, isolering eller facadebekl\u00e6dning. Sprinklertanke f\u00e5s i plast og st\u00e5lplade, og de kan v\u00e6re runde eller firkantede. Nogle er isolerede og placeret udend\u00f8rs over jorden, andre er uisolerede og placeret indend\u00f8rs. I indk\u00f8bscentre er det ikke ualmindeligt, at sprinklertanken er gravet ned under bygningen.<\/p>\r\n<p>F\u00e6lles for dem er, at de skal opfylde kravene i ISO 6182-1:2021. Den dag, det virkelig g\u00e6lder, skal en sprinklertank kunne levere varen. Er du sikker p\u00e5, at din sprinklertank leverer?<\/p>\r\n<p><em>*) Bem\u00e6rk venligst, at alle henvisninger til regler, love og myndigheder p\u00e5 hjemmesiden g\u00e6lder for Sverige og svenske forhold. <\/em><\/p>\r\n<h3>Kontakt mig!<\/h3>\r\n<form id=\"fluentform_11\" method=\"POST\" data-form_id=\"11\" data-form_instance=\"ff_form_instance_11_1\" data-recptcha_key=\"6LclVsMpAAAAALbQlfjI40nUI01kkMo-WKOg0nvc\"><fieldset><legend>Hurtig kontakt &#8211; DK<\/legend><input name=\"__fluent_form_embded_post_id\" type=\"hidden\" value=\"5515\" \/><input id=\"_fluentform_11_fluentformnonce\" name=\"_fluentform_11_fluentformnonce\" type=\"hidden\" value=\"08da1cd4b5\" \/><input name=\"_wp_http_referer\" type=\"hidden\" value=\"\/da\/?page_id=5515&amp;fl_builder\" \/><input id=\"ff_11_names_first_name_\" name=\"names[first_name]\" type=\"text\" placeholder=\"For-og efternavn\" aria-invalid=\"false\" aria-required=\"true\/\" \/><input id=\"ff_11_email\" name=\"email\" type=\"email\" placeholder=\"Min e-mailadresse\" data-name=\"email\" aria-invalid=\"false\" aria-required=\"true\/\" \/><textarea id=\"ff_11_message\" cols=\"2\" name=\"message\" rows=\"1\" placeholder=\"Kontakt mig ang\u00e5ende...\" aria-invalid=\"false\" aria-required=\"true\" data-name=\"message\"><\/textarea><label class=\"ff-el-form-check-label ff_tc_label\" for=\"gdpr-agreement_b0a1bf6768233c98996c918b9e8e4070\" aria-label=\"terms &amp; conditions\"><input id=\"gdpr-agreement_b0a1bf6768233c98996c918b9e8e4070\" name=\"gdpr-agreement\" type=\"checkbox\" value=\"on\" data-name=\"gdpr-agreement\" aria-invalid=\"false\" aria-required=\"true\/\" \/> Jeg giver samtykke til, at denne hjemmeside gemmer mine indsendte oplysninger, s\u00e5 de kan svare p\u00e5 min anmodning. Oplysningerne opbevares i 1 \u00e5r.<\/label><button type=\"submit\">Sende<\/button><\/fieldset><\/form>\r\n<h3>Almindelige problemer:<\/h3>\r\n<ul>\r\n<li>Korrosion<\/li>\r\n<li>Sediment p\u00e5 bunden<\/li>\r\n<li>L\u00e6kage<\/li>\r\n<\/ul>\r\n<h2>Almindelige problemer med sprinklertanke<\/h2>\r\n<p><img decoding=\"async\" title=\"korrosion_i_tank_02\" src=\"https:\/\/cisternsolutions.eu\/wp-content\/uploads\/2024\/02\/korrosion_i_tank_02.jpg\" sizes=\"(max-width: 700px) 100vw, 700px\" srcset=\"https:\/\/cisternsolutions.eu\/wp-content\/uploads\/2024\/02\/korrosion_i_tank_02.jpg 700w, https:\/\/cisternsolutions.eu\/wp-content\/uploads\/2024\/02\/korrosion_i_tank_02-300x171.jpg 300w\" alt=\"korrosion_i_tank_02\" width=\"700\" height=\"400\" \/><\/p>\r\n<p>En sprinklertank er en n\u00f8dvendig komponent i ethvert brandsikringssystem. Det er indlysende. Alligevel er det let at overse inspektion og vedligeholdelse af sprinklertanke. Loven kr\u00e6ver kun, at tanke skal inspiceres hvert 10. \u00e5r. Det er et meget langt interval, hvis sprinklertanken er angrebet af rust.<\/p>\r\n<p>Et almindeligt problem er korrosion. Korrosion kan for\u00e5rsage strukturelle skader p\u00e5 tanken, hvilket g\u00f8r den ustabil og endda farlig.<\/p>\r\n<p>Hvis rusten f\u00e5r lov at brede sig, kan tanken spr\u00e6nges og blive ut\u00e6t. Hvis tanken er udenfor, kan vandl\u00e6kagen ikke for\u00e5rsage stor skade. Men er der nok vand tilbage til at slukke en brand?<\/p>\r\n<p>En ut\u00e6t indend\u00f8rs sprinklertank kan for\u00e5rsage dyre vandskader. I v\u00e6rste fald kan det v\u00e6re umuligt at bruge lokalerne i et stykke tid, hvilket ogs\u00e5 kan v\u00e6re dyrt.<\/p>\r\n<p>Et andet problem er sediment og snavs, der samler sig i bunden af tanken. Hvis alarmen g\u00e5r i gang, og sprinklersystemet aktiveres, er der stor risiko for, at sedimentet suges ind og blokerer for vandtilf\u00f8rslen.<\/p>\r\n<h2>Hvad for\u00e5rsager problemer i sprinklertanke?<\/h2>\r\n<p><img decoding=\"async\" title=\"galvanisk-korrosion_01\" src=\"https:\/\/cisternsolutions.eu\/wp-content\/uploads\/2024\/03\/galvanisk-korrosion_01.jpg\" sizes=\"(max-width: 700px) 100vw, 700px\" srcset=\"https:\/\/cisternsolutions.eu\/wp-content\/uploads\/2024\/03\/galvanisk-korrosion_01.jpg 700w, https:\/\/cisternsolutions.eu\/wp-content\/uploads\/2024\/03\/galvanisk-korrosion_01-300x171.jpg 300w\" alt=\"galvanisk-korrosion_01\" width=\"700\" height=\"400\" \/><\/p>\r\n<p>B\u00e5de tankens design og vandet i den kan bidrage til korrosion og aflejringer.<\/p>\r\n<p>For eksempel kan r\u00f8r af rustfrit st\u00e5l i en sprinklertank af st\u00e5lplade for\u00e5rsage galvanisk korrosion. Surt regnvand kan s\u00e6nke vandets pH-v\u00e6rdi og \u00f8ge risikoen for korrosion.<\/p>\r\n<p>Vand med h\u00f8jt iltindhold kan ogs\u00e5 fremskynde korrosion. Hvis vandet i tanken kommer fra en s\u00f8 eller det kommunale vandnet, har det et relativt h\u00f8jt iltindhold. Desuden \u00f8ger tilstedev\u00e6relsen af mikroorganismer i vandet risikoen for mikrobiel v\u00e6kst. Bakterier og alger er kendt for at trives i fugtige og m\u00f8rke omgivelser.<\/p>\r\n<h2>Vi kan renovere din sprinklertank<\/h2>\r\n<p>For at undg\u00e5 korrosion og l\u00e6kage er det vigtigt med regelm\u00e6ssige og hyppige inspektioner. En undervandsdrone giver os et godt overblik over tankens tilstand, uden at vi beh\u00f8ver at t\u00f8mme den.<\/p>\r\n<p>Hvis sprinklertanken er beskadiget, kan vi give den et nyt liv ved hj\u00e6lp af forst\u00e6rket epoxy. Bel\u00e6gningen beskytter st\u00e5lpladen mod vand. Epoxybel\u00e6gningen styrker ogs\u00e5 strukturen. Dybest set f\u00e5r du en ny tank inden i den gamle, som vil holde i meget lang tid.<\/p>\r\n<p>Hos Cistern Solutions Sweden kan vi ogs\u00e5 reparere andre skader p\u00e5 eller omkring sprinklertanken.<\/p>\r\n<p><strong>S\u00f8rg for sikker brandbeskyttelse ved at holde sprinklertanken i god stand. Kontakt os venligst for en inspektion og forslag til handling.<\/strong><\/p>\r\n<h3>Jeg vil gerne vide mere om renovering af sprinklertanke<\/h3>\r\n<form id=\"fluentform_10\" method=\"POST\" data-form_id=\"10\" data-form_instance=\"ff_form_instance_10_2\" data-recptcha_key=\"6LclVsMpAAAAALbQlfjI40nUI01kkMo-WKOg0nvc\"><fieldset><legend>Kontaktformul\u00e4r &#8211; DK<\/legend><input name=\"__fluent_form_embded_post_id\" type=\"hidden\" value=\"5515\" \/><input id=\"_fluentform_10_fluentformnonce\" name=\"_fluentform_10_fluentformnonce\" type=\"hidden\" value=\"08da1cd4b5\" \/><input name=\"_wp_http_referer\" type=\"hidden\" value=\"\/da\/?page_id=5515&amp;fl_builder\" \/><label for=\"ff_10_2_names_first_name_\" aria-label=\"Mit navn er\">Mit navn er<\/label><input id=\"ff_10_2_names_first_name_\" name=\"names[first_name]\" type=\"text\" placeholder=\"For-og efternavn\" aria-invalid=\"false\" aria-required=\"true\/\" \/><label for=\"ff_10_2_input_text\" aria-label=\"Forretning\">Forretning<\/label><input id=\"ff_10_2_input_text\" name=\"input_text\" type=\"text\" placeholder=\"Jeg arbejder ...\" data-name=\"input_text\" aria-invalid=\"false\" aria-required=\"true\/\" \/><label for=\"ff_10_2_email\" aria-label=\"Email adresse\">Email adresse<\/label><input id=\"ff_10_2_email\" name=\"email\" type=\"email\" placeholder=\"Send mig en mail p\u00e5...\" data-name=\"email\" aria-invalid=\"false\" aria-required=\"true\/\" \/><label for=\"ff_10_2_phone\" aria-label=\"Telefonnummer\">Telefonnummer<\/label><input id=\"ff_10_2_phone\" name=\"phone\" type=\"tel\" placeholder=\"Mit nummer ...\" data-name=\"phone\" aria-invalid=\"false\" aria-required=\"true\/\" \/><label for=\"ff_10_2_subject\" aria-label=\"Emne\">Emne<\/label><input id=\"ff_10_2_subject\" name=\"subject\" type=\"text\" placeholder=\"Jeg er interesseret i ....\" data-name=\"subject\" aria-invalid=\"false\" aria-required=\"true\/\" \/><label aria-label=\"Type af tank\">Type af tank<\/label><label class=\"ff-el-form-check-label\" for=\"checkbox_1_268e173bd550bc6f8e4f348b2a40efec\"><input id=\"checkbox_1_268e173bd550bc6f8e4f348b2a40efec\" name=\"checkbox_1[]\" type=\"checkbox\" value=\"Sprinklertank\" data-name=\"checkbox_1\" aria-label=\"Sprinklertank\" aria-invalid=\"false\" aria-required=\"false\/\" \/> Sprinklertank<\/label><label class=\"ff-el-form-check-label\" for=\"checkbox_1_9a03a6596805375de01782b03f3f3d58\"><input id=\"checkbox_1_9a03a6596805375de01782b03f3f3d58\" name=\"checkbox_1[]\" type=\"checkbox\" value=\"Procestank\" data-name=\"checkbox_1\" aria-label=\"Procestank\" aria-invalid=\"false\" aria-required=\"false\/\" \/> Procestank<\/label><label class=\"ff-el-form-check-label\" for=\"checkbox_1_9d864acadd939befc4b2ceb3b206f8ed\"><input id=\"checkbox_1_9d864acadd939befc4b2ceb3b206f8ed\" name=\"checkbox_1[]\" type=\"checkbox\" value=\"Anden tank\" data-name=\"checkbox_1\" aria-label=\"Anden tank\" aria-invalid=\"false\" aria-required=\"false\/\" \/> Anden tank<\/label><label aria-label=\"Service\">Service<\/label><label class=\"ff-el-form-check-label\" for=\"checkbox_4a0cc8e89d42c80498389da5b536508b\"><input id=\"checkbox_4a0cc8e89d42c80498389da5b536508b\" name=\"checkbox[]\" type=\"checkbox\" value=\"Inspektion\" data-name=\"checkbox\" aria-label=\"Inspektion\" aria-invalid=\"false\" aria-required=\"false\/\" \/> Inspektion<\/label><label class=\"ff-el-form-check-label\" for=\"checkbox_32fe11e0180846d70efc4b856adfe770\"><input id=\"checkbox_32fe11e0180846d70efc4b856adfe770\" name=\"checkbox[]\" type=\"checkbox\" value=\"Renovation\" data-name=\"checkbox\" aria-label=\"Renovation\" aria-invalid=\"false\" aria-required=\"false\/\" \/> Renovation<\/label><label class=\"ff-el-form-check-label\" for=\"checkbox_41f21ac391f6a92a2d6e9059af164566\"><input id=\"checkbox_41f21ac391f6a92a2d6e9059af164566\" name=\"checkbox[]\" type=\"checkbox\" value=\"Andet\" data-name=\"checkbox\" aria-label=\"Andet\" aria-invalid=\"false\" aria-required=\"false\/\" \/> Andet<\/label><label for=\"ff_10_2_multi_select_1\" aria-label=\"Antal tanke\">Antal tanke<\/label><select id=\"ff_10_2_multi_select_1\" multiple=\"multiple\" name=\"multi_select_1[]\" data-name=\"multi_select_1\" data-calc_value=\"0\" aria-invalid=\"false\" aria-required=\"false\">\r\n<option value=\"\">Antal tanke<\/option>\r\n<option value=\"0\">0<\/option>\r\n<option value=\"1\">1<\/option>\r\n<option value=\"2\">2<\/option>\r\n<option value=\"3\">3<\/option>\r\n<option value=\"4\">4<\/option>\r\n<option value=\"5\">5<\/option>\r\n<option value=\"6\">6<\/option>\r\n<option value=\"7\">7<\/option>\r\n<option value=\"8\">8<\/option>\r\n<option value=\"9\">9<\/option>\r\n<option value=\"10 eller fler\">10 eller fler<\/option>\r\n<\/select><label for=\"ff_10_2_message\" aria-label=\"Besked\">Besked<\/label><textarea id=\"ff_10_2_message\" cols=\"2\" name=\"message\" rows=\"4\" placeholder=\"Yderligere sp\u00f8rgsm\u00e5l eller kommentarer....\" aria-invalid=\"false\" aria-required=\"true\" data-name=\"message\"><\/textarea><label class=\"ff-el-form-check-label ff_tc_label\" for=\"gdpr-agreement_de870ec65fa06c11e2aa11a8e3a27851\" aria-label=\"terms &amp; conditions\"><input id=\"gdpr-agreement_de870ec65fa06c11e2aa11a8e3a27851\" name=\"gdpr-agreement\" type=\"checkbox\" value=\"on\" data-name=\"gdpr-agreement\" aria-invalid=\"false\" aria-required=\"true\/\" \/> Jeg giver samtykke til, at denne hjemmeside gemmer mine indsendte oplysninger, s\u00e5 de kan svare p\u00e5 min anmodning. Oplysningerne opbevares i 1 \u00e5r.<\/label><button type=\"submit\">Sende<\/button><\/fieldset><\/form>","protected":false},"excerpt":{"rendered":"<p>Sprinklertanke skal fungere, hvis der opst\u00e5r brand. Inspic\u00e9r ofte for at sikre brandbeskyttelse. <\/p>\n","protected":false},"author":4,"featured_media":5518,"parent":0,"menu_order":0,"comment_status":"closed","ping_status":"closed","template":"","meta":{"footnotes":""},"class_list":["post-5515","page","type-page","status-publish","has-post-thumbnail"],"yoast_head":"<!-- This site is optimized with the Yoast SEO plugin v27.5 - https:\/\/yoast.com\/product\/yoast-seo-wordpress\/ -->\n<title>Sprinklertanke, centrale for brandsikring | Cistern Solutions Sweden<\/title>\n<meta name=\"description\" content=\"Sprinklertanke er afg\u00f8rende for sikker brandbeskyttelse. Hold sprinklertanken i god stand ved at inspicere den ofte! S\u00e5dan hj\u00e6lper vi dig ...\" \/>\n<meta name=\"robots\" content=\"index, follow, max-snippet:-1, max-image-preview:large, max-video-preview:-1\" \/>\n<link rel=\"canonical\" href=\"https:\/\/cisternsolutions.eu\/da\/sprinklerbeholdere\/\" \/>\n<meta property=\"og:locale\" content=\"da_DK\" \/>\n<meta property=\"og:type\" content=\"article\" \/>\n<meta property=\"og:title\" content=\"Sprinklertanke, centrale for brandsikring | Cistern Solutions Sweden\" \/>\n<meta property=\"og:description\" content=\"Sprinklertanke er afg\u00f8rende for sikker brandbeskyttelse. Hold sprinklertanken i god stand ved at inspicere den ofte! S\u00e5dan hj\u00e6lper vi dig ...\" \/>\n<meta property=\"og:url\" content=\"https:\/\/cisternsolutions.eu\/da\/sprinklerbeholdere\/\" \/>\n<meta property=\"og:site_name\" content=\"Cistern Solutions Sweden\" \/>\n<meta property=\"article:modified_time\" content=\"2025-11-25T10:35:46+00:00\" \/>\n<meta property=\"og:image\" content=\"https:\/\/cisternsolutions.eu\/wp-content\/uploads\/2024\/03\/sprinklertankar.jpg\" \/>\n\t<meta property=\"og:image:width\" content=\"1920\" \/>\n\t<meta property=\"og:image:height\" content=\"526\" \/>\n\t<meta property=\"og:image:type\" content=\"image\/jpeg\" \/>\n<meta name=\"twitter:card\" content=\"summary_large_image\" \/>\n<meta name=\"twitter:label1\" content=\"Estimeret l\u00e6setid\" \/>\n\t<meta name=\"twitter:data1\" content=\"4 minutter\" \/>\n<script type=\"application\/ld+json\" class=\"yoast-schema-graph\">{\"@context\":\"https:\\\/\\\/schema.org\",\"@graph\":[{\"@type\":\"WebPage\",\"@id\":\"https:\\\/\\\/cisternsolutions.eu\\\/da\\\/sprinklerbeholdere\\\/\",\"url\":\"https:\\\/\\\/cisternsolutions.eu\\\/da\\\/sprinklerbeholdere\\\/\",\"name\":\"Sprinklertanke, centrale for brandsikring | Cistern Solutions Sweden\",\"isPartOf\":{\"@id\":\"https:\\\/\\\/cisternsolutions.eu\\\/da\\\/#website\"},\"primaryImageOfPage\":{\"@id\":\"https:\\\/\\\/cisternsolutions.eu\\\/da\\\/sprinklerbeholdere\\\/#primaryimage\"},\"image\":{\"@id\":\"https:\\\/\\\/cisternsolutions.eu\\\/da\\\/sprinklerbeholdere\\\/#primaryimage\"},\"thumbnailUrl\":\"https:\\\/\\\/cisternsolutions.eu\\\/wp-content\\\/uploads\\\/2024\\\/03\\\/sprinklertankar.jpg\",\"datePublished\":\"2024-03-05T13:36:38+00:00\",\"dateModified\":\"2025-11-25T10:35:46+00:00\",\"description\":\"Sprinklertanke er afg\u00f8rende for sikker brandbeskyttelse. Hold sprinklertanken i god stand ved at inspicere den ofte! S\u00e5dan hj\u00e6lper vi dig ...\",\"breadcrumb\":{\"@id\":\"https:\\\/\\\/cisternsolutions.eu\\\/da\\\/sprinklerbeholdere\\\/#breadcrumb\"},\"inLanguage\":\"da-DK\",\"potentialAction\":[{\"@type\":\"ReadAction\",\"target\":[\"https:\\\/\\\/cisternsolutions.eu\\\/da\\\/sprinklerbeholdere\\\/\"]}]},{\"@type\":\"ImageObject\",\"inLanguage\":\"da-DK\",\"@id\":\"https:\\\/\\\/cisternsolutions.eu\\\/da\\\/sprinklerbeholdere\\\/#primaryimage\",\"url\":\"https:\\\/\\\/cisternsolutions.eu\\\/wp-content\\\/uploads\\\/2024\\\/03\\\/sprinklertankar.jpg\",\"contentUrl\":\"https:\\\/\\\/cisternsolutions.eu\\\/wp-content\\\/uploads\\\/2024\\\/03\\\/sprinklertankar.jpg\",\"width\":1920,\"height\":526},{\"@type\":\"BreadcrumbList\",\"@id\":\"https:\\\/\\\/cisternsolutions.eu\\\/da\\\/sprinklerbeholdere\\\/#breadcrumb\",\"itemListElement\":[{\"@type\":\"ListItem\",\"position\":1,\"name\":\"Hem\",\"item\":\"https:\\\/\\\/cisternsolutions.eu\\\/da\\\/startside\\\/\"},{\"@type\":\"ListItem\",\"position\":2,\"name\":\"Sprinklerbeholdere\"}]},{\"@type\":\"WebSite\",\"@id\":\"https:\\\/\\\/cisternsolutions.eu\\\/da\\\/#website\",\"url\":\"https:\\\/\\\/cisternsolutions.eu\\\/da\\\/\",\"name\":\"Cistern Solutions Sweden\",\"description\":\"Cistern Solutions Sweden\",\"publisher\":{\"@id\":\"https:\\\/\\\/cisternsolutions.eu\\\/da\\\/#organization\"},\"potentialAction\":[{\"@type\":\"SearchAction\",\"target\":{\"@type\":\"EntryPoint\",\"urlTemplate\":\"https:\\\/\\\/cisternsolutions.eu\\\/da\\\/?s={search_term_string}\"},\"query-input\":{\"@type\":\"PropertyValueSpecification\",\"valueRequired\":true,\"valueName\":\"search_term_string\"}}],\"inLanguage\":\"da-DK\"},{\"@type\":\"Organization\",\"@id\":\"https:\\\/\\\/cisternsolutions.eu\\\/da\\\/#organization\",\"name\":\"| Cistern Solutions Sweden AB\",\"url\":\"https:\\\/\\\/cisternsolutions.eu\\\/da\\\/\",\"logo\":{\"@type\":\"ImageObject\",\"inLanguage\":\"da-DK\",\"@id\":\"https:\\\/\\\/cisternsolutions.eu\\\/da\\\/#\\\/schema\\\/logo\\\/image\\\/\",\"url\":\"https:\\\/\\\/cisternsolutions.eu\\\/wp-content\\\/uploads\\\/2023\\\/11\\\/CisternSolutions_orginal-logo.png\",\"contentUrl\":\"https:\\\/\\\/cisternsolutions.eu\\\/wp-content\\\/uploads\\\/2023\\\/11\\\/CisternSolutions_orginal-logo.png\",\"width\":1045,\"height\":293,\"caption\":\"| Cistern Solutions Sweden AB\"},\"image\":{\"@id\":\"https:\\\/\\\/cisternsolutions.eu\\\/da\\\/#\\\/schema\\\/logo\\\/image\\\/\"}}]}<\/script>\n<!-- \/ Yoast SEO plugin. -->","yoast_head_json":{"title":"Sprinklertanke, centrale for brandsikring | Cistern Solutions Sweden","description":"Sprinklertanke er afg\u00f8rende for sikker brandbeskyttelse. Hold sprinklertanken i god stand ved at inspicere den ofte! S\u00e5dan hj\u00e6lper vi dig ...","robots":{"index":"index","follow":"follow","max-snippet":"max-snippet:-1","max-image-preview":"max-image-preview:large","max-video-preview":"max-video-preview:-1"},"canonical":"https:\/\/cisternsolutions.eu\/da\/sprinklerbeholdere\/","og_locale":"da_DK","og_type":"article","og_title":"Sprinklertanke, centrale for brandsikring | Cistern Solutions Sweden","og_description":"Sprinklertanke er afg\u00f8rende for sikker brandbeskyttelse. Hold sprinklertanken i god stand ved at inspicere den ofte! S\u00e5dan hj\u00e6lper vi dig ...","og_url":"https:\/\/cisternsolutions.eu\/da\/sprinklerbeholdere\/","og_site_name":"Cistern Solutions Sweden","article_modified_time":"2025-11-25T10:35:46+00:00","og_image":[{"width":1920,"height":526,"url":"https:\/\/cisternsolutions.eu\/wp-content\/uploads\/2024\/03\/sprinklertankar.jpg","type":"image\/jpeg"}],"twitter_card":"summary_large_image","twitter_misc":{"Estimeret l\u00e6setid":"4 minutter"},"schema":{"@context":"https:\/\/schema.org","@graph":[{"@type":"WebPage","@id":"https:\/\/cisternsolutions.eu\/da\/sprinklerbeholdere\/","url":"https:\/\/cisternsolutions.eu\/da\/sprinklerbeholdere\/","name":"Sprinklertanke, centrale for brandsikring | Cistern Solutions Sweden","isPartOf":{"@id":"https:\/\/cisternsolutions.eu\/da\/#website"},"primaryImageOfPage":{"@id":"https:\/\/cisternsolutions.eu\/da\/sprinklerbeholdere\/#primaryimage"},"image":{"@id":"https:\/\/cisternsolutions.eu\/da\/sprinklerbeholdere\/#primaryimage"},"thumbnailUrl":"https:\/\/cisternsolutions.eu\/wp-content\/uploads\/2024\/03\/sprinklertankar.jpg","datePublished":"2024-03-05T13:36:38+00:00","dateModified":"2025-11-25T10:35:46+00:00","description":"Sprinklertanke er afg\u00f8rende for sikker brandbeskyttelse. Hold sprinklertanken i god stand ved at inspicere den ofte! S\u00e5dan hj\u00e6lper vi dig ...","breadcrumb":{"@id":"https:\/\/cisternsolutions.eu\/da\/sprinklerbeholdere\/#breadcrumb"},"inLanguage":"da-DK","potentialAction":[{"@type":"ReadAction","target":["https:\/\/cisternsolutions.eu\/da\/sprinklerbeholdere\/"]}]},{"@type":"ImageObject","inLanguage":"da-DK","@id":"https:\/\/cisternsolutions.eu\/da\/sprinklerbeholdere\/#primaryimage","url":"https:\/\/cisternsolutions.eu\/wp-content\/uploads\/2024\/03\/sprinklertankar.jpg","contentUrl":"https:\/\/cisternsolutions.eu\/wp-content\/uploads\/2024\/03\/sprinklertankar.jpg","width":1920,"height":526},{"@type":"BreadcrumbList","@id":"https:\/\/cisternsolutions.eu\/da\/sprinklerbeholdere\/#breadcrumb","itemListElement":[{"@type":"ListItem","position":1,"name":"Hem","item":"https:\/\/cisternsolutions.eu\/da\/startside\/"},{"@type":"ListItem","position":2,"name":"Sprinklerbeholdere"}]},{"@type":"WebSite","@id":"https:\/\/cisternsolutions.eu\/da\/#website","url":"https:\/\/cisternsolutions.eu\/da\/","name":"Cistern Solutions Sweden","description":"Cistern Solutions Sweden","publisher":{"@id":"https:\/\/cisternsolutions.eu\/da\/#organization"},"potentialAction":[{"@type":"SearchAction","target":{"@type":"EntryPoint","urlTemplate":"https:\/\/cisternsolutions.eu\/da\/?s={search_term_string}"},"query-input":{"@type":"PropertyValueSpecification","valueRequired":true,"valueName":"search_term_string"}}],"inLanguage":"da-DK"},{"@type":"Organization","@id":"https:\/\/cisternsolutions.eu\/da\/#organization","name":"| Cistern Solutions Sweden AB","url":"https:\/\/cisternsolutions.eu\/da\/","logo":{"@type":"ImageObject","inLanguage":"da-DK","@id":"https:\/\/cisternsolutions.eu\/da\/#\/schema\/logo\/image\/","url":"https:\/\/cisternsolutions.eu\/wp-content\/uploads\/2023\/11\/CisternSolutions_orginal-logo.png","contentUrl":"https:\/\/cisternsolutions.eu\/wp-content\/uploads\/2023\/11\/CisternSolutions_orginal-logo.png","width":1045,"height":293,"caption":"| Cistern Solutions Sweden AB"},"image":{"@id":"https:\/\/cisternsolutions.eu\/da\/#\/schema\/logo\/image\/"}}]}},"_links":{"self":[{"href":"https:\/\/cisternsolutions.eu\/da\/wp-json\/wp\/v2\/pages\/5515","targetHints":{"allow":["GET"]}}],"collection":[{"href":"https:\/\/cisternsolutions.eu\/da\/wp-json\/wp\/v2\/pages"}],"about":[{"href":"https:\/\/cisternsolutions.eu\/da\/wp-json\/wp\/v2\/types\/page"}],"author":[{"embeddable":true,"href":"https:\/\/cisternsolutions.eu\/da\/wp-json\/wp\/v2\/users\/4"}],"replies":[{"embeddable":true,"href":"https:\/\/cisternsolutions.eu\/da\/wp-json\/wp\/v2\/comments?post=5515"}],"version-history":[{"count":7,"href":"https:\/\/cisternsolutions.eu\/da\/wp-json\/wp\/v2\/pages\/5515\/revisions"}],"predecessor-version":[{"id":8005,"href":"https:\/\/cisternsolutions.eu\/da\/wp-json\/wp\/v2\/pages\/5515\/revisions\/8005"}],"wp:featuredmedia":[{"embeddable":true,"href":"https:\/\/cisternsolutions.eu\/da\/wp-json\/wp\/v2\/media\/5518"}],"wp:attachment":[{"href":"https:\/\/cisternsolutions.eu\/da\/wp-json\/wp\/v2\/media?parent=5515"}],"curies":[{"name":"wp","href":"https:\/\/api.w.org\/{rel}","templated":true}]}}