{"id":5509,"date":"2024-03-05T15:06:53","date_gmt":"2024-03-05T14:06:53","guid":{"rendered":"https:\/\/cisternsolutions.eu\/beskadiget-sprinklertank\/"},"modified":"2024-07-02T15:36:58","modified_gmt":"2024-07-02T13:36:58","slug":"beskadiget-sprinklertank","status":"publish","type":"page","link":"https:\/\/cisternsolutions.eu\/da\/beskadiget-sprinklertank\/","title":{"rendered":"Beskadiget sprinklertank"},"content":{"rendered":"\n\n\t\t<h1>\n\t\t\tBeskadiget sprinklertank\n\t\t<\/h1>\n\t\t\t<p>&#8211; \u00e5rsager og foranstaltninger<\/p>\t\t\n<h2>\n\t\tRisikoen ved en beskadiget sprinklertank\n\t<\/h2>\n\t<p>For at yde tilstr\u00e6kkelig brandbeskyttelse skal alle dele af sprinklersystemet fungere som forventet. En beskadiget sprinklertank kan bringe sikkerheden i fare p\u00e5 flere m\u00e5der. Hvis tanken ikke indeholder nok vand, kan ilden f\u00e5 fat, f\u00f8r bygningen er evakueret, og brandv\u00e6senet er p\u00e5 stedet. Hvis sediment fra tanken pumpes ind i systemet, kan det blive tilstoppet. I v\u00e6rste fald kan hele r\u00f8rsystemet kollapse, da det kun er designet til at transportere vand.<\/p>\n<p>Det er derfor ekstremt vigtigt ikke at have en beskadiget sprinklertank.<\/p>\n<p><strong>Hvordan finder man ud af, om tanken er i god stand? Hvad er de mest almindelige problemer med sprinklertanke, og hvad kan du g\u00f8re for at l\u00f8se dem?<\/strong><\/p>\n\t<p><em>*) Bem\u00e6rk venligst, at alle henvisninger til regler, love og myndigheder p\u00e5 hjemmesiden g\u00e6lder for Sverige og svenske forhold.  <\/em><\/p>\n\t\t\t<h3>Kontakt mig!<\/h3>\n\t\t    <form data-form_id=\"11\" id=\"fluentform_11\" data-form_instance=\"ff_form_instance_11_1\" method=\"POST\"><fieldset>\n                    <legend>Hurtig kontakt &#8211; DK<\/legend><input type='hidden' name='__fluent_form_embded_post_id' value='5509' \/><input type=\"hidden\" id=\"_fluentform_11_fluentformnonce\" name=\"_fluentform_11_fluentformnonce\" value=\"612f8830ba\" \/><input type=\"hidden\" name=\"_wp_http_referer\" value=\"\/da\/?page_id=5509&#038;fl_builder\" \/><input type=\"text\" name=\"names[first_name]\" id=\"ff_11_names_first_name_\" placeholder=\"For-og efternavn\" aria-invalid=\"false\" aria-required=true\/><input type=\"email\" name=\"email\" id=\"ff_11_email\" placeholder=\"min e-mailadresse\" data-name=\"email\"  aria-invalid=\"false\" aria-required=true\/><textarea aria-invalid=\"false\" aria-required=true name=\"message\" id=\"ff_11_message\" placeholder=\"Kontakt mig ang\u00e5ende...\" rows=\"1\" cols=\"2\" data-name=\"message\"><\/textarea><label aria-label='terms &#038; conditions' class='ff-el-form-check-label ff_tc_label' for=gdpr-agreement_5784245bbf16a4e7ec9c052711104fb1><input type=\"checkbox\" name=\"gdpr-agreement\" data-name=\"gdpr-agreement\" id=\"gdpr-agreement_5784245bbf16a4e7ec9c052711104fb1\"  value='on' aria-invalid='false' aria-required=true\/> Jeg giver samtykke til, at denne hjemmeside gemmer mine indsendte oplysninger, s\u00e5 de kan svare p\u00e5 min anmodning. Oplysningerne opbevares i 1 \u00e5r.<\/label><button type=\"submit\">Sende<\/button><\/fieldset><\/form>        \n\t\t<h3>Almindelige skader:<\/h3>\n\t\t\t<ul><li>Korrosion<\/li><li>Sediment<\/li><li>L\u00e6kage<\/li><li>Sv\u00e6kket konstruktion<\/li><li>Detaljer som f.eks. Fastg\u00f8relsesanordninger ruster v\u00e6k<\/li><\/ul>\t\t\n<h2>\n\t\tTre almindelige problemer med sprinklertanke\n\t<\/h2>\n\t\t\t\t\t\t\t\t\t<img decoding=\"async\" src=\"https:\/\/cisternsolutions.eu\/wp-content\/uploads\/2024\/02\/korrosion_i_tank_03.jpg\" alt=\"korrosion_i_tank_03\" itemprop=\"image\" height=\"250\" width=\"700\" srcset=\"https:\/\/cisternsolutions.eu\/wp-content\/uploads\/2024\/02\/korrosion_i_tank_03.jpg 700w, https:\/\/cisternsolutions.eu\/wp-content\/uploads\/2024\/02\/korrosion_i_tank_03-300x107.jpg 300w\" sizes=\"(max-width: 700px) 100vw, 700px\" title=\"korrosion_i_tank_03\" onerror=\"this.style.display='none'\"  \/>\n<h3>\n\t\tKorrosion\n\t<\/h3>\n\t<p>Korrosion er et almindeligt problem i sprinklertanke. Rusten t\u00e6rer p\u00e5 metalpladerne og p\u00e5virker konstruktionens styrke. Hvad sker der, hvis sprinklertanken kollapser? Mange hundrede kubikmeter vand ville str\u00f8mme ud og for\u00e5rsage store skader.<\/p>\n<strong>Hvorfor begynder tanken at ruste?<\/strong><br \/>\nVand kan bidrage til korrosion p\u00e5 flere m\u00e5der.\n<ul>\n<li>Hvis det regner ind i tanken, vil vandets pH-v\u00e6rdi falde, og risikoen for korrosion \u00f8ges.<\/li>\n<li>Det samme g\u00e6lder, hvis vandet indeholder meget ilt, hvilket det g\u00f8r, hvis du f.eks. bruger et vandfilter. bruger ferskvand fra en s\u00f8. Jo mere ilt, jo lettere dannes der rust.<\/li>\n<li>Varmeudveksling s\u00e6tter vand i bev\u00e6gelse og p\u00e5virker, hvor hurtigt tanken korroderer. Varmeudveksling kan forekomme, hvis sprinklertanken er isoleret, og pumpehuset er opvarmet.<\/li>\n<\/ul>\n<p>Materialerne i tanken kan ogs\u00e5 have en indvirkning. N\u00e5r man inds\u00e6tter r\u00f8r af rustfrit st\u00e5l i en sprinklertank af st\u00e5lplade, opst\u00e5r der en proces, der kaldes galvanisk korrosion.<\/p>\n\t\t\t\t\t\t\t\t\t<img decoding=\"async\" src=\"https:\/\/cisternsolutions.eu\/wp-content\/uploads\/2024\/03\/lacka_01.jpg\" alt=\"lacka_01\" itemprop=\"image\" height=\"250\" width=\"700\" srcset=\"https:\/\/cisternsolutions.eu\/wp-content\/uploads\/2024\/03\/lacka_01.jpg 700w, https:\/\/cisternsolutions.eu\/wp-content\/uploads\/2024\/03\/lacka_01-300x107.jpg 300w\" sizes=\"(max-width: 700px) 100vw, 700px\" title=\"lacka_01\" onerror=\"this.style.display='none'\"  \/>\n<h3>\n\t\tL\u00e6kage\n\t<\/h3>\n\t<p>Rustskader kan i sidste ende resultere i et hul i sprinklertanken. Hvis en beskadiget sprinklertank er udenfor, kan vandl\u00e6kagen ikke for\u00e5rsage st\u00f8rre katastrofer. Du bem\u00e6rker m\u00e5ske ikke engang l\u00e6kagen, hvis vandet kun siver ud af de nederste samlinger. Men l\u00e6kagen betyder sandsynligvis, at tanken fyldes med nyt, iltrigt vand for at opretholde den rette volumen. Og mere ilt kan fremskynde korrosionsprocessen.<\/p>\n<p>Hvis sprinklertanken er indend\u00f8rs, kan det v\u00e6re mere problematisk. En st\u00f8rre l\u00e6kage kan f\u00f8re til akut og alvorlig vandskade. Og hvad er omkostningerne, hvis du ikke kan bruge lokalerne i lang tid?<\/p>\n\t\t\t\t\t\t\t\t\t<img decoding=\"async\" src=\"https:\/\/cisternsolutions.eu\/wp-content\/uploads\/2024\/02\/korrosion_i_tank_01-1.jpg\" alt=\"korrosion_i_tank_01\" itemprop=\"image\" height=\"250\" width=\"700\" srcset=\"https:\/\/cisternsolutions.eu\/wp-content\/uploads\/2024\/02\/korrosion_i_tank_01-1.jpg 700w, https:\/\/cisternsolutions.eu\/wp-content\/uploads\/2024\/02\/korrosion_i_tank_01-1-300x107.jpg 300w\" sizes=\"(max-width: 700px) 100vw, 700px\" title=\"korrosion_i_tank_01\" onerror=\"this.style.display='none'\"  \/>\n<h3>\n\t\tSediment\n\t<\/h3>\n\t<p>Et andet problem er rust og aflejringer, der samler sig i bunden af tanken. Tilf\u00f8j alger og anden mikrobiel v\u00e6kst fra v\u00e6ggene, og du har en hel del sediment efter et par \u00e5r.<\/p>\n<p>Bundslammet er det f\u00f8rste, der skubbes ind i sprinklersystemet, n\u00e5r det aktiveres. Der er stor risiko for, at r\u00f8r og sprinklerhoveder bliver blokeret, og at der kun kommer lidt eller slet intet vand frem.<\/p>\n\t\t<h3>\n\t\t\tHvordan ved jeg, om jeg har en beskadiget sprinklertank?\n\t\t<\/h3>\n\t\t\t<p>Fejlfinding af problemer med sprinklertanken<\/p>\t\t\n\t<p>At forebygge problemer med sprinklertanken er selvf\u00f8lgelig det bedste, man kan g\u00f8re. Det kan du g\u00f8re ved at inspicere og reng\u00f8re tanken regelm\u00e6ssigt. En beskadiget sprinklertank kan v\u00e6re en dyr aff\u00e6re.<\/p>\n<p>En grundig visuel inspektion af tanken giver god vejledning. Se efter rustpletter, revner og ut\u00e6theder. Glem ikke at inspicere samlinger og tilslutninger. Det er godt, hvis det er muligt at se ned i tanken.<\/p>\n<p>Ved hj\u00e6lp af en undervandsdrone kan man foretage en realtidsinspektion af tankens indre uden at t\u00f8mme den for vand. Du kan straks se, om der er skader, der skal repareres. Dronen kan tage billeder og videoer, som inspekt\u00f8ren kan analysere for at udarbejde en detaljeret rapport om eventuelle skader og mangler.<\/p>\n\t<iframe allowfullscreen allow=\"autoplay\" data-src=\"https:\/\/www.youtube.com\/embed\/c4R_IL0Dp20?feature=oembed&amp;start&amp;end&amp;wmode=opaque&amp;loop=0&amp;controls=1&amp;mute=0&amp;rel=0&amp;modestbranding=0\"><\/iframe>\t\t\n\t\t\t\t\tPlay Video\n\t<p>En af vores partnere i Tyskland, Kopterflug, bruger undervandsdroner til at inspicere sprinklertanke.<\/p>\n\t\t<h2>\n\t\t\tHar du en beskadiget sprinklertank?  \n\t\t<\/h2>\n\t\t\t<p>Foranstaltninger til en beskadiget sprinklertank<\/p>\t\t\n\t<p>I langt de fleste tilf\u00e6lde er l\u00f8sningen p\u00e5 en \u00f8delagt sprinklertank reparation. Hos Cistern Solutions Sweden har vi mange \u00e5rs erfaring med at finde og l\u00f8se problemer med sprinklertanke. Det har resulteret i en effektiv metode til at reparere beskadigede sprinklertanke med forst\u00e6rket epoxy.<\/p>\n<p>Du kan <a href=\"https:\/\/cisternsolutions.eu\/da\/renovering-af-sprinklertank\/\">l\u00e6se mere om metoden her<\/a> og se flere <a href=\"https:\/\/cisternsolutions.eu\/sv\/referenser\/\">eksempler p\u00e5, hvordan vi har l\u00f8st problemer<\/a> med sprinklertanke for andre kunder.<\/p>\n<p>Hvis du har en beskadiget sprinklertank, s\u00e5 kontakt os<strong>! <\/strong>Vi l\u00f8ser dine problemer med sprinklertanken hele vejen fra inspektion og forslag til foranstaltninger til udf\u00f8relse af renoveringen.<\/p>\n\t\t\t<h3>Jeg vil gerne vide mere om renovering af sprinklertanke<\/h3>\n\t\t    <form data-form_id=\"10\" id=\"fluentform_10\" data-form_instance=\"ff_form_instance_10_2\" method=\"POST\"><fieldset>\n                    <legend>Kontaktformul\u00e4r &#8211; DK<\/legend><input type='hidden' name='__fluent_form_embded_post_id' value='5509' \/><input type=\"hidden\" id=\"_fluentform_10_fluentformnonce\" name=\"_fluentform_10_fluentformnonce\" value=\"612f8830ba\" \/><input type=\"hidden\" name=\"_wp_http_referer\" value=\"\/da\/?page_id=5509&#038;fl_builder\" \/><label for='ff_10_2_names_first_name_' aria-label=\"Mit navn er\">Mit navn er<\/label><input type=\"text\" name=\"names[first_name]\" id=\"ff_10_2_names_first_name_\" placeholder=\"For-og efternavn\" aria-invalid=\"false\" aria-required=true\/><label for='ff_10_2_input_text' aria-label=\"Forretning\">Forretning<\/label><input type=\"text\" name=\"input_text\" placeholder=\"Jeg arbejder ...\" data-name=\"input_text\" id=\"ff_10_2_input_text\"  aria-invalid=\"false\" aria-required=true\/><label for='ff_10_2_email' aria-label=\"Email adresse\">Email adresse<\/label><input type=\"email\" name=\"email\" id=\"ff_10_2_email\" placeholder=\"Send mig en mail p\u00e5...\" data-name=\"email\"  aria-invalid=\"false\" aria-required=true\/><label for='ff_10_2_phone' aria-label=\"Telefonnummer\">Telefonnummer<\/label><input name=\"phone\" type=\"tel\" placeholder=\"Mit nummer ...\" data-name=\"phone\" id=\"ff_10_2_phone\" inputmode=\"tel\"  aria-invalid='false' aria-required=true\/><label for='ff_10_2_subject' aria-label=\"Emne\">Emne<\/label><input type=\"text\" name=\"subject\" placeholder=\"Jeg er interesseret i ....\" data-name=\"subject\" id=\"ff_10_2_subject\"  aria-invalid=\"false\" aria-required=true\/><label  aria-label=\"Type af tank\">Type af tank<\/label><label class='ff-el-form-check-label' for=checkbox_1_ecc5073f8e0c8a585f8dccc03bc09a93><input type=\"checkbox\" name=\"checkbox_1[]\" data-name=\"checkbox_1\" value=\"Sprinklertank\"  id='checkbox_1_ecc5073f8e0c8a585f8dccc03bc09a93' aria-label='Sprinklertank' aria-invalid='false' aria-required=false\/> Sprinklertank<\/label><label class='ff-el-form-check-label' for=checkbox_1_61776eed342a7c9dcbea1809b44ac642><input type=\"checkbox\" name=\"checkbox_1[]\" data-name=\"checkbox_1\" value=\"Procestank\"  id='checkbox_1_61776eed342a7c9dcbea1809b44ac642' aria-label='Procestank' aria-invalid='false' aria-required=false\/> Procestank<\/label><label class='ff-el-form-check-label' for=checkbox_1_599c67c6e587c67c37e45a8cf237d637><input type=\"checkbox\" name=\"checkbox_1[]\" data-name=\"checkbox_1\" value=\"Anden tank\"  id='checkbox_1_599c67c6e587c67c37e45a8cf237d637' aria-label='Anden tank' aria-invalid='false' aria-required=false\/> Anden tank<\/label><label  aria-label=\"Service\">Service<\/label><label class='ff-el-form-check-label' for=checkbox_9db8ec302e93e0ae5ea1780602a7b19b><input type=\"checkbox\" name=\"checkbox[]\" data-name=\"checkbox\" value=\"Inspektion\"  id='checkbox_9db8ec302e93e0ae5ea1780602a7b19b' aria-label='Inspektion' aria-invalid='false' aria-required=false\/> Inspektion<\/label><label class='ff-el-form-check-label' for=checkbox_2003798859d456890a6f3241345b9c07><input type=\"checkbox\" name=\"checkbox[]\" data-name=\"checkbox\" value=\"Renovation\"  id='checkbox_2003798859d456890a6f3241345b9c07' aria-label='Renovation' aria-invalid='false' aria-required=false\/> Renovation<\/label><label class='ff-el-form-check-label' for=checkbox_2b771f9cda207e46d81bde191a9a9726><input type=\"checkbox\" name=\"checkbox[]\" data-name=\"checkbox\" value=\"Andet\"  id='checkbox_2b771f9cda207e46d81bde191a9a9726' aria-label='Andet' aria-invalid='false' aria-required=false\/> Andet<\/label><label for='ff_10_2_multi_select_1' aria-label=\"Antal tanke\">Antal tanke<\/label><select name=\"multi_select_1[]\" id=\"ff_10_2_multi_select_1\" placeholder=\"Antal tanke\" multiple=\"1\" data-name=\"multi_select_1\" data-calc_value=\"0\"  aria-invalid=\"false\" aria-required=false><option value=\"\">Antal tanke<\/option><option value=\"0\">0<\/option><option value=\"1\">1<\/option><option value=\"2\">2<\/option><option value=\"3\">3<\/option><option value=\"4\">4<\/option><option value=\"5\">5<\/option><option value=\"6\">6<\/option><option value=\"7\">7<\/option><option value=\"8\">8<\/option><option value=\"9\">9<\/option><option value=\"10 eller fler\">10 eller fler<\/option><\/select><label for='ff_10_2_message' aria-label=\"Besked\">Besked<\/label><textarea aria-invalid=\"false\" aria-required=true name=\"message\" id=\"ff_10_2_message\" placeholder=\"Yderligere sp\u00f8rgsm\u00e5l eller kommentarer....\" rows=\"4\" cols=\"2\" data-name=\"message\"><\/textarea><label aria-label='terms &#038; conditions' class='ff-el-form-check-label ff_tc_label' for=gdpr-agreement_3804ff5f86674a5d8a22f3360263ecf7><input type=\"checkbox\" name=\"gdpr-agreement\" data-name=\"gdpr-agreement\" id=\"gdpr-agreement_3804ff5f86674a5d8a22f3360263ecf7\"  value='on' aria-invalid='false' aria-required=true\/> Jeg giver samtykke til, at denne hjemmeside gemmer mine indsendte oplysninger, s\u00e5 de kan svare p\u00e5 min anmodning. Oplysningerne opbevares i 1 \u00e5r.<\/label><button type=\"submit\">Sende<\/button><\/fieldset><\/form>        \n\n","protected":false},"excerpt":{"rendered":"<p>Beskadiget sprinklertank &#8211; \u00e5rsager og foranstaltninger Risikoen ved en beskadiget sprinklertank For at yde tilstr\u00e6kkelig brandbeskyttelse skal alle dele af sprinklersystemet fungere som forventet. En beskadiget sprinklertank kan bringe sikkerheden i fare p\u00e5 flere m\u00e5der. Hvis tanken ikke indeholder nok vand, kan ilden f\u00e5 fat, f\u00f8r bygningen er evakueret, og &#8230; <a title=\"Beskadiget sprinklertank\" class=\"read-more\" href=\"https:\/\/cisternsolutions.eu\/da\/beskadiget-sprinklertank\/\" aria-label=\"Read more about Beskadiget sprinklertank\">L\u00e4s mer<\/a><\/p>\n","protected":false},"author":4,"featured_media":0,"parent":0,"menu_order":0,"comment_status":"closed","ping_status":"closed","template":"","meta":{"footnotes":""},"class_list":["post-5509","page","type-page","status-publish"],"yoast_head":"<!-- This site is optimized with the Yoast SEO plugin v27.4 - https:\/\/yoast.com\/product\/yoast-seo-wordpress\/ -->\n<title>Reparation af beskadiget sprinklertank med epoxy | Cistern Solutions Sweden<\/title>\n<meta name=\"description\" content=\"Det er muligt at reparere en beskadiget sprinklertank! Vi har mange \u00e5rs erfaring med at reparere beskadigede sprinklertanke med forst\u00e6rket epoxy. L\u00e6s mere ...\" \/>\n<meta name=\"robots\" content=\"index, follow, max-snippet:-1, max-image-preview:large, max-video-preview:-1\" \/>\n<link rel=\"canonical\" href=\"https:\/\/cisternsolutions.eu\/da\/beskadiget-sprinklertank\/\" \/>\n<meta property=\"og:locale\" content=\"da_DK\" \/>\n<meta property=\"og:type\" content=\"article\" \/>\n<meta property=\"og:title\" content=\"Reparation af beskadiget sprinklertank med epoxy | Cistern Solutions Sweden\" \/>\n<meta property=\"og:description\" content=\"Det er muligt at reparere en beskadiget sprinklertank! Vi har mange \u00e5rs erfaring med at reparere beskadigede sprinklertanke med forst\u00e6rket epoxy. L\u00e6s mere ...\" \/>\n<meta property=\"og:url\" content=\"https:\/\/cisternsolutions.eu\/da\/beskadiget-sprinklertank\/\" \/>\n<meta property=\"og:site_name\" content=\"Cistern Solutions Sweden\" \/>\n<meta property=\"article:modified_time\" content=\"2024-07-02T13:36:58+00:00\" \/>\n<meta property=\"og:image\" content=\"https:\/\/cisternsolutions.eu\/wp-content\/uploads\/2024\/02\/korrosion_i_tank_03.jpg\" \/>\n<meta name=\"twitter:card\" content=\"summary_large_image\" \/>\n<meta name=\"twitter:label1\" content=\"Estimeret l\u00e6setid\" \/>\n\t<meta name=\"twitter:data1\" content=\"4 minutter\" \/>\n<script type=\"application\/ld+json\" class=\"yoast-schema-graph\">{\"@context\":\"https:\\\/\\\/schema.org\",\"@graph\":[{\"@type\":\"WebPage\",\"@id\":\"https:\\\/\\\/cisternsolutions.eu\\\/da\\\/beskadiget-sprinklertank\\\/\",\"url\":\"https:\\\/\\\/cisternsolutions.eu\\\/da\\\/beskadiget-sprinklertank\\\/\",\"name\":\"Reparation af beskadiget sprinklertank med epoxy | Cistern Solutions Sweden\",\"isPartOf\":{\"@id\":\"https:\\\/\\\/cisternsolutions.eu\\\/da\\\/#website\"},\"primaryImageOfPage\":{\"@id\":\"https:\\\/\\\/cisternsolutions.eu\\\/da\\\/beskadiget-sprinklertank\\\/#primaryimage\"},\"image\":{\"@id\":\"https:\\\/\\\/cisternsolutions.eu\\\/da\\\/beskadiget-sprinklertank\\\/#primaryimage\"},\"thumbnailUrl\":\"https:\\\/\\\/cisternsolutions.eu\\\/wp-content\\\/uploads\\\/2024\\\/02\\\/korrosion_i_tank_03.jpg\",\"datePublished\":\"2024-03-05T14:06:53+00:00\",\"dateModified\":\"2024-07-02T13:36:58+00:00\",\"description\":\"Det er muligt at reparere en beskadiget sprinklertank! Vi har mange \u00e5rs erfaring med at reparere beskadigede sprinklertanke med forst\u00e6rket epoxy. L\u00e6s mere ...\",\"breadcrumb\":{\"@id\":\"https:\\\/\\\/cisternsolutions.eu\\\/da\\\/beskadiget-sprinklertank\\\/#breadcrumb\"},\"inLanguage\":\"da-DK\",\"potentialAction\":[{\"@type\":\"ReadAction\",\"target\":[\"https:\\\/\\\/cisternsolutions.eu\\\/da\\\/beskadiget-sprinklertank\\\/\"]}]},{\"@type\":\"ImageObject\",\"inLanguage\":\"da-DK\",\"@id\":\"https:\\\/\\\/cisternsolutions.eu\\\/da\\\/beskadiget-sprinklertank\\\/#primaryimage\",\"url\":\"https:\\\/\\\/cisternsolutions.eu\\\/wp-content\\\/uploads\\\/2024\\\/02\\\/korrosion_i_tank_03.jpg\",\"contentUrl\":\"https:\\\/\\\/cisternsolutions.eu\\\/wp-content\\\/uploads\\\/2024\\\/02\\\/korrosion_i_tank_03.jpg\"},{\"@type\":\"BreadcrumbList\",\"@id\":\"https:\\\/\\\/cisternsolutions.eu\\\/da\\\/beskadiget-sprinklertank\\\/#breadcrumb\",\"itemListElement\":[{\"@type\":\"ListItem\",\"position\":1,\"name\":\"Hem\",\"item\":\"https:\\\/\\\/cisternsolutions.eu\\\/da\\\/startside\\\/\"},{\"@type\":\"ListItem\",\"position\":2,\"name\":\"Beskadiget sprinklertank\"}]},{\"@type\":\"WebSite\",\"@id\":\"https:\\\/\\\/cisternsolutions.eu\\\/da\\\/#website\",\"url\":\"https:\\\/\\\/cisternsolutions.eu\\\/da\\\/\",\"name\":\"Cistern Solutions Sweden\",\"description\":\"Cistern Solutions Sweden\",\"publisher\":{\"@id\":\"https:\\\/\\\/cisternsolutions.eu\\\/da\\\/#organization\"},\"potentialAction\":[{\"@type\":\"SearchAction\",\"target\":{\"@type\":\"EntryPoint\",\"urlTemplate\":\"https:\\\/\\\/cisternsolutions.eu\\\/da\\\/?s={search_term_string}\"},\"query-input\":{\"@type\":\"PropertyValueSpecification\",\"valueRequired\":true,\"valueName\":\"search_term_string\"}}],\"inLanguage\":\"da-DK\"},{\"@type\":\"Organization\",\"@id\":\"https:\\\/\\\/cisternsolutions.eu\\\/da\\\/#organization\",\"name\":\"| Cistern Solutions Sweden AB\",\"url\":\"https:\\\/\\\/cisternsolutions.eu\\\/da\\\/\",\"logo\":{\"@type\":\"ImageObject\",\"inLanguage\":\"da-DK\",\"@id\":\"https:\\\/\\\/cisternsolutions.eu\\\/da\\\/#\\\/schema\\\/logo\\\/image\\\/\",\"url\":\"https:\\\/\\\/cisternsolutions.eu\\\/wp-content\\\/uploads\\\/2023\\\/11\\\/CisternSolutions_orginal-logo.png\",\"contentUrl\":\"https:\\\/\\\/cisternsolutions.eu\\\/wp-content\\\/uploads\\\/2023\\\/11\\\/CisternSolutions_orginal-logo.png\",\"width\":1045,\"height\":293,\"caption\":\"| Cistern Solutions Sweden AB\"},\"image\":{\"@id\":\"https:\\\/\\\/cisternsolutions.eu\\\/da\\\/#\\\/schema\\\/logo\\\/image\\\/\"}}]}<\/script>\n<!-- \/ Yoast SEO plugin. -->","yoast_head_json":{"title":"Reparation af beskadiget sprinklertank med epoxy | Cistern Solutions Sweden","description":"Det er muligt at reparere en beskadiget sprinklertank! Vi har mange \u00e5rs erfaring med at reparere beskadigede sprinklertanke med forst\u00e6rket epoxy. L\u00e6s mere ...","robots":{"index":"index","follow":"follow","max-snippet":"max-snippet:-1","max-image-preview":"max-image-preview:large","max-video-preview":"max-video-preview:-1"},"canonical":"https:\/\/cisternsolutions.eu\/da\/beskadiget-sprinklertank\/","og_locale":"da_DK","og_type":"article","og_title":"Reparation af beskadiget sprinklertank med epoxy | Cistern Solutions Sweden","og_description":"Det er muligt at reparere en beskadiget sprinklertank! Vi har mange \u00e5rs erfaring med at reparere beskadigede sprinklertanke med forst\u00e6rket epoxy. L\u00e6s mere ...","og_url":"https:\/\/cisternsolutions.eu\/da\/beskadiget-sprinklertank\/","og_site_name":"Cistern Solutions Sweden","article_modified_time":"2024-07-02T13:36:58+00:00","og_image":[{"url":"https:\/\/cisternsolutions.eu\/wp-content\/uploads\/2024\/02\/korrosion_i_tank_03.jpg","type":"","width":"","height":""}],"twitter_card":"summary_large_image","twitter_misc":{"Estimeret l\u00e6setid":"4 minutter"},"schema":{"@context":"https:\/\/schema.org","@graph":[{"@type":"WebPage","@id":"https:\/\/cisternsolutions.eu\/da\/beskadiget-sprinklertank\/","url":"https:\/\/cisternsolutions.eu\/da\/beskadiget-sprinklertank\/","name":"Reparation af beskadiget sprinklertank med epoxy | Cistern Solutions Sweden","isPartOf":{"@id":"https:\/\/cisternsolutions.eu\/da\/#website"},"primaryImageOfPage":{"@id":"https:\/\/cisternsolutions.eu\/da\/beskadiget-sprinklertank\/#primaryimage"},"image":{"@id":"https:\/\/cisternsolutions.eu\/da\/beskadiget-sprinklertank\/#primaryimage"},"thumbnailUrl":"https:\/\/cisternsolutions.eu\/wp-content\/uploads\/2024\/02\/korrosion_i_tank_03.jpg","datePublished":"2024-03-05T14:06:53+00:00","dateModified":"2024-07-02T13:36:58+00:00","description":"Det er muligt at reparere en beskadiget sprinklertank! Vi har mange \u00e5rs erfaring med at reparere beskadigede sprinklertanke med forst\u00e6rket epoxy. L\u00e6s mere ...","breadcrumb":{"@id":"https:\/\/cisternsolutions.eu\/da\/beskadiget-sprinklertank\/#breadcrumb"},"inLanguage":"da-DK","potentialAction":[{"@type":"ReadAction","target":["https:\/\/cisternsolutions.eu\/da\/beskadiget-sprinklertank\/"]}]},{"@type":"ImageObject","inLanguage":"da-DK","@id":"https:\/\/cisternsolutions.eu\/da\/beskadiget-sprinklertank\/#primaryimage","url":"https:\/\/cisternsolutions.eu\/wp-content\/uploads\/2024\/02\/korrosion_i_tank_03.jpg","contentUrl":"https:\/\/cisternsolutions.eu\/wp-content\/uploads\/2024\/02\/korrosion_i_tank_03.jpg"},{"@type":"BreadcrumbList","@id":"https:\/\/cisternsolutions.eu\/da\/beskadiget-sprinklertank\/#breadcrumb","itemListElement":[{"@type":"ListItem","position":1,"name":"Hem","item":"https:\/\/cisternsolutions.eu\/da\/startside\/"},{"@type":"ListItem","position":2,"name":"Beskadiget sprinklertank"}]},{"@type":"WebSite","@id":"https:\/\/cisternsolutions.eu\/da\/#website","url":"https:\/\/cisternsolutions.eu\/da\/","name":"Cistern Solutions Sweden","description":"Cistern Solutions Sweden","publisher":{"@id":"https:\/\/cisternsolutions.eu\/da\/#organization"},"potentialAction":[{"@type":"SearchAction","target":{"@type":"EntryPoint","urlTemplate":"https:\/\/cisternsolutions.eu\/da\/?s={search_term_string}"},"query-input":{"@type":"PropertyValueSpecification","valueRequired":true,"valueName":"search_term_string"}}],"inLanguage":"da-DK"},{"@type":"Organization","@id":"https:\/\/cisternsolutions.eu\/da\/#organization","name":"| Cistern Solutions Sweden AB","url":"https:\/\/cisternsolutions.eu\/da\/","logo":{"@type":"ImageObject","inLanguage":"da-DK","@id":"https:\/\/cisternsolutions.eu\/da\/#\/schema\/logo\/image\/","url":"https:\/\/cisternsolutions.eu\/wp-content\/uploads\/2023\/11\/CisternSolutions_orginal-logo.png","contentUrl":"https:\/\/cisternsolutions.eu\/wp-content\/uploads\/2023\/11\/CisternSolutions_orginal-logo.png","width":1045,"height":293,"caption":"| Cistern Solutions Sweden AB"},"image":{"@id":"https:\/\/cisternsolutions.eu\/da\/#\/schema\/logo\/image\/"}}]}},"_links":{"self":[{"href":"https:\/\/cisternsolutions.eu\/da\/wp-json\/wp\/v2\/pages\/5509","targetHints":{"allow":["GET"]}}],"collection":[{"href":"https:\/\/cisternsolutions.eu\/da\/wp-json\/wp\/v2\/pages"}],"about":[{"href":"https:\/\/cisternsolutions.eu\/da\/wp-json\/wp\/v2\/types\/page"}],"author":[{"embeddable":true,"href":"https:\/\/cisternsolutions.eu\/da\/wp-json\/wp\/v2\/users\/4"}],"replies":[{"embeddable":true,"href":"https:\/\/cisternsolutions.eu\/da\/wp-json\/wp\/v2\/comments?post=5509"}],"version-history":[{"count":2,"href":"https:\/\/cisternsolutions.eu\/da\/wp-json\/wp\/v2\/pages\/5509\/revisions"}],"predecessor-version":[{"id":5537,"href":"https:\/\/cisternsolutions.eu\/da\/wp-json\/wp\/v2\/pages\/5509\/revisions\/5537"}],"wp:attachment":[{"href":"https:\/\/cisternsolutions.eu\/da\/wp-json\/wp\/v2\/media?parent=5509"}],"curies":[{"name":"wp","href":"https:\/\/api.w.org\/{rel}","templated":true}]}}