{"id":5486,"date":"2024-03-05T10:35:13","date_gmt":"2024-03-05T09:35:13","guid":{"rendered":"https:\/\/cisternsolutions.eu\/cisterner\/"},"modified":"2026-01-13T17:11:28","modified_gmt":"2026-01-13T16:11:28","slug":"cisterner","status":"publish","type":"page","link":"https:\/\/cisternsolutions.eu\/da\/cisterner\/","title":{"rendered":"Renovering af tanke"},"content":{"rendered":"\n\n\t\t<h1>\n\t\t\tRed din cisterne  \n\t\t<\/h1>\n\t\t\t<p>&#8211; Smart l\u00f8sning med forst\u00e6rket epoxy  <\/p>\t\t\n<h2>\n\t\tDen samme l\u00f8sning til alle typer tanke*.\n\t<\/h2>\n\t<p>Cisterne eller tank? Hvad siger du til det? Uanset hvad de hedder, har de den samme funktion: at opbevare v\u00e6ske. En tank kan indeholde brandfarlige v\u00e6sker, kemikalier eller olie. En vandtank kan bruges til drikkevand, procesvand eller vand til brandsikringsform\u00e5l, som f.eks. en sprinklertank.<\/p>\n<p>Cisterner kan v\u00e6re lavet af beton, galvaniseret metalplade og rustfrit st\u00e5l. Cisterner kan ogs\u00e5 v\u00e6re fremstillet af glasfiberforst\u00e6rket plast eller polyethylen. St\u00f8rrelsen kan variere fra et par kubikmeter til flere hundrede kubikmeter.<\/p>\n<p>I betragtning af de m\u00e6ngder og farlige stoffer, som en tank kan indeholde, er det ekstremt vigtigt, at den ikke g\u00e5r i stykker eller l\u00e6kker. Hvis en tank med olie eller kemikalier kollapser, kan det for\u00e5rsage alvorlige skader p\u00e5 b\u00e5de mennesker og natur. Hvad g\u00f8r man, hvis man har mistanke om, at en cisterne ikke l\u00e6ngere er i god stand? Skal den udskiftes, eller er der en m\u00e5de at redde den p\u00e5 en sikker, b\u00e6redygtig og \u00f8konomisk m\u00e5de?<\/p>\n<p><strong>Cistern Solutions Sweden har udviklet en metode, hvor vi reparerer tanke med epoxybel\u00e6gning.<\/strong>  Denne l\u00f8sning giver cisternen et nyt liv og kan i princippet bruges p\u00e5 alle typer cisterner. I de fleste tilf\u00e6lde kan vi udf\u00f8re renoveringen uden at forstyrre dine daglige aktiviteter.<\/p>\n\t<p><em>*) Bem\u00e6rk venligst, at alle henvisninger til regler, love og myndigheder p\u00e5 hjemmesiden g\u00e6lder for Sverige og svenske forhold.  <\/em><\/p>\n\t\t\t<h3>Kontakt mig!<\/h3>\n\t\t    <form data-form_id=\"11\" id=\"fluentform_11\" data-form_instance=\"ff_form_instance_11_1\" method=\"POST\" data-recptcha_key=\"6LclVsMpAAAAALbQlfjI40nUI01kkMo-WKOg0nvc\"><fieldset>\n                    <legend>Hurtig kontakt &#8211; DK<\/legend><input type='hidden' name='__fluent_form_embded_post_id' value='5486' \/><input type=\"hidden\" id=\"_fluentform_11_fluentformnonce\" name=\"_fluentform_11_fluentformnonce\" value=\"08da1cd4b5\" \/><input type=\"hidden\" name=\"_wp_http_referer\" value=\"\/da\/?page_id=5486&#038;fl_builder\" \/><input type=\"text\" name=\"names[first_name]\" id=\"ff_11_names_first_name_\" placeholder=\"For-og efternavn\" aria-invalid=\"false\" aria-required=true\/><input type=\"email\" name=\"email\" id=\"ff_11_email\" placeholder=\"Min e-mailadresse\" data-name=\"email\"  aria-invalid=\"false\" aria-required=true\/><textarea aria-invalid=\"false\" aria-required=true name=\"message\" id=\"ff_11_message\" placeholder=\"Kontakt mig ang\u00e5ende...\" rows=\"1\" cols=\"2\" data-name=\"message\"><\/textarea><label aria-label='terms &#038; conditions' class='ff-el-form-check-label ff_tc_label' for=gdpr-agreement_c528d5c12e2b5669d8830133b5be5446><input type=\"checkbox\" name=\"gdpr-agreement\" data-name=\"gdpr-agreement\" id=\"gdpr-agreement_c528d5c12e2b5669d8830133b5be5446\"  value='on' aria-invalid='false' aria-required=true\/> Jeg giver samtykke til, at denne hjemmeside gemmer mine indsendte oplysninger, s\u00e5 de kan svare p\u00e5 min anmodning. Oplysningerne opbevares i 1 \u00e5r.<\/label><button type=\"submit\">Sende<\/button><\/fieldset><\/form>        \n\t\t<h3>Vi har l\u00f8sninger til:<\/h3>\n\t\t\t<ul><li>Olietanke  <\/li><li>Kemikalietanke  <\/li><li>Vandreservoirer<\/li><li><a href=\"https:\/\/cisternsolutions.eu\/sprinklertankar\/\">Sprinklerbeholdere<\/a><\/li><li>Cisterner af beton  <\/li><li>Biogas-tanke<\/li><\/ul>\t\t\n<h3>\n\t\tHvad kan p\u00e5virke styrken af en cisterne?\n\t<\/h3>\n\t<p>Tankens design, materiale og v\u00e6skeindhold p\u00e5virker dens holdbarhed og levetid. Her er nogle eksempler p\u00e5, hvad der kan ske:<\/p>\n<p>Plasttanke kan blive beskadiget af tils\u00e6tningsstoffer i olie og br\u00e6ndbare v\u00e6sker. De kan ogs\u00e5 blive sv\u00e6kket af jords\u00e6tninger,<\/p>\n<p>St\u00e5ltanke vil med tiden ruste, selv om metalpladerne er galvaniserede. Hvis zinkbel\u00e6gningen uds\u00e6ttes for mekaniske skader, kan pladen blive udsat for ilt eller kemikalier i v\u00e6sken og begynde at ruste.<\/p>\n<p>N\u00e5r v\u00e6ggene begynder at ruste, er der stor risiko for, at flager l\u00f8sner sig og danner et tykt slam i bunden. I en sprinklertank er dette et alvorligt problem. I tilf\u00e6lde af en alarm presses slammet ind i sprinklersystemet og kan let tilstoppe r\u00f8r og sprinklerhoveder.<\/p>\n<h3>\n\t\tRegler omkring cisterner\n\t<\/h3>\n\t<p>Alle, der har en tank p\u00e5 deres ejendom eller i deres virksomhed, er ansvarlige for at holde den sikker. Alene det faktum, at v\u00e6sken ud\u00f8ver et enormt tryk p\u00e5 bund og v\u00e6gge, er en risikofaktor. En cisterne betragtes faktisk som en trykanordning.<\/p>\n<p>For nogle tanke, f.eks. Hvis de indeholder olie og brandfarlige v\u00e6sker, skal der regelm\u00e6ssigt udf\u00f8res inspektioner af akkrediterede inspektionsorganer.<\/p>\n<p>Selv en vandcisterne skal inspiceres regelm\u00e6ssigt. For eksempel en sprinklercisterne. skal gennemg\u00e5 et periodisk eftersyn hvert 10. \u00e5r.<\/p>\n\t\t\t\t\t\t\t\t\t<img decoding=\"async\" src=\"https:\/\/cisternsolutions.eu\/wp-content\/uploads\/2024\/03\/inspection_of_tank.jpg\" alt=\"inspection_of_tank\" itemprop=\"image\" height=\"400\" width=\"700\" srcset=\"https:\/\/cisternsolutions.eu\/wp-content\/uploads\/2024\/03\/inspection_of_tank.jpg 700w, https:\/\/cisternsolutions.eu\/wp-content\/uploads\/2024\/03\/inspection_of_tank-300x171.jpg 300w\" sizes=\"(max-width: 700px) 100vw, 700px\" title=\"inspection_of_tank\" onerror=\"this.style.display='none'\"  \/>\n\t<p>Du skal inspicere din tank og de tilh\u00f8rende r\u00f8r regelm\u00e6ssigt. Inspektion af tanke b\u00f8r udf\u00f8res af et akkrediteret firma.<\/p>\n<h3>\n\t\tDu har et ansvar i hele cisternens livscyklus.\n\t<\/h3>\n\t<p>F\u00f8r du installerer en cisterne, er det vigtigt at finde ud af, hvad der g\u00e6lder, hvilke regler der er i kraft, og om du skal informere nogen myndigheder.<\/p>\n<p>N\u00e5r tanken er i brug, er det vigtigt, at vedligeholdelse og periodiske kontroller udf\u00f8res korrekt.<\/p>\n<p>Hvis du vil tage en cisterne ud af drift, skal du som regel underrette kommunen. Milj\u00f8styrelsen har ogs\u00e5 regler, der g\u00e6lder, n\u00e5r en cisterne tages ud af brug. Det omfatter t\u00f8mning og reng\u00f8ring. Hvis det er muligt, b\u00f8r det fjernes. En anden mulighed er at fylde tanken med sand eller p\u00e5 anden m\u00e5de forhindre den i at blive fyldt op igen.<\/p>\n<h3>\n\t\tOrdinerende myndigheder\n\t<\/h3>\n\t\t\t\tMSB\n\t\t\t\tArbejdstilsynet\n\t\t\t\tMilj\u00f8styrelsen\n\t\t\t\tBoverket:\n\t\t\t\t\t\t\tMSB\n\t\t\t\t<p>MSB (Myndigheten f\u00f6r Samh\u00e4llsskydd och Beredskap): Her finder du regler og generelle r\u00e5d om tanke med tilsluttede r\u00f8rledninger til brandfarlige v\u00e6sker.<\/p>\n\t\t\t\t\t\t\tArbejdstilsynet\n\t\t\t\t<p>Den svenske arbejdsmilj\u00f8myndighed har regler for at forebygge sygdomme og ulykker.<\/p>\n\t\t\t\t\t\t\tMilj\u00f8styrelsen\n\t\t\t\t<p>Environmental Protection Agency har direktiver, der beskytter jord og vand mod forurening. Forordningerne vedr\u00f8rer blandt andet til tanke p\u00e5 250 liter eller mere, der indeholder spildolie eller br\u00e6ndbare v\u00e6sker.<\/p>\n\t\t\t\t\t\t\tBoverket:\n\t\t\t\t<p>Faste cisterner kan v\u00e6re omfattet af PBL (plan- og byggeloven).<\/p>\n\t\t<h2>\n\t\t\tSparer du p\u00e5 din cisterne, vandtank eller sprinklertank i stedet for at udskifte den?\n\t\t<\/h2>\n\t<p>Vil du vide mere om Cistern Solutions Swedens l\u00f8sninger til tanke, der tr\u00e6nger til at blive renoveret?<\/p>\n<p><strong>Kontakt os via formularen eller find det <a href=\"https:\/\/cisternsolutions.eu\/da\/kontakt-os\/\">direkte nummer her<\/a>.<\/strong><\/p>\n<p>L\u00e6s om, hvordan vi <a href=\"https:\/\/cisternsolutions.eu\/da\/renovering-af-sprinklertanke-i-ransby-og-torsby\/\">renoverede en sprinklercisterne<\/a> uden at forstyrre kundens drift.<\/p>\n<p>En generel beskrivelse af, hvordan vi kan <a href=\"https:\/\/cisternsolutions.eu\/da\/renovering-af-sprinklertank\/\">redde din tank<\/a> med epoxybel\u00e6gning, finder du her. Princippet er det samme for de fleste cisterner.<\/p>\n<p>Tag et kig p\u00e5 nogle af vores andre <a href=\"https:\/\/cisternsolutions.eu\/da\/referencer\/\">referenceprojekter<\/a>.<\/p>\n\t\t<h3>\n\t\t\tJeg vil gerne vide mere om renovering af cisterner\n\t\t<\/h3>\n\t\t    <form data-form_id=\"10\" id=\"fluentform_10\" data-form_instance=\"ff_form_instance_10_2\" method=\"POST\" data-recptcha_key=\"6LclVsMpAAAAALbQlfjI40nUI01kkMo-WKOg0nvc\"><fieldset>\n                    <legend>Kontaktformul\u00e4r &#8211; DK<\/legend><input type='hidden' name='__fluent_form_embded_post_id' value='5486' \/><input type=\"hidden\" id=\"_fluentform_10_fluentformnonce\" name=\"_fluentform_10_fluentformnonce\" value=\"08da1cd4b5\" \/><input type=\"hidden\" name=\"_wp_http_referer\" value=\"\/da\/?page_id=5486&#038;fl_builder\" \/><label for='ff_10_2_names_first_name_' aria-label=\"Mit navn er\">Mit navn er<\/label><input type=\"text\" name=\"names[first_name]\" id=\"ff_10_2_names_first_name_\" placeholder=\"For-og efternavn\" aria-invalid=\"false\" aria-required=true\/><label for='ff_10_2_input_text' aria-label=\"Forretning\">Forretning<\/label><input type=\"text\" name=\"input_text\" placeholder=\"Jeg arbejder ...\" data-name=\"input_text\" id=\"ff_10_2_input_text\"  aria-invalid=\"false\" aria-required=true\/><label for='ff_10_2_email' aria-label=\"Email adresse\">Email adresse<\/label><input type=\"email\" name=\"email\" id=\"ff_10_2_email\" placeholder=\"Send mig en mail p\u00e5...\" data-name=\"email\"  aria-invalid=\"false\" aria-required=true\/><label for='ff_10_2_phone' aria-label=\"Telefonnummer\">Telefonnummer<\/label><input name=\"phone\" type=\"tel\" placeholder=\"Mit nummer ...\" data-name=\"phone\" id=\"ff_10_2_phone\" inputmode=\"tel\"  aria-invalid='false' aria-required=true\/><label for='ff_10_2_subject' aria-label=\"Emne\">Emne<\/label><input type=\"text\" name=\"subject\" placeholder=\"Jeg er interesseret i ....\" data-name=\"subject\" id=\"ff_10_2_subject\"  aria-invalid=\"false\" aria-required=true\/><label  aria-label=\"Type af tank\">Type af tank<\/label><label class='ff-el-form-check-label' for=checkbox_1_2470ccfe56bbf43d739bee971fcfcfac><input type=\"checkbox\" name=\"checkbox_1[]\" data-name=\"checkbox_1\" value=\"Sprinklertank\"  id='checkbox_1_2470ccfe56bbf43d739bee971fcfcfac' aria-label='Sprinklertank' aria-invalid='false' aria-required=false\/> Sprinklertank<\/label><label class='ff-el-form-check-label' for=checkbox_1_28fe8596ac36c0e6b54446591de90ec5><input type=\"checkbox\" name=\"checkbox_1[]\" data-name=\"checkbox_1\" value=\"Procestank\"  id='checkbox_1_28fe8596ac36c0e6b54446591de90ec5' aria-label='Procestank' aria-invalid='false' aria-required=false\/> Procestank<\/label><label class='ff-el-form-check-label' for=checkbox_1_be0e331bde510c56aa51c03d439a883f><input type=\"checkbox\" name=\"checkbox_1[]\" data-name=\"checkbox_1\" value=\"Anden tank\"  id='checkbox_1_be0e331bde510c56aa51c03d439a883f' aria-label='Anden tank' aria-invalid='false' aria-required=false\/> Anden tank<\/label><label  aria-label=\"Service\">Service<\/label><label class='ff-el-form-check-label' for=checkbox_ef58c76818a3afb55dde56da5d58d979><input type=\"checkbox\" name=\"checkbox[]\" data-name=\"checkbox\" value=\"Inspektion\"  id='checkbox_ef58c76818a3afb55dde56da5d58d979' aria-label='Inspektion' aria-invalid='false' aria-required=false\/> Inspektion<\/label><label class='ff-el-form-check-label' for=checkbox_865477a4d0d931a85417de363f08ad7a><input type=\"checkbox\" name=\"checkbox[]\" data-name=\"checkbox\" value=\"Renovation\"  id='checkbox_865477a4d0d931a85417de363f08ad7a' aria-label='Renovation' aria-invalid='false' aria-required=false\/> Renovation<\/label><label class='ff-el-form-check-label' for=checkbox_aaaca0881293e2140e93807a6cd92161><input type=\"checkbox\" name=\"checkbox[]\" data-name=\"checkbox\" value=\"Andet\"  id='checkbox_aaaca0881293e2140e93807a6cd92161' aria-label='Andet' aria-invalid='false' aria-required=false\/> Andet<\/label><label for='ff_10_2_multi_select_1' aria-label=\"Antal tanke\">Antal tanke<\/label><select name=\"multi_select_1[]\" id=\"ff_10_2_multi_select_1\" placeholder=\"Antal tanke\" multiple=\"1\" data-name=\"multi_select_1\" data-calc_value=\"0\"  aria-invalid=\"false\" aria-required=false><option value=\"\">Antal tanke<\/option><option value=\"0\">0<\/option><option value=\"1\">1<\/option><option value=\"2\">2<\/option><option value=\"3\">3<\/option><option value=\"4\">4<\/option><option value=\"5\">5<\/option><option value=\"6\">6<\/option><option value=\"7\">7<\/option><option value=\"8\">8<\/option><option value=\"9\">9<\/option><option value=\"10 eller fler\">10 eller fler<\/option><\/select><label for='ff_10_2_message' aria-label=\"Besked\">Besked<\/label><textarea aria-invalid=\"false\" aria-required=true name=\"message\" id=\"ff_10_2_message\" placeholder=\"Yderligere sp\u00f8rgsm\u00e5l eller kommentarer....\" rows=\"4\" cols=\"2\" data-name=\"message\"><\/textarea><label aria-label='terms &#038; conditions' class='ff-el-form-check-label ff_tc_label' for=gdpr-agreement_5df515a914f7d86febd885cac033f689><input type=\"checkbox\" name=\"gdpr-agreement\" data-name=\"gdpr-agreement\" id=\"gdpr-agreement_5df515a914f7d86febd885cac033f689\"  value='on' aria-invalid='false' aria-required=true\/> Jeg giver samtykke til, at denne hjemmeside gemmer mine indsendte oplysninger, s\u00e5 de kan svare p\u00e5 min anmodning. Oplysningerne opbevares i 1 \u00e5r.<\/label><button type=\"submit\">Sende<\/button><\/fieldset><\/form>        \n\n","protected":false},"excerpt":{"rendered":"<p>Red din cisterne &#8211; Smart l\u00f8sning med forst\u00e6rket epoxy Den samme l\u00f8sning til alle typer tanke*. Cisterne eller tank? Hvad siger du til det? Uanset hvad de hedder, har de den samme funktion: at opbevare v\u00e6ske. En tank kan indeholde brandfarlige v\u00e6sker, kemikalier eller olie. En vandtank kan bruges til &#8230; <a title=\"Renovering af tanke\" class=\"read-more\" href=\"https:\/\/cisternsolutions.eu\/da\/cisterner\/\" aria-label=\"Read more about Renovering af tanke\">L\u00e4s mer<\/a><\/p>\n","protected":false},"author":4,"featured_media":0,"parent":0,"menu_order":0,"comment_status":"closed","ping_status":"closed","template":"","meta":{"footnotes":""},"class_list":["post-5486","page","type-page","status-publish"],"yoast_head":"<!-- This site is optimized with the Yoast SEO plugin v27.4 - https:\/\/yoast.com\/product\/yoast-seo-wordpress\/ -->\n<title>Vi renoverer alle typer cisterner | Cistern Solutions Sweden<\/title>\n<meta name=\"description\" content=\"Vi har en l\u00f8sning til renovering af alle typer tanke (sprinklertanke, vandtanke osv.). L\u00e6s mere om, hvordan vi redder din cisterne.\" \/>\n<meta name=\"robots\" content=\"index, follow, max-snippet:-1, max-image-preview:large, max-video-preview:-1\" \/>\n<link rel=\"canonical\" href=\"https:\/\/cisternsolutions.eu\/da\/cisterner\/\" \/>\n<meta property=\"og:locale\" content=\"da_DK\" \/>\n<meta property=\"og:type\" content=\"article\" \/>\n<meta property=\"og:title\" content=\"Vi renoverer alle typer cisterner | Cistern Solutions Sweden\" \/>\n<meta property=\"og:description\" content=\"Vi har en l\u00f8sning til renovering af alle typer tanke (sprinklertanke, vandtanke osv.). L\u00e6s mere om, hvordan vi redder din cisterne.\" \/>\n<meta property=\"og:url\" content=\"https:\/\/cisternsolutions.eu\/da\/cisterner\/\" \/>\n<meta property=\"og:site_name\" content=\"Cistern Solutions Sweden\" \/>\n<meta property=\"article:modified_time\" content=\"2026-01-13T16:11:28+00:00\" \/>\n<meta property=\"og:image\" content=\"https:\/\/cisternsolutions.eu\/wp-content\/uploads\/2024\/03\/inspection_of_tank.jpg\" \/>\n<meta name=\"twitter:card\" content=\"summary_large_image\" \/>\n<meta name=\"twitter:label1\" content=\"Estimeret l\u00e6setid\" \/>\n\t<meta name=\"twitter:data1\" content=\"5 minutter\" \/>\n<script type=\"application\/ld+json\" class=\"yoast-schema-graph\">{\"@context\":\"https:\\\/\\\/schema.org\",\"@graph\":[{\"@type\":\"WebPage\",\"@id\":\"https:\\\/\\\/cisternsolutions.eu\\\/da\\\/cisterner\\\/\",\"url\":\"https:\\\/\\\/cisternsolutions.eu\\\/da\\\/cisterner\\\/\",\"name\":\"Vi renoverer alle typer cisterner | Cistern Solutions Sweden\",\"isPartOf\":{\"@id\":\"https:\\\/\\\/cisternsolutions.eu\\\/da\\\/#website\"},\"primaryImageOfPage\":{\"@id\":\"https:\\\/\\\/cisternsolutions.eu\\\/da\\\/cisterner\\\/#primaryimage\"},\"image\":{\"@id\":\"https:\\\/\\\/cisternsolutions.eu\\\/da\\\/cisterner\\\/#primaryimage\"},\"thumbnailUrl\":\"https:\\\/\\\/cisternsolutions.eu\\\/wp-content\\\/uploads\\\/2024\\\/03\\\/inspection_of_tank.jpg\",\"datePublished\":\"2024-03-05T09:35:13+00:00\",\"dateModified\":\"2026-01-13T16:11:28+00:00\",\"description\":\"Vi har en l\u00f8sning til renovering af alle typer tanke (sprinklertanke, vandtanke osv.). L\u00e6s mere om, hvordan vi redder din cisterne.\",\"breadcrumb\":{\"@id\":\"https:\\\/\\\/cisternsolutions.eu\\\/da\\\/cisterner\\\/#breadcrumb\"},\"inLanguage\":\"da-DK\",\"potentialAction\":[{\"@type\":\"ReadAction\",\"target\":[\"https:\\\/\\\/cisternsolutions.eu\\\/da\\\/cisterner\\\/\"]}]},{\"@type\":\"ImageObject\",\"inLanguage\":\"da-DK\",\"@id\":\"https:\\\/\\\/cisternsolutions.eu\\\/da\\\/cisterner\\\/#primaryimage\",\"url\":\"https:\\\/\\\/cisternsolutions.eu\\\/wp-content\\\/uploads\\\/2024\\\/03\\\/inspection_of_tank.jpg\",\"contentUrl\":\"https:\\\/\\\/cisternsolutions.eu\\\/wp-content\\\/uploads\\\/2024\\\/03\\\/inspection_of_tank.jpg\"},{\"@type\":\"BreadcrumbList\",\"@id\":\"https:\\\/\\\/cisternsolutions.eu\\\/da\\\/cisterner\\\/#breadcrumb\",\"itemListElement\":[{\"@type\":\"ListItem\",\"position\":1,\"name\":\"Hem\",\"item\":\"https:\\\/\\\/cisternsolutions.eu\\\/da\\\/startside\\\/\"},{\"@type\":\"ListItem\",\"position\":2,\"name\":\"Renovering af tanke\"}]},{\"@type\":\"WebSite\",\"@id\":\"https:\\\/\\\/cisternsolutions.eu\\\/da\\\/#website\",\"url\":\"https:\\\/\\\/cisternsolutions.eu\\\/da\\\/\",\"name\":\"Cistern Solutions Sweden\",\"description\":\"Cistern Solutions Sweden\",\"publisher\":{\"@id\":\"https:\\\/\\\/cisternsolutions.eu\\\/da\\\/#organization\"},\"potentialAction\":[{\"@type\":\"SearchAction\",\"target\":{\"@type\":\"EntryPoint\",\"urlTemplate\":\"https:\\\/\\\/cisternsolutions.eu\\\/da\\\/?s={search_term_string}\"},\"query-input\":{\"@type\":\"PropertyValueSpecification\",\"valueRequired\":true,\"valueName\":\"search_term_string\"}}],\"inLanguage\":\"da-DK\"},{\"@type\":\"Organization\",\"@id\":\"https:\\\/\\\/cisternsolutions.eu\\\/da\\\/#organization\",\"name\":\"| Cistern Solutions Sweden AB\",\"url\":\"https:\\\/\\\/cisternsolutions.eu\\\/da\\\/\",\"logo\":{\"@type\":\"ImageObject\",\"inLanguage\":\"da-DK\",\"@id\":\"https:\\\/\\\/cisternsolutions.eu\\\/da\\\/#\\\/schema\\\/logo\\\/image\\\/\",\"url\":\"https:\\\/\\\/cisternsolutions.eu\\\/wp-content\\\/uploads\\\/2023\\\/11\\\/CisternSolutions_orginal-logo.png\",\"contentUrl\":\"https:\\\/\\\/cisternsolutions.eu\\\/wp-content\\\/uploads\\\/2023\\\/11\\\/CisternSolutions_orginal-logo.png\",\"width\":1045,\"height\":293,\"caption\":\"| Cistern Solutions Sweden AB\"},\"image\":{\"@id\":\"https:\\\/\\\/cisternsolutions.eu\\\/da\\\/#\\\/schema\\\/logo\\\/image\\\/\"}}]}<\/script>\n<!-- \/ Yoast SEO plugin. -->","yoast_head_json":{"title":"Vi renoverer alle typer cisterner | Cistern Solutions Sweden","description":"Vi har en l\u00f8sning til renovering af alle typer tanke (sprinklertanke, vandtanke osv.). L\u00e6s mere om, hvordan vi redder din cisterne.","robots":{"index":"index","follow":"follow","max-snippet":"max-snippet:-1","max-image-preview":"max-image-preview:large","max-video-preview":"max-video-preview:-1"},"canonical":"https:\/\/cisternsolutions.eu\/da\/cisterner\/","og_locale":"da_DK","og_type":"article","og_title":"Vi renoverer alle typer cisterner | Cistern Solutions Sweden","og_description":"Vi har en l\u00f8sning til renovering af alle typer tanke (sprinklertanke, vandtanke osv.). L\u00e6s mere om, hvordan vi redder din cisterne.","og_url":"https:\/\/cisternsolutions.eu\/da\/cisterner\/","og_site_name":"Cistern Solutions Sweden","article_modified_time":"2026-01-13T16:11:28+00:00","og_image":[{"url":"https:\/\/cisternsolutions.eu\/wp-content\/uploads\/2024\/03\/inspection_of_tank.jpg","type":"","width":"","height":""}],"twitter_card":"summary_large_image","twitter_misc":{"Estimeret l\u00e6setid":"5 minutter"},"schema":{"@context":"https:\/\/schema.org","@graph":[{"@type":"WebPage","@id":"https:\/\/cisternsolutions.eu\/da\/cisterner\/","url":"https:\/\/cisternsolutions.eu\/da\/cisterner\/","name":"Vi renoverer alle typer cisterner | Cistern Solutions Sweden","isPartOf":{"@id":"https:\/\/cisternsolutions.eu\/da\/#website"},"primaryImageOfPage":{"@id":"https:\/\/cisternsolutions.eu\/da\/cisterner\/#primaryimage"},"image":{"@id":"https:\/\/cisternsolutions.eu\/da\/cisterner\/#primaryimage"},"thumbnailUrl":"https:\/\/cisternsolutions.eu\/wp-content\/uploads\/2024\/03\/inspection_of_tank.jpg","datePublished":"2024-03-05T09:35:13+00:00","dateModified":"2026-01-13T16:11:28+00:00","description":"Vi har en l\u00f8sning til renovering af alle typer tanke (sprinklertanke, vandtanke osv.). L\u00e6s mere om, hvordan vi redder din cisterne.","breadcrumb":{"@id":"https:\/\/cisternsolutions.eu\/da\/cisterner\/#breadcrumb"},"inLanguage":"da-DK","potentialAction":[{"@type":"ReadAction","target":["https:\/\/cisternsolutions.eu\/da\/cisterner\/"]}]},{"@type":"ImageObject","inLanguage":"da-DK","@id":"https:\/\/cisternsolutions.eu\/da\/cisterner\/#primaryimage","url":"https:\/\/cisternsolutions.eu\/wp-content\/uploads\/2024\/03\/inspection_of_tank.jpg","contentUrl":"https:\/\/cisternsolutions.eu\/wp-content\/uploads\/2024\/03\/inspection_of_tank.jpg"},{"@type":"BreadcrumbList","@id":"https:\/\/cisternsolutions.eu\/da\/cisterner\/#breadcrumb","itemListElement":[{"@type":"ListItem","position":1,"name":"Hem","item":"https:\/\/cisternsolutions.eu\/da\/startside\/"},{"@type":"ListItem","position":2,"name":"Renovering af tanke"}]},{"@type":"WebSite","@id":"https:\/\/cisternsolutions.eu\/da\/#website","url":"https:\/\/cisternsolutions.eu\/da\/","name":"Cistern Solutions Sweden","description":"Cistern Solutions Sweden","publisher":{"@id":"https:\/\/cisternsolutions.eu\/da\/#organization"},"potentialAction":[{"@type":"SearchAction","target":{"@type":"EntryPoint","urlTemplate":"https:\/\/cisternsolutions.eu\/da\/?s={search_term_string}"},"query-input":{"@type":"PropertyValueSpecification","valueRequired":true,"valueName":"search_term_string"}}],"inLanguage":"da-DK"},{"@type":"Organization","@id":"https:\/\/cisternsolutions.eu\/da\/#organization","name":"| Cistern Solutions Sweden AB","url":"https:\/\/cisternsolutions.eu\/da\/","logo":{"@type":"ImageObject","inLanguage":"da-DK","@id":"https:\/\/cisternsolutions.eu\/da\/#\/schema\/logo\/image\/","url":"https:\/\/cisternsolutions.eu\/wp-content\/uploads\/2023\/11\/CisternSolutions_orginal-logo.png","contentUrl":"https:\/\/cisternsolutions.eu\/wp-content\/uploads\/2023\/11\/CisternSolutions_orginal-logo.png","width":1045,"height":293,"caption":"| Cistern Solutions Sweden AB"},"image":{"@id":"https:\/\/cisternsolutions.eu\/da\/#\/schema\/logo\/image\/"}}]}},"_links":{"self":[{"href":"https:\/\/cisternsolutions.eu\/da\/wp-json\/wp\/v2\/pages\/5486","targetHints":{"allow":["GET"]}}],"collection":[{"href":"https:\/\/cisternsolutions.eu\/da\/wp-json\/wp\/v2\/pages"}],"about":[{"href":"https:\/\/cisternsolutions.eu\/da\/wp-json\/wp\/v2\/types\/page"}],"author":[{"embeddable":true,"href":"https:\/\/cisternsolutions.eu\/da\/wp-json\/wp\/v2\/users\/4"}],"replies":[{"embeddable":true,"href":"https:\/\/cisternsolutions.eu\/da\/wp-json\/wp\/v2\/comments?post=5486"}],"version-history":[{"count":8,"href":"https:\/\/cisternsolutions.eu\/da\/wp-json\/wp\/v2\/pages\/5486\/revisions"}],"predecessor-version":[{"id":8423,"href":"https:\/\/cisternsolutions.eu\/da\/wp-json\/wp\/v2\/pages\/5486\/revisions\/8423"}],"wp:attachment":[{"href":"https:\/\/cisternsolutions.eu\/da\/wp-json\/wp\/v2\/media?parent=5486"}],"curies":[{"name":"wp","href":"https:\/\/api.w.org\/{rel}","templated":true}]}}